{"id":6129,"date":"2025-03-19T12:22:00","date_gmt":"2025-03-19T10:22:00","guid":{"rendered":"https:\/\/fajnerejsy.pl\/?page_id=6129"},"modified":"2025-03-19T12:34:56","modified_gmt":"2025-03-19T10:34:56","slug":"jesien-2024-bornholm-i-okolice","status":"publish","type":"page","link":"https:\/\/fajnerejsy.pl\/en\/wspomnienia\/jesien-2024-bornholm-i-okolice\/","title":{"rendered":"Jesie\u0144 2024 &#8211; Bornholm i okolice"},"content":{"rendered":"<div id=\"pl-6129\"  class=\"panel-layout\" ><div id=\"pg-6129-0\"  class=\"panel-grid panel-no-style\" ><div id=\"pgc-6129-0-0\"  class=\"panel-grid-cell\" ><div id=\"panel-6129-0-0-0\" class=\"so-panel widget widget_sow-editor panel-first-child panel-last-child\" data-index=\"0\" ><div\n\t\t\t\n\t\t\tclass=\"so-widget-sow-editor so-widget-sow-editor-base\"\n\t\t\t\n\t\t>\n<div class=\"siteorigin-widget-tinymce textwidget\">\n\t<p><div class=\"shaka-gallery beauy-galleryid-6129\" data-featherlight-gallery data-featherlight-filter=\"a\"><a href=\"https:\/\/fajnerejsy.pl\/wp-content\/uploads\/2025\/03\/20240920_123020-scaled.jpg\" class=\"shaka-gallery__item\"><img decoding=\"async\" src=\"https:\/\/fajnerejsy.pl\/wp-content\/uploads\/2025\/03\/20240920_123020-300x135.jpg\" srcset=\"https:\/\/fajnerejsy.pl\/wp-content\/uploads\/2025\/03\/20240920_123020-300x135.jpg 300w, https:\/\/fajnerejsy.pl\/wp-content\/uploads\/2025\/03\/20240920_123020-1024x461.jpg 1024w\" sizes=\"(min-width: 1200px) 275px, (min-width: 992px) 226px, (min-width: 768px) 172px, calc(50vw - 15px)\"><\/a><a href=\"https:\/\/fajnerejsy.pl\/wp-content\/uploads\/2025\/03\/20240923_064826-scaled.jpg\" class=\"shaka-gallery__item\"><img decoding=\"async\" src=\"https:\/\/fajnerejsy.pl\/wp-content\/uploads\/2025\/03\/20240923_064826-300x135.jpg\" srcset=\"https:\/\/fajnerejsy.pl\/wp-content\/uploads\/2025\/03\/20240923_064826-300x135.jpg 300w, https:\/\/fajnerejsy.pl\/wp-content\/uploads\/2025\/03\/20240923_064826-1024x461.jpg 1024w\" sizes=\"(min-width: 1200px) 275px, (min-width: 992px) 226px, (min-width: 768px) 172px, calc(50vw - 15px)\"><\/a><a href=\"https:\/\/fajnerejsy.pl\/wp-content\/uploads\/2025\/03\/20240924_122938-scaled.jpg\" class=\"shaka-gallery__item\"><img decoding=\"async\" src=\"https:\/\/fajnerejsy.pl\/wp-content\/uploads\/2025\/03\/20240924_122938-300x135.jpg\" srcset=\"https:\/\/fajnerejsy.pl\/wp-content\/uploads\/2025\/03\/20240924_122938-300x135.jpg 300w, https:\/\/fajnerejsy.pl\/wp-content\/uploads\/2025\/03\/20240924_122938-1024x461.jpg 1024w\" sizes=\"(min-width: 1200px) 275px, (min-width: 992px) 226px, (min-width: 768px) 172px, calc(50vw - 15px)\"><\/a><a href=\"https:\/\/fajnerejsy.pl\/wp-content\/uploads\/2025\/03\/20240924_212906-scaled.jpg\" class=\"shaka-gallery__item\"><img decoding=\"async\" src=\"https:\/\/fajnerejsy.pl\/wp-content\/uploads\/2025\/03\/20240924_212906-300x135.jpg\" srcset=\"https:\/\/fajnerejsy.pl\/wp-content\/uploads\/2025\/03\/20240924_212906-300x135.jpg 300w, https:\/\/fajnerejsy.pl\/wp-content\/uploads\/2025\/03\/20240924_212906-1024x461.jpg 1024w\" sizes=\"(min-width: 1200px) 275px, (min-width: 992px) 226px, (min-width: 768px) 172px, calc(50vw - 15px)\"><\/a><a href=\"https:\/\/fajnerejsy.pl\/wp-content\/uploads\/2025\/03\/20240925_113613-scaled.jpg\" class=\"shaka-gallery__item\"><img decoding=\"async\" src=\"https:\/\/fajnerejsy.pl\/wp-content\/uploads\/2025\/03\/20240925_113613-300x135.jpg\" srcset=\"https:\/\/fajnerejsy.pl\/wp-content\/uploads\/2025\/03\/20240925_113613-300x135.jpg 300w, https:\/\/fajnerejsy.pl\/wp-content\/uploads\/2025\/03\/20240925_113613-1024x461.jpg 1024w\" sizes=\"(min-width: 1200px) 275px, (min-width: 992px) 226px, (min-width: 768px) 172px, calc(50vw - 15px)\"><\/a><a href=\"https:\/\/fajnerejsy.pl\/wp-content\/uploads\/2025\/03\/20240926_185613-scaled.jpg\" class=\"shaka-gallery__item\"><img decoding=\"async\" src=\"https:\/\/fajnerejsy.pl\/wp-content\/uploads\/2025\/03\/20240926_185613-300x135.jpg\" srcset=\"https:\/\/fajnerejsy.pl\/wp-content\/uploads\/2025\/03\/20240926_185613-300x135.jpg 300w, https:\/\/fajnerejsy.pl\/wp-content\/uploads\/2025\/03\/20240926_185613-1024x461.jpg 1024w\" sizes=\"(min-width: 1200px) 275px, (min-width: 992px) 226px, (min-width: 768px) 172px, calc(50vw - 15px)\"><\/a><a href=\"https:\/\/fajnerejsy.pl\/wp-content\/uploads\/2025\/03\/20240927_112418-scaled.jpg\" class=\"shaka-gallery__item\"><img decoding=\"async\" src=\"https:\/\/fajnerejsy.pl\/wp-content\/uploads\/2025\/03\/20240927_112418-300x135.jpg\" srcset=\"https:\/\/fajnerejsy.pl\/wp-content\/uploads\/2025\/03\/20240927_112418-300x135.jpg 300w, https:\/\/fajnerejsy.pl\/wp-content\/uploads\/2025\/03\/20240927_112418-1024x461.jpg 1024w\" sizes=\"(min-width: 1200px) 275px, (min-width: 992px) 226px, (min-width: 768px) 172px, calc(50vw - 15px)\"><\/a><a href=\"https:\/\/fajnerejsy.pl\/wp-content\/uploads\/2025\/03\/20240929_115038-scaled.jpg\" class=\"shaka-gallery__item\"><img decoding=\"async\" src=\"https:\/\/fajnerejsy.pl\/wp-content\/uploads\/2025\/03\/20240929_115038-300x135.jpg\" srcset=\"https:\/\/fajnerejsy.pl\/wp-content\/uploads\/2025\/03\/20240929_115038-300x135.jpg 300w, https:\/\/fajnerejsy.pl\/wp-content\/uploads\/2025\/03\/20240929_115038-1024x461.jpg 1024w\" sizes=\"(min-width: 1200px) 275px, (min-width: 992px) 226px, (min-width: 768px) 172px, calc(50vw - 15px)\"><\/a><a href=\"https:\/\/fajnerejsy.pl\/wp-content\/uploads\/2025\/03\/20240929_120146-scaled.jpg\" class=\"shaka-gallery__item\"><img decoding=\"async\" src=\"https:\/\/fajnerejsy.pl\/wp-content\/uploads\/2025\/03\/20240929_120146-300x135.jpg\" srcset=\"https:\/\/fajnerejsy.pl\/wp-content\/uploads\/2025\/03\/20240929_120146-300x135.jpg 300w, https:\/\/fajnerejsy.pl\/wp-content\/uploads\/2025\/03\/20240929_120146-1024x461.jpg 1024w\" sizes=\"(min-width: 1200px) 275px, (min-width: 992px) 226px, (min-width: 768px) 172px, calc(50vw - 15px)\"><\/a><a href=\"https:\/\/fajnerejsy.pl\/wp-content\/uploads\/2025\/03\/20240930_134302-scaled.jpg\" class=\"shaka-gallery__item\"><img decoding=\"async\" src=\"https:\/\/fajnerejsy.pl\/wp-content\/uploads\/2025\/03\/20240930_134302-300x135.jpg\" srcset=\"https:\/\/fajnerejsy.pl\/wp-content\/uploads\/2025\/03\/20240930_134302-300x135.jpg 300w, https:\/\/fajnerejsy.pl\/wp-content\/uploads\/2025\/03\/20240930_134302-1024x461.jpg 1024w\" sizes=\"(min-width: 1200px) 275px, (min-width: 992px) 226px, (min-width: 768px) 172px, calc(50vw - 15px)\"><\/a><a href=\"https:\/\/fajnerejsy.pl\/wp-content\/uploads\/2025\/03\/20241001_121511-scaled.jpg\" class=\"shaka-gallery__item\"><img decoding=\"async\" src=\"https:\/\/fajnerejsy.pl\/wp-content\/uploads\/2025\/03\/20241001_121511-300x135.jpg\" srcset=\"https:\/\/fajnerejsy.pl\/wp-content\/uploads\/2025\/03\/20241001_121511-300x135.jpg 300w, https:\/\/fajnerejsy.pl\/wp-content\/uploads\/2025\/03\/20241001_121511-1024x461.jpg 1024w\" sizes=\"(min-width: 1200px) 275px, (min-width: 992px) 226px, (min-width: 768px) 172px, calc(50vw - 15px)\"><\/a><a href=\"https:\/\/fajnerejsy.pl\/wp-content\/uploads\/2025\/03\/20241001_124551-scaled.jpg\" class=\"shaka-gallery__item\"><img decoding=\"async\" src=\"https:\/\/fajnerejsy.pl\/wp-content\/uploads\/2025\/03\/20241001_124551-300x135.jpg\" srcset=\"https:\/\/fajnerejsy.pl\/wp-content\/uploads\/2025\/03\/20241001_124551-300x135.jpg 300w, https:\/\/fajnerejsy.pl\/wp-content\/uploads\/2025\/03\/20241001_124551-1024x461.jpg 1024w\" sizes=\"(min-width: 1200px) 275px, (min-width: 992px) 226px, (min-width: 768px) 172px, calc(50vw - 15px)\"><\/a><a href=\"https:\/\/fajnerejsy.pl\/wp-content\/uploads\/2025\/03\/20241001_130335-scaled.jpg\" class=\"shaka-gallery__item\"><img decoding=\"async\" src=\"https:\/\/fajnerejsy.pl\/wp-content\/uploads\/2025\/03\/20241001_130335-300x135.jpg\" srcset=\"https:\/\/fajnerejsy.pl\/wp-content\/uploads\/2025\/03\/20241001_130335-300x135.jpg 300w, https:\/\/fajnerejsy.pl\/wp-content\/uploads\/2025\/03\/20241001_130335-1024x461.jpg 1024w\" sizes=\"(min-width: 1200px) 275px, (min-width: 992px) 226px, (min-width: 768px) 172px, calc(50vw - 15px)\"><\/a><a href=\"https:\/\/fajnerejsy.pl\/wp-content\/uploads\/2025\/03\/20241004_131416-scaled.jpg\" class=\"shaka-gallery__item\"><img decoding=\"async\" src=\"https:\/\/fajnerejsy.pl\/wp-content\/uploads\/2025\/03\/20241004_131416-300x135.jpg\" srcset=\"https:\/\/fajnerejsy.pl\/wp-content\/uploads\/2025\/03\/20241004_131416-300x135.jpg 300w, https:\/\/fajnerejsy.pl\/wp-content\/uploads\/2025\/03\/20241004_131416-1024x461.jpg 1024w\" sizes=\"(min-width: 1200px) 275px, (min-width: 992px) 226px, (min-width: 768px) 172px, calc(50vw - 15px)\"><\/a><a href=\"https:\/\/fajnerejsy.pl\/wp-content\/uploads\/2025\/03\/20241004_174213-scaled.jpg\" class=\"shaka-gallery__item\"><img decoding=\"async\" src=\"https:\/\/fajnerejsy.pl\/wp-content\/uploads\/2025\/03\/20241004_174213-300x135.jpg\" srcset=\"https:\/\/fajnerejsy.pl\/wp-content\/uploads\/2025\/03\/20241004_174213-300x135.jpg 300w, https:\/\/fajnerejsy.pl\/wp-content\/uploads\/2025\/03\/20241004_174213-1024x461.jpg 1024w\" sizes=\"(min-width: 1200px) 275px, (min-width: 992px) 226px, (min-width: 768px) 172px, calc(50vw - 15px)\"><\/a><a href=\"https:\/\/fajnerejsy.pl\/wp-content\/uploads\/2025\/03\/20241005_074043-scaled.jpg\" class=\"shaka-gallery__item\"><img decoding=\"async\" src=\"https:\/\/fajnerejsy.pl\/wp-content\/uploads\/2025\/03\/20241005_074043-300x135.jpg\" srcset=\"https:\/\/fajnerejsy.pl\/wp-content\/uploads\/2025\/03\/20241005_074043-300x135.jpg 300w, https:\/\/fajnerejsy.pl\/wp-content\/uploads\/2025\/03\/20241005_074043-1024x461.jpg 1024w\" sizes=\"(min-width: 1200px) 275px, (min-width: 992px) 226px, (min-width: 768px) 172px, calc(50vw - 15px)\"><\/a><a href=\"https:\/\/fajnerejsy.pl\/wp-content\/uploads\/2025\/03\/20240914_135504-scaled.jpg\" class=\"shaka-gallery__item\"><img decoding=\"async\" src=\"https:\/\/fajnerejsy.pl\/wp-content\/uploads\/2025\/03\/20240914_135504-300x135.jpg\" srcset=\"https:\/\/fajnerejsy.pl\/wp-content\/uploads\/2025\/03\/20240914_135504-300x135.jpg 300w, https:\/\/fajnerejsy.pl\/wp-content\/uploads\/2025\/03\/20240914_135504-1024x461.jpg 1024w\" sizes=\"(min-width: 1200px) 275px, (min-width: 992px) 226px, (min-width: 768px) 172px, calc(50vw - 15px)\"><\/a><a href=\"https:\/\/fajnerejsy.pl\/wp-content\/uploads\/2025\/03\/20240917_160008-scaled.jpg\" class=\"shaka-gallery__item\"><img decoding=\"async\" src=\"https:\/\/fajnerejsy.pl\/wp-content\/uploads\/2025\/03\/20240917_160008-300x135.jpg\" srcset=\"https:\/\/fajnerejsy.pl\/wp-content\/uploads\/2025\/03\/20240917_160008-300x135.jpg 300w, https:\/\/fajnerejsy.pl\/wp-content\/uploads\/2025\/03\/20240917_160008-1024x461.jpg 1024w\" sizes=\"(min-width: 1200px) 275px, (min-width: 992px) 226px, (min-width: 768px) 172px, calc(50vw - 15px)\"><\/a><a href=\"https:\/\/fajnerejsy.pl\/wp-content\/uploads\/2025\/03\/20240917_160106-scaled.jpg\" class=\"shaka-gallery__item\"><img decoding=\"async\" src=\"https:\/\/fajnerejsy.pl\/wp-content\/uploads\/2025\/03\/20240917_160106-300x135.jpg\" srcset=\"https:\/\/fajnerejsy.pl\/wp-content\/uploads\/2025\/03\/20240917_160106-300x135.jpg 300w, https:\/\/fajnerejsy.pl\/wp-content\/uploads\/2025\/03\/20240917_160106-1024x461.jpg 1024w\" sizes=\"(min-width: 1200px) 275px, (min-width: 992px) 226px, (min-width: 768px) 172px, calc(50vw - 15px)\"><\/a><a href=\"https:\/\/fajnerejsy.pl\/wp-content\/uploads\/2025\/03\/20240917_160117-scaled.jpg\" class=\"shaka-gallery__item\"><img decoding=\"async\" src=\"https:\/\/fajnerejsy.pl\/wp-content\/uploads\/2025\/03\/20240917_160117-300x135.jpg\" srcset=\"https:\/\/fajnerejsy.pl\/wp-content\/uploads\/2025\/03\/20240917_160117-300x135.jpg 300w, https:\/\/fajnerejsy.pl\/wp-content\/uploads\/2025\/03\/20240917_160117-1024x461.jpg 1024w\" sizes=\"(min-width: 1200px) 275px, (min-width: 992px) 226px, (min-width: 768px) 172px, calc(50vw - 15px)\"><\/a><a href=\"https:\/\/fajnerejsy.pl\/wp-content\/uploads\/2025\/03\/20240919_091048-scaled.jpg\" class=\"shaka-gallery__item\"><img decoding=\"async\" src=\"https:\/\/fajnerejsy.pl\/wp-content\/uploads\/2025\/03\/20240919_091048-300x135.jpg\" srcset=\"https:\/\/fajnerejsy.pl\/wp-content\/uploads\/2025\/03\/20240919_091048-300x135.jpg 300w, https:\/\/fajnerejsy.pl\/wp-content\/uploads\/2025\/03\/20240919_091048-1024x461.jpg 1024w\" sizes=\"(min-width: 1200px) 275px, (min-width: 992px) 226px, (min-width: 768px) 172px, calc(50vw - 15px)\"><\/a><a href=\"https:\/\/fajnerejsy.pl\/wp-content\/uploads\/2025\/03\/20240919_142026-scaled-e1756996978867.jpg\" class=\"shaka-gallery__item\"><img decoding=\"async\" src=\"https:\/\/fajnerejsy.pl\/wp-content\/uploads\/2025\/03\/20240919_142026-300x135.jpg\" srcset=\"https:\/\/fajnerejsy.pl\/wp-content\/uploads\/2025\/03\/20240919_142026-300x135.jpg 300w, https:\/\/fajnerejsy.pl\/wp-content\/uploads\/2025\/03\/20240919_142026-1024x461.jpg 1024w\" sizes=\"(min-width: 1200px) 275px, (min-width: 992px) 226px, (min-width: 768px) 172px, calc(50vw - 15px)\"><\/a><a href=\"https:\/\/fajnerejsy.pl\/wp-content\/uploads\/2025\/03\/20240919_142122-scaled.jpg\" class=\"shaka-gallery__item\"><img decoding=\"async\" src=\"https:\/\/fajnerejsy.pl\/wp-content\/uploads\/2025\/03\/20240919_142122-300x135.jpg\" srcset=\"https:\/\/fajnerejsy.pl\/wp-content\/uploads\/2025\/03\/20240919_142122-300x135.jpg 300w, https:\/\/fajnerejsy.pl\/wp-content\/uploads\/2025\/03\/20240919_142122-1024x461.jpg 1024w\" sizes=\"(min-width: 1200px) 275px, (min-width: 992px) 226px, (min-width: 768px) 172px, calc(50vw - 15px)\"><\/a><a href=\"https:\/\/fajnerejsy.pl\/wp-content\/uploads\/2025\/03\/20240920_123006-scaled.jpg\" class=\"shaka-gallery__item\"><img decoding=\"async\" src=\"https:\/\/fajnerejsy.pl\/wp-content\/uploads\/2025\/03\/20240920_123006-300x135.jpg\" srcset=\"https:\/\/fajnerejsy.pl\/wp-content\/uploads\/2025\/03\/20240920_123006-300x135.jpg 300w, https:\/\/fajnerejsy.pl\/wp-content\/uploads\/2025\/03\/20240920_123006-1024x461.jpg 1024w\" sizes=\"(min-width: 1200px) 275px, (min-width: 992px) 226px, (min-width: 768px) 172px, calc(50vw - 15px)\"><\/a><\/div><\/p>\n<\/div>\n<\/div><\/div><\/div><\/div><\/div>","protected":false},"excerpt":{"rendered":"","protected":false},"author":1,"featured_media":6132,"parent":2762,"menu_order":0,"comment_status":"closed","ping_status":"closed","template":"","meta":{"_acf_changed":false,"footnotes":""},"class_list":["post-6129","page","type-page","status-publish","has-post-thumbnail","hentry","clearfix"],"acf":[],"yoast_head":"<!-- This site is optimized with the Yoast SEO Premium plugin v26.7 (Yoast SEO v26.7) - https:\/\/yoast.com\/wordpress\/plugins\/seo\/ -->\n<title>Jesie\u0144 2024 - Bornholm i okolice | wspomnienie - Fajnerejsy.pl<\/title>\n<meta name=\"description\" content=\"Rejsy z Ko\u0142obrzegu na Bornholm. Zmienna pogoda i przygody ze zgubion\u0105 \u015brub\u0105 nap\u0119dow\u0105. Pomaga nam du\u0144ski SAR.\" \/>\n<meta name=\"robots\" content=\"index, follow, max-snippet:-1, max-image-preview:large, max-video-preview:-1\" \/>\n<link rel=\"canonical\" href=\"https:\/\/fajnerejsy.pl\/en\/wspomnienia\/jesien-2024-bornholm-i-okolice\/\" \/>\n<meta property=\"og:locale\" content=\"en_US\" \/>\n<meta property=\"og:type\" content=\"article\" \/>\n<meta property=\"og:title\" content=\"Jesie\u0144 2024 - Bornholm i okolice\" \/>\n<meta property=\"og:description\" content=\"Rejsy z Ko\u0142obrzegu na Bornholm. Zmienna pogoda i przygody ze zgubion\u0105 \u015brub\u0105 nap\u0119dow\u0105. Pomaga nam du\u0144ski SAR.\" \/>\n<meta property=\"og:url\" content=\"https:\/\/fajnerejsy.pl\/en\/wspomnienia\/jesien-2024-bornholm-i-okolice\/\" \/>\n<meta property=\"og:site_name\" content=\"Fajnerejsy.pl\" \/>\n<meta property=\"article:publisher\" content=\"https:\/\/www.facebook.com\/Fajnerejsy\" \/>\n<meta property=\"article:modified_time\" content=\"2025-03-19T10:34:56+00:00\" \/>\n<meta property=\"og:image\" content=\"https:\/\/fajnerejsy.pl\/wp-content\/uploads\/2025\/03\/xx.jpg\" \/>\n\t<meta property=\"og:image:width\" content=\"2048\" \/>\n\t<meta property=\"og:image:height\" content=\"1536\" \/>\n\t<meta property=\"og:image:type\" content=\"image\/jpeg\" \/>\n<meta name=\"twitter:card\" content=\"summary_large_image\" \/>\n<meta name=\"twitter:label1\" content=\"Est. reading time\" \/>\n\t<meta name=\"twitter:data1\" content=\"8 minutes\" \/>\n<script type=\"application\/ld+json\" class=\"yoast-schema-graph\">{\"@context\":\"https:\/\/schema.org\",\"@graph\":[{\"@type\":\"WebPage\",\"@id\":\"https:\/\/fajnerejsy.pl\/wspomnienia\/jesien-2024-bornholm-i-okolice\/\",\"url\":\"https:\/\/fajnerejsy.pl\/wspomnienia\/jesien-2024-bornholm-i-okolice\/\",\"name\":\"Jesie\u0144 2024 - Bornholm i okolice | wspomnienie - Fajnerejsy.pl\",\"isPartOf\":{\"@id\":\"https:\/\/fajnerejsy.pl\/#website\"},\"primaryImageOfPage\":{\"@id\":\"https:\/\/fajnerejsy.pl\/wspomnienia\/jesien-2024-bornholm-i-okolice\/#primaryimage\"},\"image\":{\"@id\":\"https:\/\/fajnerejsy.pl\/wspomnienia\/jesien-2024-bornholm-i-okolice\/#primaryimage\"},\"thumbnailUrl\":\"https:\/\/fajnerejsy.pl\/wp-content\/uploads\/2025\/03\/xx.jpg\",\"datePublished\":\"2025-03-19T10:22:00+00:00\",\"dateModified\":\"2025-03-19T10:34:56+00:00\",\"description\":\"Rejsy z Ko\u0142obrzegu na Bornholm. Zmienna pogoda i przygody ze zgubion\u0105 \u015brub\u0105 nap\u0119dow\u0105. Pomaga nam du\u0144ski SAR.\",\"breadcrumb\":{\"@id\":\"https:\/\/fajnerejsy.pl\/wspomnienia\/jesien-2024-bornholm-i-okolice\/#breadcrumb\"},\"inLanguage\":\"en-US\",\"potentialAction\":[{\"@type\":\"ReadAction\",\"target\":[\"https:\/\/fajnerejsy.pl\/wspomnienia\/jesien-2024-bornholm-i-okolice\/\"]}]},{\"@type\":\"ImageObject\",\"inLanguage\":\"en-US\",\"@id\":\"https:\/\/fajnerejsy.pl\/wspomnienia\/jesien-2024-bornholm-i-okolice\/#primaryimage\",\"url\":\"https:\/\/fajnerejsy.pl\/wp-content\/uploads\/2025\/03\/xx.jpg\",\"contentUrl\":\"https:\/\/fajnerejsy.pl\/wp-content\/uploads\/2025\/03\/xx.jpg\",\"width\":2048,\"height\":1536,\"caption\":\"Mg\u0142a na Ba\u0142tyku z pok\u0142adu jachtu podczas rejsu z Fajnerejsy.pl\"},{\"@type\":\"BreadcrumbList\",\"@id\":\"https:\/\/fajnerejsy.pl\/wspomnienia\/jesien-2024-bornholm-i-okolice\/#breadcrumb\",\"itemListElement\":[{\"@type\":\"ListItem\",\"position\":1,\"name\":\"Home\",\"item\":\"https:\/\/fajnerejsy.pl\/\"},{\"@type\":\"ListItem\",\"position\":2,\"name\":\"Wspomnienia\",\"item\":\"https:\/\/fajnerejsy.pl\/wspomnienia\/\"},{\"@type\":\"ListItem\",\"position\":3,\"name\":\"Jesie\u0144 2024 &#8211; Bornholm i okolice\"}]},{\"@type\":\"WebSite\",\"@id\":\"https:\/\/fajnerejsy.pl\/#website\",\"url\":\"https:\/\/fajnerejsy.pl\/\",\"name\":\"Fajnerejsy.pl\",\"description\":\"\",\"publisher\":{\"@id\":\"https:\/\/fajnerejsy.pl\/#organization\"},\"potentialAction\":[{\"@type\":\"SearchAction\",\"target\":{\"@type\":\"EntryPoint\",\"urlTemplate\":\"https:\/\/fajnerejsy.pl\/?s={search_term_string}\"},\"query-input\":{\"@type\":\"PropertyValueSpecification\",\"valueRequired\":true,\"valueName\":\"search_term_string\"}}],\"inLanguage\":\"en-US\"},{\"@type\":\"Organization\",\"@id\":\"https:\/\/fajnerejsy.pl\/#organization\",\"name\":\"FAJNEREJSY\",\"url\":\"https:\/\/fajnerejsy.pl\/\",\"logo\":{\"@type\":\"ImageObject\",\"inLanguage\":\"en-US\",\"@id\":\"https:\/\/fajnerejsy.pl\/#\/schema\/logo\/image\/\",\"url\":\"http:\/\/fajnerejsy.pl\/wp-content\/uploads\/2020\/11\/fajnerejsy-logo-rgb-www1.png\",\"contentUrl\":\"http:\/\/fajnerejsy.pl\/wp-content\/uploads\/2020\/11\/fajnerejsy-logo-rgb-www1.png\",\"width\":235,\"height\":50,\"caption\":\"FAJNEREJSY\"},\"image\":{\"@id\":\"https:\/\/fajnerejsy.pl\/#\/schema\/logo\/image\/\"},\"sameAs\":[\"https:\/\/www.facebook.com\/Fajnerejsy\",\"https:\/\/www.instagram.com\/fajnerejsy.pl\/\",\"https:\/\/www.youtube.com\/JacekMirczak\"]}]}<\/script>\n<!-- \/ Yoast SEO Premium plugin. -->","yoast_head_json":{"title":"Jesie\u0144 2024 - Bornholm i okolice | wspomnienie - Fajnerejsy.pl","description":"Rejsy z Ko\u0142obrzegu na Bornholm. Zmienna pogoda i przygody ze zgubion\u0105 \u015brub\u0105 nap\u0119dow\u0105. Pomaga nam du\u0144ski SAR.","robots":{"index":"index","follow":"follow","max-snippet":"max-snippet:-1","max-image-preview":"max-image-preview:large","max-video-preview":"max-video-preview:-1"},"canonical":"https:\/\/fajnerejsy.pl\/en\/wspomnienia\/jesien-2024-bornholm-i-okolice\/","og_locale":"en_US","og_type":"article","og_title":"Jesie\u0144 2024 - Bornholm i okolice","og_description":"Rejsy z Ko\u0142obrzegu na Bornholm. Zmienna pogoda i przygody ze zgubion\u0105 \u015brub\u0105 nap\u0119dow\u0105. Pomaga nam du\u0144ski SAR.","og_url":"https:\/\/fajnerejsy.pl\/en\/wspomnienia\/jesien-2024-bornholm-i-okolice\/","og_site_name":"Fajnerejsy.pl","article_publisher":"https:\/\/www.facebook.com\/Fajnerejsy","article_modified_time":"2025-03-19T10:34:56+00:00","og_image":[{"width":2048,"height":1536,"url":"https:\/\/fajnerejsy.pl\/wp-content\/uploads\/2025\/03\/xx.jpg","type":"image\/jpeg"}],"twitter_card":"summary_large_image","twitter_misc":{"Est. reading time":"8 minutes"},"schema":{"@context":"https:\/\/schema.org","@graph":[{"@type":"WebPage","@id":"https:\/\/fajnerejsy.pl\/wspomnienia\/jesien-2024-bornholm-i-okolice\/","url":"https:\/\/fajnerejsy.pl\/wspomnienia\/jesien-2024-bornholm-i-okolice\/","name":"Jesie\u0144 2024 - Bornholm i okolice | wspomnienie - Fajnerejsy.pl","isPartOf":{"@id":"https:\/\/fajnerejsy.pl\/#website"},"primaryImageOfPage":{"@id":"https:\/\/fajnerejsy.pl\/wspomnienia\/jesien-2024-bornholm-i-okolice\/#primaryimage"},"image":{"@id":"https:\/\/fajnerejsy.pl\/wspomnienia\/jesien-2024-bornholm-i-okolice\/#primaryimage"},"thumbnailUrl":"https:\/\/fajnerejsy.pl\/wp-content\/uploads\/2025\/03\/xx.jpg","datePublished":"2025-03-19T10:22:00+00:00","dateModified":"2025-03-19T10:34:56+00:00","description":"Rejsy z Ko\u0142obrzegu na Bornholm. Zmienna pogoda i przygody ze zgubion\u0105 \u015brub\u0105 nap\u0119dow\u0105. Pomaga nam du\u0144ski SAR.","breadcrumb":{"@id":"https:\/\/fajnerejsy.pl\/wspomnienia\/jesien-2024-bornholm-i-okolice\/#breadcrumb"},"inLanguage":"en-US","potentialAction":[{"@type":"ReadAction","target":["https:\/\/fajnerejsy.pl\/wspomnienia\/jesien-2024-bornholm-i-okolice\/"]}]},{"@type":"ImageObject","inLanguage":"en-US","@id":"https:\/\/fajnerejsy.pl\/wspomnienia\/jesien-2024-bornholm-i-okolice\/#primaryimage","url":"https:\/\/fajnerejsy.pl\/wp-content\/uploads\/2025\/03\/xx.jpg","contentUrl":"https:\/\/fajnerejsy.pl\/wp-content\/uploads\/2025\/03\/xx.jpg","width":2048,"height":1536,"caption":"Mg\u0142a na Ba\u0142tyku z pok\u0142adu jachtu podczas rejsu z Fajnerejsy.pl"},{"@type":"BreadcrumbList","@id":"https:\/\/fajnerejsy.pl\/wspomnienia\/jesien-2024-bornholm-i-okolice\/#breadcrumb","itemListElement":[{"@type":"ListItem","position":1,"name":"Home","item":"https:\/\/fajnerejsy.pl\/"},{"@type":"ListItem","position":2,"name":"Wspomnienia","item":"https:\/\/fajnerejsy.pl\/wspomnienia\/"},{"@type":"ListItem","position":3,"name":"Jesie\u0144 2024 &#8211; Bornholm i okolice"}]},{"@type":"WebSite","@id":"https:\/\/fajnerejsy.pl\/#website","url":"https:\/\/fajnerejsy.pl\/","name":"Fajnerejsy.pl","description":"","publisher":{"@id":"https:\/\/fajnerejsy.pl\/#organization"},"potentialAction":[{"@type":"SearchAction","target":{"@type":"EntryPoint","urlTemplate":"https:\/\/fajnerejsy.pl\/?s={search_term_string}"},"query-input":{"@type":"PropertyValueSpecification","valueRequired":true,"valueName":"search_term_string"}}],"inLanguage":"en-US"},{"@type":"Organization","@id":"https:\/\/fajnerejsy.pl\/#organization","name":"FAJNEREJSY","url":"https:\/\/fajnerejsy.pl\/","logo":{"@type":"ImageObject","inLanguage":"en-US","@id":"https:\/\/fajnerejsy.pl\/#\/schema\/logo\/image\/","url":"http:\/\/fajnerejsy.pl\/wp-content\/uploads\/2020\/11\/fajnerejsy-logo-rgb-www1.png","contentUrl":"http:\/\/fajnerejsy.pl\/wp-content\/uploads\/2020\/11\/fajnerejsy-logo-rgb-www1.png","width":235,"height":50,"caption":"FAJNEREJSY"},"image":{"@id":"https:\/\/fajnerejsy.pl\/#\/schema\/logo\/image\/"},"sameAs":["https:\/\/www.facebook.com\/Fajnerejsy","https:\/\/www.instagram.com\/fajnerejsy.pl\/","https:\/\/www.youtube.com\/JacekMirczak"]}]}},"_links":{"self":[{"href":"https:\/\/fajnerejsy.pl\/en\/wp-json\/wp\/v2\/pages\/6129","targetHints":{"allow":["GET"]}}],"collection":[{"href":"https:\/\/fajnerejsy.pl\/en\/wp-json\/wp\/v2\/pages"}],"about":[{"href":"https:\/\/fajnerejsy.pl\/en\/wp-json\/wp\/v2\/types\/page"}],"author":[{"embeddable":true,"href":"https:\/\/fajnerejsy.pl\/en\/wp-json\/wp\/v2\/users\/1"}],"replies":[{"embeddable":true,"href":"https:\/\/fajnerejsy.pl\/en\/wp-json\/wp\/v2\/comments?post=6129"}],"version-history":[{"count":3,"href":"https:\/\/fajnerejsy.pl\/en\/wp-json\/wp\/v2\/pages\/6129\/revisions"}],"predecessor-version":[{"id":6157,"href":"https:\/\/fajnerejsy.pl\/en\/wp-json\/wp\/v2\/pages\/6129\/revisions\/6157"}],"up":[{"embeddable":true,"href":"https:\/\/fajnerejsy.pl\/en\/wp-json\/wp\/v2\/pages\/2762"}],"wp:featuredmedia":[{"embeddable":true,"href":"https:\/\/fajnerejsy.pl\/en\/wp-json\/wp\/v2\/media\/6132"}],"wp:attachment":[{"href":"https:\/\/fajnerejsy.pl\/en\/wp-json\/wp\/v2\/media?parent=6129"}],"curies":[{"name":"wp","href":"https:\/\/api.w.org\/{rel}","templated":true}]}}