{"id":5246,"date":"2023-07-17T13:58:59","date_gmt":"2023-07-17T11:58:59","guid":{"rendered":"https:\/\/fajnerejsy.pl\/?page_id=5246"},"modified":"2024-12-19T17:53:20","modified_gmt":"2024-12-19T15:53:20","slug":"dokumenty","status":"publish","type":"page","link":"https:\/\/fajnerejsy.pl\/en\/dokumenty\/","title":{"rendered":"Dokumenty"},"content":{"rendered":"<div id=\"pl-5246\"  class=\"panel-layout\" ><div id=\"pg-5246-0\"  class=\"panel-grid panel-has-style\" ><div class=\"siteorigin-panels-stretch panel-row-style panel-row-style-for-5246-0\" data-stretch-type=\"full\" ><div id=\"pgc-5246-0-0\"  class=\"panel-grid-cell\" ><div id=\"panel-5246-0-0-0\" class=\"so-panel widget widget_sow-editor panel-first-child panel-last-child\" data-index=\"0\" ><div\n\t\t\t\n\t\t\tclass=\"so-widget-sow-editor so-widget-sow-editor-base\"\n\t\t\t\n\t\t>\n<div class=\"siteorigin-widget-tinymce textwidget\">\n\t<p>Znajdziesz tutaj wszystkie niezb\u0119dne dokumenty dotycz\u0105ce rejsu. Prosz\u0119 zapoznaj si\u0119 z nimi. Je\u017celi masz jakie\u015b pytania, \u015bmia\u0142o <a href=\"https:\/\/fajnerejsy.pl\/en\/contact\/\">pisz lub dzwo\u0144<\/a>.<\/p>\n<p>Dla u\u0142atwienia, dokumenty zosta\u0142y podzielone na 3 grupy.<\/p>\n<ol>\n<li>\n<h6>Dokumenty firmy:<\/h6>\n<pre><a href=\"http:\/\/fajnerejsy.pl\/wp-content\/uploads\/2024\/12\/NOMAGENTA_Warunki_uczestnictwa_w_rejsie-\u2014-kopia.pdf\" target=\"_blank\" rel=\"noopener\">WARUNKI UCZESTNICTWA W REJSIE<\/a>\n<a href=\"http:\/\/fajnerejsy.pl\/wp-content\/uploads\/2024\/12\/NOMAGENTA_umowa_uczestnictwa_w_rejse-\u2014-kopia.pdf\" target=\"_blank\" rel=\"noopener\">UMOWA UCZESTNICTWA W REJSIE<\/a>\n<a href=\"http:\/\/fajnerejsy.pl\/wp-content\/uploads\/2024\/12\/NOMAGENTA_informacja_o_przetwarzaniu_danych_osobowych-\u2014-kopia.pdf\" target=\"_blank\" rel=\"noopener\">INFORMACJA O PRZETWARZANIU DANYCH OSOBOWYCH<\/a>\n<a href=\"http:\/\/fajnerejsy.pl\/wp-content\/uploads\/2023\/07\/opinia-FR-en-pl.pdf\" target=\"_blank\" rel=\"noopener\">OPINIA Z REJSU<\/a><\/pre>\n<\/li>\n<li>\n<h6>Dokumenty <a href=\"https:\/\/wiener.pl\/\" target=\"_blank\" rel=\"noopener\">TU WIENER - Vienna Insurance Group<\/a> - czyli naszego ubezpieczyciela<\/h6>\n<pre><a href=\"http:\/\/fajnerejsy.pl\/wp-content\/uploads\/2023\/07\/WIENER_OWU-Ubezpieczeni-w-podrozy-wraz-z-Aneksem-nr.-1-z-dnia-17.05.2022-r..pdf\" target=\"_blank\" rel=\"noopener\">OWU \"UBEZPIECZENI W PODR\u00d3ZY\" - Ubezpieczenie wyjazd\u00f3w turystycznych<\/a>\n<a href=\"http:\/\/fajnerejsy.pl\/wp-content\/uploads\/2023\/07\/WIENER_karta-produktu_Ubezpieczeni-w-podrozy.pdf\" target=\"_blank\" rel=\"noopener\">KARTA PRODUKTU \"UBEZPIECZENI W PODR\u00d3ZY\"<\/a>\n<a href=\"http:\/\/fajnerejsy.pl\/wp-content\/uploads\/2023\/07\/WIENER_OWU-Kosztow-rezygnacji-z-uczestnictwa-w-imprezie-lub-wczesniejszego-powrotu-do-RP-wraz-z-Aneksem-nr.-1-z-dnia-19.09.2022-r..pdf\" target=\"_blank\" rel=\"noopener\">OWU UBEZPIECZENIA OD REZYGNACJI LUB WCZE\u015aNIEJSZEGO POWROTU DO RP<\/a>\n<a href=\"http:\/\/fajnerejsy.pl\/wp-content\/uploads\/2023\/07\/WIENER_Karta-IDD_Koszty-rezygnacji-z-uczestnictwa-w-imprezie-lub-wczesniejszego-powrotu-do-RP.pdf\" target=\"_blank\" rel=\"noopener\">KARTA PRODUKTU UBEZPIECZENIA OD REZYGNACJI LUB WCZE\u015aNIEJSZEGO POWROTU DO RP<\/a>\n<a href=\"http:\/\/fajnerejsy.pl\/wp-content\/uploads\/2023\/07\/WIENER_klauzula-informacyjna-o-przetwarzaniu-danych-osobowych.pdf\" target=\"_blank\" rel=\"noopener\">INFORMACJA O PRZETWARZANIU DANYCH OSOBOWYCH<\/a><\/pre>\n<\/li>\n<li>\n<h6>Certyfikaty i zezwolenia<\/h6>\n<pre><a href=\"http:\/\/fajnerejsy.pl\/wp-content\/uploads\/2024\/12\/Dokument_2024-12-19_162811.pdf\" target=\"_blank\" rel=\"noopener\">CERTYFIKAT GWARANCJI UBEZPIECZENIOWEJ<\/a>\n<a href=\"http:\/\/fajnerejsy.pl\/wp-content\/uploads\/2024\/12\/ksiegaEwidencyjna-1.pdf\" target=\"_blank\" rel=\"noopener\">WPIS DO EWIDENCJI ORGANIZATOR\u00d3W TURYSTYKI<\/a><\/pre>\n<\/li>\n<\/ol>\n<pre><\/pre>\n<\/div>\n<\/div><\/div><\/div><\/div><\/div><\/div>","protected":false},"excerpt":{"rendered":"<p>Znajdziesz tutaj wszystkie niezb\u0119dne dokumenty dotycz\u0105ce rejsu. Prosz\u0119 zapoznaj si\u0119 z nimi. Je\u017celi masz jakie\u015b pytania, \u015bmia\u0142o pisz lub dzwo\u0144. Dla u\u0142atwienia, dokumenty zosta\u0142y podzielone na 3 grupy. Dokumenty firmy: WARUNKI UCZESTNICTWA W REJSIE UMOWA UCZESTNICTWA W REJSIE INFORMACJA O PRZETWARZANIU DANYCH OSOBOWYCH OPINIA Z REJSU Dokumenty TU WIENER &#8211; Vienna Insurance Group &#8211; czyli &hellip;<\/p>","protected":false},"author":1,"featured_media":0,"parent":0,"menu_order":0,"comment_status":"closed","ping_status":"closed","template":"","meta":{"_acf_changed":false,"footnotes":""},"class_list":["post-5246","page","type-page","status-publish","hentry","clearfix"],"acf":[],"yoast_head":"<!-- This site is optimized with the Yoast SEO Premium plugin v26.7 (Yoast SEO v26.7) - https:\/\/yoast.com\/wordpress\/plugins\/seo\/ -->\n<title>Fajnerejsy.pl - OWU, ubezpieczenie KL, NNW, OC, od rezygnacji<\/title>\n<meta name=\"description\" content=\"Znajdziesz tutaj dokumenty takie jak Umowa, Warunki uczestnictwa, Klauzule RODO, OWU ubezpieczenia NNW, KL, OC, od rezygnacji z rejsu i inne.\" \/>\n<meta name=\"robots\" content=\"index, follow, max-snippet:-1, max-image-preview:large, max-video-preview:-1\" \/>\n<link rel=\"canonical\" href=\"https:\/\/fajnerejsy.pl\/en\/dokumenty\/\" \/>\n<meta property=\"og:locale\" content=\"en_US\" \/>\n<meta property=\"og:type\" content=\"article\" \/>\n<meta property=\"og:title\" content=\"Dokumenty\" \/>\n<meta property=\"og:description\" content=\"Znajdziesz tutaj dokumenty takie jak Umowa, Warunki uczestnictwa, Klauzule RODO, OWU ubezpieczenia NNW, KL, OC, od rezygnacji z rejsu i inne.\" \/>\n<meta property=\"og:url\" content=\"https:\/\/fajnerejsy.pl\/en\/dokumenty\/\" \/>\n<meta property=\"og:site_name\" content=\"Fajnerejsy.pl\" \/>\n<meta property=\"article:publisher\" content=\"https:\/\/www.facebook.com\/Fajnerejsy\" \/>\n<meta property=\"article:modified_time\" content=\"2024-12-19T15:53:20+00:00\" \/>\n<meta name=\"twitter:card\" content=\"summary_large_image\" \/>\n<meta name=\"twitter:label1\" content=\"Est. reading time\" \/>\n\t<meta name=\"twitter:data1\" content=\"1 minute\" \/>\n<script type=\"application\/ld+json\" class=\"yoast-schema-graph\">{\"@context\":\"https:\/\/schema.org\",\"@graph\":[{\"@type\":[\"WebPage\",\"AboutPage\"],\"@id\":\"https:\/\/fajnerejsy.pl\/dokumenty\/\",\"url\":\"https:\/\/fajnerejsy.pl\/dokumenty\/\",\"name\":\"Fajnerejsy.pl - OWU, ubezpieczenie KL, NNW, OC, od rezygnacji\",\"isPartOf\":{\"@id\":\"https:\/\/fajnerejsy.pl\/#website\"},\"datePublished\":\"2023-07-17T11:58:59+00:00\",\"dateModified\":\"2024-12-19T15:53:20+00:00\",\"description\":\"Znajdziesz tutaj dokumenty takie jak Umowa, Warunki uczestnictwa, Klauzule RODO, OWU ubezpieczenia NNW, KL, OC, od rezygnacji z rejsu i inne.\",\"breadcrumb\":{\"@id\":\"https:\/\/fajnerejsy.pl\/dokumenty\/#breadcrumb\"},\"inLanguage\":\"en-US\",\"potentialAction\":[{\"@type\":\"ReadAction\",\"target\":[\"https:\/\/fajnerejsy.pl\/dokumenty\/\"]}]},{\"@type\":\"BreadcrumbList\",\"@id\":\"https:\/\/fajnerejsy.pl\/dokumenty\/#breadcrumb\",\"itemListElement\":[{\"@type\":\"ListItem\",\"position\":1,\"name\":\"Home\",\"item\":\"https:\/\/fajnerejsy.pl\/\"},{\"@type\":\"ListItem\",\"position\":2,\"name\":\"Dokumenty\"}]},{\"@type\":\"WebSite\",\"@id\":\"https:\/\/fajnerejsy.pl\/#website\",\"url\":\"https:\/\/fajnerejsy.pl\/\",\"name\":\"Fajnerejsy.pl\",\"description\":\"\",\"publisher\":{\"@id\":\"https:\/\/fajnerejsy.pl\/#organization\"},\"potentialAction\":[{\"@type\":\"SearchAction\",\"target\":{\"@type\":\"EntryPoint\",\"urlTemplate\":\"https:\/\/fajnerejsy.pl\/?s={search_term_string}\"},\"query-input\":{\"@type\":\"PropertyValueSpecification\",\"valueRequired\":true,\"valueName\":\"search_term_string\"}}],\"inLanguage\":\"en-US\"},{\"@type\":\"Organization\",\"@id\":\"https:\/\/fajnerejsy.pl\/#organization\",\"name\":\"FAJNEREJSY\",\"url\":\"https:\/\/fajnerejsy.pl\/\",\"logo\":{\"@type\":\"ImageObject\",\"inLanguage\":\"en-US\",\"@id\":\"https:\/\/fajnerejsy.pl\/#\/schema\/logo\/image\/\",\"url\":\"http:\/\/fajnerejsy.pl\/wp-content\/uploads\/2020\/11\/fajnerejsy-logo-rgb-www1.png\",\"contentUrl\":\"http:\/\/fajnerejsy.pl\/wp-content\/uploads\/2020\/11\/fajnerejsy-logo-rgb-www1.png\",\"width\":235,\"height\":50,\"caption\":\"FAJNEREJSY\"},\"image\":{\"@id\":\"https:\/\/fajnerejsy.pl\/#\/schema\/logo\/image\/\"},\"sameAs\":[\"https:\/\/www.facebook.com\/Fajnerejsy\",\"https:\/\/www.instagram.com\/fajnerejsy.pl\/\",\"https:\/\/www.youtube.com\/JacekMirczak\"]}]}<\/script>\n<!-- \/ Yoast SEO Premium plugin. -->","yoast_head_json":{"title":"Fajnerejsy.pl - OWU, ubezpieczenie KL, NNW, OC, od rezygnacji","description":"Znajdziesz tutaj dokumenty takie jak Umowa, Warunki uczestnictwa, Klauzule RODO, OWU ubezpieczenia NNW, KL, OC, od rezygnacji z rejsu i inne.","robots":{"index":"index","follow":"follow","max-snippet":"max-snippet:-1","max-image-preview":"max-image-preview:large","max-video-preview":"max-video-preview:-1"},"canonical":"https:\/\/fajnerejsy.pl\/en\/dokumenty\/","og_locale":"en_US","og_type":"article","og_title":"Dokumenty","og_description":"Znajdziesz tutaj dokumenty takie jak Umowa, Warunki uczestnictwa, Klauzule RODO, OWU ubezpieczenia NNW, KL, OC, od rezygnacji z rejsu i inne.","og_url":"https:\/\/fajnerejsy.pl\/en\/dokumenty\/","og_site_name":"Fajnerejsy.pl","article_publisher":"https:\/\/www.facebook.com\/Fajnerejsy","article_modified_time":"2024-12-19T15:53:20+00:00","twitter_card":"summary_large_image","twitter_misc":{"Est. reading time":"1 minute"},"schema":{"@context":"https:\/\/schema.org","@graph":[{"@type":["WebPage","AboutPage"],"@id":"https:\/\/fajnerejsy.pl\/dokumenty\/","url":"https:\/\/fajnerejsy.pl\/dokumenty\/","name":"Fajnerejsy.pl - OWU, ubezpieczenie KL, NNW, OC, od rezygnacji","isPartOf":{"@id":"https:\/\/fajnerejsy.pl\/#website"},"datePublished":"2023-07-17T11:58:59+00:00","dateModified":"2024-12-19T15:53:20+00:00","description":"Znajdziesz tutaj dokumenty takie jak Umowa, Warunki uczestnictwa, Klauzule RODO, OWU ubezpieczenia NNW, KL, OC, od rezygnacji z rejsu i inne.","breadcrumb":{"@id":"https:\/\/fajnerejsy.pl\/dokumenty\/#breadcrumb"},"inLanguage":"en-US","potentialAction":[{"@type":"ReadAction","target":["https:\/\/fajnerejsy.pl\/dokumenty\/"]}]},{"@type":"BreadcrumbList","@id":"https:\/\/fajnerejsy.pl\/dokumenty\/#breadcrumb","itemListElement":[{"@type":"ListItem","position":1,"name":"Home","item":"https:\/\/fajnerejsy.pl\/"},{"@type":"ListItem","position":2,"name":"Dokumenty"}]},{"@type":"WebSite","@id":"https:\/\/fajnerejsy.pl\/#website","url":"https:\/\/fajnerejsy.pl\/","name":"Fajnerejsy.pl","description":"","publisher":{"@id":"https:\/\/fajnerejsy.pl\/#organization"},"potentialAction":[{"@type":"SearchAction","target":{"@type":"EntryPoint","urlTemplate":"https:\/\/fajnerejsy.pl\/?s={search_term_string}"},"query-input":{"@type":"PropertyValueSpecification","valueRequired":true,"valueName":"search_term_string"}}],"inLanguage":"en-US"},{"@type":"Organization","@id":"https:\/\/fajnerejsy.pl\/#organization","name":"FAJNEREJSY","url":"https:\/\/fajnerejsy.pl\/","logo":{"@type":"ImageObject","inLanguage":"en-US","@id":"https:\/\/fajnerejsy.pl\/#\/schema\/logo\/image\/","url":"http:\/\/fajnerejsy.pl\/wp-content\/uploads\/2020\/11\/fajnerejsy-logo-rgb-www1.png","contentUrl":"http:\/\/fajnerejsy.pl\/wp-content\/uploads\/2020\/11\/fajnerejsy-logo-rgb-www1.png","width":235,"height":50,"caption":"FAJNEREJSY"},"image":{"@id":"https:\/\/fajnerejsy.pl\/#\/schema\/logo\/image\/"},"sameAs":["https:\/\/www.facebook.com\/Fajnerejsy","https:\/\/www.instagram.com\/fajnerejsy.pl\/","https:\/\/www.youtube.com\/JacekMirczak"]}]}},"_links":{"self":[{"href":"https:\/\/fajnerejsy.pl\/en\/wp-json\/wp\/v2\/pages\/5246","targetHints":{"allow":["GET"]}}],"collection":[{"href":"https:\/\/fajnerejsy.pl\/en\/wp-json\/wp\/v2\/pages"}],"about":[{"href":"https:\/\/fajnerejsy.pl\/en\/wp-json\/wp\/v2\/types\/page"}],"author":[{"embeddable":true,"href":"https:\/\/fajnerejsy.pl\/en\/wp-json\/wp\/v2\/users\/1"}],"replies":[{"embeddable":true,"href":"https:\/\/fajnerejsy.pl\/en\/wp-json\/wp\/v2\/comments?post=5246"}],"version-history":[{"count":27,"href":"https:\/\/fajnerejsy.pl\/en\/wp-json\/wp\/v2\/pages\/5246\/revisions"}],"predecessor-version":[{"id":5970,"href":"https:\/\/fajnerejsy.pl\/en\/wp-json\/wp\/v2\/pages\/5246\/revisions\/5970"}],"wp:attachment":[{"href":"https:\/\/fajnerejsy.pl\/en\/wp-json\/wp\/v2\/media?parent=5246"}],"curies":[{"name":"wp","href":"https:\/\/api.w.org\/{rel}","templated":true}]}}