{"id":4003,"date":"2022-08-06T13:57:32","date_gmt":"2022-08-06T11:57:32","guid":{"rendered":"https:\/\/fajnerejsy.pl\/?page_id=4003"},"modified":"2023-07-25T11:08:55","modified_gmt":"2023-07-25T09:08:55","slug":"blog","status":"publish","type":"page","link":"https:\/\/fajnerejsy.pl\/en\/blog\/","title":{"rendered":"BLOG"},"content":{"rendered":"<div id=\"pl-4003\"  class=\"panel-layout\" ><div id=\"pg-4003-0\"  class=\"panel-grid panel-no-style\" ><div id=\"pgc-4003-0-0\"  class=\"panel-grid-cell\" ><div id=\"panel-4003-0-0-0\" class=\"so-panel widget widget_pw_latest_news widget-latest-news panel-first-child panel-last-child\" data-index=\"0\" >\n\t\t\t<div class=\"latest-news__container\">\n\t\t\t\t\t\t\t<a href=\"https:\/\/fajnerejsy.pl\/en\/chartplotter-skroty-ekranowe\/\" class=\"card  latest-news  latest-news--inline\">\n\t\t\t\t\t<div class=\"card-block  latest-news__content\">\n\t\t\t\t\t\t<h4 class=\"card-title  latest-news__title\">A Shortcut Guide to Abbreviations<\/h4>\n\t\t\t\t\t\t<time class=\"latest-news__date\" datetime=\"2022-10-26T18:48:26+02:00\">\n\t\t\t\t\t\t\tOctober 26, 2022\t\t\t\t\t\t<\/time>\n\t\t\t\t\t<\/div>\n\t\t\t\t<\/a>\n\t\t\t\t\t\t\t<a href=\"https:\/\/fajnerejsy.pl\/en\/plywy-cz1\/\" class=\"card  latest-news  latest-news--inline\">\n\t\t\t\t\t<div class=\"card-block  latest-news__content\">\n\t\t\t\t\t\t<h4 class=\"card-title  latest-news__title\">Tides and Should We Be Afraid of Them? \u2013 Part I<\/h4>\n\t\t\t\t\t\t<time class=\"latest-news__date\" datetime=\"2022-10-21T12:05:14+02:00\">\n\t\t\t\t\t\t\tOctober 21, 2022\t\t\t\t\t\t<\/time>\n\t\t\t\t\t<\/div>\n\t\t\t\t<\/a>\n\t\t\t\t\t\t\t<a href=\"https:\/\/fajnerejsy.pl\/en\/szanta\/\" class=\"card  latest-news  latest-news--inline\">\n\t\t\t\t\t<div class=\"card-block  latest-news__content\">\n\t\t\t\t\t\t<h4 class=\"card-title  latest-news__title\">A Sea Shanty Will Lead You Home<\/h4>\n\t\t\t\t\t\t<time class=\"latest-news__date\" datetime=\"2022-08-06T13:31:18+02:00\">\n\t\t\t\t\t\t\tAugust 6, 2022\t\t\t\t\t\t<\/time>\n\t\t\t\t\t<\/div>\n\t\t\t\t<\/a>\n\t\t\t\t\t\t\t<a href=\"https:\/\/fajnerejsy.pl\/en\/navtex\/\" class=\"card  latest-news  latest-news--inline\">\n\t\t\t\t\t<div class=\"card-block  latest-news__content\">\n\t\t\t\t\t\t<h4 class=\"card-title  latest-news__title\">NAVTEX Isn\u2019t That Scary<\/h4>\n\t\t\t\t\t\t<time class=\"latest-news__date\" datetime=\"2022-07-20T10:46:56+02:00\">\n\t\t\t\t\t\t\tJuly 20, 2022\t\t\t\t\t\t<\/time>\n\t\t\t\t\t<\/div>\n\t\t\t\t<\/a>\n\t\t\t\t\t\t\t<a href=\"https:\/\/fajnerejsy.pl\/en\/dlaczego-baltyk-jest-slony\/\" class=\"card  latest-news  latest-news--inline\">\n\t\t\t\t\t<div class=\"card-block  latest-news__content\">\n\t\t\t\t\t\t<h4 class=\"card-title  latest-news__title\">Dlaczego Ba\u0142tyk jest s\u0142ony<\/h4>\n\t\t\t\t\t\t<time class=\"latest-news__date\" datetime=\"2021-03-10T08:11:30+02:00\">\n\t\t\t\t\t\t\tMarch 10, 2021\t\t\t\t\t\t<\/time>\n\t\t\t\t\t<\/div>\n\t\t\t\t<\/a>\n\t\t\t\n\t\t\t\n\t\t<\/div>\n\t\n<\/div><\/div><\/div><\/div>","protected":false},"excerpt":{"rendered":"<p>Na skr\u00f3ty przez skr\u00f3ty October 26, 2022 P\u0142ywy i czy warto si\u0119 ich ba\u0107 &#8211; cz. I October 21, 2022 Szanta zaprowadzi Was do domu August 6, 2022 NAVTEX nie taki straszny July 20, 2022 Dlaczego Ba\u0142tyk jest s\u0142ony March 10, 2021<\/p>","protected":false},"author":1,"featured_media":0,"parent":0,"menu_order":0,"comment_status":"closed","ping_status":"closed","template":"","meta":{"_acf_changed":false,"footnotes":""},"class_list":["post-4003","page","type-page","status-publish","hentry","clearfix"],"acf":[],"yoast_head":"<!-- This site is optimized with the Yoast SEO Premium plugin v26.7 (Yoast SEO v26.7) - https:\/\/yoast.com\/wordpress\/plugins\/seo\/ -->\n<title>Blog - artyku\u0142y, ciekawostki, newsy.<\/title>\n<meta name=\"description\" content=\"Artyku\u0142y, ciekawostki, relacje z rejs\u00f3w, newsy, ciekawe dyskusje, zdj\u0119cia i wszystko co zwi\u0105zane z \u017ceglarstwem.\" \/>\n<meta name=\"robots\" content=\"index, follow, max-snippet:-1, max-image-preview:large, max-video-preview:-1\" \/>\n<link rel=\"canonical\" href=\"https:\/\/fajnerejsy.pl\/en\/blog\/\" \/>\n<meta property=\"og:locale\" content=\"en_US\" \/>\n<meta property=\"og:type\" content=\"article\" \/>\n<meta property=\"og:title\" content=\"BLOG\" \/>\n<meta property=\"og:description\" content=\"Artyku\u0142y, ciekawostki, relacje z rejs\u00f3w, newsy, ciekawe dyskusje, zdj\u0119cia i wszystko co zwi\u0105zane z \u017ceglarstwem.\" \/>\n<meta property=\"og:url\" content=\"https:\/\/fajnerejsy.pl\/en\/blog\/\" \/>\n<meta property=\"og:site_name\" content=\"Fajnerejsy.pl\" \/>\n<meta property=\"article:publisher\" content=\"https:\/\/www.facebook.com\/Fajnerejsy\" \/>\n<meta property=\"article:modified_time\" content=\"2023-07-25T09:08:55+00:00\" \/>\n<meta name=\"twitter:card\" content=\"summary_large_image\" \/>\n<meta name=\"twitter:label1\" content=\"Est. reading time\" \/>\n\t<meta name=\"twitter:data1\" content=\"1 minute\" \/>\n<script type=\"application\/ld+json\" class=\"yoast-schema-graph\">{\"@context\":\"https:\/\/schema.org\",\"@graph\":[{\"@type\":\"WebPage\",\"@id\":\"https:\/\/fajnerejsy.pl\/blog\/\",\"url\":\"https:\/\/fajnerejsy.pl\/blog\/\",\"name\":\"Blog - artyku\u0142y, ciekawostki, newsy.\",\"isPartOf\":{\"@id\":\"https:\/\/fajnerejsy.pl\/#website\"},\"datePublished\":\"2022-08-06T11:57:32+00:00\",\"dateModified\":\"2023-07-25T09:08:55+00:00\",\"description\":\"Artyku\u0142y, ciekawostki, relacje z rejs\u00f3w, newsy, ciekawe dyskusje, zdj\u0119cia i wszystko co zwi\u0105zane z \u017ceglarstwem.\",\"breadcrumb\":{\"@id\":\"https:\/\/fajnerejsy.pl\/blog\/#breadcrumb\"},\"inLanguage\":\"en-US\",\"potentialAction\":[{\"@type\":\"ReadAction\",\"target\":[\"https:\/\/fajnerejsy.pl\/blog\/\"]}]},{\"@type\":\"BreadcrumbList\",\"@id\":\"https:\/\/fajnerejsy.pl\/blog\/#breadcrumb\",\"itemListElement\":[{\"@type\":\"ListItem\",\"position\":1,\"name\":\"Home\",\"item\":\"https:\/\/fajnerejsy.pl\/\"},{\"@type\":\"ListItem\",\"position\":2,\"name\":\"BLOG\"}]},{\"@type\":\"WebSite\",\"@id\":\"https:\/\/fajnerejsy.pl\/#website\",\"url\":\"https:\/\/fajnerejsy.pl\/\",\"name\":\"Fajnerejsy.pl\",\"description\":\"\",\"publisher\":{\"@id\":\"https:\/\/fajnerejsy.pl\/#organization\"},\"potentialAction\":[{\"@type\":\"SearchAction\",\"target\":{\"@type\":\"EntryPoint\",\"urlTemplate\":\"https:\/\/fajnerejsy.pl\/?s={search_term_string}\"},\"query-input\":{\"@type\":\"PropertyValueSpecification\",\"valueRequired\":true,\"valueName\":\"search_term_string\"}}],\"inLanguage\":\"en-US\"},{\"@type\":\"Organization\",\"@id\":\"https:\/\/fajnerejsy.pl\/#organization\",\"name\":\"FAJNEREJSY\",\"url\":\"https:\/\/fajnerejsy.pl\/\",\"logo\":{\"@type\":\"ImageObject\",\"inLanguage\":\"en-US\",\"@id\":\"https:\/\/fajnerejsy.pl\/#\/schema\/logo\/image\/\",\"url\":\"http:\/\/fajnerejsy.pl\/wp-content\/uploads\/2020\/11\/fajnerejsy-logo-rgb-www1.png\",\"contentUrl\":\"http:\/\/fajnerejsy.pl\/wp-content\/uploads\/2020\/11\/fajnerejsy-logo-rgb-www1.png\",\"width\":235,\"height\":50,\"caption\":\"FAJNEREJSY\"},\"image\":{\"@id\":\"https:\/\/fajnerejsy.pl\/#\/schema\/logo\/image\/\"},\"sameAs\":[\"https:\/\/www.facebook.com\/Fajnerejsy\",\"https:\/\/www.instagram.com\/fajnerejsy.pl\/\",\"https:\/\/www.youtube.com\/JacekMirczak\"]}]}<\/script>\n<!-- \/ Yoast SEO Premium plugin. -->","yoast_head_json":{"title":"Blog - artyku\u0142y, ciekawostki, newsy.","description":"Artyku\u0142y, ciekawostki, relacje z rejs\u00f3w, newsy, ciekawe dyskusje, zdj\u0119cia i wszystko co zwi\u0105zane z \u017ceglarstwem.","robots":{"index":"index","follow":"follow","max-snippet":"max-snippet:-1","max-image-preview":"max-image-preview:large","max-video-preview":"max-video-preview:-1"},"canonical":"https:\/\/fajnerejsy.pl\/en\/blog\/","og_locale":"en_US","og_type":"article","og_title":"BLOG","og_description":"Artyku\u0142y, ciekawostki, relacje z rejs\u00f3w, newsy, ciekawe dyskusje, zdj\u0119cia i wszystko co zwi\u0105zane z \u017ceglarstwem.","og_url":"https:\/\/fajnerejsy.pl\/en\/blog\/","og_site_name":"Fajnerejsy.pl","article_publisher":"https:\/\/www.facebook.com\/Fajnerejsy","article_modified_time":"2023-07-25T09:08:55+00:00","twitter_card":"summary_large_image","twitter_misc":{"Est. reading time":"1 minute"},"schema":{"@context":"https:\/\/schema.org","@graph":[{"@type":"WebPage","@id":"https:\/\/fajnerejsy.pl\/blog\/","url":"https:\/\/fajnerejsy.pl\/blog\/","name":"Blog - artyku\u0142y, ciekawostki, newsy.","isPartOf":{"@id":"https:\/\/fajnerejsy.pl\/#website"},"datePublished":"2022-08-06T11:57:32+00:00","dateModified":"2023-07-25T09:08:55+00:00","description":"Artyku\u0142y, ciekawostki, relacje z rejs\u00f3w, newsy, ciekawe dyskusje, zdj\u0119cia i wszystko co zwi\u0105zane z \u017ceglarstwem.","breadcrumb":{"@id":"https:\/\/fajnerejsy.pl\/blog\/#breadcrumb"},"inLanguage":"en-US","potentialAction":[{"@type":"ReadAction","target":["https:\/\/fajnerejsy.pl\/blog\/"]}]},{"@type":"BreadcrumbList","@id":"https:\/\/fajnerejsy.pl\/blog\/#breadcrumb","itemListElement":[{"@type":"ListItem","position":1,"name":"Home","item":"https:\/\/fajnerejsy.pl\/"},{"@type":"ListItem","position":2,"name":"BLOG"}]},{"@type":"WebSite","@id":"https:\/\/fajnerejsy.pl\/#website","url":"https:\/\/fajnerejsy.pl\/","name":"Fajnerejsy.pl","description":"","publisher":{"@id":"https:\/\/fajnerejsy.pl\/#organization"},"potentialAction":[{"@type":"SearchAction","target":{"@type":"EntryPoint","urlTemplate":"https:\/\/fajnerejsy.pl\/?s={search_term_string}"},"query-input":{"@type":"PropertyValueSpecification","valueRequired":true,"valueName":"search_term_string"}}],"inLanguage":"en-US"},{"@type":"Organization","@id":"https:\/\/fajnerejsy.pl\/#organization","name":"FAJNEREJSY","url":"https:\/\/fajnerejsy.pl\/","logo":{"@type":"ImageObject","inLanguage":"en-US","@id":"https:\/\/fajnerejsy.pl\/#\/schema\/logo\/image\/","url":"http:\/\/fajnerejsy.pl\/wp-content\/uploads\/2020\/11\/fajnerejsy-logo-rgb-www1.png","contentUrl":"http:\/\/fajnerejsy.pl\/wp-content\/uploads\/2020\/11\/fajnerejsy-logo-rgb-www1.png","width":235,"height":50,"caption":"FAJNEREJSY"},"image":{"@id":"https:\/\/fajnerejsy.pl\/#\/schema\/logo\/image\/"},"sameAs":["https:\/\/www.facebook.com\/Fajnerejsy","https:\/\/www.instagram.com\/fajnerejsy.pl\/","https:\/\/www.youtube.com\/JacekMirczak"]}]}},"_links":{"self":[{"href":"https:\/\/fajnerejsy.pl\/en\/wp-json\/wp\/v2\/pages\/4003","targetHints":{"allow":["GET"]}}],"collection":[{"href":"https:\/\/fajnerejsy.pl\/en\/wp-json\/wp\/v2\/pages"}],"about":[{"href":"https:\/\/fajnerejsy.pl\/en\/wp-json\/wp\/v2\/types\/page"}],"author":[{"embeddable":true,"href":"https:\/\/fajnerejsy.pl\/en\/wp-json\/wp\/v2\/users\/1"}],"replies":[{"embeddable":true,"href":"https:\/\/fajnerejsy.pl\/en\/wp-json\/wp\/v2\/comments?post=4003"}],"version-history":[{"count":21,"href":"https:\/\/fajnerejsy.pl\/en\/wp-json\/wp\/v2\/pages\/4003\/revisions"}],"predecessor-version":[{"id":5405,"href":"https:\/\/fajnerejsy.pl\/en\/wp-json\/wp\/v2\/pages\/4003\/revisions\/5405"}],"wp:attachment":[{"href":"https:\/\/fajnerejsy.pl\/en\/wp-json\/wp\/v2\/media?parent=4003"}],"curies":[{"name":"wp","href":"https:\/\/api.w.org\/{rel}","templated":true}]}}