{"id":6283,"date":"2025-04-11T13:21:37","date_gmt":"2025-04-11T11:21:37","guid":{"rendered":"https:\/\/fajnerejsy.pl\/?page_id=6283"},"modified":"2026-03-04T11:15:17","modified_gmt":"2026-03-04T09:15:17","slug":"chorwacja-manewrowka","status":"publish","type":"page","link":"http:\/\/fajnerejsy.pl\/en\/oferta\/chorwacja-manewrowka\/","title":{"rendered":"Maneuvering training in Croatia"},"content":{"rendered":"<div id=\"pl-6283\"  class=\"panel-layout\" ><div id=\"pg-6283-0\"  class=\"panel-grid panel-no-style\" ><div id=\"pgc-6283-0-0\"  class=\"panel-grid-cell\" ><div id=\"panel-6283-0-0-0\" class=\"so-panel widget widget_sow-editor panel-first-child panel-last-child\" data-index=\"0\" ><div\n\t\t\t\n\t\t\tclass=\"so-widget-sow-editor so-widget-sow-editor-base\"\n\t\t\t\n\t\t>\n<div class=\"siteorigin-widget-tinymce textwidget\">\n\t<p>Learn to maneuver a catamaran safely and with confidence.<\/p>\n<p>Join me for catamaran maneuvering courses in Croatia. At D-Marin Mandalina marina and in nearby harbors, you\u2019ll spend a full week developing the skills needed to handle a catamaran safely and confidently. Intensive time at the helm and hands-on yacht handling will help you feel comfortable in a wide range of conditions. Whether you\u2019re docking stern-to with mooring lines, maneuvering between Y-berths, dealing with strong winds or waves, or handling the boat with a full crew or a smaller team, your maneuvers will become safe, precise, and effective.<\/p>\n<p>Feel free to get in touch.<\/p>\n<\/div>\n<\/div><\/div><\/div><div id=\"pgc-6283-0-1\"  class=\"panel-grid-cell\" ><div id=\"panel-6283-0-1-0\" class=\"so-panel widget widget_sow-image panel-first-child panel-last-child\" data-index=\"1\" ><div\n\t\t\t\n\t\t\tclass=\"so-widget-sow-image so-widget-sow-image-default-8b5b6f678277-6283\"\n\t\t\t\n\t\t>\n<div class=\"sow-image-container\">\n\t\t<img \n\tsrc=\"https:\/\/fajnerejsy.pl\/wp-content\/uploads\/2025\/04\/66c447e377a3fdfd71011cf8.webp\" width=\"1013\" height=\"675\" srcset=\"https:\/\/fajnerejsy.pl\/wp-content\/uploads\/2025\/04\/66c447e377a3fdfd71011cf8.webp 1013w, https:\/\/fajnerejsy.pl\/wp-content\/uploads\/2025\/04\/66c447e377a3fdfd71011cf8-300x200.webp 300w, https:\/\/fajnerejsy.pl\/wp-content\/uploads\/2025\/04\/66c447e377a3fdfd71011cf8-768x512.webp 768w, https:\/\/fajnerejsy.pl\/wp-content\/uploads\/2025\/04\/66c447e377a3fdfd71011cf8-540x360.webp 540w, https:\/\/fajnerejsy.pl\/wp-content\/uploads\/2025\/04\/66c447e377a3fdfd71011cf8-272x182.webp 272w\" sizes=\"(max-width: 1013px) 100vw, 1013px\" alt=\"\" \t\tclass=\"so-widget-image\"\/>\n\t<\/div>\n\n<\/div><\/div><\/div><\/div><div id=\"pg-6283-1\"  class=\"panel-grid panel-no-style\" ><div id=\"pgc-6283-1-0\"  class=\"panel-grid-cell\" ><div id=\"panel-6283-1-0-0\" class=\"so-panel widget widget_sow-editor panel-first-child panel-last-child\" data-index=\"2\" ><div\n\t\t\t\n\t\t\tclass=\"so-widget-sow-editor so-widget-sow-editor-base\"\n\t\t\t\n\t\t>\n<div class=\"siteorigin-widget-tinymce textwidget\">\n\t<hr class=\"hr--dotted\" \/>\n<\/div>\n<\/div><\/div><\/div><\/div><\/div>","protected":false},"excerpt":{"rendered":"<p>Naucz si\u0119 manewrowa\u0107 katamaranem bezpiecznie i skutecznie. Zapraszam Ci\u0119 na kursy manewrowe na katamaranie w Chorwacji. Na terenie mariny D-Marina Mandalina oraz pobliskich port\u00f3w, b\u0119dziesz przez tydzie\u0144 nabywa\u0107 umiej\u0119tno\u015bci niezb\u0119dnych do bezpiecznego manewrowania katamaranem. Intensywny czas sp\u0119dzony za sterem i podczas obs\u0142ugi jachtu sprawi, \u017ce poczujesz si\u0119 pewnie w ka\u017cdych warunkach. Niezale\u017cnie czy przyjdzie Ci &hellip;<\/p>","protected":false},"author":1,"featured_media":6284,"parent":19,"menu_order":0,"comment_status":"closed","ping_status":"closed","template":"","meta":{"_acf_changed":false,"footnotes":""},"class_list":["post-6283","page","type-page","status-publish","has-post-thumbnail","hentry","clearfix"],"acf":[],"yoast_head":"<!-- This site is optimized with the Yoast SEO Premium plugin v26.7 (Yoast SEO v26.7) - https:\/\/yoast.com\/wordpress\/plugins\/seo\/ -->\n<title>Morskie rejsy \u017ceglarskie - Manewr\u00f3wki w Chorwacji<\/title>\n<meta name=\"description\" content=\"Kursy manewrowe katamaren w Chorwacji. Intensywne, tygodniowe szkolenie z manewrowania katamaranem w ka\u017cdych warunkach.\" \/>\n<meta name=\"robots\" content=\"index, follow, max-snippet:-1, max-image-preview:large, max-video-preview:-1\" \/>\n<link rel=\"canonical\" href=\"https:\/\/fajnerejsy.pl\/en\/oferta\/chorwacja-manewrowka\/\" \/>\n<meta property=\"og:locale\" content=\"en_US\" \/>\n<meta property=\"og:type\" content=\"article\" \/>\n<meta property=\"og:title\" content=\"Manewr\u00f3wki w Chorwacji\" \/>\n<meta property=\"og:description\" content=\"Kursy manewrowe katamaren w Chorwacji. Intensywne, tygodniowe szkolenie z manewrowania katamaranem w ka\u017cdych warunkach.\" \/>\n<meta property=\"og:url\" content=\"https:\/\/fajnerejsy.pl\/en\/oferta\/chorwacja-manewrowka\/\" \/>\n<meta property=\"og:site_name\" content=\"Fajnerejsy.pl\" \/>\n<meta property=\"article:publisher\" content=\"https:\/\/www.facebook.com\/Fajnerejsy\" \/>\n<meta property=\"article:modified_time\" content=\"2026-03-04T09:15:17+00:00\" \/>\n<meta property=\"og:image\" content=\"https:\/\/fajnerejsy.pl\/wp-content\/uploads\/2025\/04\/668bd85433d3a968110760b9.webp\" \/>\n\t<meta property=\"og:image:width\" content=\"900\" \/>\n\t<meta property=\"og:image:height\" content=\"675\" \/>\n\t<meta property=\"og:image:type\" content=\"image\/webp\" \/>\n<meta name=\"twitter:card\" content=\"summary_large_image\" \/>\n<meta name=\"twitter:label1\" content=\"Est. reading time\" \/>\n\t<meta name=\"twitter:data1\" content=\"1 minute\" \/>\n<script type=\"application\/ld+json\" class=\"yoast-schema-graph\">{\"@context\":\"https:\/\/schema.org\",\"@graph\":[{\"@type\":\"WebPage\",\"@id\":\"https:\/\/fajnerejsy.pl\/oferta\/chorwacja-manewrowka\/\",\"url\":\"https:\/\/fajnerejsy.pl\/oferta\/chorwacja-manewrowka\/\",\"name\":\"Morskie rejsy \u017ceglarskie - Manewr\u00f3wki w Chorwacji\",\"isPartOf\":{\"@id\":\"https:\/\/fajnerejsy.pl\/#website\"},\"primaryImageOfPage\":{\"@id\":\"https:\/\/fajnerejsy.pl\/oferta\/chorwacja-manewrowka\/#primaryimage\"},\"image\":{\"@id\":\"https:\/\/fajnerejsy.pl\/oferta\/chorwacja-manewrowka\/#primaryimage\"},\"thumbnailUrl\":\"https:\/\/fajnerejsy.pl\/wp-content\/uploads\/2025\/04\/668bd85433d3a968110760b9.webp\",\"datePublished\":\"2025-04-11T11:21:37+00:00\",\"dateModified\":\"2026-03-04T09:15:17+00:00\",\"description\":\"Kursy manewrowe katamaren w Chorwacji. Intensywne, tygodniowe szkolenie z manewrowania katamaranem w ka\u017cdych warunkach.\",\"breadcrumb\":{\"@id\":\"https:\/\/fajnerejsy.pl\/oferta\/chorwacja-manewrowka\/#breadcrumb\"},\"inLanguage\":\"en-US\",\"potentialAction\":[{\"@type\":\"ReadAction\",\"target\":[\"https:\/\/fajnerejsy.pl\/oferta\/chorwacja-manewrowka\/\"]}]},{\"@type\":\"ImageObject\",\"inLanguage\":\"en-US\",\"@id\":\"https:\/\/fajnerejsy.pl\/oferta\/chorwacja-manewrowka\/#primaryimage\",\"url\":\"https:\/\/fajnerejsy.pl\/wp-content\/uploads\/2025\/04\/668bd85433d3a968110760b9.webp\",\"contentUrl\":\"https:\/\/fajnerejsy.pl\/wp-content\/uploads\/2025\/04\/668bd85433d3a968110760b9.webp\",\"width\":900,\"height\":675},{\"@type\":\"BreadcrumbList\",\"@id\":\"https:\/\/fajnerejsy.pl\/oferta\/chorwacja-manewrowka\/#breadcrumb\",\"itemListElement\":[{\"@type\":\"ListItem\",\"position\":1,\"name\":\"Home\",\"item\":\"https:\/\/fajnerejsy.pl\/\"},{\"@type\":\"ListItem\",\"position\":2,\"name\":\"Oferta\",\"item\":\"https:\/\/fajnerejsy.pl\/oferta\/\"},{\"@type\":\"ListItem\",\"position\":3,\"name\":\"Manewr\u00f3wki w Chorwacji\"}]},{\"@type\":\"WebSite\",\"@id\":\"https:\/\/fajnerejsy.pl\/#website\",\"url\":\"https:\/\/fajnerejsy.pl\/\",\"name\":\"Fajnerejsy.pl\",\"description\":\"\",\"publisher\":{\"@id\":\"https:\/\/fajnerejsy.pl\/#organization\"},\"potentialAction\":[{\"@type\":\"SearchAction\",\"target\":{\"@type\":\"EntryPoint\",\"urlTemplate\":\"https:\/\/fajnerejsy.pl\/?s={search_term_string}\"},\"query-input\":{\"@type\":\"PropertyValueSpecification\",\"valueRequired\":true,\"valueName\":\"search_term_string\"}}],\"inLanguage\":\"en-US\"},{\"@type\":\"Organization\",\"@id\":\"https:\/\/fajnerejsy.pl\/#organization\",\"name\":\"FAJNEREJSY\",\"url\":\"https:\/\/fajnerejsy.pl\/\",\"logo\":{\"@type\":\"ImageObject\",\"inLanguage\":\"en-US\",\"@id\":\"https:\/\/fajnerejsy.pl\/#\/schema\/logo\/image\/\",\"url\":\"http:\/\/fajnerejsy.pl\/wp-content\/uploads\/2020\/11\/fajnerejsy-logo-rgb-www1.png\",\"contentUrl\":\"http:\/\/fajnerejsy.pl\/wp-content\/uploads\/2020\/11\/fajnerejsy-logo-rgb-www1.png\",\"width\":235,\"height\":50,\"caption\":\"FAJNEREJSY\"},\"image\":{\"@id\":\"https:\/\/fajnerejsy.pl\/#\/schema\/logo\/image\/\"},\"sameAs\":[\"https:\/\/www.facebook.com\/Fajnerejsy\",\"https:\/\/www.instagram.com\/fajnerejsy.pl\/\",\"https:\/\/www.youtube.com\/JacekMirczak\"]}]}<\/script>\n<!-- \/ Yoast SEO Premium plugin. -->","yoast_head_json":{"title":"Morskie rejsy \u017ceglarskie - Manewr\u00f3wki w Chorwacji","description":"Kursy manewrowe katamaren w Chorwacji. Intensywne, tygodniowe szkolenie z manewrowania katamaranem w ka\u017cdych warunkach.","robots":{"index":"index","follow":"follow","max-snippet":"max-snippet:-1","max-image-preview":"max-image-preview:large","max-video-preview":"max-video-preview:-1"},"canonical":"https:\/\/fajnerejsy.pl\/en\/oferta\/chorwacja-manewrowka\/","og_locale":"en_US","og_type":"article","og_title":"Manewr\u00f3wki w Chorwacji","og_description":"Kursy manewrowe katamaren w Chorwacji. Intensywne, tygodniowe szkolenie z manewrowania katamaranem w ka\u017cdych warunkach.","og_url":"https:\/\/fajnerejsy.pl\/en\/oferta\/chorwacja-manewrowka\/","og_site_name":"Fajnerejsy.pl","article_publisher":"https:\/\/www.facebook.com\/Fajnerejsy","article_modified_time":"2026-03-04T09:15:17+00:00","og_image":[{"width":900,"height":675,"url":"https:\/\/fajnerejsy.pl\/wp-content\/uploads\/2025\/04\/668bd85433d3a968110760b9.webp","type":"image\/webp"}],"twitter_card":"summary_large_image","twitter_misc":{"Est. reading time":"1 minute"},"schema":{"@context":"https:\/\/schema.org","@graph":[{"@type":"WebPage","@id":"https:\/\/fajnerejsy.pl\/oferta\/chorwacja-manewrowka\/","url":"https:\/\/fajnerejsy.pl\/oferta\/chorwacja-manewrowka\/","name":"Morskie rejsy \u017ceglarskie - Manewr\u00f3wki w Chorwacji","isPartOf":{"@id":"https:\/\/fajnerejsy.pl\/#website"},"primaryImageOfPage":{"@id":"https:\/\/fajnerejsy.pl\/oferta\/chorwacja-manewrowka\/#primaryimage"},"image":{"@id":"https:\/\/fajnerejsy.pl\/oferta\/chorwacja-manewrowka\/#primaryimage"},"thumbnailUrl":"https:\/\/fajnerejsy.pl\/wp-content\/uploads\/2025\/04\/668bd85433d3a968110760b9.webp","datePublished":"2025-04-11T11:21:37+00:00","dateModified":"2026-03-04T09:15:17+00:00","description":"Kursy manewrowe katamaren w Chorwacji. Intensywne, tygodniowe szkolenie z manewrowania katamaranem w ka\u017cdych warunkach.","breadcrumb":{"@id":"https:\/\/fajnerejsy.pl\/oferta\/chorwacja-manewrowka\/#breadcrumb"},"inLanguage":"en-US","potentialAction":[{"@type":"ReadAction","target":["https:\/\/fajnerejsy.pl\/oferta\/chorwacja-manewrowka\/"]}]},{"@type":"ImageObject","inLanguage":"en-US","@id":"https:\/\/fajnerejsy.pl\/oferta\/chorwacja-manewrowka\/#primaryimage","url":"https:\/\/fajnerejsy.pl\/wp-content\/uploads\/2025\/04\/668bd85433d3a968110760b9.webp","contentUrl":"https:\/\/fajnerejsy.pl\/wp-content\/uploads\/2025\/04\/668bd85433d3a968110760b9.webp","width":900,"height":675},{"@type":"BreadcrumbList","@id":"https:\/\/fajnerejsy.pl\/oferta\/chorwacja-manewrowka\/#breadcrumb","itemListElement":[{"@type":"ListItem","position":1,"name":"Home","item":"https:\/\/fajnerejsy.pl\/"},{"@type":"ListItem","position":2,"name":"Oferta","item":"https:\/\/fajnerejsy.pl\/oferta\/"},{"@type":"ListItem","position":3,"name":"Manewr\u00f3wki w Chorwacji"}]},{"@type":"WebSite","@id":"https:\/\/fajnerejsy.pl\/#website","url":"https:\/\/fajnerejsy.pl\/","name":"Fajnerejsy.pl","description":"","publisher":{"@id":"https:\/\/fajnerejsy.pl\/#organization"},"potentialAction":[{"@type":"SearchAction","target":{"@type":"EntryPoint","urlTemplate":"https:\/\/fajnerejsy.pl\/?s={search_term_string}"},"query-input":{"@type":"PropertyValueSpecification","valueRequired":true,"valueName":"search_term_string"}}],"inLanguage":"en-US"},{"@type":"Organization","@id":"https:\/\/fajnerejsy.pl\/#organization","name":"FAJNEREJSY","url":"https:\/\/fajnerejsy.pl\/","logo":{"@type":"ImageObject","inLanguage":"en-US","@id":"https:\/\/fajnerejsy.pl\/#\/schema\/logo\/image\/","url":"http:\/\/fajnerejsy.pl\/wp-content\/uploads\/2020\/11\/fajnerejsy-logo-rgb-www1.png","contentUrl":"http:\/\/fajnerejsy.pl\/wp-content\/uploads\/2020\/11\/fajnerejsy-logo-rgb-www1.png","width":235,"height":50,"caption":"FAJNEREJSY"},"image":{"@id":"https:\/\/fajnerejsy.pl\/#\/schema\/logo\/image\/"},"sameAs":["https:\/\/www.facebook.com\/Fajnerejsy","https:\/\/www.instagram.com\/fajnerejsy.pl\/","https:\/\/www.youtube.com\/JacekMirczak"]}]}},"_links":{"self":[{"href":"http:\/\/fajnerejsy.pl\/en\/wp-json\/wp\/v2\/pages\/6283","targetHints":{"allow":["GET"]}}],"collection":[{"href":"http:\/\/fajnerejsy.pl\/en\/wp-json\/wp\/v2\/pages"}],"about":[{"href":"http:\/\/fajnerejsy.pl\/en\/wp-json\/wp\/v2\/types\/page"}],"author":[{"embeddable":true,"href":"http:\/\/fajnerejsy.pl\/en\/wp-json\/wp\/v2\/users\/1"}],"replies":[{"embeddable":true,"href":"http:\/\/fajnerejsy.pl\/en\/wp-json\/wp\/v2\/comments?post=6283"}],"version-history":[{"count":5,"href":"http:\/\/fajnerejsy.pl\/en\/wp-json\/wp\/v2\/pages\/6283\/revisions"}],"predecessor-version":[{"id":6491,"href":"http:\/\/fajnerejsy.pl\/en\/wp-json\/wp\/v2\/pages\/6283\/revisions\/6491"}],"up":[{"embeddable":true,"href":"http:\/\/fajnerejsy.pl\/en\/wp-json\/wp\/v2\/pages\/19"}],"wp:featuredmedia":[{"embeddable":true,"href":"http:\/\/fajnerejsy.pl\/en\/wp-json\/wp\/v2\/media\/6284"}],"wp:attachment":[{"href":"http:\/\/fajnerejsy.pl\/en\/wp-json\/wp\/v2\/media?parent=6283"}],"curies":[{"name":"wp","href":"https:\/\/api.w.org\/{rel}","templated":true}]}}