{"id":6265,"date":"2025-04-11T12:38:45","date_gmt":"2025-04-11T10:38:45","guid":{"rendered":"https:\/\/fajnerejsy.pl\/?page_id=6265"},"modified":"2026-03-04T11:14:19","modified_gmt":"2026-03-04T09:14:19","slug":"grecja-i-chorwacja","status":"publish","type":"page","link":"http:\/\/fajnerejsy.pl\/en\/oferta\/grecja-i-chorwacja\/","title":{"rendered":"Greece and Croatia"},"content":{"rendered":"<div id=\"pl-6265\"  class=\"panel-layout\" ><div id=\"pg-6265-0\"  class=\"panel-grid panel-no-style\" ><div id=\"pgc-6265-0-0\"  class=\"panel-grid-cell\" ><div id=\"panel-6265-0-0-0\" class=\"so-panel widget widget_sow-editor panel-first-child panel-last-child\" data-index=\"0\" ><div\n\t\t\t\n\t\t\tclass=\"so-widget-sow-editor so-widget-sow-editor-base\"\n\t\t\t\n\t\t>\n<div class=\"siteorigin-widget-tinymce textwidget\">\n\t<p>Dreaming of sailing the warm waters of Greece or Croatia?<\/p>\n<p>Just for you and your family or friends, I\u2019ll find a modern yacht and skipper the voyage. All that\u2019s left for you to do is relax and enjoy your time on the water\u2014beautiful views, warm sunshine, and delicious local cuisine.<\/p>\n<p>Alimos Marina in Athens or D-Marin Mandalina in \u0160ibenik are places where well-proven, fully equipped yachts are waiting. They\u2019re also excellent starting points for your sailing adventure. If you\u2019re interested in a different destination, that\u2019s no problem\u2014just send me a message or give me a call, and I\u2019ll be sure to find an option that\u2019s right for you.<\/p>\n<p>Feel free to get in touch.<\/p>\n<\/div>\n<\/div><\/div><\/div><div id=\"pgc-6265-0-1\"  class=\"panel-grid-cell\" ><div id=\"panel-6265-0-1-0\" class=\"so-panel widget widget_sow-image panel-first-child panel-last-child\" data-index=\"1\" ><div\n\t\t\t\n\t\t\tclass=\"so-widget-sow-image so-widget-sow-image-default-8b5b6f678277-6265\"\n\t\t\t\n\t\t>\n<div class=\"sow-image-container\">\n\t\t<img \n\tsrc=\"https:\/\/fajnerejsy.pl\/wp-content\/uploads\/2025\/04\/20220815_094425-scaled.jpg\" width=\"2560\" height=\"1920\" srcset=\"https:\/\/fajnerejsy.pl\/wp-content\/uploads\/2025\/04\/20220815_094425-scaled.jpg 2560w, https:\/\/fajnerejsy.pl\/wp-content\/uploads\/2025\/04\/20220815_094425-300x225.jpg 300w, https:\/\/fajnerejsy.pl\/wp-content\/uploads\/2025\/04\/20220815_094425-1024x768.jpg 1024w, https:\/\/fajnerejsy.pl\/wp-content\/uploads\/2025\/04\/20220815_094425-768x576.jpg 768w, https:\/\/fajnerejsy.pl\/wp-content\/uploads\/2025\/04\/20220815_094425-1536x1152.jpg 1536w, https:\/\/fajnerejsy.pl\/wp-content\/uploads\/2025\/04\/20220815_094425-2048x1536.jpg 2048w, https:\/\/fajnerejsy.pl\/wp-content\/uploads\/2025\/04\/20220815_094425-540x405.jpg 540w\" sizes=\"(max-width: 2560px) 100vw, 2560px\" title=\"20220815_094425\" alt=\"\" \t\tclass=\"so-widget-image\"\/>\n\t<\/div>\n\n<\/div><\/div><\/div><\/div><div id=\"pg-6265-1\"  class=\"panel-grid panel-no-style\" ><div id=\"pgc-6265-1-0\"  class=\"panel-grid-cell\" ><div id=\"panel-6265-1-0-0\" class=\"so-panel widget widget_sow-editor panel-first-child panel-last-child\" data-index=\"2\" ><div\n\t\t\t\n\t\t\tclass=\"so-widget-sow-editor so-widget-sow-editor-base\"\n\t\t\t\n\t\t>\n<div class=\"siteorigin-widget-tinymce textwidget\">\n\t<hr class=\"hr--dotted\" \/>\n<\/div>\n<\/div><\/div><\/div><\/div><\/div>","protected":false},"excerpt":{"rendered":"<p>Marzysz o rejsie po ciep\u0142ych wodach wok\u00f3\u0142 Grecji lub Chorwacji? Specjalnie dla Ciebie i twoich bliskich lub znajomych znajd\u0119 nowoczesny jacht i poprowadz\u0119 rejs. Tobie pozostanie tylko rozkoszowanie si\u0119 cudownie sp\u0119dzonym czasem, pi\u0119knymi widokami, ciep\u0142em i pyszn\u0105 miejscow\u0105 kuchni\u0105. Marina Alimos w Atenach czy D-Marin Mandalina w Szybeniku, to miejsca w kt\u00f3rych czekaj\u0105 sprawdzone i &hellip;<\/p>","protected":false},"author":1,"featured_media":6273,"parent":19,"menu_order":0,"comment_status":"closed","ping_status":"closed","template":"","meta":{"_acf_changed":false,"footnotes":""},"class_list":["post-6265","page","type-page","status-publish","has-post-thumbnail","hentry","clearfix"],"acf":[],"yoast_head":"<!-- This site is optimized with the Yoast SEO Premium plugin v26.7 (Yoast SEO v26.7) - https:\/\/yoast.com\/wordpress\/plugins\/seo\/ -->\n<title>Rejsy \u017ceglarskie - Grecja i Chorwacja<\/title>\n<meta name=\"description\" content=\"Morskie rejsy \u017ceglarskie jachtem po wodach dooko\u0142a Grecji i Chorwacji. Pi\u0119kna pogoda, pyszne jedzenie, relaks i wypoczynek.\" \/>\n<meta name=\"robots\" content=\"index, follow, max-snippet:-1, max-image-preview:large, max-video-preview:-1\" \/>\n<link rel=\"canonical\" href=\"https:\/\/fajnerejsy.pl\/en\/oferta\/grecja-i-chorwacja\/\" \/>\n<meta property=\"og:locale\" content=\"en_US\" \/>\n<meta property=\"og:type\" content=\"article\" \/>\n<meta property=\"og:title\" content=\"Grecja i Chorwacja\" \/>\n<meta property=\"og:description\" content=\"Morskie rejsy \u017ceglarskie jachtem po wodach dooko\u0142a Grecji i Chorwacji. Pi\u0119kna pogoda, pyszne jedzenie, relaks i wypoczynek.\" \/>\n<meta property=\"og:url\" content=\"https:\/\/fajnerejsy.pl\/en\/oferta\/grecja-i-chorwacja\/\" \/>\n<meta property=\"og:site_name\" content=\"Fajnerejsy.pl\" \/>\n<meta property=\"article:publisher\" content=\"https:\/\/www.facebook.com\/Fajnerejsy\" \/>\n<meta property=\"article:modified_time\" content=\"2026-03-04T09:14:19+00:00\" \/>\n<meta property=\"og:image\" content=\"https:\/\/fajnerejsy.pl\/wp-content\/uploads\/2025\/04\/20220816_152044-scaled.jpg\" \/>\n\t<meta property=\"og:image:width\" content=\"2560\" \/>\n\t<meta property=\"og:image:height\" content=\"1920\" \/>\n\t<meta property=\"og:image:type\" content=\"image\/jpeg\" \/>\n<meta name=\"twitter:card\" content=\"summary_large_image\" \/>\n<meta name=\"twitter:label1\" content=\"Est. reading time\" \/>\n\t<meta name=\"twitter:data1\" content=\"1 minute\" \/>\n<script type=\"application\/ld+json\" class=\"yoast-schema-graph\">{\"@context\":\"https:\/\/schema.org\",\"@graph\":[{\"@type\":\"WebPage\",\"@id\":\"https:\/\/fajnerejsy.pl\/oferta\/grecja-i-chorwacja\/\",\"url\":\"https:\/\/fajnerejsy.pl\/oferta\/grecja-i-chorwacja\/\",\"name\":\"Rejsy \u017ceglarskie - Grecja i Chorwacja\",\"isPartOf\":{\"@id\":\"https:\/\/fajnerejsy.pl\/#website\"},\"primaryImageOfPage\":{\"@id\":\"https:\/\/fajnerejsy.pl\/oferta\/grecja-i-chorwacja\/#primaryimage\"},\"image\":{\"@id\":\"https:\/\/fajnerejsy.pl\/oferta\/grecja-i-chorwacja\/#primaryimage\"},\"thumbnailUrl\":\"https:\/\/fajnerejsy.pl\/wp-content\/uploads\/2025\/04\/20220816_152044-scaled.jpg\",\"datePublished\":\"2025-04-11T10:38:45+00:00\",\"dateModified\":\"2026-03-04T09:14:19+00:00\",\"description\":\"Morskie rejsy \u017ceglarskie jachtem po wodach dooko\u0142a Grecji i Chorwacji. Pi\u0119kna pogoda, pyszne jedzenie, relaks i wypoczynek.\",\"breadcrumb\":{\"@id\":\"https:\/\/fajnerejsy.pl\/oferta\/grecja-i-chorwacja\/#breadcrumb\"},\"inLanguage\":\"en-US\",\"potentialAction\":[{\"@type\":\"ReadAction\",\"target\":[\"https:\/\/fajnerejsy.pl\/oferta\/grecja-i-chorwacja\/\"]}]},{\"@type\":\"ImageObject\",\"inLanguage\":\"en-US\",\"@id\":\"https:\/\/fajnerejsy.pl\/oferta\/grecja-i-chorwacja\/#primaryimage\",\"url\":\"https:\/\/fajnerejsy.pl\/wp-content\/uploads\/2025\/04\/20220816_152044-scaled.jpg\",\"contentUrl\":\"https:\/\/fajnerejsy.pl\/wp-content\/uploads\/2025\/04\/20220816_152044-scaled.jpg\",\"width\":2560,\"height\":1920,\"caption\":\"Zatoka Saro\u0144ska w Grecji podczas rejsu z Fajnerejsy.pl\"},{\"@type\":\"BreadcrumbList\",\"@id\":\"https:\/\/fajnerejsy.pl\/oferta\/grecja-i-chorwacja\/#breadcrumb\",\"itemListElement\":[{\"@type\":\"ListItem\",\"position\":1,\"name\":\"Home\",\"item\":\"https:\/\/fajnerejsy.pl\/\"},{\"@type\":\"ListItem\",\"position\":2,\"name\":\"Oferta\",\"item\":\"https:\/\/fajnerejsy.pl\/oferta\/\"},{\"@type\":\"ListItem\",\"position\":3,\"name\":\"Grecja i Chorwacja\"}]},{\"@type\":\"WebSite\",\"@id\":\"https:\/\/fajnerejsy.pl\/#website\",\"url\":\"https:\/\/fajnerejsy.pl\/\",\"name\":\"Fajnerejsy.pl\",\"description\":\"\",\"publisher\":{\"@id\":\"https:\/\/fajnerejsy.pl\/#organization\"},\"potentialAction\":[{\"@type\":\"SearchAction\",\"target\":{\"@type\":\"EntryPoint\",\"urlTemplate\":\"https:\/\/fajnerejsy.pl\/?s={search_term_string}\"},\"query-input\":{\"@type\":\"PropertyValueSpecification\",\"valueRequired\":true,\"valueName\":\"search_term_string\"}}],\"inLanguage\":\"en-US\"},{\"@type\":\"Organization\",\"@id\":\"https:\/\/fajnerejsy.pl\/#organization\",\"name\":\"FAJNEREJSY\",\"url\":\"https:\/\/fajnerejsy.pl\/\",\"logo\":{\"@type\":\"ImageObject\",\"inLanguage\":\"en-US\",\"@id\":\"https:\/\/fajnerejsy.pl\/#\/schema\/logo\/image\/\",\"url\":\"http:\/\/fajnerejsy.pl\/wp-content\/uploads\/2020\/11\/fajnerejsy-logo-rgb-www1.png\",\"contentUrl\":\"http:\/\/fajnerejsy.pl\/wp-content\/uploads\/2020\/11\/fajnerejsy-logo-rgb-www1.png\",\"width\":235,\"height\":50,\"caption\":\"FAJNEREJSY\"},\"image\":{\"@id\":\"https:\/\/fajnerejsy.pl\/#\/schema\/logo\/image\/\"},\"sameAs\":[\"https:\/\/www.facebook.com\/Fajnerejsy\",\"https:\/\/www.instagram.com\/fajnerejsy.pl\/\",\"https:\/\/www.youtube.com\/JacekMirczak\"]}]}<\/script>\n<!-- \/ Yoast SEO Premium plugin. -->","yoast_head_json":{"title":"Rejsy \u017ceglarskie - Grecja i Chorwacja","description":"Morskie rejsy \u017ceglarskie jachtem po wodach dooko\u0142a Grecji i Chorwacji. Pi\u0119kna pogoda, pyszne jedzenie, relaks i wypoczynek.","robots":{"index":"index","follow":"follow","max-snippet":"max-snippet:-1","max-image-preview":"max-image-preview:large","max-video-preview":"max-video-preview:-1"},"canonical":"https:\/\/fajnerejsy.pl\/en\/oferta\/grecja-i-chorwacja\/","og_locale":"en_US","og_type":"article","og_title":"Grecja i Chorwacja","og_description":"Morskie rejsy \u017ceglarskie jachtem po wodach dooko\u0142a Grecji i Chorwacji. Pi\u0119kna pogoda, pyszne jedzenie, relaks i wypoczynek.","og_url":"https:\/\/fajnerejsy.pl\/en\/oferta\/grecja-i-chorwacja\/","og_site_name":"Fajnerejsy.pl","article_publisher":"https:\/\/www.facebook.com\/Fajnerejsy","article_modified_time":"2026-03-04T09:14:19+00:00","og_image":[{"width":2560,"height":1920,"url":"https:\/\/fajnerejsy.pl\/wp-content\/uploads\/2025\/04\/20220816_152044-scaled.jpg","type":"image\/jpeg"}],"twitter_card":"summary_large_image","twitter_misc":{"Est. reading time":"1 minute"},"schema":{"@context":"https:\/\/schema.org","@graph":[{"@type":"WebPage","@id":"https:\/\/fajnerejsy.pl\/oferta\/grecja-i-chorwacja\/","url":"https:\/\/fajnerejsy.pl\/oferta\/grecja-i-chorwacja\/","name":"Rejsy \u017ceglarskie - Grecja i Chorwacja","isPartOf":{"@id":"https:\/\/fajnerejsy.pl\/#website"},"primaryImageOfPage":{"@id":"https:\/\/fajnerejsy.pl\/oferta\/grecja-i-chorwacja\/#primaryimage"},"image":{"@id":"https:\/\/fajnerejsy.pl\/oferta\/grecja-i-chorwacja\/#primaryimage"},"thumbnailUrl":"https:\/\/fajnerejsy.pl\/wp-content\/uploads\/2025\/04\/20220816_152044-scaled.jpg","datePublished":"2025-04-11T10:38:45+00:00","dateModified":"2026-03-04T09:14:19+00:00","description":"Morskie rejsy \u017ceglarskie jachtem po wodach dooko\u0142a Grecji i Chorwacji. Pi\u0119kna pogoda, pyszne jedzenie, relaks i wypoczynek.","breadcrumb":{"@id":"https:\/\/fajnerejsy.pl\/oferta\/grecja-i-chorwacja\/#breadcrumb"},"inLanguage":"en-US","potentialAction":[{"@type":"ReadAction","target":["https:\/\/fajnerejsy.pl\/oferta\/grecja-i-chorwacja\/"]}]},{"@type":"ImageObject","inLanguage":"en-US","@id":"https:\/\/fajnerejsy.pl\/oferta\/grecja-i-chorwacja\/#primaryimage","url":"https:\/\/fajnerejsy.pl\/wp-content\/uploads\/2025\/04\/20220816_152044-scaled.jpg","contentUrl":"https:\/\/fajnerejsy.pl\/wp-content\/uploads\/2025\/04\/20220816_152044-scaled.jpg","width":2560,"height":1920,"caption":"Zatoka Saro\u0144ska w Grecji podczas rejsu z Fajnerejsy.pl"},{"@type":"BreadcrumbList","@id":"https:\/\/fajnerejsy.pl\/oferta\/grecja-i-chorwacja\/#breadcrumb","itemListElement":[{"@type":"ListItem","position":1,"name":"Home","item":"https:\/\/fajnerejsy.pl\/"},{"@type":"ListItem","position":2,"name":"Oferta","item":"https:\/\/fajnerejsy.pl\/oferta\/"},{"@type":"ListItem","position":3,"name":"Grecja i Chorwacja"}]},{"@type":"WebSite","@id":"https:\/\/fajnerejsy.pl\/#website","url":"https:\/\/fajnerejsy.pl\/","name":"Fajnerejsy.pl","description":"","publisher":{"@id":"https:\/\/fajnerejsy.pl\/#organization"},"potentialAction":[{"@type":"SearchAction","target":{"@type":"EntryPoint","urlTemplate":"https:\/\/fajnerejsy.pl\/?s={search_term_string}"},"query-input":{"@type":"PropertyValueSpecification","valueRequired":true,"valueName":"search_term_string"}}],"inLanguage":"en-US"},{"@type":"Organization","@id":"https:\/\/fajnerejsy.pl\/#organization","name":"FAJNEREJSY","url":"https:\/\/fajnerejsy.pl\/","logo":{"@type":"ImageObject","inLanguage":"en-US","@id":"https:\/\/fajnerejsy.pl\/#\/schema\/logo\/image\/","url":"http:\/\/fajnerejsy.pl\/wp-content\/uploads\/2020\/11\/fajnerejsy-logo-rgb-www1.png","contentUrl":"http:\/\/fajnerejsy.pl\/wp-content\/uploads\/2020\/11\/fajnerejsy-logo-rgb-www1.png","width":235,"height":50,"caption":"FAJNEREJSY"},"image":{"@id":"https:\/\/fajnerejsy.pl\/#\/schema\/logo\/image\/"},"sameAs":["https:\/\/www.facebook.com\/Fajnerejsy","https:\/\/www.instagram.com\/fajnerejsy.pl\/","https:\/\/www.youtube.com\/JacekMirczak"]}]}},"_links":{"self":[{"href":"http:\/\/fajnerejsy.pl\/en\/wp-json\/wp\/v2\/pages\/6265","targetHints":{"allow":["GET"]}}],"collection":[{"href":"http:\/\/fajnerejsy.pl\/en\/wp-json\/wp\/v2\/pages"}],"about":[{"href":"http:\/\/fajnerejsy.pl\/en\/wp-json\/wp\/v2\/types\/page"}],"author":[{"embeddable":true,"href":"http:\/\/fajnerejsy.pl\/en\/wp-json\/wp\/v2\/users\/1"}],"replies":[{"embeddable":true,"href":"http:\/\/fajnerejsy.pl\/en\/wp-json\/wp\/v2\/comments?post=6265"}],"version-history":[{"count":3,"href":"http:\/\/fajnerejsy.pl\/en\/wp-json\/wp\/v2\/pages\/6265\/revisions"}],"predecessor-version":[{"id":6490,"href":"http:\/\/fajnerejsy.pl\/en\/wp-json\/wp\/v2\/pages\/6265\/revisions\/6490"}],"up":[{"embeddable":true,"href":"http:\/\/fajnerejsy.pl\/en\/wp-json\/wp\/v2\/pages\/19"}],"wp:featuredmedia":[{"embeddable":true,"href":"http:\/\/fajnerejsy.pl\/en\/wp-json\/wp\/v2\/media\/6273"}],"wp:attachment":[{"href":"http:\/\/fajnerejsy.pl\/en\/wp-json\/wp\/v2\/media?parent=6265"}],"curies":[{"name":"wp","href":"https:\/\/api.w.org\/{rel}","templated":true}]}}