{"id":5717,"date":"2024-01-19T13:24:42","date_gmt":"2024-01-19T11:24:42","guid":{"rendered":"https:\/\/fajnerejsy.pl\/?page_id=5717"},"modified":"2024-01-19T13:24:43","modified_gmt":"2024-01-19T11:24:43","slug":"szkolenie-dla-przyszlych-skipperow-2023","status":"publish","type":"page","link":"http:\/\/fajnerejsy.pl\/en\/wspomnienia\/szkolenie-dla-przyszlych-skipperow-2023\/","title":{"rendered":"Szkolenie dla przysz\u0142ych skipper\u00f3w 2023"},"content":{"rendered":"<div id=\"pl-5717\"  class=\"panel-layout\" ><div id=\"pg-5717-0\"  class=\"panel-grid panel-no-style\" ><div id=\"pgc-5717-0-0\"  class=\"panel-grid-cell\" ><div id=\"panel-5717-0-0-0\" class=\"so-panel widget widget_sow-editor panel-first-child panel-last-child\" data-index=\"0\" ><div\n\t\t\t\n\t\t\tclass=\"so-widget-sow-editor so-widget-sow-editor-base\"\n\t\t\t\n\t\t>\n<div class=\"siteorigin-widget-tinymce textwidget\">\n\t<p><div class=\"shaka-gallery beauy-galleryid-5717\" data-featherlight-gallery data-featherlight-filter=\"a\"><a href=\"https:\/\/fajnerejsy.pl\/wp-content\/uploads\/2024\/01\/20230916_144215-scaled.jpg\" class=\"shaka-gallery__item\"><img decoding=\"async\" src=\"https:\/\/fajnerejsy.pl\/wp-content\/uploads\/2024\/01\/20230916_144215-300x225.jpg\" srcset=\"https:\/\/fajnerejsy.pl\/wp-content\/uploads\/2024\/01\/20230916_144215-300x225.jpg 300w, https:\/\/fajnerejsy.pl\/wp-content\/uploads\/2024\/01\/20230916_144215-1024x768.jpg 1024w\" sizes=\"(min-width: 1200px) 275px, (min-width: 992px) 226px, (min-width: 768px) 172px, calc(50vw - 15px)\"><\/a><a href=\"https:\/\/fajnerejsy.pl\/wp-content\/uploads\/2024\/01\/20230917_171948-scaled.jpg\" class=\"shaka-gallery__item\"><img decoding=\"async\" src=\"https:\/\/fajnerejsy.pl\/wp-content\/uploads\/2024\/01\/20230917_171948-300x225.jpg\" srcset=\"https:\/\/fajnerejsy.pl\/wp-content\/uploads\/2024\/01\/20230917_171948-300x225.jpg 300w, https:\/\/fajnerejsy.pl\/wp-content\/uploads\/2024\/01\/20230917_171948-1024x768.jpg 1024w\" sizes=\"(min-width: 1200px) 275px, (min-width: 992px) 226px, (min-width: 768px) 172px, calc(50vw - 15px)\"><\/a><a href=\"https:\/\/fajnerejsy.pl\/wp-content\/uploads\/2024\/01\/20230917_172030-scaled.jpg\" class=\"shaka-gallery__item\"><img decoding=\"async\" src=\"https:\/\/fajnerejsy.pl\/wp-content\/uploads\/2024\/01\/20230917_172030-300x225.jpg\" srcset=\"https:\/\/fajnerejsy.pl\/wp-content\/uploads\/2024\/01\/20230917_172030-300x225.jpg 300w, https:\/\/fajnerejsy.pl\/wp-content\/uploads\/2024\/01\/20230917_172030-1024x768.jpg 1024w\" sizes=\"(min-width: 1200px) 275px, (min-width: 992px) 226px, (min-width: 768px) 172px, calc(50vw - 15px)\"><\/a><a href=\"https:\/\/fajnerejsy.pl\/wp-content\/uploads\/2024\/01\/20230918_125149-scaled.jpg\" class=\"shaka-gallery__item\"><img decoding=\"async\" src=\"https:\/\/fajnerejsy.pl\/wp-content\/uploads\/2024\/01\/20230918_125149-300x225.jpg\" srcset=\"https:\/\/fajnerejsy.pl\/wp-content\/uploads\/2024\/01\/20230918_125149-300x225.jpg 300w, https:\/\/fajnerejsy.pl\/wp-content\/uploads\/2024\/01\/20230918_125149-1024x768.jpg 1024w\" sizes=\"(min-width: 1200px) 275px, (min-width: 992px) 226px, (min-width: 768px) 172px, calc(50vw - 15px)\"><\/a><a href=\"https:\/\/fajnerejsy.pl\/wp-content\/uploads\/2024\/01\/20230919_150246-scaled.jpg\" class=\"shaka-gallery__item\"><img decoding=\"async\" src=\"https:\/\/fajnerejsy.pl\/wp-content\/uploads\/2024\/01\/20230919_150246-300x225.jpg\" srcset=\"https:\/\/fajnerejsy.pl\/wp-content\/uploads\/2024\/01\/20230919_150246-300x225.jpg 300w, https:\/\/fajnerejsy.pl\/wp-content\/uploads\/2024\/01\/20230919_150246-1024x768.jpg 1024w\" sizes=\"(min-width: 1200px) 275px, (min-width: 992px) 226px, (min-width: 768px) 172px, calc(50vw - 15px)\"><\/a><a href=\"https:\/\/fajnerejsy.pl\/wp-content\/uploads\/2024\/01\/20230919_153435-scaled.jpg\" class=\"shaka-gallery__item\"><img decoding=\"async\" src=\"https:\/\/fajnerejsy.pl\/wp-content\/uploads\/2024\/01\/20230919_153435-300x225.jpg\" srcset=\"https:\/\/fajnerejsy.pl\/wp-content\/uploads\/2024\/01\/20230919_153435-300x225.jpg 300w, https:\/\/fajnerejsy.pl\/wp-content\/uploads\/2024\/01\/20230919_153435-1024x768.jpg 1024w\" sizes=\"(min-width: 1200px) 275px, (min-width: 992px) 226px, (min-width: 768px) 172px, calc(50vw - 15px)\"><\/a><a href=\"https:\/\/fajnerejsy.pl\/wp-content\/uploads\/2024\/01\/20230919_153518-scaled.jpg\" class=\"shaka-gallery__item\"><img decoding=\"async\" src=\"https:\/\/fajnerejsy.pl\/wp-content\/uploads\/2024\/01\/20230919_153518-300x225.jpg\" srcset=\"https:\/\/fajnerejsy.pl\/wp-content\/uploads\/2024\/01\/20230919_153518-300x225.jpg 300w, https:\/\/fajnerejsy.pl\/wp-content\/uploads\/2024\/01\/20230919_153518-1024x768.jpg 1024w\" sizes=\"(min-width: 1200px) 275px, (min-width: 992px) 226px, (min-width: 768px) 172px, calc(50vw - 15px)\"><\/a><a href=\"https:\/\/fajnerejsy.pl\/wp-content\/uploads\/2024\/01\/20230919_153623-scaled.jpg\" class=\"shaka-gallery__item\"><img decoding=\"async\" src=\"https:\/\/fajnerejsy.pl\/wp-content\/uploads\/2024\/01\/20230919_153623-300x225.jpg\" srcset=\"https:\/\/fajnerejsy.pl\/wp-content\/uploads\/2024\/01\/20230919_153623-300x225.jpg 300w, https:\/\/fajnerejsy.pl\/wp-content\/uploads\/2024\/01\/20230919_153623-1024x768.jpg 1024w\" sizes=\"(min-width: 1200px) 275px, (min-width: 992px) 226px, (min-width: 768px) 172px, calc(50vw - 15px)\"><\/a><a href=\"https:\/\/fajnerejsy.pl\/wp-content\/uploads\/2024\/01\/20230920_140222-scaled.jpg\" class=\"shaka-gallery__item\"><img decoding=\"async\" src=\"https:\/\/fajnerejsy.pl\/wp-content\/uploads\/2024\/01\/20230920_140222-300x225.jpg\" srcset=\"https:\/\/fajnerejsy.pl\/wp-content\/uploads\/2024\/01\/20230920_140222-300x225.jpg 300w, https:\/\/fajnerejsy.pl\/wp-content\/uploads\/2024\/01\/20230920_140222-1024x768.jpg 1024w\" sizes=\"(min-width: 1200px) 275px, (min-width: 992px) 226px, (min-width: 768px) 172px, calc(50vw - 15px)\"><\/a><a href=\"https:\/\/fajnerejsy.pl\/wp-content\/uploads\/2024\/01\/20230920_140510-scaled.jpg\" class=\"shaka-gallery__item\"><img decoding=\"async\" src=\"https:\/\/fajnerejsy.pl\/wp-content\/uploads\/2024\/01\/20230920_140510-300x225.jpg\" srcset=\"https:\/\/fajnerejsy.pl\/wp-content\/uploads\/2024\/01\/20230920_140510-300x225.jpg 300w, https:\/\/fajnerejsy.pl\/wp-content\/uploads\/2024\/01\/20230920_140510-1024x768.jpg 1024w\" sizes=\"(min-width: 1200px) 275px, (min-width: 992px) 226px, (min-width: 768px) 172px, calc(50vw - 15px)\"><\/a><\/div><\/p>\n<\/div>\n<\/div><\/div><\/div><\/div><\/div>","protected":false},"excerpt":{"rendered":"","protected":false},"author":1,"featured_media":5721,"parent":2762,"menu_order":0,"comment_status":"closed","ping_status":"closed","template":"","meta":{"_acf_changed":false,"footnotes":""},"class_list":["post-5717","page","type-page","status-publish","has-post-thumbnail","hentry","clearfix"],"acf":[],"yoast_head":"<!-- This site is optimized with the Yoast SEO Premium plugin v26.7 (Yoast SEO v26.7) - https:\/\/yoast.com\/wordpress\/plugins\/seo\/ -->\n<title>Szkolenie dla przysz\u0142ych skipper\u00f3w 2023 | wspomnienie - Fajnerejsy.pl<\/title>\n<meta name=\"description\" content=\"Szkolenie dla przysz\u0142ych, samodzielnych skipper\u00f3w prowadzone przez kapitana Jacka Mirczaka. Tydzie\u0144 na Zatoce Gda\u0144skiej.\" \/>\n<meta name=\"robots\" content=\"index, follow, max-snippet:-1, max-image-preview:large, max-video-preview:-1\" \/>\n<link rel=\"canonical\" href=\"https:\/\/fajnerejsy.pl\/en\/wspomnienia\/szkolenie-dla-przyszlych-skipperow-2023\/\" \/>\n<meta property=\"og:locale\" content=\"en_US\" \/>\n<meta property=\"og:type\" content=\"article\" \/>\n<meta property=\"og:title\" content=\"Szkolenie dla przysz\u0142ych skipper\u00f3w 2023\" \/>\n<meta property=\"og:description\" content=\"Szkolenie dla przysz\u0142ych, samodzielnych skipper\u00f3w prowadzone przez kapitana Jacka Mirczaka. Tydzie\u0144 na Zatoce Gda\u0144skiej.\" \/>\n<meta property=\"og:url\" content=\"https:\/\/fajnerejsy.pl\/en\/wspomnienia\/szkolenie-dla-przyszlych-skipperow-2023\/\" \/>\n<meta property=\"og:site_name\" content=\"Fajnerejsy.pl\" \/>\n<meta property=\"article:publisher\" content=\"https:\/\/www.facebook.com\/Fajnerejsy\" \/>\n<meta property=\"article:modified_time\" content=\"2024-01-19T11:24:43+00:00\" \/>\n<meta property=\"og:image\" content=\"https:\/\/fajnerejsy.pl\/wp-content\/uploads\/2024\/01\/20230918_125149-scaled.jpg\" \/>\n\t<meta property=\"og:image:width\" content=\"2560\" \/>\n\t<meta property=\"og:image:height\" content=\"1920\" \/>\n\t<meta property=\"og:image:type\" content=\"image\/jpeg\" \/>\n<meta name=\"twitter:card\" content=\"summary_large_image\" \/>\n<meta name=\"twitter:label1\" content=\"Est. reading time\" \/>\n\t<meta name=\"twitter:data1\" content=\"3 minutes\" \/>\n<script type=\"application\/ld+json\" class=\"yoast-schema-graph\">{\"@context\":\"https:\/\/schema.org\",\"@graph\":[{\"@type\":\"WebPage\",\"@id\":\"https:\/\/fajnerejsy.pl\/wspomnienia\/szkolenie-dla-przyszlych-skipperow-2023\/\",\"url\":\"https:\/\/fajnerejsy.pl\/wspomnienia\/szkolenie-dla-przyszlych-skipperow-2023\/\",\"name\":\"Szkolenie dla przysz\u0142ych skipper\u00f3w 2023 | wspomnienie - Fajnerejsy.pl\",\"isPartOf\":{\"@id\":\"https:\/\/fajnerejsy.pl\/#website\"},\"primaryImageOfPage\":{\"@id\":\"https:\/\/fajnerejsy.pl\/wspomnienia\/szkolenie-dla-przyszlych-skipperow-2023\/#primaryimage\"},\"image\":{\"@id\":\"https:\/\/fajnerejsy.pl\/wspomnienia\/szkolenie-dla-przyszlych-skipperow-2023\/#primaryimage\"},\"thumbnailUrl\":\"https:\/\/fajnerejsy.pl\/wp-content\/uploads\/2024\/01\/20230918_125149-scaled.jpg\",\"datePublished\":\"2024-01-19T11:24:42+00:00\",\"dateModified\":\"2024-01-19T11:24:43+00:00\",\"description\":\"Szkolenie dla przysz\u0142ych, samodzielnych skipper\u00f3w prowadzone przez kapitana Jacka Mirczaka. Tydzie\u0144 na Zatoce Gda\u0144skiej.\",\"breadcrumb\":{\"@id\":\"https:\/\/fajnerejsy.pl\/wspomnienia\/szkolenie-dla-przyszlych-skipperow-2023\/#breadcrumb\"},\"inLanguage\":\"en-US\",\"potentialAction\":[{\"@type\":\"ReadAction\",\"target\":[\"https:\/\/fajnerejsy.pl\/wspomnienia\/szkolenie-dla-przyszlych-skipperow-2023\/\"]}]},{\"@type\":\"ImageObject\",\"inLanguage\":\"en-US\",\"@id\":\"https:\/\/fajnerejsy.pl\/wspomnienia\/szkolenie-dla-przyszlych-skipperow-2023\/#primaryimage\",\"url\":\"https:\/\/fajnerejsy.pl\/wp-content\/uploads\/2024\/01\/20230918_125149-scaled.jpg\",\"contentUrl\":\"https:\/\/fajnerejsy.pl\/wp-content\/uploads\/2024\/01\/20230918_125149-scaled.jpg\",\"width\":2560,\"height\":1920,\"caption\":\"\u0106wiczymy z rumplem awaryjnym. Szkolnie dla przysz\u0142ych, samodzielnych skipper\u00f3w organizowane przez Fajne Rejsy.\"},{\"@type\":\"BreadcrumbList\",\"@id\":\"https:\/\/fajnerejsy.pl\/wspomnienia\/szkolenie-dla-przyszlych-skipperow-2023\/#breadcrumb\",\"itemListElement\":[{\"@type\":\"ListItem\",\"position\":1,\"name\":\"Home\",\"item\":\"https:\/\/fajnerejsy.pl\/\"},{\"@type\":\"ListItem\",\"position\":2,\"name\":\"Wspomnienia\",\"item\":\"https:\/\/fajnerejsy.pl\/wspomnienia\/\"},{\"@type\":\"ListItem\",\"position\":3,\"name\":\"Szkolenie dla przysz\u0142ych skipper\u00f3w 2023\"}]},{\"@type\":\"WebSite\",\"@id\":\"https:\/\/fajnerejsy.pl\/#website\",\"url\":\"https:\/\/fajnerejsy.pl\/\",\"name\":\"Fajnerejsy.pl\",\"description\":\"\",\"publisher\":{\"@id\":\"https:\/\/fajnerejsy.pl\/#organization\"},\"potentialAction\":[{\"@type\":\"SearchAction\",\"target\":{\"@type\":\"EntryPoint\",\"urlTemplate\":\"https:\/\/fajnerejsy.pl\/?s={search_term_string}\"},\"query-input\":{\"@type\":\"PropertyValueSpecification\",\"valueRequired\":true,\"valueName\":\"search_term_string\"}}],\"inLanguage\":\"en-US\"},{\"@type\":\"Organization\",\"@id\":\"https:\/\/fajnerejsy.pl\/#organization\",\"name\":\"FAJNEREJSY\",\"url\":\"https:\/\/fajnerejsy.pl\/\",\"logo\":{\"@type\":\"ImageObject\",\"inLanguage\":\"en-US\",\"@id\":\"https:\/\/fajnerejsy.pl\/#\/schema\/logo\/image\/\",\"url\":\"http:\/\/fajnerejsy.pl\/wp-content\/uploads\/2020\/11\/fajnerejsy-logo-rgb-www1.png\",\"contentUrl\":\"http:\/\/fajnerejsy.pl\/wp-content\/uploads\/2020\/11\/fajnerejsy-logo-rgb-www1.png\",\"width\":235,\"height\":50,\"caption\":\"FAJNEREJSY\"},\"image\":{\"@id\":\"https:\/\/fajnerejsy.pl\/#\/schema\/logo\/image\/\"},\"sameAs\":[\"https:\/\/www.facebook.com\/Fajnerejsy\",\"https:\/\/www.instagram.com\/fajnerejsy.pl\/\",\"https:\/\/www.youtube.com\/JacekMirczak\"]}]}<\/script>\n<!-- \/ Yoast SEO Premium plugin. -->","yoast_head_json":{"title":"Szkolenie dla przysz\u0142ych skipper\u00f3w 2023 | wspomnienie - Fajnerejsy.pl","description":"Szkolenie dla przysz\u0142ych, samodzielnych skipper\u00f3w prowadzone przez kapitana Jacka Mirczaka. Tydzie\u0144 na Zatoce Gda\u0144skiej.","robots":{"index":"index","follow":"follow","max-snippet":"max-snippet:-1","max-image-preview":"max-image-preview:large","max-video-preview":"max-video-preview:-1"},"canonical":"https:\/\/fajnerejsy.pl\/en\/wspomnienia\/szkolenie-dla-przyszlych-skipperow-2023\/","og_locale":"en_US","og_type":"article","og_title":"Szkolenie dla przysz\u0142ych skipper\u00f3w 2023","og_description":"Szkolenie dla przysz\u0142ych, samodzielnych skipper\u00f3w prowadzone przez kapitana Jacka Mirczaka. Tydzie\u0144 na Zatoce Gda\u0144skiej.","og_url":"https:\/\/fajnerejsy.pl\/en\/wspomnienia\/szkolenie-dla-przyszlych-skipperow-2023\/","og_site_name":"Fajnerejsy.pl","article_publisher":"https:\/\/www.facebook.com\/Fajnerejsy","article_modified_time":"2024-01-19T11:24:43+00:00","og_image":[{"width":2560,"height":1920,"url":"https:\/\/fajnerejsy.pl\/wp-content\/uploads\/2024\/01\/20230918_125149-scaled.jpg","type":"image\/jpeg"}],"twitter_card":"summary_large_image","twitter_misc":{"Est. reading time":"3 minutes"},"schema":{"@context":"https:\/\/schema.org","@graph":[{"@type":"WebPage","@id":"https:\/\/fajnerejsy.pl\/wspomnienia\/szkolenie-dla-przyszlych-skipperow-2023\/","url":"https:\/\/fajnerejsy.pl\/wspomnienia\/szkolenie-dla-przyszlych-skipperow-2023\/","name":"Szkolenie dla przysz\u0142ych skipper\u00f3w 2023 | wspomnienie - Fajnerejsy.pl","isPartOf":{"@id":"https:\/\/fajnerejsy.pl\/#website"},"primaryImageOfPage":{"@id":"https:\/\/fajnerejsy.pl\/wspomnienia\/szkolenie-dla-przyszlych-skipperow-2023\/#primaryimage"},"image":{"@id":"https:\/\/fajnerejsy.pl\/wspomnienia\/szkolenie-dla-przyszlych-skipperow-2023\/#primaryimage"},"thumbnailUrl":"https:\/\/fajnerejsy.pl\/wp-content\/uploads\/2024\/01\/20230918_125149-scaled.jpg","datePublished":"2024-01-19T11:24:42+00:00","dateModified":"2024-01-19T11:24:43+00:00","description":"Szkolenie dla przysz\u0142ych, samodzielnych skipper\u00f3w prowadzone przez kapitana Jacka Mirczaka. Tydzie\u0144 na Zatoce Gda\u0144skiej.","breadcrumb":{"@id":"https:\/\/fajnerejsy.pl\/wspomnienia\/szkolenie-dla-przyszlych-skipperow-2023\/#breadcrumb"},"inLanguage":"en-US","potentialAction":[{"@type":"ReadAction","target":["https:\/\/fajnerejsy.pl\/wspomnienia\/szkolenie-dla-przyszlych-skipperow-2023\/"]}]},{"@type":"ImageObject","inLanguage":"en-US","@id":"https:\/\/fajnerejsy.pl\/wspomnienia\/szkolenie-dla-przyszlych-skipperow-2023\/#primaryimage","url":"https:\/\/fajnerejsy.pl\/wp-content\/uploads\/2024\/01\/20230918_125149-scaled.jpg","contentUrl":"https:\/\/fajnerejsy.pl\/wp-content\/uploads\/2024\/01\/20230918_125149-scaled.jpg","width":2560,"height":1920,"caption":"\u0106wiczymy z rumplem awaryjnym. Szkolnie dla przysz\u0142ych, samodzielnych skipper\u00f3w organizowane przez Fajne Rejsy."},{"@type":"BreadcrumbList","@id":"https:\/\/fajnerejsy.pl\/wspomnienia\/szkolenie-dla-przyszlych-skipperow-2023\/#breadcrumb","itemListElement":[{"@type":"ListItem","position":1,"name":"Home","item":"https:\/\/fajnerejsy.pl\/"},{"@type":"ListItem","position":2,"name":"Wspomnienia","item":"https:\/\/fajnerejsy.pl\/wspomnienia\/"},{"@type":"ListItem","position":3,"name":"Szkolenie dla przysz\u0142ych skipper\u00f3w 2023"}]},{"@type":"WebSite","@id":"https:\/\/fajnerejsy.pl\/#website","url":"https:\/\/fajnerejsy.pl\/","name":"Fajnerejsy.pl","description":"","publisher":{"@id":"https:\/\/fajnerejsy.pl\/#organization"},"potentialAction":[{"@type":"SearchAction","target":{"@type":"EntryPoint","urlTemplate":"https:\/\/fajnerejsy.pl\/?s={search_term_string}"},"query-input":{"@type":"PropertyValueSpecification","valueRequired":true,"valueName":"search_term_string"}}],"inLanguage":"en-US"},{"@type":"Organization","@id":"https:\/\/fajnerejsy.pl\/#organization","name":"FAJNEREJSY","url":"https:\/\/fajnerejsy.pl\/","logo":{"@type":"ImageObject","inLanguage":"en-US","@id":"https:\/\/fajnerejsy.pl\/#\/schema\/logo\/image\/","url":"http:\/\/fajnerejsy.pl\/wp-content\/uploads\/2020\/11\/fajnerejsy-logo-rgb-www1.png","contentUrl":"http:\/\/fajnerejsy.pl\/wp-content\/uploads\/2020\/11\/fajnerejsy-logo-rgb-www1.png","width":235,"height":50,"caption":"FAJNEREJSY"},"image":{"@id":"https:\/\/fajnerejsy.pl\/#\/schema\/logo\/image\/"},"sameAs":["https:\/\/www.facebook.com\/Fajnerejsy","https:\/\/www.instagram.com\/fajnerejsy.pl\/","https:\/\/www.youtube.com\/JacekMirczak"]}]}},"_links":{"self":[{"href":"http:\/\/fajnerejsy.pl\/en\/wp-json\/wp\/v2\/pages\/5717","targetHints":{"allow":["GET"]}}],"collection":[{"href":"http:\/\/fajnerejsy.pl\/en\/wp-json\/wp\/v2\/pages"}],"about":[{"href":"http:\/\/fajnerejsy.pl\/en\/wp-json\/wp\/v2\/types\/page"}],"author":[{"embeddable":true,"href":"http:\/\/fajnerejsy.pl\/en\/wp-json\/wp\/v2\/users\/1"}],"replies":[{"embeddable":true,"href":"http:\/\/fajnerejsy.pl\/en\/wp-json\/wp\/v2\/comments?post=5717"}],"version-history":[{"count":2,"href":"http:\/\/fajnerejsy.pl\/en\/wp-json\/wp\/v2\/pages\/5717\/revisions"}],"predecessor-version":[{"id":5729,"href":"http:\/\/fajnerejsy.pl\/en\/wp-json\/wp\/v2\/pages\/5717\/revisions\/5729"}],"up":[{"embeddable":true,"href":"http:\/\/fajnerejsy.pl\/en\/wp-json\/wp\/v2\/pages\/2762"}],"wp:featuredmedia":[{"embeddable":true,"href":"http:\/\/fajnerejsy.pl\/en\/wp-json\/wp\/v2\/media\/5721"}],"wp:attachment":[{"href":"http:\/\/fajnerejsy.pl\/en\/wp-json\/wp\/v2\/media?parent=5717"}],"curies":[{"name":"wp","href":"https:\/\/api.w.org\/{rel}","templated":true}]}}