{"id":5360,"date":"2023-07-20T16:41:27","date_gmt":"2023-07-20T14:41:27","guid":{"rendered":"https:\/\/fajnerejsy.pl\/?page_id=5360"},"modified":"2026-03-04T11:11:35","modified_gmt":"2026-03-04T09:11:35","slug":"nasz-zespol","status":"publish","type":"page","link":"http:\/\/fajnerejsy.pl\/en\/nasz-zespol\/","title":{"rendered":"About me"},"content":{"rendered":"<div id=\"pl-5360\"  class=\"panel-layout\" ><div id=\"pg-5360-0\"  class=\"panel-grid panel-has-style\" ><div class=\"siteorigin-panels-stretch panel-row-style panel-row-style-for-5360-0\" data-stretch-type=\"full\" ><div id=\"pgc-5360-0-0\"  class=\"panel-grid-cell\" ><div id=\"panel-5360-0-0-0\" class=\"so-panel widget widget_sow-editor panel-first-child\" data-index=\"0\" ><div\n\t\t\t\n\t\t\tclass=\"so-widget-sow-editor so-widget-sow-editor-base\"\n\t\t\t\n\t\t>\n<div class=\"siteorigin-widget-tinymce textwidget\">\n\t<p>I could begin this short note with the familiar phrase that I always dreamed of sailing yachts. But that wouldn\u2019t be true \u2014 I didn\u2019t dream of it. As long as I can remember, I simply sailed. In 1975, when I was seven years old, I was already crossing lakes, helming a yacht under my father\u2019s watchful eye.<\/p>\n<p>Since then, I have sailed continuously. When the lakes grew too small, it was time for the sea \u2014 and it captivated me. It captivated me and continues to do so. I step onto the deck, warm my hands in the pockets of my foul-weather jacket, look toward the horizon, and know that once again I have to sail in its direction\u2026<\/p>\n<p>Over time, I felt the need to share this passion with others \u2014 and that\u2019s how FAJNE REJSY came to life. I believe we can spend wonderful moments together on the water, sharing experiences not only related to sailing. The deck of a yacht is a place where you can meet many amazing people. It\u2019s where friendships are formed that often last far longer than just a few weeks at sea.<\/p>\n<p>Whether you are an experienced sailor or just beginning your journey, you will find your place here, among warm, open-hearted people who share a deep love for the sea and for sailing.<\/p>\n<p><em>Jacek Mirczak<\/em><\/p>\n<pre><\/pre>\n<\/div>\n<\/div><\/div><div id=\"panel-5360-0-0-1\" class=\"so-panel widget widget_sow-editor panel-last-child\" data-index=\"1\" ><div\n\t\t\t\n\t\t\tclass=\"so-widget-sow-editor so-widget-sow-editor-base\"\n\t\t\t\n\t\t>\n<div class=\"siteorigin-widget-tinymce textwidget\">\n\t<h3><\/h3>\n<hr \/>\n<h3><\/h3>\n<\/div>\n<\/div><\/div><\/div><\/div><\/div><div id=\"pg-5360-1\"  class=\"panel-grid panel-no-style\" ><div id=\"pgc-5360-1-0\"  class=\"panel-grid-cell\" ><div id=\"panel-5360-1-0-0\" class=\"so-panel widget widget_sow-editor panel-first-child panel-last-child\" data-index=\"2\" ><div\n\t\t\t\n\t\t\tclass=\"so-widget-sow-editor so-widget-sow-editor-base\"\n\t\t\t\n\t\t>\n<div class=\"siteorigin-widget-tinymce textwidget\">\n\t<p><a href=\"http:\/\/fajnerejsy.pl\/wp-content\/uploads\/2023\/07\/jacek-mirczak-07.jpg\"><img loading=\"lazy\" decoding=\"async\" class=\"alignnone wp-image-5353\" src=\"http:\/\/fajnerejsy.pl\/wp-content\/uploads\/2023\/07\/jacek-mirczak-07-1024x1024.jpg\" alt=\"kapitan Jacek Mirczak\" width=\"222\" height=\"222\" srcset=\"https:\/\/fajnerejsy.pl\/wp-content\/uploads\/2023\/07\/jacek-mirczak-07-1024x1024.jpg 1024w, https:\/\/fajnerejsy.pl\/wp-content\/uploads\/2023\/07\/jacek-mirczak-07-300x300.jpg 300w, https:\/\/fajnerejsy.pl\/wp-content\/uploads\/2023\/07\/jacek-mirczak-07-150x150.jpg 150w, https:\/\/fajnerejsy.pl\/wp-content\/uploads\/2023\/07\/jacek-mirczak-07-768x768.jpg 768w, https:\/\/fajnerejsy.pl\/wp-content\/uploads\/2023\/07\/jacek-mirczak-07-1536x1536.jpg 1536w, https:\/\/fajnerejsy.pl\/wp-content\/uploads\/2023\/07\/jacek-mirczak-07.jpg 2048w, https:\/\/fajnerejsy.pl\/wp-content\/uploads\/2023\/07\/jacek-mirczak-07-540x540.jpg 540w\" sizes=\"auto, (max-width: 222px) 100vw, 222px\" \/><\/a><\/p>\n<h2>Jacek Mirczak<\/h2>\n<p>I earned my first sailing qualification \u2014 PZ\u017b Yacht Sailor \u2014 at the age of fifteen, though I had begun sailing eight years earlier. Since then, I have sailed continuously on lakes and seas alike. Beyond sailing, I\u2019ve been skiing and hiking in the mountains since childhood, and in recent years I\u2019ve also become fascinated by diving. I enjoy spending time with the crew, sharing my knowledge and experience.<\/p>\n<\/div>\n<\/div><\/div><\/div><div id=\"pgc-5360-1-1\"  class=\"panel-grid-cell\" ><div id=\"panel-5360-1-1-0\" class=\"so-panel widget widget_sow-editor panel-first-child panel-last-child\" data-index=\"3\" ><div\n\t\t\t\n\t\t\tclass=\"so-widget-sow-editor so-widget-sow-editor-base\"\n\t\t\t\n\t\t>\n<div class=\"siteorigin-widget-tinymce textwidget\">\n\t<h6>Qualifications<\/h6>\n<ul>\n<li>Ocean Yacht Captain<\/li>\n<li>Ocean Powerboat Captain<\/li>\n<li>Sailing Instructor<\/li>\n<li>Powerboat Instructor<\/li>\n<li>SRC Radio Operator<\/li>\n<li>PADI Certified Diver<\/li>\n<\/ul>\n<h6>Training, Licenses &amp; Other Qualifications<\/h6>\n<ul>\n<li>STCW Safety Training for Commercial Yachts<\/li>\n<li>Water Ski Towing License<\/li>\n<li>Hypothermia Training for Emergency Medical Response Teams<\/li>\n<li>Enriched Air Diver<\/li>\n<\/ul>\n<\/div>\n<\/div><\/div><\/div><\/div><\/div>","protected":false},"excerpt":{"rendered":"<p>M\u00f3g\u0142bym rozpocz\u0105\u0107 t\u0119 kr\u00f3tk\u0105 wzmiank\u0119 od utartego stwierdzenia, \u017ce zawsze marzy\u0142em o p\u0142ywaniu na jachtach. Jednak tak nie by\u0142o, nie marzy\u0142em. Odk\u0105d\u00a0pami\u0119tam, na jachtach po prostu p\u0142ywa\u0142em. W roku 1975 gdy mia\u0142em 7 lat, przemierza\u0142em ju\u017c jeziora, prowadz\u0105c jacht pod okiem mojego taty. Od tamtej pory nieprzerwanie \u017cegluj\u0119. Gdy jeziora zrobi\u0142y si\u0119 zbyt ciasne, przyszed\u0142 &hellip;<\/p>","protected":false},"author":1,"featured_media":0,"parent":0,"menu_order":0,"comment_status":"closed","ping_status":"closed","template":"","meta":{"_acf_changed":false,"footnotes":""},"class_list":["post-5360","page","type-page","status-publish","hentry","clearfix"],"acf":[],"yoast_head":"<!-- This site is optimized with the Yoast SEO Premium plugin v26.7 (Yoast SEO v26.7) - https:\/\/yoast.com\/wordpress\/plugins\/seo\/ -->\n<title>O mnie - Fajnerejsy.pl | nasz zesp\u00f3\u0142<\/title>\n<meta name=\"description\" content=\"Poznaj nasz zesp\u00f3\u0142. Jeste\u015bmy do Twojej dyspozycji. Z nami bezpiecznie po\u017ceglujesz na spotkanie z przygod\u0105.\" \/>\n<meta name=\"robots\" content=\"index, follow, max-snippet:-1, max-image-preview:large, max-video-preview:-1\" \/>\n<link rel=\"canonical\" href=\"https:\/\/fajnerejsy.pl\/en\/nasz-zespol\/\" \/>\n<meta property=\"og:locale\" content=\"en_US\" \/>\n<meta property=\"og:type\" content=\"article\" \/>\n<meta property=\"og:title\" content=\"O mnie\" \/>\n<meta property=\"og:description\" content=\"Poznaj nasz zesp\u00f3\u0142. Jeste\u015bmy do Twojej dyspozycji. Z nami bezpiecznie po\u017ceglujesz na spotkanie z przygod\u0105.\" \/>\n<meta property=\"og:url\" content=\"https:\/\/fajnerejsy.pl\/en\/nasz-zespol\/\" \/>\n<meta property=\"og:site_name\" content=\"Fajnerejsy.pl\" \/>\n<meta property=\"article:publisher\" content=\"https:\/\/www.facebook.com\/Fajnerejsy\" \/>\n<meta property=\"article:modified_time\" content=\"2026-03-04T09:11:35+00:00\" \/>\n<meta property=\"og:image\" content=\"https:\/\/fajnerejsy.pl\/wp-content\/uploads\/2023\/07\/jacek-mirczak-07.jpg\" \/>\n\t<meta property=\"og:image:width\" content=\"2048\" \/>\n\t<meta property=\"og:image:height\" content=\"2048\" \/>\n\t<meta property=\"og:image:type\" content=\"image\/jpeg\" \/>\n<meta name=\"twitter:card\" content=\"summary_large_image\" \/>\n<meta name=\"twitter:label1\" content=\"Est. reading time\" \/>\n\t<meta name=\"twitter:data1\" content=\"2 minutes\" \/>\n<script type=\"application\/ld+json\" class=\"yoast-schema-graph\">{\"@context\":\"https:\/\/schema.org\",\"@graph\":[{\"@type\":[\"WebPage\",\"AboutPage\"],\"@id\":\"https:\/\/fajnerejsy.pl\/nasz-zespol\/\",\"url\":\"https:\/\/fajnerejsy.pl\/nasz-zespol\/\",\"name\":\"O mnie - Fajnerejsy.pl | nasz zesp\u00f3\u0142\",\"isPartOf\":{\"@id\":\"https:\/\/fajnerejsy.pl\/#website\"},\"primaryImageOfPage\":{\"@id\":\"https:\/\/fajnerejsy.pl\/nasz-zespol\/#primaryimage\"},\"image\":{\"@id\":\"https:\/\/fajnerejsy.pl\/nasz-zespol\/#primaryimage\"},\"thumbnailUrl\":\"http:\/\/fajnerejsy.pl\/wp-content\/uploads\/2023\/07\/jacek-mirczak-07-1024x1024.jpg\",\"datePublished\":\"2023-07-20T14:41:27+00:00\",\"dateModified\":\"2026-03-04T09:11:35+00:00\",\"description\":\"Poznaj nasz zesp\u00f3\u0142. Jeste\u015bmy do Twojej dyspozycji. Z nami bezpiecznie po\u017ceglujesz na spotkanie z przygod\u0105.\",\"breadcrumb\":{\"@id\":\"https:\/\/fajnerejsy.pl\/nasz-zespol\/#breadcrumb\"},\"inLanguage\":\"en-US\",\"potentialAction\":[{\"@type\":\"ReadAction\",\"target\":[\"https:\/\/fajnerejsy.pl\/nasz-zespol\/\"]}]},{\"@type\":\"ImageObject\",\"inLanguage\":\"en-US\",\"@id\":\"https:\/\/fajnerejsy.pl\/nasz-zespol\/#primaryimage\",\"url\":\"http:\/\/fajnerejsy.pl\/wp-content\/uploads\/2023\/07\/jacek-mirczak-07-1024x1024.jpg\",\"contentUrl\":\"http:\/\/fajnerejsy.pl\/wp-content\/uploads\/2023\/07\/jacek-mirczak-07-1024x1024.jpg\"},{\"@type\":\"BreadcrumbList\",\"@id\":\"https:\/\/fajnerejsy.pl\/nasz-zespol\/#breadcrumb\",\"itemListElement\":[{\"@type\":\"ListItem\",\"position\":1,\"name\":\"Home\",\"item\":\"https:\/\/fajnerejsy.pl\/\"},{\"@type\":\"ListItem\",\"position\":2,\"name\":\"O mnie\"}]},{\"@type\":\"WebSite\",\"@id\":\"https:\/\/fajnerejsy.pl\/#website\",\"url\":\"https:\/\/fajnerejsy.pl\/\",\"name\":\"Fajnerejsy.pl\",\"description\":\"\",\"publisher\":{\"@id\":\"https:\/\/fajnerejsy.pl\/#organization\"},\"potentialAction\":[{\"@type\":\"SearchAction\",\"target\":{\"@type\":\"EntryPoint\",\"urlTemplate\":\"https:\/\/fajnerejsy.pl\/?s={search_term_string}\"},\"query-input\":{\"@type\":\"PropertyValueSpecification\",\"valueRequired\":true,\"valueName\":\"search_term_string\"}}],\"inLanguage\":\"en-US\"},{\"@type\":\"Organization\",\"@id\":\"https:\/\/fajnerejsy.pl\/#organization\",\"name\":\"FAJNEREJSY\",\"url\":\"https:\/\/fajnerejsy.pl\/\",\"logo\":{\"@type\":\"ImageObject\",\"inLanguage\":\"en-US\",\"@id\":\"https:\/\/fajnerejsy.pl\/#\/schema\/logo\/image\/\",\"url\":\"http:\/\/fajnerejsy.pl\/wp-content\/uploads\/2020\/11\/fajnerejsy-logo-rgb-www1.png\",\"contentUrl\":\"http:\/\/fajnerejsy.pl\/wp-content\/uploads\/2020\/11\/fajnerejsy-logo-rgb-www1.png\",\"width\":235,\"height\":50,\"caption\":\"FAJNEREJSY\"},\"image\":{\"@id\":\"https:\/\/fajnerejsy.pl\/#\/schema\/logo\/image\/\"},\"sameAs\":[\"https:\/\/www.facebook.com\/Fajnerejsy\",\"https:\/\/www.instagram.com\/fajnerejsy.pl\/\",\"https:\/\/www.youtube.com\/JacekMirczak\"]}]}<\/script>\n<!-- \/ Yoast SEO Premium plugin. -->","yoast_head_json":{"title":"O mnie - Fajnerejsy.pl | nasz zesp\u00f3\u0142","description":"Poznaj nasz zesp\u00f3\u0142. Jeste\u015bmy do Twojej dyspozycji. Z nami bezpiecznie po\u017ceglujesz na spotkanie z przygod\u0105.","robots":{"index":"index","follow":"follow","max-snippet":"max-snippet:-1","max-image-preview":"max-image-preview:large","max-video-preview":"max-video-preview:-1"},"canonical":"https:\/\/fajnerejsy.pl\/en\/nasz-zespol\/","og_locale":"en_US","og_type":"article","og_title":"O mnie","og_description":"Poznaj nasz zesp\u00f3\u0142. Jeste\u015bmy do Twojej dyspozycji. Z nami bezpiecznie po\u017ceglujesz na spotkanie z przygod\u0105.","og_url":"https:\/\/fajnerejsy.pl\/en\/nasz-zespol\/","og_site_name":"Fajnerejsy.pl","article_publisher":"https:\/\/www.facebook.com\/Fajnerejsy","article_modified_time":"2026-03-04T09:11:35+00:00","og_image":[{"width":2048,"height":2048,"url":"https:\/\/fajnerejsy.pl\/wp-content\/uploads\/2023\/07\/jacek-mirczak-07.jpg","type":"image\/jpeg"}],"twitter_card":"summary_large_image","twitter_misc":{"Est. reading time":"2 minutes"},"schema":{"@context":"https:\/\/schema.org","@graph":[{"@type":["WebPage","AboutPage"],"@id":"https:\/\/fajnerejsy.pl\/nasz-zespol\/","url":"https:\/\/fajnerejsy.pl\/nasz-zespol\/","name":"O mnie - Fajnerejsy.pl | nasz zesp\u00f3\u0142","isPartOf":{"@id":"https:\/\/fajnerejsy.pl\/#website"},"primaryImageOfPage":{"@id":"https:\/\/fajnerejsy.pl\/nasz-zespol\/#primaryimage"},"image":{"@id":"https:\/\/fajnerejsy.pl\/nasz-zespol\/#primaryimage"},"thumbnailUrl":"http:\/\/fajnerejsy.pl\/wp-content\/uploads\/2023\/07\/jacek-mirczak-07-1024x1024.jpg","datePublished":"2023-07-20T14:41:27+00:00","dateModified":"2026-03-04T09:11:35+00:00","description":"Poznaj nasz zesp\u00f3\u0142. Jeste\u015bmy do Twojej dyspozycji. Z nami bezpiecznie po\u017ceglujesz na spotkanie z przygod\u0105.","breadcrumb":{"@id":"https:\/\/fajnerejsy.pl\/nasz-zespol\/#breadcrumb"},"inLanguage":"en-US","potentialAction":[{"@type":"ReadAction","target":["https:\/\/fajnerejsy.pl\/nasz-zespol\/"]}]},{"@type":"ImageObject","inLanguage":"en-US","@id":"https:\/\/fajnerejsy.pl\/nasz-zespol\/#primaryimage","url":"http:\/\/fajnerejsy.pl\/wp-content\/uploads\/2023\/07\/jacek-mirczak-07-1024x1024.jpg","contentUrl":"http:\/\/fajnerejsy.pl\/wp-content\/uploads\/2023\/07\/jacek-mirczak-07-1024x1024.jpg"},{"@type":"BreadcrumbList","@id":"https:\/\/fajnerejsy.pl\/nasz-zespol\/#breadcrumb","itemListElement":[{"@type":"ListItem","position":1,"name":"Home","item":"https:\/\/fajnerejsy.pl\/"},{"@type":"ListItem","position":2,"name":"O mnie"}]},{"@type":"WebSite","@id":"https:\/\/fajnerejsy.pl\/#website","url":"https:\/\/fajnerejsy.pl\/","name":"Fajnerejsy.pl","description":"","publisher":{"@id":"https:\/\/fajnerejsy.pl\/#organization"},"potentialAction":[{"@type":"SearchAction","target":{"@type":"EntryPoint","urlTemplate":"https:\/\/fajnerejsy.pl\/?s={search_term_string}"},"query-input":{"@type":"PropertyValueSpecification","valueRequired":true,"valueName":"search_term_string"}}],"inLanguage":"en-US"},{"@type":"Organization","@id":"https:\/\/fajnerejsy.pl\/#organization","name":"FAJNEREJSY","url":"https:\/\/fajnerejsy.pl\/","logo":{"@type":"ImageObject","inLanguage":"en-US","@id":"https:\/\/fajnerejsy.pl\/#\/schema\/logo\/image\/","url":"http:\/\/fajnerejsy.pl\/wp-content\/uploads\/2020\/11\/fajnerejsy-logo-rgb-www1.png","contentUrl":"http:\/\/fajnerejsy.pl\/wp-content\/uploads\/2020\/11\/fajnerejsy-logo-rgb-www1.png","width":235,"height":50,"caption":"FAJNEREJSY"},"image":{"@id":"https:\/\/fajnerejsy.pl\/#\/schema\/logo\/image\/"},"sameAs":["https:\/\/www.facebook.com\/Fajnerejsy","https:\/\/www.instagram.com\/fajnerejsy.pl\/","https:\/\/www.youtube.com\/JacekMirczak"]}]}},"_links":{"self":[{"href":"http:\/\/fajnerejsy.pl\/en\/wp-json\/wp\/v2\/pages\/5360","targetHints":{"allow":["GET"]}}],"collection":[{"href":"http:\/\/fajnerejsy.pl\/en\/wp-json\/wp\/v2\/pages"}],"about":[{"href":"http:\/\/fajnerejsy.pl\/en\/wp-json\/wp\/v2\/types\/page"}],"author":[{"embeddable":true,"href":"http:\/\/fajnerejsy.pl\/en\/wp-json\/wp\/v2\/users\/1"}],"replies":[{"embeddable":true,"href":"http:\/\/fajnerejsy.pl\/en\/wp-json\/wp\/v2\/comments?post=5360"}],"version-history":[{"count":55,"href":"http:\/\/fajnerejsy.pl\/en\/wp-json\/wp\/v2\/pages\/5360\/revisions"}],"predecessor-version":[{"id":6488,"href":"http:\/\/fajnerejsy.pl\/en\/wp-json\/wp\/v2\/pages\/5360\/revisions\/6488"}],"wp:attachment":[{"href":"http:\/\/fajnerejsy.pl\/en\/wp-json\/wp\/v2\/media?parent=5360"}],"curies":[{"name":"wp","href":"https:\/\/api.w.org\/{rel}","templated":true}]}}