{"id":4746,"date":"2023-04-17T12:40:41","date_gmt":"2023-04-17T10:40:41","guid":{"rendered":"https:\/\/fajnerejsy.pl\/?page_id=4746"},"modified":"2026-03-04T11:16:37","modified_gmt":"2026-03-04T09:16:37","slug":"kursy-na-patent","status":"publish","type":"page","link":"http:\/\/fajnerejsy.pl\/en\/oferta\/kursy-na-patent\/","title":{"rendered":"License courses"},"content":{"rendered":"<div id=\"pl-4746\"  class=\"panel-layout\" ><div id=\"pg-4746-0\"  class=\"panel-grid panel-no-style\" ><div id=\"pgc-4746-0-0\"  class=\"panel-grid-cell\" ><div id=\"panel-4746-0-0-0\" class=\"so-panel widget widget_sow-editor panel-first-child panel-last-child\" data-index=\"0\" ><div\n\t\t\t\n\t\t\tclass=\"so-widget-sow-editor so-widget-sow-editor-base\"\n\t\t\t\n\t\t>\n<div class=\"siteorigin-widget-tinymce textwidget\">\n\t<p>Yacht Skipper (PZ\u017b) course on the Baltic Sea or in Croatia, completed with a final certification exam.<\/p>\n<p>Join my courses designed to prepare you for the Yacht Skipper certification exam.<\/p>\n<p>The goal of the course is to prepare you to confidently and safely skipper a yacht in coastal and offshore waters, as well as maneuver in marinas and harbors.<\/p>\n<p>During the course you\u2019ll take part in practical maneuvering sessions, navigation workshops, and theory classes covering all the knowledge required for the exam. The training program is designed not only to help you pass the final exam with confidence, but above all to prepare you to safely skipper a yacht at sea.\n\nThe courses are led by experienced instructors holding the Yacht Captain certification. At the end of the training you can immediately take the exam, which is conducted by an examination board of the Polish Sailing Association (PZ\u017b).<\/p>\n<p>If you have a group of people interested in training together, feel free to get in touch. Depending on available dates, I can organize a dedicated course and exam just for your group.<\/p>\n<p>See you on board<\/p>\n<p><em>Captain Jacek Mirczak<\/em><\/p>\n<\/div>\n<\/div><\/div><\/div><div id=\"pgc-4746-0-1\"  class=\"panel-grid-cell\" ><div id=\"panel-4746-0-1-0\" class=\"so-panel widget widget_sow-image panel-first-child panel-last-child\" data-index=\"1\" ><div\n\t\t\t\n\t\t\tclass=\"so-widget-sow-image so-widget-sow-image-default-8b5b6f678277-4746\"\n\t\t\t\n\t\t>\n<div class=\"sow-image-container\">\n\t\t<img \n\tsrc=\"https:\/\/fajnerejsy.pl\/wp-content\/uploads\/2022\/10\/20221003_172232-scaled.jpg\" width=\"2560\" height=\"1920\" srcset=\"https:\/\/fajnerejsy.pl\/wp-content\/uploads\/2022\/10\/20221003_172232-scaled.jpg 2560w, https:\/\/fajnerejsy.pl\/wp-content\/uploads\/2022\/10\/20221003_172232-300x225.jpg 300w, https:\/\/fajnerejsy.pl\/wp-content\/uploads\/2022\/10\/20221003_172232-1024x768.jpg 1024w, https:\/\/fajnerejsy.pl\/wp-content\/uploads\/2022\/10\/20221003_172232-768x576.jpg 768w, https:\/\/fajnerejsy.pl\/wp-content\/uploads\/2022\/10\/20221003_172232-1536x1152.jpg 1536w, https:\/\/fajnerejsy.pl\/wp-content\/uploads\/2022\/10\/20221003_172232-2048x1536.jpg 2048w, https:\/\/fajnerejsy.pl\/wp-content\/uploads\/2022\/10\/20221003_172232-540x405.jpg 540w, https:\/\/fajnerejsy.pl\/wp-content\/uploads\/2022\/10\/20221003_172232-600x450.jpg 600w\" sizes=\"(max-width: 2560px) 100vw, 2560px\" title=\"20221003_172232\" alt=\"\" \t\tclass=\"so-widget-image\"\/>\n\t<\/div>\n\n<\/div><\/div><\/div><\/div><div id=\"pg-4746-1\"  class=\"panel-grid panel-no-style\" ><div id=\"pgc-4746-1-0\"  class=\"panel-grid-cell\" ><div id=\"panel-4746-1-0-0\" class=\"so-panel widget widget_sow-editor panel-first-child panel-last-child\" data-index=\"2\" ><div\n\t\t\t\n\t\t\tclass=\"so-widget-sow-editor so-widget-sow-editor-base\"\n\t\t\t\n\t\t>\n<div class=\"siteorigin-widget-tinymce textwidget\">\n\t<hr class=\"hr--dotted\" \/>\n<\/div>\n<\/div><\/div><\/div><\/div><\/div>","protected":false},"excerpt":{"rendered":"<p>Kurs na Jachtowego Sternika Morskiego na Ba\u0142tyku lub w Chorwacji zako\u0144czony egzaminem. Zapraszam na kursy, przygotowuj\u0105ce do egzaminu na stopie\u0144 Jachtowego Sternika Morskiego. Celem kursu jest przygotowanie Ci\u0119 w taki spos\u00f3b, aby\u015b mog\u0142a\/m\u00f3g\u0142 samodzielnie i bezpiecznie prowadzi\u0107 jacht po wodach morskich oraz manewrowa\u0107 w portach. Podczas kursu prowadzone s\u0105 manewry, warsztaty nawigacyjne oraz zaj\u0119cia teoretyczne &hellip;<\/p>","protected":false},"author":1,"featured_media":3690,"parent":19,"menu_order":0,"comment_status":"closed","ping_status":"closed","template":"","meta":{"_acf_changed":false,"footnotes":""},"class_list":["post-4746","page","type-page","status-publish","has-post-thumbnail","hentry","clearfix"],"acf":[],"yoast_head":"<!-- This site is optimized with the Yoast SEO Premium plugin v26.7 (Yoast SEO v26.7) - https:\/\/yoast.com\/wordpress\/plugins\/seo\/ -->\n<title>Kursy na patent JSM zako\u0144czone egzaminem<\/title>\n<meta name=\"description\" content=\"Kursy na stopie\u0144 Jachtowego Sternika Morskiego zako\u0144czone egzaminem. Tygodniowe szkolenia na Ba\u0142tyku i w Grecji. Tak\u017ce indywidualne terminy.\" \/>\n<meta name=\"robots\" content=\"index, follow, max-snippet:-1, max-image-preview:large, max-video-preview:-1\" \/>\n<link rel=\"canonical\" href=\"https:\/\/fajnerejsy.pl\/en\/oferta\/kursy-na-patent\/\" \/>\n<meta property=\"og:locale\" content=\"en_US\" \/>\n<meta property=\"og:type\" content=\"article\" \/>\n<meta property=\"og:title\" content=\"Kursy na patent\" \/>\n<meta property=\"og:description\" content=\"Kursy na stopie\u0144 Jachtowego Sternika Morskiego zako\u0144czone egzaminem. Tygodniowe szkolenia na Ba\u0142tyku i w Grecji. Tak\u017ce indywidualne terminy.\" \/>\n<meta property=\"og:url\" content=\"https:\/\/fajnerejsy.pl\/en\/oferta\/kursy-na-patent\/\" \/>\n<meta property=\"og:site_name\" content=\"Fajnerejsy.pl\" \/>\n<meta property=\"article:publisher\" content=\"https:\/\/www.facebook.com\/Fajnerejsy\" \/>\n<meta property=\"article:modified_time\" content=\"2026-03-04T09:16:37+00:00\" \/>\n<meta property=\"og:image\" content=\"https:\/\/fajnerejsy.pl\/wp-content\/uploads\/2022\/06\/20220522_195548.jpg\" \/>\n\t<meta property=\"og:image:width\" content=\"2000\" \/>\n\t<meta property=\"og:image:height\" content=\"1500\" \/>\n\t<meta property=\"og:image:type\" content=\"image\/jpeg\" \/>\n<meta name=\"twitter:card\" content=\"summary_large_image\" \/>\n<meta name=\"twitter:label1\" content=\"Est. reading time\" \/>\n\t<meta name=\"twitter:data1\" content=\"2 minutes\" \/>\n<script type=\"application\/ld+json\" class=\"yoast-schema-graph\">{\"@context\":\"https:\/\/schema.org\",\"@graph\":[{\"@type\":\"WebPage\",\"@id\":\"https:\/\/fajnerejsy.pl\/oferta\/kursy-na-patent\/\",\"url\":\"https:\/\/fajnerejsy.pl\/oferta\/kursy-na-patent\/\",\"name\":\"Kursy na patent JSM zako\u0144czone egzaminem\",\"isPartOf\":{\"@id\":\"https:\/\/fajnerejsy.pl\/#website\"},\"primaryImageOfPage\":{\"@id\":\"https:\/\/fajnerejsy.pl\/oferta\/kursy-na-patent\/#primaryimage\"},\"image\":{\"@id\":\"https:\/\/fajnerejsy.pl\/oferta\/kursy-na-patent\/#primaryimage\"},\"thumbnailUrl\":\"https:\/\/fajnerejsy.pl\/wp-content\/uploads\/2022\/06\/20220522_195548.jpg\",\"datePublished\":\"2023-04-17T10:40:41+00:00\",\"dateModified\":\"2026-03-04T09:16:37+00:00\",\"description\":\"Kursy na stopie\u0144 Jachtowego Sternika Morskiego zako\u0144czone egzaminem. Tygodniowe szkolenia na Ba\u0142tyku i w Grecji. Tak\u017ce indywidualne terminy.\",\"breadcrumb\":{\"@id\":\"https:\/\/fajnerejsy.pl\/oferta\/kursy-na-patent\/#breadcrumb\"},\"inLanguage\":\"en-US\",\"potentialAction\":[{\"@type\":\"ReadAction\",\"target\":[\"https:\/\/fajnerejsy.pl\/oferta\/kursy-na-patent\/\"]}]},{\"@type\":\"ImageObject\",\"inLanguage\":\"en-US\",\"@id\":\"https:\/\/fajnerejsy.pl\/oferta\/kursy-na-patent\/#primaryimage\",\"url\":\"https:\/\/fajnerejsy.pl\/wp-content\/uploads\/2022\/06\/20220522_195548.jpg\",\"contentUrl\":\"https:\/\/fajnerejsy.pl\/wp-content\/uploads\/2022\/06\/20220522_195548.jpg\",\"width\":2000,\"height\":1500,\"caption\":\"jacek mirczak fajnerejsy\"},{\"@type\":\"BreadcrumbList\",\"@id\":\"https:\/\/fajnerejsy.pl\/oferta\/kursy-na-patent\/#breadcrumb\",\"itemListElement\":[{\"@type\":\"ListItem\",\"position\":1,\"name\":\"Home\",\"item\":\"https:\/\/fajnerejsy.pl\/\"},{\"@type\":\"ListItem\",\"position\":2,\"name\":\"Oferta\",\"item\":\"https:\/\/fajnerejsy.pl\/oferta\/\"},{\"@type\":\"ListItem\",\"position\":3,\"name\":\"Kursy na patent\"}]},{\"@type\":\"WebSite\",\"@id\":\"https:\/\/fajnerejsy.pl\/#website\",\"url\":\"https:\/\/fajnerejsy.pl\/\",\"name\":\"Fajnerejsy.pl\",\"description\":\"\",\"publisher\":{\"@id\":\"https:\/\/fajnerejsy.pl\/#organization\"},\"potentialAction\":[{\"@type\":\"SearchAction\",\"target\":{\"@type\":\"EntryPoint\",\"urlTemplate\":\"https:\/\/fajnerejsy.pl\/?s={search_term_string}\"},\"query-input\":{\"@type\":\"PropertyValueSpecification\",\"valueRequired\":true,\"valueName\":\"search_term_string\"}}],\"inLanguage\":\"en-US\"},{\"@type\":\"Organization\",\"@id\":\"https:\/\/fajnerejsy.pl\/#organization\",\"name\":\"FAJNEREJSY\",\"url\":\"https:\/\/fajnerejsy.pl\/\",\"logo\":{\"@type\":\"ImageObject\",\"inLanguage\":\"en-US\",\"@id\":\"https:\/\/fajnerejsy.pl\/#\/schema\/logo\/image\/\",\"url\":\"http:\/\/fajnerejsy.pl\/wp-content\/uploads\/2020\/11\/fajnerejsy-logo-rgb-www1.png\",\"contentUrl\":\"http:\/\/fajnerejsy.pl\/wp-content\/uploads\/2020\/11\/fajnerejsy-logo-rgb-www1.png\",\"width\":235,\"height\":50,\"caption\":\"FAJNEREJSY\"},\"image\":{\"@id\":\"https:\/\/fajnerejsy.pl\/#\/schema\/logo\/image\/\"},\"sameAs\":[\"https:\/\/www.facebook.com\/Fajnerejsy\",\"https:\/\/www.instagram.com\/fajnerejsy.pl\/\",\"https:\/\/www.youtube.com\/JacekMirczak\"]}]}<\/script>\n<!-- \/ Yoast SEO Premium plugin. -->","yoast_head_json":{"title":"Kursy na patent JSM zako\u0144czone egzaminem","description":"Kursy na stopie\u0144 Jachtowego Sternika Morskiego zako\u0144czone egzaminem. Tygodniowe szkolenia na Ba\u0142tyku i w Grecji. Tak\u017ce indywidualne terminy.","robots":{"index":"index","follow":"follow","max-snippet":"max-snippet:-1","max-image-preview":"max-image-preview:large","max-video-preview":"max-video-preview:-1"},"canonical":"https:\/\/fajnerejsy.pl\/en\/oferta\/kursy-na-patent\/","og_locale":"en_US","og_type":"article","og_title":"Kursy na patent","og_description":"Kursy na stopie\u0144 Jachtowego Sternika Morskiego zako\u0144czone egzaminem. Tygodniowe szkolenia na Ba\u0142tyku i w Grecji. Tak\u017ce indywidualne terminy.","og_url":"https:\/\/fajnerejsy.pl\/en\/oferta\/kursy-na-patent\/","og_site_name":"Fajnerejsy.pl","article_publisher":"https:\/\/www.facebook.com\/Fajnerejsy","article_modified_time":"2026-03-04T09:16:37+00:00","og_image":[{"width":2000,"height":1500,"url":"https:\/\/fajnerejsy.pl\/wp-content\/uploads\/2022\/06\/20220522_195548.jpg","type":"image\/jpeg"}],"twitter_card":"summary_large_image","twitter_misc":{"Est. reading time":"2 minutes"},"schema":{"@context":"https:\/\/schema.org","@graph":[{"@type":"WebPage","@id":"https:\/\/fajnerejsy.pl\/oferta\/kursy-na-patent\/","url":"https:\/\/fajnerejsy.pl\/oferta\/kursy-na-patent\/","name":"Kursy na patent JSM zako\u0144czone egzaminem","isPartOf":{"@id":"https:\/\/fajnerejsy.pl\/#website"},"primaryImageOfPage":{"@id":"https:\/\/fajnerejsy.pl\/oferta\/kursy-na-patent\/#primaryimage"},"image":{"@id":"https:\/\/fajnerejsy.pl\/oferta\/kursy-na-patent\/#primaryimage"},"thumbnailUrl":"https:\/\/fajnerejsy.pl\/wp-content\/uploads\/2022\/06\/20220522_195548.jpg","datePublished":"2023-04-17T10:40:41+00:00","dateModified":"2026-03-04T09:16:37+00:00","description":"Kursy na stopie\u0144 Jachtowego Sternika Morskiego zako\u0144czone egzaminem. Tygodniowe szkolenia na Ba\u0142tyku i w Grecji. Tak\u017ce indywidualne terminy.","breadcrumb":{"@id":"https:\/\/fajnerejsy.pl\/oferta\/kursy-na-patent\/#breadcrumb"},"inLanguage":"en-US","potentialAction":[{"@type":"ReadAction","target":["https:\/\/fajnerejsy.pl\/oferta\/kursy-na-patent\/"]}]},{"@type":"ImageObject","inLanguage":"en-US","@id":"https:\/\/fajnerejsy.pl\/oferta\/kursy-na-patent\/#primaryimage","url":"https:\/\/fajnerejsy.pl\/wp-content\/uploads\/2022\/06\/20220522_195548.jpg","contentUrl":"https:\/\/fajnerejsy.pl\/wp-content\/uploads\/2022\/06\/20220522_195548.jpg","width":2000,"height":1500,"caption":"jacek mirczak fajnerejsy"},{"@type":"BreadcrumbList","@id":"https:\/\/fajnerejsy.pl\/oferta\/kursy-na-patent\/#breadcrumb","itemListElement":[{"@type":"ListItem","position":1,"name":"Home","item":"https:\/\/fajnerejsy.pl\/"},{"@type":"ListItem","position":2,"name":"Oferta","item":"https:\/\/fajnerejsy.pl\/oferta\/"},{"@type":"ListItem","position":3,"name":"Kursy na patent"}]},{"@type":"WebSite","@id":"https:\/\/fajnerejsy.pl\/#website","url":"https:\/\/fajnerejsy.pl\/","name":"Fajnerejsy.pl","description":"","publisher":{"@id":"https:\/\/fajnerejsy.pl\/#organization"},"potentialAction":[{"@type":"SearchAction","target":{"@type":"EntryPoint","urlTemplate":"https:\/\/fajnerejsy.pl\/?s={search_term_string}"},"query-input":{"@type":"PropertyValueSpecification","valueRequired":true,"valueName":"search_term_string"}}],"inLanguage":"en-US"},{"@type":"Organization","@id":"https:\/\/fajnerejsy.pl\/#organization","name":"FAJNEREJSY","url":"https:\/\/fajnerejsy.pl\/","logo":{"@type":"ImageObject","inLanguage":"en-US","@id":"https:\/\/fajnerejsy.pl\/#\/schema\/logo\/image\/","url":"http:\/\/fajnerejsy.pl\/wp-content\/uploads\/2020\/11\/fajnerejsy-logo-rgb-www1.png","contentUrl":"http:\/\/fajnerejsy.pl\/wp-content\/uploads\/2020\/11\/fajnerejsy-logo-rgb-www1.png","width":235,"height":50,"caption":"FAJNEREJSY"},"image":{"@id":"https:\/\/fajnerejsy.pl\/#\/schema\/logo\/image\/"},"sameAs":["https:\/\/www.facebook.com\/Fajnerejsy","https:\/\/www.instagram.com\/fajnerejsy.pl\/","https:\/\/www.youtube.com\/JacekMirczak"]}]}},"_links":{"self":[{"href":"http:\/\/fajnerejsy.pl\/en\/wp-json\/wp\/v2\/pages\/4746","targetHints":{"allow":["GET"]}}],"collection":[{"href":"http:\/\/fajnerejsy.pl\/en\/wp-json\/wp\/v2\/pages"}],"about":[{"href":"http:\/\/fajnerejsy.pl\/en\/wp-json\/wp\/v2\/types\/page"}],"author":[{"embeddable":true,"href":"http:\/\/fajnerejsy.pl\/en\/wp-json\/wp\/v2\/users\/1"}],"replies":[{"embeddable":true,"href":"http:\/\/fajnerejsy.pl\/en\/wp-json\/wp\/v2\/comments?post=4746"}],"version-history":[{"count":35,"href":"http:\/\/fajnerejsy.pl\/en\/wp-json\/wp\/v2\/pages\/4746\/revisions"}],"predecessor-version":[{"id":6492,"href":"http:\/\/fajnerejsy.pl\/en\/wp-json\/wp\/v2\/pages\/4746\/revisions\/6492"}],"up":[{"embeddable":true,"href":"http:\/\/fajnerejsy.pl\/en\/wp-json\/wp\/v2\/pages\/19"}],"wp:featuredmedia":[{"embeddable":true,"href":"http:\/\/fajnerejsy.pl\/en\/wp-json\/wp\/v2\/media\/3690"}],"wp:attachment":[{"href":"http:\/\/fajnerejsy.pl\/en\/wp-json\/wp\/v2\/media?parent=4746"}],"curies":[{"name":"wp","href":"https:\/\/api.w.org\/{rel}","templated":true}]}}