{"id":4499,"date":"2023-01-12T17:19:34","date_gmt":"2023-01-12T15:19:34","guid":{"rendered":"https:\/\/fajnerejsy.pl\/?page_id=4499"},"modified":"2023-04-12T11:26:20","modified_gmt":"2023-04-12T09:26:20","slug":"pomoce-nawigacyjne","status":"publish","type":"page","link":"http:\/\/fajnerejsy.pl\/en\/pomoce-nawigacyjne\/","title":{"rendered":"Resources"},"content":{"rendered":"<div id=\"pl-4499\"  class=\"panel-layout\" ><div id=\"pg-4499-0\"  class=\"panel-grid panel-has-style\" ><div class=\"siteorigin-panels-stretch panel-row-style panel-row-style-for-4499-0\" data-stretch-type=\"full\" ><div id=\"pgc-4499-0-0\"  class=\"panel-grid-cell\" ><div id=\"panel-4499-0-0-0\" class=\"so-panel widget widget_sow-editor panel-first-child panel-last-child\" data-index=\"0\" ><div\n\t\t\t\n\t\t\tclass=\"so-widget-sow-editor so-widget-sow-editor-base\"\n\t\t\t\n\t\t>\n<div class=\"siteorigin-widget-tinymce textwidget\">\n\t<h4 style=\"text-align: left;\">Pomoce nawigacyjne i przydatne linki<\/h4>\n<\/div>\n<\/div><\/div><\/div><\/div><\/div><div id=\"pg-4499-1\"  class=\"panel-grid panel-no-style\" ><div id=\"pgc-4499-1-0\"  class=\"panel-grid-cell\" ><div id=\"panel-4499-1-0-0\" class=\"so-panel widget widget_sow-editor panel-first-child panel-last-child\" data-index=\"1\" ><div\n\t\t\t\n\t\t\tclass=\"so-widget-sow-editor so-widget-sow-editor-base\"\n\t\t\t\n\t\t>\n<div class=\"siteorigin-widget-tinymce textwidget\">\n\t<p><a href=\"https:\/\/eu.nvcharts.com\/\" target=\"_blank\" rel=\"noopener\">NV Charts<\/a> - mapy<\/p>\n<p><a href=\"https:\/\/www.tide-forecast.com\/\" target=\"_blank\" rel=\"noopener\">Tide Forecast <\/a>- tablice p\u0142yw\u00f3w<\/p>\n<p><a href=\"https:\/\/www.smhi.se\/en\/weather\/forecasts\/sea-weather-forecast#ws=wpt-a,proxy=wpt-a,lang=en\" target=\"_blank\" rel=\"noopener\">SMHI <\/a>- pogoda dla Ba\u0142tyku<\/p>\n<p><a href=\"https:\/\/baltyk.imgw.pl\/\" target=\"_blank\" rel=\"noopener\">IMGW<\/a>- pogoda dla Ba\u0142tyku<\/p>\n<p><a href=\"https:\/\/bhmw.gov.pl\/pl\/warnings\/current\/\" target=\"_blank\" rel=\"noopener\">BHMW<\/a> - ostrze\u017cenia nawigacyjne<\/p>\n<p><a href=\"https:\/\/www.magnetic-declination.com\/\" target=\"_blank\" rel=\"noopener\">Deklinacja magnetyczna<\/a> (aktualna)<\/p>\n<\/div>\n<\/div><\/div><\/div><\/div><\/div>","protected":false},"excerpt":{"rendered":"<p>Pomoce nawigacyjne i przydatne linki NV Charts &#8211; mapy Tide Forecast &#8211; tablice p\u0142yw\u00f3w SMHI &#8211; pogoda dla Ba\u0142tyku IMGW- pogoda dla Ba\u0142tyku BHMW &#8211; ostrze\u017cenia nawigacyjne Deklinacja magnetyczna (aktualna)<\/p>","protected":false},"author":1,"featured_media":0,"parent":0,"menu_order":0,"comment_status":"closed","ping_status":"closed","template":"","meta":{"_acf_changed":false,"footnotes":""},"class_list":["post-4499","page","type-page","status-publish","hentry","clearfix"],"acf":[],"yoast_head":"<!-- This site is optimized with the Yoast SEO Premium plugin v26.7 (Yoast SEO v26.7) - https:\/\/yoast.com\/wordpress\/plugins\/seo\/ -->\n<title>Pomoce - morskie rejsy szkoleniowe i sta\u017cowe - Fajnerejsy.pl<\/title>\n<meta name=\"description\" content=\"Pomoce nawigacyjne, mapy, przydatne linki.\" \/>\n<meta name=\"robots\" content=\"index, follow, max-snippet:-1, max-image-preview:large, max-video-preview:-1\" \/>\n<link rel=\"canonical\" href=\"https:\/\/fajnerejsy.pl\/en\/pomoce-nawigacyjne\/\" \/>\n<meta property=\"og:locale\" content=\"en_US\" \/>\n<meta property=\"og:type\" content=\"article\" \/>\n<meta property=\"og:title\" content=\"Pomoce\" \/>\n<meta property=\"og:description\" content=\"Pomoce nawigacyjne, mapy, przydatne linki.\" \/>\n<meta property=\"og:url\" content=\"https:\/\/fajnerejsy.pl\/en\/pomoce-nawigacyjne\/\" \/>\n<meta property=\"og:site_name\" content=\"Fajnerejsy.pl\" \/>\n<meta property=\"article:publisher\" content=\"https:\/\/www.facebook.com\/Fajnerejsy\" \/>\n<meta property=\"article:modified_time\" content=\"2023-04-12T09:26:20+00:00\" \/>\n<meta name=\"twitter:card\" content=\"summary_large_image\" \/>\n<meta name=\"twitter:label1\" content=\"Est. reading time\" \/>\n\t<meta name=\"twitter:data1\" content=\"1 minute\" \/>\n<script type=\"application\/ld+json\" class=\"yoast-schema-graph\">{\"@context\":\"https:\/\/schema.org\",\"@graph\":[{\"@type\":\"WebPage\",\"@id\":\"https:\/\/fajnerejsy.pl\/pomoce-nawigacyjne\/\",\"url\":\"https:\/\/fajnerejsy.pl\/pomoce-nawigacyjne\/\",\"name\":\"Pomoce - morskie rejsy szkoleniowe i sta\u017cowe - Fajnerejsy.pl\",\"isPartOf\":{\"@id\":\"https:\/\/fajnerejsy.pl\/#website\"},\"datePublished\":\"2023-01-12T15:19:34+00:00\",\"dateModified\":\"2023-04-12T09:26:20+00:00\",\"description\":\"Pomoce nawigacyjne, mapy, przydatne linki.\",\"breadcrumb\":{\"@id\":\"https:\/\/fajnerejsy.pl\/pomoce-nawigacyjne\/#breadcrumb\"},\"inLanguage\":\"en-US\",\"potentialAction\":[{\"@type\":\"ReadAction\",\"target\":[\"https:\/\/fajnerejsy.pl\/pomoce-nawigacyjne\/\"]}]},{\"@type\":\"BreadcrumbList\",\"@id\":\"https:\/\/fajnerejsy.pl\/pomoce-nawigacyjne\/#breadcrumb\",\"itemListElement\":[{\"@type\":\"ListItem\",\"position\":1,\"name\":\"Home\",\"item\":\"https:\/\/fajnerejsy.pl\/\"},{\"@type\":\"ListItem\",\"position\":2,\"name\":\"Pomoce\"}]},{\"@type\":\"WebSite\",\"@id\":\"https:\/\/fajnerejsy.pl\/#website\",\"url\":\"https:\/\/fajnerejsy.pl\/\",\"name\":\"Fajnerejsy.pl\",\"description\":\"\",\"publisher\":{\"@id\":\"https:\/\/fajnerejsy.pl\/#organization\"},\"potentialAction\":[{\"@type\":\"SearchAction\",\"target\":{\"@type\":\"EntryPoint\",\"urlTemplate\":\"https:\/\/fajnerejsy.pl\/?s={search_term_string}\"},\"query-input\":{\"@type\":\"PropertyValueSpecification\",\"valueRequired\":true,\"valueName\":\"search_term_string\"}}],\"inLanguage\":\"en-US\"},{\"@type\":\"Organization\",\"@id\":\"https:\/\/fajnerejsy.pl\/#organization\",\"name\":\"FAJNEREJSY\",\"url\":\"https:\/\/fajnerejsy.pl\/\",\"logo\":{\"@type\":\"ImageObject\",\"inLanguage\":\"en-US\",\"@id\":\"https:\/\/fajnerejsy.pl\/#\/schema\/logo\/image\/\",\"url\":\"http:\/\/fajnerejsy.pl\/wp-content\/uploads\/2020\/11\/fajnerejsy-logo-rgb-www1.png\",\"contentUrl\":\"http:\/\/fajnerejsy.pl\/wp-content\/uploads\/2020\/11\/fajnerejsy-logo-rgb-www1.png\",\"width\":235,\"height\":50,\"caption\":\"FAJNEREJSY\"},\"image\":{\"@id\":\"https:\/\/fajnerejsy.pl\/#\/schema\/logo\/image\/\"},\"sameAs\":[\"https:\/\/www.facebook.com\/Fajnerejsy\",\"https:\/\/www.instagram.com\/fajnerejsy.pl\/\",\"https:\/\/www.youtube.com\/JacekMirczak\"]}]}<\/script>\n<!-- \/ Yoast SEO Premium plugin. -->","yoast_head_json":{"title":"Pomoce - morskie rejsy szkoleniowe i sta\u017cowe - Fajnerejsy.pl","description":"Pomoce nawigacyjne, mapy, przydatne linki.","robots":{"index":"index","follow":"follow","max-snippet":"max-snippet:-1","max-image-preview":"max-image-preview:large","max-video-preview":"max-video-preview:-1"},"canonical":"https:\/\/fajnerejsy.pl\/en\/pomoce-nawigacyjne\/","og_locale":"en_US","og_type":"article","og_title":"Pomoce","og_description":"Pomoce nawigacyjne, mapy, przydatne linki.","og_url":"https:\/\/fajnerejsy.pl\/en\/pomoce-nawigacyjne\/","og_site_name":"Fajnerejsy.pl","article_publisher":"https:\/\/www.facebook.com\/Fajnerejsy","article_modified_time":"2023-04-12T09:26:20+00:00","twitter_card":"summary_large_image","twitter_misc":{"Est. reading time":"1 minute"},"schema":{"@context":"https:\/\/schema.org","@graph":[{"@type":"WebPage","@id":"https:\/\/fajnerejsy.pl\/pomoce-nawigacyjne\/","url":"https:\/\/fajnerejsy.pl\/pomoce-nawigacyjne\/","name":"Pomoce - morskie rejsy szkoleniowe i sta\u017cowe - Fajnerejsy.pl","isPartOf":{"@id":"https:\/\/fajnerejsy.pl\/#website"},"datePublished":"2023-01-12T15:19:34+00:00","dateModified":"2023-04-12T09:26:20+00:00","description":"Pomoce nawigacyjne, mapy, przydatne linki.","breadcrumb":{"@id":"https:\/\/fajnerejsy.pl\/pomoce-nawigacyjne\/#breadcrumb"},"inLanguage":"en-US","potentialAction":[{"@type":"ReadAction","target":["https:\/\/fajnerejsy.pl\/pomoce-nawigacyjne\/"]}]},{"@type":"BreadcrumbList","@id":"https:\/\/fajnerejsy.pl\/pomoce-nawigacyjne\/#breadcrumb","itemListElement":[{"@type":"ListItem","position":1,"name":"Home","item":"https:\/\/fajnerejsy.pl\/"},{"@type":"ListItem","position":2,"name":"Pomoce"}]},{"@type":"WebSite","@id":"https:\/\/fajnerejsy.pl\/#website","url":"https:\/\/fajnerejsy.pl\/","name":"Fajnerejsy.pl","description":"","publisher":{"@id":"https:\/\/fajnerejsy.pl\/#organization"},"potentialAction":[{"@type":"SearchAction","target":{"@type":"EntryPoint","urlTemplate":"https:\/\/fajnerejsy.pl\/?s={search_term_string}"},"query-input":{"@type":"PropertyValueSpecification","valueRequired":true,"valueName":"search_term_string"}}],"inLanguage":"en-US"},{"@type":"Organization","@id":"https:\/\/fajnerejsy.pl\/#organization","name":"FAJNEREJSY","url":"https:\/\/fajnerejsy.pl\/","logo":{"@type":"ImageObject","inLanguage":"en-US","@id":"https:\/\/fajnerejsy.pl\/#\/schema\/logo\/image\/","url":"http:\/\/fajnerejsy.pl\/wp-content\/uploads\/2020\/11\/fajnerejsy-logo-rgb-www1.png","contentUrl":"http:\/\/fajnerejsy.pl\/wp-content\/uploads\/2020\/11\/fajnerejsy-logo-rgb-www1.png","width":235,"height":50,"caption":"FAJNEREJSY"},"image":{"@id":"https:\/\/fajnerejsy.pl\/#\/schema\/logo\/image\/"},"sameAs":["https:\/\/www.facebook.com\/Fajnerejsy","https:\/\/www.instagram.com\/fajnerejsy.pl\/","https:\/\/www.youtube.com\/JacekMirczak"]}]}},"_links":{"self":[{"href":"http:\/\/fajnerejsy.pl\/en\/wp-json\/wp\/v2\/pages\/4499","targetHints":{"allow":["GET"]}}],"collection":[{"href":"http:\/\/fajnerejsy.pl\/en\/wp-json\/wp\/v2\/pages"}],"about":[{"href":"http:\/\/fajnerejsy.pl\/en\/wp-json\/wp\/v2\/types\/page"}],"author":[{"embeddable":true,"href":"http:\/\/fajnerejsy.pl\/en\/wp-json\/wp\/v2\/users\/1"}],"replies":[{"embeddable":true,"href":"http:\/\/fajnerejsy.pl\/en\/wp-json\/wp\/v2\/comments?post=4499"}],"version-history":[{"count":5,"href":"http:\/\/fajnerejsy.pl\/en\/wp-json\/wp\/v2\/pages\/4499\/revisions"}],"predecessor-version":[{"id":4740,"href":"http:\/\/fajnerejsy.pl\/en\/wp-json\/wp\/v2\/pages\/4499\/revisions\/4740"}],"wp:attachment":[{"href":"http:\/\/fajnerejsy.pl\/en\/wp-json\/wp\/v2\/media?parent=4499"}],"curies":[{"name":"wp","href":"https:\/\/api.w.org\/{rel}","templated":true}]}}