{"id":3953,"date":"2022-08-05T09:04:58","date_gmt":"2022-08-05T09:04:58","guid":{"rendered":"https:\/\/fajnerejsy.pl\/?page_id=3953"},"modified":"2024-08-01T11:11:03","modified_gmt":"2024-08-01T09:11:03","slug":"zgloszenie-udzialu","status":"publish","type":"page","link":"http:\/\/fajnerejsy.pl\/en\/zgloszenie-udzialu\/","title":{"rendered":"rezerwacja"},"content":{"rendered":"<div id=\"pl-3953\"  class=\"panel-layout\" ><div id=\"pg-3953-0\"  class=\"panel-grid panel-has-style\" ><div class=\"siteorigin-panels-stretch panel-row-style panel-row-style-for-3953-0\" data-stretch-type=\"full\" ><div id=\"pgc-3953-0-0\"  class=\"panel-grid-cell\" ><div id=\"panel-3953-0-0-0\" class=\"so-panel widget widget_sow-editor panel-first-child panel-last-child\" data-index=\"0\" ><div\n\t\t\t\n\t\t\tclass=\"so-widget-sow-editor so-widget-sow-editor-base\"\n\t\t\t\n\t\t>\n<div class=\"siteorigin-widget-tinymce textwidget\">\n\t<h4 style=\"text-align: left;\">Zg\u0142oszenie ch\u0119ci wzi\u0119cia udzia\u0142u w rejsie lub szkoleniu<\/h4>\n<\/div>\n<\/div><\/div><\/div><\/div><\/div><div id=\"pg-3953-1\"  class=\"panel-grid panel-no-style\" ><div id=\"pgc-3953-1-0\"  class=\"panel-grid-cell\" ><div id=\"panel-3953-1-0-0\" class=\"so-panel widget widget_sow-editor panel-first-child panel-last-child\" data-index=\"1\" ><div\n\t\t\t\n\t\t\tclass=\"so-widget-sow-editor so-widget-sow-editor-base\"\n\t\t\t\n\t\t>\n<div class=\"siteorigin-widget-tinymce textwidget\">\n\t<p>W celu zg\u0142oszenia ch\u0119ci do\u0142\u0105czenia do za\u0142ogi i wzi\u0119cia udzia\u0142u w rejsie lub zapisania si\u0119 na szkolenie, wy\u015blij wiadomo\u015b\u0107 e-mail na adres jacek@fajnerejsy.pl<\/p>\n<p>W mailu podaj<strong> imi\u0119 i nazwisko<\/strong> uczestnika oraz <strong>dok\u0142adn\u0105 dat\u0119 rejsu lub szkolenia<\/strong>. W odpowiedzi zwrotnej otrzymasz informacje na temat warunk\u00f3w rezerwacji.<\/p>\n<p>Z \u017ceglarskim pozdrowieniem<\/p>\n<p><em>Captain Jacek Mirczak<\/em><\/p>\n<\/div>\n<\/div><\/div><\/div><\/div><\/div>","protected":false},"excerpt":{"rendered":"<p>Zg\u0142oszenie ch\u0119ci wzi\u0119cia udzia\u0142u w rejsie lub szkoleniu W celu zg\u0142oszenia ch\u0119ci do\u0142\u0105czenia do za\u0142ogi i wzi\u0119cia udzia\u0142u w rejsie lub zapisania si\u0119 na szkolenie, wy\u015blij wiadomo\u015b\u0107 e-mail na adres jacek@fajnerejsy.pl W mailu podaj imi\u0119 i nazwisko uczestnika oraz dok\u0142adn\u0105 dat\u0119 rejsu lub szkolenia. W odpowiedzi zwrotnej otrzymasz informacje na temat warunk\u00f3w rezerwacji. Z \u017ceglarskim &hellip;<\/p>","protected":false},"author":1,"featured_media":0,"parent":0,"menu_order":0,"comment_status":"closed","ping_status":"closed","template":"","meta":{"_acf_changed":false,"footnotes":""},"class_list":["post-3953","page","type-page","status-publish","hentry","clearfix"],"acf":[],"yoast_head":"<!-- This site is optimized with the Yoast SEO Premium plugin v26.7 (Yoast SEO v26.7) - https:\/\/yoast.com\/wordpress\/plugins\/seo\/ -->\n<title>rezerwacja - morskie rejsy jachtem - Fajnerejsy.pl<\/title>\n<meta name=\"description\" content=\"W celu zg\u0142oszenia ch\u0119ci do\u0142\u0105czenia do za\u0142ogi i wzi\u0119cia udzia\u0142u w rejsie, prosz\u0119 wys\u0142a\u0107 wiadomo\u015b\u0107 e-mail luba zadzwoni\u0107.\" \/>\n<meta name=\"robots\" content=\"index, follow, max-snippet:-1, max-image-preview:large, max-video-preview:-1\" \/>\n<link rel=\"canonical\" href=\"https:\/\/fajnerejsy.pl\/en\/zgloszenie-udzialu\/\" \/>\n<meta property=\"og:locale\" content=\"en_US\" \/>\n<meta property=\"og:type\" content=\"article\" \/>\n<meta property=\"og:title\" content=\"rezerwacja\" \/>\n<meta property=\"og:description\" content=\"W celu zg\u0142oszenia ch\u0119ci do\u0142\u0105czenia do za\u0142ogi i wzi\u0119cia udzia\u0142u w rejsie, prosz\u0119 wys\u0142a\u0107 wiadomo\u015b\u0107 e-mail luba zadzwoni\u0107.\" \/>\n<meta property=\"og:url\" content=\"https:\/\/fajnerejsy.pl\/en\/zgloszenie-udzialu\/\" \/>\n<meta property=\"og:site_name\" content=\"Fajnerejsy.pl\" \/>\n<meta property=\"article:publisher\" content=\"https:\/\/www.facebook.com\/Fajnerejsy\" \/>\n<meta property=\"article:modified_time\" content=\"2024-08-01T09:11:03+00:00\" \/>\n<meta name=\"twitter:card\" content=\"summary_large_image\" \/>\n<meta name=\"twitter:label1\" content=\"Est. reading time\" \/>\n\t<meta name=\"twitter:data1\" content=\"1 minute\" \/>\n<script type=\"application\/ld+json\" class=\"yoast-schema-graph\">{\"@context\":\"https:\/\/schema.org\",\"@graph\":[{\"@type\":\"WebPage\",\"@id\":\"https:\/\/fajnerejsy.pl\/zgloszenie-udzialu\/\",\"url\":\"https:\/\/fajnerejsy.pl\/zgloszenie-udzialu\/\",\"name\":\"rezerwacja - morskie rejsy jachtem - Fajnerejsy.pl\",\"isPartOf\":{\"@id\":\"https:\/\/fajnerejsy.pl\/#website\"},\"datePublished\":\"2022-08-05T09:04:58+00:00\",\"dateModified\":\"2024-08-01T09:11:03+00:00\",\"description\":\"W celu zg\u0142oszenia ch\u0119ci do\u0142\u0105czenia do za\u0142ogi i wzi\u0119cia udzia\u0142u w rejsie, prosz\u0119 wys\u0142a\u0107 wiadomo\u015b\u0107 e-mail luba zadzwoni\u0107.\",\"breadcrumb\":{\"@id\":\"https:\/\/fajnerejsy.pl\/zgloszenie-udzialu\/#breadcrumb\"},\"inLanguage\":\"en-US\",\"potentialAction\":[{\"@type\":\"ReadAction\",\"target\":[\"https:\/\/fajnerejsy.pl\/zgloszenie-udzialu\/\"]}]},{\"@type\":\"BreadcrumbList\",\"@id\":\"https:\/\/fajnerejsy.pl\/zgloszenie-udzialu\/#breadcrumb\",\"itemListElement\":[{\"@type\":\"ListItem\",\"position\":1,\"name\":\"Home\",\"item\":\"https:\/\/fajnerejsy.pl\/\"},{\"@type\":\"ListItem\",\"position\":2,\"name\":\"rezerwacja\"}]},{\"@type\":\"WebSite\",\"@id\":\"https:\/\/fajnerejsy.pl\/#website\",\"url\":\"https:\/\/fajnerejsy.pl\/\",\"name\":\"Fajnerejsy.pl\",\"description\":\"\",\"publisher\":{\"@id\":\"https:\/\/fajnerejsy.pl\/#organization\"},\"potentialAction\":[{\"@type\":\"SearchAction\",\"target\":{\"@type\":\"EntryPoint\",\"urlTemplate\":\"https:\/\/fajnerejsy.pl\/?s={search_term_string}\"},\"query-input\":{\"@type\":\"PropertyValueSpecification\",\"valueRequired\":true,\"valueName\":\"search_term_string\"}}],\"inLanguage\":\"en-US\"},{\"@type\":\"Organization\",\"@id\":\"https:\/\/fajnerejsy.pl\/#organization\",\"name\":\"FAJNEREJSY\",\"url\":\"https:\/\/fajnerejsy.pl\/\",\"logo\":{\"@type\":\"ImageObject\",\"inLanguage\":\"en-US\",\"@id\":\"https:\/\/fajnerejsy.pl\/#\/schema\/logo\/image\/\",\"url\":\"http:\/\/fajnerejsy.pl\/wp-content\/uploads\/2020\/11\/fajnerejsy-logo-rgb-www1.png\",\"contentUrl\":\"http:\/\/fajnerejsy.pl\/wp-content\/uploads\/2020\/11\/fajnerejsy-logo-rgb-www1.png\",\"width\":235,\"height\":50,\"caption\":\"FAJNEREJSY\"},\"image\":{\"@id\":\"https:\/\/fajnerejsy.pl\/#\/schema\/logo\/image\/\"},\"sameAs\":[\"https:\/\/www.facebook.com\/Fajnerejsy\",\"https:\/\/www.instagram.com\/fajnerejsy.pl\/\",\"https:\/\/www.youtube.com\/JacekMirczak\"]}]}<\/script>\n<!-- \/ Yoast SEO Premium plugin. -->","yoast_head_json":{"title":"rezerwacja - morskie rejsy jachtem - Fajnerejsy.pl","description":"W celu zg\u0142oszenia ch\u0119ci do\u0142\u0105czenia do za\u0142ogi i wzi\u0119cia udzia\u0142u w rejsie, prosz\u0119 wys\u0142a\u0107 wiadomo\u015b\u0107 e-mail luba zadzwoni\u0107.","robots":{"index":"index","follow":"follow","max-snippet":"max-snippet:-1","max-image-preview":"max-image-preview:large","max-video-preview":"max-video-preview:-1"},"canonical":"https:\/\/fajnerejsy.pl\/en\/zgloszenie-udzialu\/","og_locale":"en_US","og_type":"article","og_title":"rezerwacja","og_description":"W celu zg\u0142oszenia ch\u0119ci do\u0142\u0105czenia do za\u0142ogi i wzi\u0119cia udzia\u0142u w rejsie, prosz\u0119 wys\u0142a\u0107 wiadomo\u015b\u0107 e-mail luba zadzwoni\u0107.","og_url":"https:\/\/fajnerejsy.pl\/en\/zgloszenie-udzialu\/","og_site_name":"Fajnerejsy.pl","article_publisher":"https:\/\/www.facebook.com\/Fajnerejsy","article_modified_time":"2024-08-01T09:11:03+00:00","twitter_card":"summary_large_image","twitter_misc":{"Est. reading time":"1 minute"},"schema":{"@context":"https:\/\/schema.org","@graph":[{"@type":"WebPage","@id":"https:\/\/fajnerejsy.pl\/zgloszenie-udzialu\/","url":"https:\/\/fajnerejsy.pl\/zgloszenie-udzialu\/","name":"rezerwacja - morskie rejsy jachtem - Fajnerejsy.pl","isPartOf":{"@id":"https:\/\/fajnerejsy.pl\/#website"},"datePublished":"2022-08-05T09:04:58+00:00","dateModified":"2024-08-01T09:11:03+00:00","description":"W celu zg\u0142oszenia ch\u0119ci do\u0142\u0105czenia do za\u0142ogi i wzi\u0119cia udzia\u0142u w rejsie, prosz\u0119 wys\u0142a\u0107 wiadomo\u015b\u0107 e-mail luba zadzwoni\u0107.","breadcrumb":{"@id":"https:\/\/fajnerejsy.pl\/zgloszenie-udzialu\/#breadcrumb"},"inLanguage":"en-US","potentialAction":[{"@type":"ReadAction","target":["https:\/\/fajnerejsy.pl\/zgloszenie-udzialu\/"]}]},{"@type":"BreadcrumbList","@id":"https:\/\/fajnerejsy.pl\/zgloszenie-udzialu\/#breadcrumb","itemListElement":[{"@type":"ListItem","position":1,"name":"Home","item":"https:\/\/fajnerejsy.pl\/"},{"@type":"ListItem","position":2,"name":"rezerwacja"}]},{"@type":"WebSite","@id":"https:\/\/fajnerejsy.pl\/#website","url":"https:\/\/fajnerejsy.pl\/","name":"Fajnerejsy.pl","description":"","publisher":{"@id":"https:\/\/fajnerejsy.pl\/#organization"},"potentialAction":[{"@type":"SearchAction","target":{"@type":"EntryPoint","urlTemplate":"https:\/\/fajnerejsy.pl\/?s={search_term_string}"},"query-input":{"@type":"PropertyValueSpecification","valueRequired":true,"valueName":"search_term_string"}}],"inLanguage":"en-US"},{"@type":"Organization","@id":"https:\/\/fajnerejsy.pl\/#organization","name":"FAJNEREJSY","url":"https:\/\/fajnerejsy.pl\/","logo":{"@type":"ImageObject","inLanguage":"en-US","@id":"https:\/\/fajnerejsy.pl\/#\/schema\/logo\/image\/","url":"http:\/\/fajnerejsy.pl\/wp-content\/uploads\/2020\/11\/fajnerejsy-logo-rgb-www1.png","contentUrl":"http:\/\/fajnerejsy.pl\/wp-content\/uploads\/2020\/11\/fajnerejsy-logo-rgb-www1.png","width":235,"height":50,"caption":"FAJNEREJSY"},"image":{"@id":"https:\/\/fajnerejsy.pl\/#\/schema\/logo\/image\/"},"sameAs":["https:\/\/www.facebook.com\/Fajnerejsy","https:\/\/www.instagram.com\/fajnerejsy.pl\/","https:\/\/www.youtube.com\/JacekMirczak"]}]}},"_links":{"self":[{"href":"http:\/\/fajnerejsy.pl\/en\/wp-json\/wp\/v2\/pages\/3953","targetHints":{"allow":["GET"]}}],"collection":[{"href":"http:\/\/fajnerejsy.pl\/en\/wp-json\/wp\/v2\/pages"}],"about":[{"href":"http:\/\/fajnerejsy.pl\/en\/wp-json\/wp\/v2\/types\/page"}],"author":[{"embeddable":true,"href":"http:\/\/fajnerejsy.pl\/en\/wp-json\/wp\/v2\/users\/1"}],"replies":[{"embeddable":true,"href":"http:\/\/fajnerejsy.pl\/en\/wp-json\/wp\/v2\/comments?post=3953"}],"version-history":[{"count":6,"href":"http:\/\/fajnerejsy.pl\/en\/wp-json\/wp\/v2\/pages\/3953\/revisions"}],"predecessor-version":[{"id":5885,"href":"http:\/\/fajnerejsy.pl\/en\/wp-json\/wp\/v2\/pages\/3953\/revisions\/5885"}],"wp:attachment":[{"href":"http:\/\/fajnerejsy.pl\/en\/wp-json\/wp\/v2\/media?parent=3953"}],"curies":[{"name":"wp","href":"https:\/\/api.w.org\/{rel}","templated":true}]}}