{"id":3723,"date":"2022-06-10T09:07:35","date_gmt":"2022-06-10T09:07:35","guid":{"rendered":"https:\/\/fajnerejsy.pl\/?page_id=3723"},"modified":"2022-06-10T09:08:55","modified_gmt":"2022-06-10T09:08:55","slug":"karlskrona-gdansk-2022","status":"publish","type":"page","link":"http:\/\/fajnerejsy.pl\/en\/wspomnienia\/karlskrona-gdansk-2022\/","title":{"rendered":"Karlskrona &#8211; Gda\u0144sk 2022"},"content":{"rendered":"<div id=\"pl-3723\"  class=\"panel-layout\" ><div id=\"pg-3723-0\"  class=\"panel-grid panel-no-style\" ><div id=\"pgc-3723-0-0\"  class=\"panel-grid-cell\" ><div id=\"panel-3723-0-0-0\" class=\"so-panel widget widget_sow-editor panel-first-child panel-last-child\" data-index=\"0\" ><div\n\t\t\t\n\t\t\tclass=\"so-widget-sow-editor so-widget-sow-editor-base\"\n\t\t\t\n\t\t>\n<div class=\"siteorigin-widget-tinymce textwidget\">\n\t<p><div class=\"shaka-gallery beauy-galleryid-3723\" data-featherlight-gallery data-featherlight-filter=\"a\"><a href=\"https:\/\/fajnerejsy.pl\/wp-content\/uploads\/2022\/06\/20220529_162749.jpg\" class=\"shaka-gallery__item\"><img decoding=\"async\" src=\"https:\/\/fajnerejsy.pl\/wp-content\/uploads\/2022\/06\/20220529_162749-300x225.jpg\" srcset=\"https:\/\/fajnerejsy.pl\/wp-content\/uploads\/2022\/06\/20220529_162749-300x225.jpg 300w, https:\/\/fajnerejsy.pl\/wp-content\/uploads\/2022\/06\/20220529_162749-1024x768.jpg 1024w\" sizes=\"(min-width: 1200px) 275px, (min-width: 992px) 226px, (min-width: 768px) 172px, calc(50vw - 15px)\"><\/a><a href=\"https:\/\/fajnerejsy.pl\/wp-content\/uploads\/2022\/06\/20220529_162758.jpg\" class=\"shaka-gallery__item\"><img decoding=\"async\" src=\"https:\/\/fajnerejsy.pl\/wp-content\/uploads\/2022\/06\/20220529_162758-300x225.jpg\" srcset=\"https:\/\/fajnerejsy.pl\/wp-content\/uploads\/2022\/06\/20220529_162758-300x225.jpg 300w, https:\/\/fajnerejsy.pl\/wp-content\/uploads\/2022\/06\/20220529_162758-1024x768.jpg 1024w\" sizes=\"(min-width: 1200px) 275px, (min-width: 992px) 226px, (min-width: 768px) 172px, calc(50vw - 15px)\"><\/a><a href=\"https:\/\/fajnerejsy.pl\/wp-content\/uploads\/2022\/06\/20220530_091345.jpg\" class=\"shaka-gallery__item\"><img decoding=\"async\" src=\"https:\/\/fajnerejsy.pl\/wp-content\/uploads\/2022\/06\/20220530_091345-300x225.jpg\" srcset=\"https:\/\/fajnerejsy.pl\/wp-content\/uploads\/2022\/06\/20220530_091345-300x225.jpg 300w, https:\/\/fajnerejsy.pl\/wp-content\/uploads\/2022\/06\/20220530_091345-1024x768.jpg 1024w\" sizes=\"(min-width: 1200px) 275px, (min-width: 992px) 226px, (min-width: 768px) 172px, calc(50vw - 15px)\"><\/a><a href=\"https:\/\/fajnerejsy.pl\/wp-content\/uploads\/2022\/06\/20220530_102046.jpg\" class=\"shaka-gallery__item\"><img decoding=\"async\" src=\"https:\/\/fajnerejsy.pl\/wp-content\/uploads\/2022\/06\/20220530_102046-225x300.jpg\" srcset=\"https:\/\/fajnerejsy.pl\/wp-content\/uploads\/2022\/06\/20220530_102046-225x300.jpg 225w, https:\/\/fajnerejsy.pl\/wp-content\/uploads\/2022\/06\/20220530_102046-768x1024.jpg 768w\" sizes=\"(min-width: 1200px) 275px, (min-width: 992px) 226px, (min-width: 768px) 172px, calc(50vw - 15px)\"><\/a><a href=\"https:\/\/fajnerejsy.pl\/wp-content\/uploads\/2022\/06\/20220530_103248.jpg\" class=\"shaka-gallery__item\"><img decoding=\"async\" src=\"https:\/\/fajnerejsy.pl\/wp-content\/uploads\/2022\/06\/20220530_103248-300x225.jpg\" srcset=\"https:\/\/fajnerejsy.pl\/wp-content\/uploads\/2022\/06\/20220530_103248-300x225.jpg 300w, https:\/\/fajnerejsy.pl\/wp-content\/uploads\/2022\/06\/20220530_103248-1024x768.jpg 1024w\" sizes=\"(min-width: 1200px) 275px, (min-width: 992px) 226px, (min-width: 768px) 172px, calc(50vw - 15px)\"><\/a><a href=\"https:\/\/fajnerejsy.pl\/wp-content\/uploads\/2022\/06\/20220530_105840.jpg\" class=\"shaka-gallery__item\"><img decoding=\"async\" src=\"https:\/\/fajnerejsy.pl\/wp-content\/uploads\/2022\/06\/20220530_105840-300x225.jpg\" srcset=\"https:\/\/fajnerejsy.pl\/wp-content\/uploads\/2022\/06\/20220530_105840-300x225.jpg 300w, https:\/\/fajnerejsy.pl\/wp-content\/uploads\/2022\/06\/20220530_105840-1024x768.jpg 1024w\" sizes=\"(min-width: 1200px) 275px, (min-width: 992px) 226px, (min-width: 768px) 172px, calc(50vw - 15px)\"><\/a><a href=\"https:\/\/fajnerejsy.pl\/wp-content\/uploads\/2022\/06\/20220531_110435.jpg\" class=\"shaka-gallery__item\"><img decoding=\"async\" src=\"https:\/\/fajnerejsy.pl\/wp-content\/uploads\/2022\/06\/20220531_110435-300x225.jpg\" srcset=\"https:\/\/fajnerejsy.pl\/wp-content\/uploads\/2022\/06\/20220531_110435-300x225.jpg 300w, https:\/\/fajnerejsy.pl\/wp-content\/uploads\/2022\/06\/20220531_110435-1024x768.jpg 1024w\" sizes=\"(min-width: 1200px) 275px, (min-width: 992px) 226px, (min-width: 768px) 172px, calc(50vw - 15px)\"><\/a><a href=\"https:\/\/fajnerejsy.pl\/wp-content\/uploads\/2022\/06\/20220531_112709.jpg\" class=\"shaka-gallery__item\"><img decoding=\"async\" src=\"https:\/\/fajnerejsy.pl\/wp-content\/uploads\/2022\/06\/20220531_112709-300x225.jpg\" srcset=\"https:\/\/fajnerejsy.pl\/wp-content\/uploads\/2022\/06\/20220531_112709-300x225.jpg 300w, https:\/\/fajnerejsy.pl\/wp-content\/uploads\/2022\/06\/20220531_112709-1024x768.jpg 1024w\" sizes=\"(min-width: 1200px) 275px, (min-width: 992px) 226px, (min-width: 768px) 172px, calc(50vw - 15px)\"><\/a><a href=\"https:\/\/fajnerejsy.pl\/wp-content\/uploads\/2022\/06\/20220531_113005.jpg\" class=\"shaka-gallery__item\"><img decoding=\"async\" src=\"https:\/\/fajnerejsy.pl\/wp-content\/uploads\/2022\/06\/20220531_113005-300x225.jpg\" srcset=\"https:\/\/fajnerejsy.pl\/wp-content\/uploads\/2022\/06\/20220531_113005-300x225.jpg 300w, https:\/\/fajnerejsy.pl\/wp-content\/uploads\/2022\/06\/20220531_113005-1024x768.jpg 1024w\" sizes=\"(min-width: 1200px) 275px, (min-width: 992px) 226px, (min-width: 768px) 172px, calc(50vw - 15px)\"><\/a><a href=\"https:\/\/fajnerejsy.pl\/wp-content\/uploads\/2022\/06\/20220531_121743.jpg\" class=\"shaka-gallery__item\"><img decoding=\"async\" src=\"https:\/\/fajnerejsy.pl\/wp-content\/uploads\/2022\/06\/20220531_121743-300x225.jpg\" srcset=\"https:\/\/fajnerejsy.pl\/wp-content\/uploads\/2022\/06\/20220531_121743-300x225.jpg 300w, https:\/\/fajnerejsy.pl\/wp-content\/uploads\/2022\/06\/20220531_121743-1024x768.jpg 1024w\" sizes=\"(min-width: 1200px) 275px, (min-width: 992px) 226px, (min-width: 768px) 172px, calc(50vw - 15px)\"><\/a><a href=\"https:\/\/fajnerejsy.pl\/wp-content\/uploads\/2022\/06\/20220531_212758.jpg\" class=\"shaka-gallery__item\"><img decoding=\"async\" src=\"https:\/\/fajnerejsy.pl\/wp-content\/uploads\/2022\/06\/20220531_212758-300x225.jpg\" srcset=\"https:\/\/fajnerejsy.pl\/wp-content\/uploads\/2022\/06\/20220531_212758-300x225.jpg 300w, https:\/\/fajnerejsy.pl\/wp-content\/uploads\/2022\/06\/20220531_212758-1024x768.jpg 1024w\" sizes=\"(min-width: 1200px) 275px, (min-width: 992px) 226px, (min-width: 768px) 172px, calc(50vw - 15px)\"><\/a><a href=\"https:\/\/fajnerejsy.pl\/wp-content\/uploads\/2022\/06\/20220601_102219.jpg\" class=\"shaka-gallery__item\"><img decoding=\"async\" src=\"https:\/\/fajnerejsy.pl\/wp-content\/uploads\/2022\/06\/20220601_102219-300x225.jpg\" srcset=\"https:\/\/fajnerejsy.pl\/wp-content\/uploads\/2022\/06\/20220601_102219-300x225.jpg 300w, https:\/\/fajnerejsy.pl\/wp-content\/uploads\/2022\/06\/20220601_102219-1024x768.jpg 1024w\" sizes=\"(min-width: 1200px) 275px, (min-width: 992px) 226px, (min-width: 768px) 172px, calc(50vw - 15px)\"><\/a><a href=\"https:\/\/fajnerejsy.pl\/wp-content\/uploads\/2022\/06\/20220601_102304.jpg\" class=\"shaka-gallery__item\"><img decoding=\"async\" src=\"https:\/\/fajnerejsy.pl\/wp-content\/uploads\/2022\/06\/20220601_102304-300x218.jpg\" srcset=\"https:\/\/fajnerejsy.pl\/wp-content\/uploads\/2022\/06\/20220601_102304-300x218.jpg 300w, https:\/\/fajnerejsy.pl\/wp-content\/uploads\/2022\/06\/20220601_102304-1024x744.jpg 1024w\" sizes=\"(min-width: 1200px) 275px, (min-width: 992px) 226px, (min-width: 768px) 172px, calc(50vw - 15px)\"><\/a><a href=\"https:\/\/fajnerejsy.pl\/wp-content\/uploads\/2022\/06\/20220602_100927.jpg\" class=\"shaka-gallery__item\"><img decoding=\"async\" src=\"https:\/\/fajnerejsy.pl\/wp-content\/uploads\/2022\/06\/20220602_100927-300x225.jpg\" srcset=\"https:\/\/fajnerejsy.pl\/wp-content\/uploads\/2022\/06\/20220602_100927-300x225.jpg 300w, https:\/\/fajnerejsy.pl\/wp-content\/uploads\/2022\/06\/20220602_100927-1024x768.jpg 1024w\" sizes=\"(min-width: 1200px) 275px, (min-width: 992px) 226px, (min-width: 768px) 172px, calc(50vw - 15px)\"><\/a><a href=\"https:\/\/fajnerejsy.pl\/wp-content\/uploads\/2022\/06\/20220602_120541.jpg\" class=\"shaka-gallery__item\"><img decoding=\"async\" src=\"https:\/\/fajnerejsy.pl\/wp-content\/uploads\/2022\/06\/20220602_120541-300x225.jpg\" srcset=\"https:\/\/fajnerejsy.pl\/wp-content\/uploads\/2022\/06\/20220602_120541-300x225.jpg 300w, https:\/\/fajnerejsy.pl\/wp-content\/uploads\/2022\/06\/20220602_120541-1024x768.jpg 1024w\" sizes=\"(min-width: 1200px) 275px, (min-width: 992px) 226px, (min-width: 768px) 172px, calc(50vw - 15px)\"><\/a><a href=\"https:\/\/fajnerejsy.pl\/wp-content\/uploads\/2022\/06\/20220603_110428.jpg\" class=\"shaka-gallery__item\"><img decoding=\"async\" src=\"https:\/\/fajnerejsy.pl\/wp-content\/uploads\/2022\/06\/20220603_110428-300x225.jpg\" srcset=\"https:\/\/fajnerejsy.pl\/wp-content\/uploads\/2022\/06\/20220603_110428-300x225.jpg 300w, https:\/\/fajnerejsy.pl\/wp-content\/uploads\/2022\/06\/20220603_110428-1024x768.jpg 1024w\" sizes=\"(min-width: 1200px) 275px, (min-width: 992px) 226px, (min-width: 768px) 172px, calc(50vw - 15px)\"><\/a><a href=\"https:\/\/fajnerejsy.pl\/wp-content\/uploads\/2022\/06\/20220603_110855.jpg\" class=\"shaka-gallery__item\"><img decoding=\"async\" src=\"https:\/\/fajnerejsy.pl\/wp-content\/uploads\/2022\/06\/20220603_110855-300x225.jpg\" srcset=\"https:\/\/fajnerejsy.pl\/wp-content\/uploads\/2022\/06\/20220603_110855-300x225.jpg 300w, https:\/\/fajnerejsy.pl\/wp-content\/uploads\/2022\/06\/20220603_110855-1024x768.jpg 1024w\" sizes=\"(min-width: 1200px) 275px, (min-width: 992px) 226px, (min-width: 768px) 172px, calc(50vw - 15px)\"><\/a><a href=\"https:\/\/fajnerejsy.pl\/wp-content\/uploads\/2022\/06\/20220603_125418.jpg\" class=\"shaka-gallery__item\"><img decoding=\"async\" src=\"https:\/\/fajnerejsy.pl\/wp-content\/uploads\/2022\/06\/20220603_125418-300x225.jpg\" srcset=\"https:\/\/fajnerejsy.pl\/wp-content\/uploads\/2022\/06\/20220603_125418-300x225.jpg 300w, https:\/\/fajnerejsy.pl\/wp-content\/uploads\/2022\/06\/20220603_125418-1024x768.jpg 1024w\" sizes=\"(min-width: 1200px) 275px, (min-width: 992px) 226px, (min-width: 768px) 172px, calc(50vw - 15px)\"><\/a><a href=\"https:\/\/fajnerejsy.pl\/wp-content\/uploads\/2022\/06\/IMG_7507.jpg\" class=\"shaka-gallery__item\"><img decoding=\"async\" src=\"https:\/\/fajnerejsy.pl\/wp-content\/uploads\/2022\/06\/IMG_7507-300x225.jpg\" srcset=\"https:\/\/fajnerejsy.pl\/wp-content\/uploads\/2022\/06\/IMG_7507-300x225.jpg 300w, https:\/\/fajnerejsy.pl\/wp-content\/uploads\/2022\/06\/IMG_7507.jpg 836w\" sizes=\"(min-width: 1200px) 275px, (min-width: 992px) 226px, (min-width: 768px) 172px, calc(50vw - 15px)\"><\/a><a href=\"https:\/\/fajnerejsy.pl\/wp-content\/uploads\/2022\/06\/IMG_7545.jpg\" class=\"shaka-gallery__item\"><img decoding=\"async\" src=\"https:\/\/fajnerejsy.pl\/wp-content\/uploads\/2022\/06\/IMG_7545-300x225.jpg\" srcset=\"https:\/\/fajnerejsy.pl\/wp-content\/uploads\/2022\/06\/IMG_7545-300x225.jpg 300w, https:\/\/fajnerejsy.pl\/wp-content\/uploads\/2022\/06\/IMG_7545.jpg 836w\" sizes=\"(min-width: 1200px) 275px, (min-width: 992px) 226px, (min-width: 768px) 172px, calc(50vw - 15px)\"><\/a><a href=\"https:\/\/fajnerejsy.pl\/wp-content\/uploads\/2022\/06\/IMG_7557.jpg\" class=\"shaka-gallery__item\"><img decoding=\"async\" src=\"https:\/\/fajnerejsy.pl\/wp-content\/uploads\/2022\/06\/IMG_7557-300x225.jpg\" srcset=\"https:\/\/fajnerejsy.pl\/wp-content\/uploads\/2022\/06\/IMG_7557-300x225.jpg 300w, https:\/\/fajnerejsy.pl\/wp-content\/uploads\/2022\/06\/IMG_7557.jpg 836w\" sizes=\"(min-width: 1200px) 275px, (min-width: 992px) 226px, (min-width: 768px) 172px, calc(50vw - 15px)\"><\/a><a href=\"https:\/\/fajnerejsy.pl\/wp-content\/uploads\/2022\/06\/IMG_76921.jpg\" class=\"shaka-gallery__item\"><img decoding=\"async\" src=\"https:\/\/fajnerejsy.pl\/wp-content\/uploads\/2022\/06\/IMG_76921-300x225.jpg\" srcset=\"https:\/\/fajnerejsy.pl\/wp-content\/uploads\/2022\/06\/IMG_76921-300x225.jpg 300w, https:\/\/fajnerejsy.pl\/wp-content\/uploads\/2022\/06\/IMG_76921.jpg 823w\" sizes=\"(min-width: 1200px) 275px, (min-width: 992px) 226px, (min-width: 768px) 172px, calc(50vw - 15px)\"><\/a><a href=\"https:\/\/fajnerejsy.pl\/wp-content\/uploads\/2022\/06\/IMG_7704.jpg\" class=\"shaka-gallery__item\"><img decoding=\"async\" src=\"https:\/\/fajnerejsy.pl\/wp-content\/uploads\/2022\/06\/IMG_7704-300x225.jpg\" srcset=\"https:\/\/fajnerejsy.pl\/wp-content\/uploads\/2022\/06\/IMG_7704-300x225.jpg 300w, https:\/\/fajnerejsy.pl\/wp-content\/uploads\/2022\/06\/IMG_7704.jpg 836w\" sizes=\"(min-width: 1200px) 275px, (min-width: 992px) 226px, (min-width: 768px) 172px, calc(50vw - 15px)\"><\/a><a href=\"https:\/\/fajnerejsy.pl\/wp-content\/uploads\/2022\/06\/IMG_7756.jpg\" class=\"shaka-gallery__item\"><img decoding=\"async\" src=\"https:\/\/fajnerejsy.pl\/wp-content\/uploads\/2022\/06\/IMG_7756-300x225.jpg\" srcset=\"https:\/\/fajnerejsy.pl\/wp-content\/uploads\/2022\/06\/IMG_7756-300x225.jpg 300w, https:\/\/fajnerejsy.pl\/wp-content\/uploads\/2022\/06\/IMG_7756.jpg 836w\" sizes=\"(min-width: 1200px) 275px, (min-width: 992px) 226px, (min-width: 768px) 172px, calc(50vw - 15px)\"><\/a><a href=\"https:\/\/fajnerejsy.pl\/wp-content\/uploads\/2022\/06\/IMG_20220530_092211.jpg\" class=\"shaka-gallery__item\"><img decoding=\"async\" src=\"https:\/\/fajnerejsy.pl\/wp-content\/uploads\/2022\/06\/IMG_20220530_092211-300x210.jpg\" srcset=\"https:\/\/fajnerejsy.pl\/wp-content\/uploads\/2022\/06\/IMG_20220530_092211-300x210.jpg 300w, https:\/\/fajnerejsy.pl\/wp-content\/uploads\/2022\/06\/IMG_20220530_092211-1024x718.jpg 1024w\" sizes=\"(min-width: 1200px) 275px, (min-width: 992px) 226px, (min-width: 768px) 172px, calc(50vw - 15px)\"><\/a><\/div><\/p>\n<\/div>\n<\/div><\/div><\/div><\/div><\/div>","protected":false},"excerpt":{"rendered":"","protected":false},"author":1,"featured_media":3657,"parent":2762,"menu_order":0,"comment_status":"closed","ping_status":"closed","template":"","meta":{"_acf_changed":false,"footnotes":""},"class_list":["post-3723","page","type-page","status-publish","has-post-thumbnail","hentry","clearfix"],"acf":[],"yoast_head":"<!-- This site is optimized with the Yoast SEO Premium plugin v26.7 (Yoast SEO v26.7) - https:\/\/yoast.com\/wordpress\/plugins\/seo\/ -->\n<title>Karlskrona - Gda\u0144sk 2022 | wspomnienia z rejs\u00f3w - Fajnerejsy.pl<\/title>\n<meta name=\"description\" content=\"Wspomnienia z ostatniego z trzech tygodni wiosennego rejsu po Ba\u0142tyku. Odcinek ze szwedzkiej Karlskrony do Gda\u0144ska.\" \/>\n<meta name=\"robots\" content=\"index, follow, max-snippet:-1, max-image-preview:large, max-video-preview:-1\" \/>\n<link rel=\"canonical\" href=\"https:\/\/fajnerejsy.pl\/en\/wspomnienia\/karlskrona-gdansk-2022\/\" \/>\n<meta property=\"og:locale\" content=\"en_US\" \/>\n<meta property=\"og:type\" content=\"article\" \/>\n<meta property=\"og:title\" content=\"Karlskrona - Gda\u0144sk 2022\" \/>\n<meta property=\"og:description\" content=\"Wspomnienia z ostatniego z trzech tygodni wiosennego rejsu po Ba\u0142tyku. Odcinek ze szwedzkiej Karlskrony do Gda\u0144ska.\" \/>\n<meta property=\"og:url\" content=\"https:\/\/fajnerejsy.pl\/en\/wspomnienia\/karlskrona-gdansk-2022\/\" \/>\n<meta property=\"og:site_name\" content=\"Fajnerejsy.pl\" \/>\n<meta property=\"article:publisher\" content=\"https:\/\/www.facebook.com\/Fajnerejsy\" \/>\n<meta property=\"article:modified_time\" content=\"2022-06-10T09:08:55+00:00\" \/>\n<meta property=\"og:image\" content=\"https:\/\/fajnerejsy.pl\/wp-content\/uploads\/2022\/06\/20220518_124742-1.jpg\" \/>\n\t<meta property=\"og:image:width\" content=\"2000\" \/>\n\t<meta property=\"og:image:height\" content=\"1500\" \/>\n\t<meta property=\"og:image:type\" content=\"image\/jpeg\" \/>\n<meta name=\"twitter:card\" content=\"summary_large_image\" \/>\n<meta name=\"twitter:label1\" content=\"Est. reading time\" \/>\n\t<meta name=\"twitter:data1\" content=\"1 minute\" \/>\n<script type=\"application\/ld+json\" class=\"yoast-schema-graph\">{\"@context\":\"https:\/\/schema.org\",\"@graph\":[{\"@type\":\"WebPage\",\"@id\":\"https:\/\/fajnerejsy.pl\/wspomnienia\/karlskrona-gdansk-2022\/\",\"url\":\"https:\/\/fajnerejsy.pl\/wspomnienia\/karlskrona-gdansk-2022\/\",\"name\":\"Karlskrona - Gda\u0144sk 2022 | wspomnienia z rejs\u00f3w - Fajnerejsy.pl\",\"isPartOf\":{\"@id\":\"https:\/\/fajnerejsy.pl\/#website\"},\"primaryImageOfPage\":{\"@id\":\"https:\/\/fajnerejsy.pl\/wspomnienia\/karlskrona-gdansk-2022\/#primaryimage\"},\"image\":{\"@id\":\"https:\/\/fajnerejsy.pl\/wspomnienia\/karlskrona-gdansk-2022\/#primaryimage\"},\"thumbnailUrl\":\"https:\/\/fajnerejsy.pl\/wp-content\/uploads\/2022\/06\/20220518_124742-1.jpg\",\"datePublished\":\"2022-06-10T09:07:35+00:00\",\"dateModified\":\"2022-06-10T09:08:55+00:00\",\"description\":\"Wspomnienia z ostatniego z trzech tygodni wiosennego rejsu po Ba\u0142tyku. Odcinek ze szwedzkiej Karlskrony do Gda\u0144ska.\",\"breadcrumb\":{\"@id\":\"https:\/\/fajnerejsy.pl\/wspomnienia\/karlskrona-gdansk-2022\/#breadcrumb\"},\"inLanguage\":\"en-US\",\"potentialAction\":[{\"@type\":\"ReadAction\",\"target\":[\"https:\/\/fajnerejsy.pl\/wspomnienia\/karlskrona-gdansk-2022\/\"]}]},{\"@type\":\"ImageObject\",\"inLanguage\":\"en-US\",\"@id\":\"https:\/\/fajnerejsy.pl\/wspomnienia\/karlskrona-gdansk-2022\/#primaryimage\",\"url\":\"https:\/\/fajnerejsy.pl\/wp-content\/uploads\/2022\/06\/20220518_124742-1.jpg\",\"contentUrl\":\"https:\/\/fajnerejsy.pl\/wp-content\/uploads\/2022\/06\/20220518_124742-1.jpg\",\"width\":2000,\"height\":1500,\"caption\":\"jacek mirczak fajnerejsy\"},{\"@type\":\"BreadcrumbList\",\"@id\":\"https:\/\/fajnerejsy.pl\/wspomnienia\/karlskrona-gdansk-2022\/#breadcrumb\",\"itemListElement\":[{\"@type\":\"ListItem\",\"position\":1,\"name\":\"Home\",\"item\":\"https:\/\/fajnerejsy.pl\/\"},{\"@type\":\"ListItem\",\"position\":2,\"name\":\"Wspomnienia\",\"item\":\"https:\/\/fajnerejsy.pl\/wspomnienia\/\"},{\"@type\":\"ListItem\",\"position\":3,\"name\":\"Karlskrona &#8211; Gda\u0144sk 2022\"}]},{\"@type\":\"WebSite\",\"@id\":\"https:\/\/fajnerejsy.pl\/#website\",\"url\":\"https:\/\/fajnerejsy.pl\/\",\"name\":\"Fajnerejsy.pl\",\"description\":\"\",\"publisher\":{\"@id\":\"https:\/\/fajnerejsy.pl\/#organization\"},\"potentialAction\":[{\"@type\":\"SearchAction\",\"target\":{\"@type\":\"EntryPoint\",\"urlTemplate\":\"https:\/\/fajnerejsy.pl\/?s={search_term_string}\"},\"query-input\":{\"@type\":\"PropertyValueSpecification\",\"valueRequired\":true,\"valueName\":\"search_term_string\"}}],\"inLanguage\":\"en-US\"},{\"@type\":\"Organization\",\"@id\":\"https:\/\/fajnerejsy.pl\/#organization\",\"name\":\"FAJNEREJSY\",\"url\":\"https:\/\/fajnerejsy.pl\/\",\"logo\":{\"@type\":\"ImageObject\",\"inLanguage\":\"en-US\",\"@id\":\"https:\/\/fajnerejsy.pl\/#\/schema\/logo\/image\/\",\"url\":\"http:\/\/fajnerejsy.pl\/wp-content\/uploads\/2020\/11\/fajnerejsy-logo-rgb-www1.png\",\"contentUrl\":\"http:\/\/fajnerejsy.pl\/wp-content\/uploads\/2020\/11\/fajnerejsy-logo-rgb-www1.png\",\"width\":235,\"height\":50,\"caption\":\"FAJNEREJSY\"},\"image\":{\"@id\":\"https:\/\/fajnerejsy.pl\/#\/schema\/logo\/image\/\"},\"sameAs\":[\"https:\/\/www.facebook.com\/Fajnerejsy\",\"https:\/\/www.instagram.com\/fajnerejsy.pl\/\",\"https:\/\/www.youtube.com\/JacekMirczak\"]}]}<\/script>\n<!-- \/ Yoast SEO Premium plugin. -->","yoast_head_json":{"title":"Karlskrona - Gda\u0144sk 2022 | wspomnienia z rejs\u00f3w - Fajnerejsy.pl","description":"Wspomnienia z ostatniego z trzech tygodni wiosennego rejsu po Ba\u0142tyku. Odcinek ze szwedzkiej Karlskrony do Gda\u0144ska.","robots":{"index":"index","follow":"follow","max-snippet":"max-snippet:-1","max-image-preview":"max-image-preview:large","max-video-preview":"max-video-preview:-1"},"canonical":"https:\/\/fajnerejsy.pl\/en\/wspomnienia\/karlskrona-gdansk-2022\/","og_locale":"en_US","og_type":"article","og_title":"Karlskrona - Gda\u0144sk 2022","og_description":"Wspomnienia z ostatniego z trzech tygodni wiosennego rejsu po Ba\u0142tyku. Odcinek ze szwedzkiej Karlskrony do Gda\u0144ska.","og_url":"https:\/\/fajnerejsy.pl\/en\/wspomnienia\/karlskrona-gdansk-2022\/","og_site_name":"Fajnerejsy.pl","article_publisher":"https:\/\/www.facebook.com\/Fajnerejsy","article_modified_time":"2022-06-10T09:08:55+00:00","og_image":[{"width":2000,"height":1500,"url":"https:\/\/fajnerejsy.pl\/wp-content\/uploads\/2022\/06\/20220518_124742-1.jpg","type":"image\/jpeg"}],"twitter_card":"summary_large_image","twitter_misc":{"Est. reading time":"1 minute"},"schema":{"@context":"https:\/\/schema.org","@graph":[{"@type":"WebPage","@id":"https:\/\/fajnerejsy.pl\/wspomnienia\/karlskrona-gdansk-2022\/","url":"https:\/\/fajnerejsy.pl\/wspomnienia\/karlskrona-gdansk-2022\/","name":"Karlskrona - Gda\u0144sk 2022 | wspomnienia z rejs\u00f3w - Fajnerejsy.pl","isPartOf":{"@id":"https:\/\/fajnerejsy.pl\/#website"},"primaryImageOfPage":{"@id":"https:\/\/fajnerejsy.pl\/wspomnienia\/karlskrona-gdansk-2022\/#primaryimage"},"image":{"@id":"https:\/\/fajnerejsy.pl\/wspomnienia\/karlskrona-gdansk-2022\/#primaryimage"},"thumbnailUrl":"https:\/\/fajnerejsy.pl\/wp-content\/uploads\/2022\/06\/20220518_124742-1.jpg","datePublished":"2022-06-10T09:07:35+00:00","dateModified":"2022-06-10T09:08:55+00:00","description":"Wspomnienia z ostatniego z trzech tygodni wiosennego rejsu po Ba\u0142tyku. Odcinek ze szwedzkiej Karlskrony do Gda\u0144ska.","breadcrumb":{"@id":"https:\/\/fajnerejsy.pl\/wspomnienia\/karlskrona-gdansk-2022\/#breadcrumb"},"inLanguage":"en-US","potentialAction":[{"@type":"ReadAction","target":["https:\/\/fajnerejsy.pl\/wspomnienia\/karlskrona-gdansk-2022\/"]}]},{"@type":"ImageObject","inLanguage":"en-US","@id":"https:\/\/fajnerejsy.pl\/wspomnienia\/karlskrona-gdansk-2022\/#primaryimage","url":"https:\/\/fajnerejsy.pl\/wp-content\/uploads\/2022\/06\/20220518_124742-1.jpg","contentUrl":"https:\/\/fajnerejsy.pl\/wp-content\/uploads\/2022\/06\/20220518_124742-1.jpg","width":2000,"height":1500,"caption":"jacek mirczak fajnerejsy"},{"@type":"BreadcrumbList","@id":"https:\/\/fajnerejsy.pl\/wspomnienia\/karlskrona-gdansk-2022\/#breadcrumb","itemListElement":[{"@type":"ListItem","position":1,"name":"Home","item":"https:\/\/fajnerejsy.pl\/"},{"@type":"ListItem","position":2,"name":"Wspomnienia","item":"https:\/\/fajnerejsy.pl\/wspomnienia\/"},{"@type":"ListItem","position":3,"name":"Karlskrona &#8211; Gda\u0144sk 2022"}]},{"@type":"WebSite","@id":"https:\/\/fajnerejsy.pl\/#website","url":"https:\/\/fajnerejsy.pl\/","name":"Fajnerejsy.pl","description":"","publisher":{"@id":"https:\/\/fajnerejsy.pl\/#organization"},"potentialAction":[{"@type":"SearchAction","target":{"@type":"EntryPoint","urlTemplate":"https:\/\/fajnerejsy.pl\/?s={search_term_string}"},"query-input":{"@type":"PropertyValueSpecification","valueRequired":true,"valueName":"search_term_string"}}],"inLanguage":"en-US"},{"@type":"Organization","@id":"https:\/\/fajnerejsy.pl\/#organization","name":"FAJNEREJSY","url":"https:\/\/fajnerejsy.pl\/","logo":{"@type":"ImageObject","inLanguage":"en-US","@id":"https:\/\/fajnerejsy.pl\/#\/schema\/logo\/image\/","url":"http:\/\/fajnerejsy.pl\/wp-content\/uploads\/2020\/11\/fajnerejsy-logo-rgb-www1.png","contentUrl":"http:\/\/fajnerejsy.pl\/wp-content\/uploads\/2020\/11\/fajnerejsy-logo-rgb-www1.png","width":235,"height":50,"caption":"FAJNEREJSY"},"image":{"@id":"https:\/\/fajnerejsy.pl\/#\/schema\/logo\/image\/"},"sameAs":["https:\/\/www.facebook.com\/Fajnerejsy","https:\/\/www.instagram.com\/fajnerejsy.pl\/","https:\/\/www.youtube.com\/JacekMirczak"]}]}},"_links":{"self":[{"href":"http:\/\/fajnerejsy.pl\/en\/wp-json\/wp\/v2\/pages\/3723","targetHints":{"allow":["GET"]}}],"collection":[{"href":"http:\/\/fajnerejsy.pl\/en\/wp-json\/wp\/v2\/pages"}],"about":[{"href":"http:\/\/fajnerejsy.pl\/en\/wp-json\/wp\/v2\/types\/page"}],"author":[{"embeddable":true,"href":"http:\/\/fajnerejsy.pl\/en\/wp-json\/wp\/v2\/users\/1"}],"replies":[{"embeddable":true,"href":"http:\/\/fajnerejsy.pl\/en\/wp-json\/wp\/v2\/comments?post=3723"}],"version-history":[{"count":3,"href":"http:\/\/fajnerejsy.pl\/en\/wp-json\/wp\/v2\/pages\/3723\/revisions"}],"predecessor-version":[{"id":3752,"href":"http:\/\/fajnerejsy.pl\/en\/wp-json\/wp\/v2\/pages\/3723\/revisions\/3752"}],"up":[{"embeddable":true,"href":"http:\/\/fajnerejsy.pl\/en\/wp-json\/wp\/v2\/pages\/2762"}],"wp:featuredmedia":[{"embeddable":true,"href":"http:\/\/fajnerejsy.pl\/en\/wp-json\/wp\/v2\/media\/3657"}],"wp:attachment":[{"href":"http:\/\/fajnerejsy.pl\/en\/wp-json\/wp\/v2\/media?parent=3723"}],"curies":[{"name":"wp","href":"https:\/\/api.w.org\/{rel}","templated":true}]}}