{"id":3685,"date":"2022-06-10T08:27:47","date_gmt":"2022-06-10T08:27:47","guid":{"rendered":"https:\/\/fajnerejsy.pl\/?page_id=3685"},"modified":"2022-06-10T08:27:47","modified_gmt":"2022-06-10T08:27:47","slug":"kolobrzeg-karlskrona-2022","status":"publish","type":"page","link":"http:\/\/fajnerejsy.pl\/en\/wspomnienia\/kolobrzeg-karlskrona-2022\/","title":{"rendered":"Ko\u0142obrzeg &#8211; Karlskrona 2022"},"content":{"rendered":"<div id=\"pl-3685\"  class=\"panel-layout\" ><div id=\"pg-3685-0\"  class=\"panel-grid panel-no-style\" ><div id=\"pgc-3685-0-0\"  class=\"panel-grid-cell\" ><div id=\"panel-3685-0-0-0\" class=\"so-panel widget widget_sow-editor panel-first-child panel-last-child\" data-index=\"0\" ><div\n\t\t\t\n\t\t\tclass=\"so-widget-sow-editor so-widget-sow-editor-base\"\n\t\t\t\n\t\t>\n<div class=\"siteorigin-widget-tinymce textwidget\">\n\t<p><div class=\"shaka-gallery beauy-galleryid-3685\" data-featherlight-gallery data-featherlight-filter=\"a\"><a href=\"https:\/\/fajnerejsy.pl\/wp-content\/uploads\/2022\/06\/20220524_090451.jpg\" class=\"shaka-gallery__item\"><img decoding=\"async\" src=\"https:\/\/fajnerejsy.pl\/wp-content\/uploads\/2022\/06\/20220524_090451-300x225.jpg\" srcset=\"https:\/\/fajnerejsy.pl\/wp-content\/uploads\/2022\/06\/20220524_090451-300x225.jpg 300w, https:\/\/fajnerejsy.pl\/wp-content\/uploads\/2022\/06\/20220524_090451-1024x768.jpg 1024w\" sizes=\"(min-width: 1200px) 275px, (min-width: 992px) 226px, (min-width: 768px) 172px, calc(50vw - 15px)\"><\/a><a href=\"https:\/\/fajnerejsy.pl\/wp-content\/uploads\/2022\/06\/20220522_195548.jpg\" class=\"shaka-gallery__item\"><img decoding=\"async\" src=\"https:\/\/fajnerejsy.pl\/wp-content\/uploads\/2022\/06\/20220522_195548-300x225.jpg\" srcset=\"https:\/\/fajnerejsy.pl\/wp-content\/uploads\/2022\/06\/20220522_195548-300x225.jpg 300w, https:\/\/fajnerejsy.pl\/wp-content\/uploads\/2022\/06\/20220522_195548-1024x768.jpg 1024w\" sizes=\"(min-width: 1200px) 275px, (min-width: 992px) 226px, (min-width: 768px) 172px, calc(50vw - 15px)\"><\/a><a href=\"https:\/\/fajnerejsy.pl\/wp-content\/uploads\/2022\/06\/20220521_141434.jpg\" class=\"shaka-gallery__item\"><img decoding=\"async\" src=\"https:\/\/fajnerejsy.pl\/wp-content\/uploads\/2022\/06\/20220521_141434-300x225.jpg\" srcset=\"https:\/\/fajnerejsy.pl\/wp-content\/uploads\/2022\/06\/20220521_141434-300x225.jpg 300w, https:\/\/fajnerejsy.pl\/wp-content\/uploads\/2022\/06\/20220521_141434-1024x768.jpg 1024w\" sizes=\"(min-width: 1200px) 275px, (min-width: 992px) 226px, (min-width: 768px) 172px, calc(50vw - 15px)\"><\/a><a href=\"https:\/\/fajnerejsy.pl\/wp-content\/uploads\/2022\/06\/20220522_155451.jpg\" class=\"shaka-gallery__item\"><img decoding=\"async\" src=\"https:\/\/fajnerejsy.pl\/wp-content\/uploads\/2022\/06\/20220522_155451-300x225.jpg\" srcset=\"https:\/\/fajnerejsy.pl\/wp-content\/uploads\/2022\/06\/20220522_155451-300x225.jpg 300w, https:\/\/fajnerejsy.pl\/wp-content\/uploads\/2022\/06\/20220522_155451-1024x768.jpg 1024w\" sizes=\"(min-width: 1200px) 275px, (min-width: 992px) 226px, (min-width: 768px) 172px, calc(50vw - 15px)\"><\/a><a href=\"https:\/\/fajnerejsy.pl\/wp-content\/uploads\/2022\/06\/20220522_192222.jpg\" class=\"shaka-gallery__item\"><img decoding=\"async\" src=\"https:\/\/fajnerejsy.pl\/wp-content\/uploads\/2022\/06\/20220522_192222-221x300.jpg\" srcset=\"https:\/\/fajnerejsy.pl\/wp-content\/uploads\/2022\/06\/20220522_192222-221x300.jpg 221w, https:\/\/fajnerejsy.pl\/wp-content\/uploads\/2022\/06\/20220522_192222-754x1024.jpg 754w\" sizes=\"(min-width: 1200px) 275px, (min-width: 992px) 226px, (min-width: 768px) 172px, calc(50vw - 15px)\"><\/a><a href=\"https:\/\/fajnerejsy.pl\/wp-content\/uploads\/2022\/06\/20220523_072015.jpg\" class=\"shaka-gallery__item\"><img decoding=\"async\" src=\"https:\/\/fajnerejsy.pl\/wp-content\/uploads\/2022\/06\/20220523_072015-300x225.jpg\" srcset=\"https:\/\/fajnerejsy.pl\/wp-content\/uploads\/2022\/06\/20220523_072015-300x225.jpg 300w, https:\/\/fajnerejsy.pl\/wp-content\/uploads\/2022\/06\/20220523_072015-1024x768.jpg 1024w\" sizes=\"(min-width: 1200px) 275px, (min-width: 992px) 226px, (min-width: 768px) 172px, calc(50vw - 15px)\"><\/a><a href=\"https:\/\/fajnerejsy.pl\/wp-content\/uploads\/2022\/06\/20220523_102801.jpg\" class=\"shaka-gallery__item\"><img decoding=\"async\" src=\"https:\/\/fajnerejsy.pl\/wp-content\/uploads\/2022\/06\/20220523_102801-300x225.jpg\" srcset=\"https:\/\/fajnerejsy.pl\/wp-content\/uploads\/2022\/06\/20220523_102801-300x225.jpg 300w, https:\/\/fajnerejsy.pl\/wp-content\/uploads\/2022\/06\/20220523_102801-1024x768.jpg 1024w\" sizes=\"(min-width: 1200px) 275px, (min-width: 992px) 226px, (min-width: 768px) 172px, calc(50vw - 15px)\"><\/a><a href=\"https:\/\/fajnerejsy.pl\/wp-content\/uploads\/2022\/06\/20220523_103124.jpg\" class=\"shaka-gallery__item\"><img decoding=\"async\" src=\"https:\/\/fajnerejsy.pl\/wp-content\/uploads\/2022\/06\/20220523_103124-300x225.jpg\" srcset=\"https:\/\/fajnerejsy.pl\/wp-content\/uploads\/2022\/06\/20220523_103124-300x225.jpg 300w, https:\/\/fajnerejsy.pl\/wp-content\/uploads\/2022\/06\/20220523_103124-1024x768.jpg 1024w\" sizes=\"(min-width: 1200px) 275px, (min-width: 992px) 226px, (min-width: 768px) 172px, calc(50vw - 15px)\"><\/a><a href=\"https:\/\/fajnerejsy.pl\/wp-content\/uploads\/2022\/06\/20220523_180125.jpg\" class=\"shaka-gallery__item\"><img decoding=\"async\" src=\"https:\/\/fajnerejsy.pl\/wp-content\/uploads\/2022\/06\/20220523_180125-225x300.jpg\" srcset=\"https:\/\/fajnerejsy.pl\/wp-content\/uploads\/2022\/06\/20220523_180125-225x300.jpg 225w, https:\/\/fajnerejsy.pl\/wp-content\/uploads\/2022\/06\/20220523_180125-768x1024.jpg 768w\" sizes=\"(min-width: 1200px) 275px, (min-width: 992px) 226px, (min-width: 768px) 172px, calc(50vw - 15px)\"><\/a><a href=\"https:\/\/fajnerejsy.pl\/wp-content\/uploads\/2022\/06\/20220524_184829.jpg\" class=\"shaka-gallery__item\"><img decoding=\"async\" src=\"https:\/\/fajnerejsy.pl\/wp-content\/uploads\/2022\/06\/20220524_184829-300x225.jpg\" srcset=\"https:\/\/fajnerejsy.pl\/wp-content\/uploads\/2022\/06\/20220524_184829-300x225.jpg 300w, https:\/\/fajnerejsy.pl\/wp-content\/uploads\/2022\/06\/20220524_184829-1024x768.jpg 1024w\" sizes=\"(min-width: 1200px) 275px, (min-width: 992px) 226px, (min-width: 768px) 172px, calc(50vw - 15px)\"><\/a><a href=\"https:\/\/fajnerejsy.pl\/wp-content\/uploads\/2022\/06\/20220525_074503.jpg\" class=\"shaka-gallery__item\"><img decoding=\"async\" src=\"https:\/\/fajnerejsy.pl\/wp-content\/uploads\/2022\/06\/20220525_074503-300x225.jpg\" srcset=\"https:\/\/fajnerejsy.pl\/wp-content\/uploads\/2022\/06\/20220525_074503-300x225.jpg 300w, https:\/\/fajnerejsy.pl\/wp-content\/uploads\/2022\/06\/20220525_074503-1024x768.jpg 1024w\" sizes=\"(min-width: 1200px) 275px, (min-width: 992px) 226px, (min-width: 768px) 172px, calc(50vw - 15px)\"><\/a><a href=\"https:\/\/fajnerejsy.pl\/wp-content\/uploads\/2022\/06\/20220525_074604.jpg\" class=\"shaka-gallery__item\"><img decoding=\"async\" src=\"https:\/\/fajnerejsy.pl\/wp-content\/uploads\/2022\/06\/20220525_074604-300x225.jpg\" srcset=\"https:\/\/fajnerejsy.pl\/wp-content\/uploads\/2022\/06\/20220525_074604-300x225.jpg 300w, https:\/\/fajnerejsy.pl\/wp-content\/uploads\/2022\/06\/20220525_074604-1024x768.jpg 1024w\" sizes=\"(min-width: 1200px) 275px, (min-width: 992px) 226px, (min-width: 768px) 172px, calc(50vw - 15px)\"><\/a><a href=\"https:\/\/fajnerejsy.pl\/wp-content\/uploads\/2022\/06\/20220525_075503.jpg\" class=\"shaka-gallery__item\"><img decoding=\"async\" src=\"https:\/\/fajnerejsy.pl\/wp-content\/uploads\/2022\/06\/20220525_075503-300x225.jpg\" srcset=\"https:\/\/fajnerejsy.pl\/wp-content\/uploads\/2022\/06\/20220525_075503-300x225.jpg 300w, https:\/\/fajnerejsy.pl\/wp-content\/uploads\/2022\/06\/20220525_075503-1024x768.jpg 1024w\" sizes=\"(min-width: 1200px) 275px, (min-width: 992px) 226px, (min-width: 768px) 172px, calc(50vw - 15px)\"><\/a><a href=\"https:\/\/fajnerejsy.pl\/wp-content\/uploads\/2022\/06\/20220525_081318.jpg\" class=\"shaka-gallery__item\"><img decoding=\"async\" src=\"https:\/\/fajnerejsy.pl\/wp-content\/uploads\/2022\/06\/20220525_081318-300x225.jpg\" srcset=\"https:\/\/fajnerejsy.pl\/wp-content\/uploads\/2022\/06\/20220525_081318-300x225.jpg 300w, https:\/\/fajnerejsy.pl\/wp-content\/uploads\/2022\/06\/20220525_081318-1024x768.jpg 1024w\" sizes=\"(min-width: 1200px) 275px, (min-width: 992px) 226px, (min-width: 768px) 172px, calc(50vw - 15px)\"><\/a><a href=\"https:\/\/fajnerejsy.pl\/wp-content\/uploads\/2022\/06\/20220525_081510.jpg\" class=\"shaka-gallery__item\"><img decoding=\"async\" src=\"https:\/\/fajnerejsy.pl\/wp-content\/uploads\/2022\/06\/20220525_081510-300x225.jpg\" srcset=\"https:\/\/fajnerejsy.pl\/wp-content\/uploads\/2022\/06\/20220525_081510-300x225.jpg 300w, https:\/\/fajnerejsy.pl\/wp-content\/uploads\/2022\/06\/20220525_081510-1024x768.jpg 1024w\" sizes=\"(min-width: 1200px) 275px, (min-width: 992px) 226px, (min-width: 768px) 172px, calc(50vw - 15px)\"><\/a><a href=\"https:\/\/fajnerejsy.pl\/wp-content\/uploads\/2022\/06\/20220525_134618.jpg\" class=\"shaka-gallery__item\"><img decoding=\"async\" src=\"https:\/\/fajnerejsy.pl\/wp-content\/uploads\/2022\/06\/20220525_134618-300x222.jpg\" srcset=\"https:\/\/fajnerejsy.pl\/wp-content\/uploads\/2022\/06\/20220525_134618-300x222.jpg 300w, https:\/\/fajnerejsy.pl\/wp-content\/uploads\/2022\/06\/20220525_134618-1024x757.jpg 1024w\" sizes=\"(min-width: 1200px) 275px, (min-width: 992px) 226px, (min-width: 768px) 172px, calc(50vw - 15px)\"><\/a><a href=\"https:\/\/fajnerejsy.pl\/wp-content\/uploads\/2022\/06\/20220525_152955.jpg\" class=\"shaka-gallery__item\"><img decoding=\"async\" src=\"https:\/\/fajnerejsy.pl\/wp-content\/uploads\/2022\/06\/20220525_152955-300x225.jpg\" srcset=\"https:\/\/fajnerejsy.pl\/wp-content\/uploads\/2022\/06\/20220525_152955-300x225.jpg 300w, https:\/\/fajnerejsy.pl\/wp-content\/uploads\/2022\/06\/20220525_152955-1024x768.jpg 1024w\" sizes=\"(min-width: 1200px) 275px, (min-width: 992px) 226px, (min-width: 768px) 172px, calc(50vw - 15px)\"><\/a><a href=\"https:\/\/fajnerejsy.pl\/wp-content\/uploads\/2022\/06\/20220526_080722.jpg\" class=\"shaka-gallery__item\"><img decoding=\"async\" src=\"https:\/\/fajnerejsy.pl\/wp-content\/uploads\/2022\/06\/20220526_080722-300x225.jpg\" srcset=\"https:\/\/fajnerejsy.pl\/wp-content\/uploads\/2022\/06\/20220526_080722-300x225.jpg 300w, https:\/\/fajnerejsy.pl\/wp-content\/uploads\/2022\/06\/20220526_080722-1024x768.jpg 1024w\" sizes=\"(min-width: 1200px) 275px, (min-width: 992px) 226px, (min-width: 768px) 172px, calc(50vw - 15px)\"><\/a><a href=\"https:\/\/fajnerejsy.pl\/wp-content\/uploads\/2022\/06\/20220526_110556.jpg\" class=\"shaka-gallery__item\"><img decoding=\"async\" src=\"https:\/\/fajnerejsy.pl\/wp-content\/uploads\/2022\/06\/20220526_110556-300x225.jpg\" srcset=\"https:\/\/fajnerejsy.pl\/wp-content\/uploads\/2022\/06\/20220526_110556-300x225.jpg 300w, https:\/\/fajnerejsy.pl\/wp-content\/uploads\/2022\/06\/20220526_110556-1024x768.jpg 1024w\" sizes=\"(min-width: 1200px) 275px, (min-width: 992px) 226px, (min-width: 768px) 172px, calc(50vw - 15px)\"><\/a><a href=\"https:\/\/fajnerejsy.pl\/wp-content\/uploads\/2022\/06\/20220526_111443.jpg\" class=\"shaka-gallery__item\"><img decoding=\"async\" src=\"https:\/\/fajnerejsy.pl\/wp-content\/uploads\/2022\/06\/20220526_111443-300x225.jpg\" srcset=\"https:\/\/fajnerejsy.pl\/wp-content\/uploads\/2022\/06\/20220526_111443-300x225.jpg 300w, https:\/\/fajnerejsy.pl\/wp-content\/uploads\/2022\/06\/20220526_111443-1024x768.jpg 1024w\" sizes=\"(min-width: 1200px) 275px, (min-width: 992px) 226px, (min-width: 768px) 172px, calc(50vw - 15px)\"><\/a><a href=\"https:\/\/fajnerejsy.pl\/wp-content\/uploads\/2022\/06\/20220526_113000.jpg\" class=\"shaka-gallery__item\"><img decoding=\"async\" src=\"https:\/\/fajnerejsy.pl\/wp-content\/uploads\/2022\/06\/20220526_113000-300x225.jpg\" srcset=\"https:\/\/fajnerejsy.pl\/wp-content\/uploads\/2022\/06\/20220526_113000-300x225.jpg 300w, https:\/\/fajnerejsy.pl\/wp-content\/uploads\/2022\/06\/20220526_113000-1024x768.jpg 1024w\" sizes=\"(min-width: 1200px) 275px, (min-width: 992px) 226px, (min-width: 768px) 172px, calc(50vw - 15px)\"><\/a><a href=\"https:\/\/fajnerejsy.pl\/wp-content\/uploads\/2022\/06\/20220526_121507.jpg\" class=\"shaka-gallery__item\"><img decoding=\"async\" src=\"https:\/\/fajnerejsy.pl\/wp-content\/uploads\/2022\/06\/20220526_121507-300x225.jpg\" srcset=\"https:\/\/fajnerejsy.pl\/wp-content\/uploads\/2022\/06\/20220526_121507-300x225.jpg 300w, https:\/\/fajnerejsy.pl\/wp-content\/uploads\/2022\/06\/20220526_121507-1024x768.jpg 1024w\" sizes=\"(min-width: 1200px) 275px, (min-width: 992px) 226px, (min-width: 768px) 172px, calc(50vw - 15px)\"><\/a><a href=\"https:\/\/fajnerejsy.pl\/wp-content\/uploads\/2022\/06\/20220526_125653.jpg\" class=\"shaka-gallery__item\"><img decoding=\"async\" src=\"https:\/\/fajnerejsy.pl\/wp-content\/uploads\/2022\/06\/20220526_125653-300x225.jpg\" srcset=\"https:\/\/fajnerejsy.pl\/wp-content\/uploads\/2022\/06\/20220526_125653-300x225.jpg 300w, https:\/\/fajnerejsy.pl\/wp-content\/uploads\/2022\/06\/20220526_125653-1024x768.jpg 1024w\" sizes=\"(min-width: 1200px) 275px, (min-width: 992px) 226px, (min-width: 768px) 172px, calc(50vw - 15px)\"><\/a><a href=\"https:\/\/fajnerejsy.pl\/wp-content\/uploads\/2022\/06\/20220526_131203.jpg\" class=\"shaka-gallery__item\"><img decoding=\"async\" src=\"https:\/\/fajnerejsy.pl\/wp-content\/uploads\/2022\/06\/20220526_131203-300x225.jpg\" srcset=\"https:\/\/fajnerejsy.pl\/wp-content\/uploads\/2022\/06\/20220526_131203-300x225.jpg 300w, https:\/\/fajnerejsy.pl\/wp-content\/uploads\/2022\/06\/20220526_131203-1024x768.jpg 1024w\" sizes=\"(min-width: 1200px) 275px, (min-width: 992px) 226px, (min-width: 768px) 172px, calc(50vw - 15px)\"><\/a><a href=\"https:\/\/fajnerejsy.pl\/wp-content\/uploads\/2022\/06\/20220526_133442.jpg\" class=\"shaka-gallery__item\"><img decoding=\"async\" src=\"https:\/\/fajnerejsy.pl\/wp-content\/uploads\/2022\/06\/20220526_133442-225x300.jpg\" srcset=\"https:\/\/fajnerejsy.pl\/wp-content\/uploads\/2022\/06\/20220526_133442-225x300.jpg 225w, https:\/\/fajnerejsy.pl\/wp-content\/uploads\/2022\/06\/20220526_133442-768x1024.jpg 768w\" sizes=\"(min-width: 1200px) 275px, (min-width: 992px) 226px, (min-width: 768px) 172px, calc(50vw - 15px)\"><\/a><a href=\"https:\/\/fajnerejsy.pl\/wp-content\/uploads\/2022\/06\/20220527_130722.jpg\" class=\"shaka-gallery__item\"><img decoding=\"async\" src=\"https:\/\/fajnerejsy.pl\/wp-content\/uploads\/2022\/06\/20220527_130722-300x225.jpg\" srcset=\"https:\/\/fajnerejsy.pl\/wp-content\/uploads\/2022\/06\/20220527_130722-300x225.jpg 300w, https:\/\/fajnerejsy.pl\/wp-content\/uploads\/2022\/06\/20220527_130722-1024x768.jpg 1024w\" sizes=\"(min-width: 1200px) 275px, (min-width: 992px) 226px, (min-width: 768px) 172px, calc(50vw - 15px)\"><\/a><a href=\"https:\/\/fajnerejsy.pl\/wp-content\/uploads\/2022\/06\/20220527_131636.jpg\" class=\"shaka-gallery__item\"><img decoding=\"async\" src=\"https:\/\/fajnerejsy.pl\/wp-content\/uploads\/2022\/06\/20220527_131636-300x225.jpg\" srcset=\"https:\/\/fajnerejsy.pl\/wp-content\/uploads\/2022\/06\/20220527_131636-300x225.jpg 300w, https:\/\/fajnerejsy.pl\/wp-content\/uploads\/2022\/06\/20220527_131636-1024x768.jpg 1024w\" sizes=\"(min-width: 1200px) 275px, (min-width: 992px) 226px, (min-width: 768px) 172px, calc(50vw - 15px)\"><\/a><a href=\"https:\/\/fajnerejsy.pl\/wp-content\/uploads\/2022\/06\/20220527_163325.jpg\" class=\"shaka-gallery__item\"><img decoding=\"async\" src=\"https:\/\/fajnerejsy.pl\/wp-content\/uploads\/2022\/06\/20220527_163325-300x225.jpg\" srcset=\"https:\/\/fajnerejsy.pl\/wp-content\/uploads\/2022\/06\/20220527_163325-300x225.jpg 300w, https:\/\/fajnerejsy.pl\/wp-content\/uploads\/2022\/06\/20220527_163325-1024x768.jpg 1024w\" sizes=\"(min-width: 1200px) 275px, (min-width: 992px) 226px, (min-width: 768px) 172px, calc(50vw - 15px)\"><\/a><a href=\"https:\/\/fajnerejsy.pl\/wp-content\/uploads\/2022\/06\/IMG_7566.jpg\" class=\"shaka-gallery__item\"><img decoding=\"async\" src=\"https:\/\/fajnerejsy.pl\/wp-content\/uploads\/2022\/06\/IMG_7566-225x300.jpg\" srcset=\"https:\/\/fajnerejsy.pl\/wp-content\/uploads\/2022\/06\/IMG_7566-225x300.jpg 225w, https:\/\/fajnerejsy.pl\/wp-content\/uploads\/2022\/06\/IMG_7566.jpg 627w\" sizes=\"(min-width: 1200px) 275px, (min-width: 992px) 226px, (min-width: 768px) 172px, calc(50vw - 15px)\"><\/a><a href=\"https:\/\/fajnerejsy.pl\/wp-content\/uploads\/2022\/06\/IMG_7582.jpg\" class=\"shaka-gallery__item\"><img decoding=\"async\" src=\"https:\/\/fajnerejsy.pl\/wp-content\/uploads\/2022\/06\/IMG_7582-300x215.jpg\" srcset=\"https:\/\/fajnerejsy.pl\/wp-content\/uploads\/2022\/06\/IMG_7582-300x215.jpg 300w, https:\/\/fajnerejsy.pl\/wp-content\/uploads\/2022\/06\/IMG_7582.jpg 740w\" sizes=\"(min-width: 1200px) 275px, (min-width: 992px) 226px, (min-width: 768px) 172px, calc(50vw - 15px)\"><\/a><a href=\"https:\/\/fajnerejsy.pl\/wp-content\/uploads\/2022\/06\/IMG_7645.jpg\" class=\"shaka-gallery__item\"><img decoding=\"async\" src=\"https:\/\/fajnerejsy.pl\/wp-content\/uploads\/2022\/06\/IMG_7645-225x300.jpg\" srcset=\"https:\/\/fajnerejsy.pl\/wp-content\/uploads\/2022\/06\/IMG_7645-225x300.jpg 225w, https:\/\/fajnerejsy.pl\/wp-content\/uploads\/2022\/06\/IMG_7645.jpg 600w\" sizes=\"(min-width: 1200px) 275px, (min-width: 992px) 226px, (min-width: 768px) 172px, calc(50vw - 15px)\"><\/a><\/div><\/p>\n<\/div>\n<\/div><\/div><\/div><\/div><\/div>","protected":false},"excerpt":{"rendered":"","protected":false},"author":1,"featured_media":0,"parent":2762,"menu_order":0,"comment_status":"closed","ping_status":"closed","template":"","meta":{"_acf_changed":false,"footnotes":""},"class_list":["post-3685","page","type-page","status-publish","hentry","clearfix"],"acf":[],"yoast_head":"<!-- This site is optimized with the Yoast SEO Premium plugin v26.7 (Yoast SEO v26.7) - https:\/\/yoast.com\/wordpress\/plugins\/seo\/ -->\n<title>Ko\u0142obrzeg - Karlskrona 2022 | wspomnienia z rejs\u00f3w - Fajnerejsy.pl<\/title>\n<meta name=\"description\" content=\"Wspomnienia z drugiego z trzech tygodni wiosennego rejsu po Ba\u0142tyku. Odcinek z Ko\u0142obrzegu do Karlskrony przez Bornholm i Utklippan.\" \/>\n<meta name=\"robots\" content=\"index, follow, max-snippet:-1, max-image-preview:large, max-video-preview:-1\" \/>\n<link rel=\"canonical\" href=\"https:\/\/fajnerejsy.pl\/en\/wspomnienia\/kolobrzeg-karlskrona-2022\/\" \/>\n<meta property=\"og:locale\" content=\"en_US\" \/>\n<meta property=\"og:type\" content=\"article\" \/>\n<meta property=\"og:title\" content=\"Ko\u0142obrzeg - Karlskrona 2022\" \/>\n<meta property=\"og:description\" content=\"Wspomnienia z drugiego z trzech tygodni wiosennego rejsu po Ba\u0142tyku. Odcinek z Ko\u0142obrzegu do Karlskrony przez Bornholm i Utklippan.\" \/>\n<meta property=\"og:url\" content=\"https:\/\/fajnerejsy.pl\/en\/wspomnienia\/kolobrzeg-karlskrona-2022\/\" \/>\n<meta property=\"og:site_name\" content=\"Fajnerejsy.pl\" \/>\n<meta property=\"article:publisher\" content=\"https:\/\/www.facebook.com\/Fajnerejsy\" \/>\n<meta property=\"og:image\" content=\"https:\/\/fajnerejsy.pl\/wp-content\/uploads\/2022\/06\/20220524_090451-300x225.jpg\" \/>\n<meta name=\"twitter:card\" content=\"summary_large_image\" \/>\n<meta name=\"twitter:label1\" content=\"Est. reading time\" \/>\n\t<meta name=\"twitter:data1\" content=\"1 minute\" \/>\n<script type=\"application\/ld+json\" class=\"yoast-schema-graph\">{\"@context\":\"https:\/\/schema.org\",\"@graph\":[{\"@type\":\"WebPage\",\"@id\":\"https:\/\/fajnerejsy.pl\/wspomnienia\/kolobrzeg-karlskrona-2022\/\",\"url\":\"https:\/\/fajnerejsy.pl\/wspomnienia\/kolobrzeg-karlskrona-2022\/\",\"name\":\"Ko\u0142obrzeg - Karlskrona 2022 | wspomnienia z rejs\u00f3w - Fajnerejsy.pl\",\"isPartOf\":{\"@id\":\"https:\/\/fajnerejsy.pl\/#website\"},\"datePublished\":\"2022-06-10T08:27:47+00:00\",\"description\":\"Wspomnienia z drugiego z trzech tygodni wiosennego rejsu po Ba\u0142tyku. Odcinek z Ko\u0142obrzegu do Karlskrony przez Bornholm i Utklippan.\",\"breadcrumb\":{\"@id\":\"https:\/\/fajnerejsy.pl\/wspomnienia\/kolobrzeg-karlskrona-2022\/#breadcrumb\"},\"inLanguage\":\"en-US\",\"potentialAction\":[{\"@type\":\"ReadAction\",\"target\":[\"https:\/\/fajnerejsy.pl\/wspomnienia\/kolobrzeg-karlskrona-2022\/\"]}]},{\"@type\":\"BreadcrumbList\",\"@id\":\"https:\/\/fajnerejsy.pl\/wspomnienia\/kolobrzeg-karlskrona-2022\/#breadcrumb\",\"itemListElement\":[{\"@type\":\"ListItem\",\"position\":1,\"name\":\"Home\",\"item\":\"https:\/\/fajnerejsy.pl\/\"},{\"@type\":\"ListItem\",\"position\":2,\"name\":\"Wspomnienia\",\"item\":\"https:\/\/fajnerejsy.pl\/wspomnienia\/\"},{\"@type\":\"ListItem\",\"position\":3,\"name\":\"Ko\u0142obrzeg &#8211; Karlskrona 2022\"}]},{\"@type\":\"WebSite\",\"@id\":\"https:\/\/fajnerejsy.pl\/#website\",\"url\":\"https:\/\/fajnerejsy.pl\/\",\"name\":\"Fajnerejsy.pl\",\"description\":\"\",\"publisher\":{\"@id\":\"https:\/\/fajnerejsy.pl\/#organization\"},\"potentialAction\":[{\"@type\":\"SearchAction\",\"target\":{\"@type\":\"EntryPoint\",\"urlTemplate\":\"https:\/\/fajnerejsy.pl\/?s={search_term_string}\"},\"query-input\":{\"@type\":\"PropertyValueSpecification\",\"valueRequired\":true,\"valueName\":\"search_term_string\"}}],\"inLanguage\":\"en-US\"},{\"@type\":\"Organization\",\"@id\":\"https:\/\/fajnerejsy.pl\/#organization\",\"name\":\"FAJNEREJSY\",\"url\":\"https:\/\/fajnerejsy.pl\/\",\"logo\":{\"@type\":\"ImageObject\",\"inLanguage\":\"en-US\",\"@id\":\"https:\/\/fajnerejsy.pl\/#\/schema\/logo\/image\/\",\"url\":\"http:\/\/fajnerejsy.pl\/wp-content\/uploads\/2020\/11\/fajnerejsy-logo-rgb-www1.png\",\"contentUrl\":\"http:\/\/fajnerejsy.pl\/wp-content\/uploads\/2020\/11\/fajnerejsy-logo-rgb-www1.png\",\"width\":235,\"height\":50,\"caption\":\"FAJNEREJSY\"},\"image\":{\"@id\":\"https:\/\/fajnerejsy.pl\/#\/schema\/logo\/image\/\"},\"sameAs\":[\"https:\/\/www.facebook.com\/Fajnerejsy\",\"https:\/\/www.instagram.com\/fajnerejsy.pl\/\",\"https:\/\/www.youtube.com\/JacekMirczak\"]}]}<\/script>\n<!-- \/ Yoast SEO Premium plugin. -->","yoast_head_json":{"title":"Ko\u0142obrzeg - Karlskrona 2022 | wspomnienia z rejs\u00f3w - Fajnerejsy.pl","description":"Wspomnienia z drugiego z trzech tygodni wiosennego rejsu po Ba\u0142tyku. Odcinek z Ko\u0142obrzegu do Karlskrony przez Bornholm i Utklippan.","robots":{"index":"index","follow":"follow","max-snippet":"max-snippet:-1","max-image-preview":"max-image-preview:large","max-video-preview":"max-video-preview:-1"},"canonical":"https:\/\/fajnerejsy.pl\/en\/wspomnienia\/kolobrzeg-karlskrona-2022\/","og_locale":"en_US","og_type":"article","og_title":"Ko\u0142obrzeg - Karlskrona 2022","og_description":"Wspomnienia z drugiego z trzech tygodni wiosennego rejsu po Ba\u0142tyku. Odcinek z Ko\u0142obrzegu do Karlskrony przez Bornholm i Utklippan.","og_url":"https:\/\/fajnerejsy.pl\/en\/wspomnienia\/kolobrzeg-karlskrona-2022\/","og_site_name":"Fajnerejsy.pl","article_publisher":"https:\/\/www.facebook.com\/Fajnerejsy","og_image":[{"url":"https:\/\/fajnerejsy.pl\/wp-content\/uploads\/2022\/06\/20220524_090451-300x225.jpg","type":"","width":"","height":""}],"twitter_card":"summary_large_image","twitter_misc":{"Est. reading time":"1 minute"},"schema":{"@context":"https:\/\/schema.org","@graph":[{"@type":"WebPage","@id":"https:\/\/fajnerejsy.pl\/wspomnienia\/kolobrzeg-karlskrona-2022\/","url":"https:\/\/fajnerejsy.pl\/wspomnienia\/kolobrzeg-karlskrona-2022\/","name":"Ko\u0142obrzeg - Karlskrona 2022 | wspomnienia z rejs\u00f3w - Fajnerejsy.pl","isPartOf":{"@id":"https:\/\/fajnerejsy.pl\/#website"},"datePublished":"2022-06-10T08:27:47+00:00","description":"Wspomnienia z drugiego z trzech tygodni wiosennego rejsu po Ba\u0142tyku. Odcinek z Ko\u0142obrzegu do Karlskrony przez Bornholm i Utklippan.","breadcrumb":{"@id":"https:\/\/fajnerejsy.pl\/wspomnienia\/kolobrzeg-karlskrona-2022\/#breadcrumb"},"inLanguage":"en-US","potentialAction":[{"@type":"ReadAction","target":["https:\/\/fajnerejsy.pl\/wspomnienia\/kolobrzeg-karlskrona-2022\/"]}]},{"@type":"BreadcrumbList","@id":"https:\/\/fajnerejsy.pl\/wspomnienia\/kolobrzeg-karlskrona-2022\/#breadcrumb","itemListElement":[{"@type":"ListItem","position":1,"name":"Home","item":"https:\/\/fajnerejsy.pl\/"},{"@type":"ListItem","position":2,"name":"Wspomnienia","item":"https:\/\/fajnerejsy.pl\/wspomnienia\/"},{"@type":"ListItem","position":3,"name":"Ko\u0142obrzeg &#8211; Karlskrona 2022"}]},{"@type":"WebSite","@id":"https:\/\/fajnerejsy.pl\/#website","url":"https:\/\/fajnerejsy.pl\/","name":"Fajnerejsy.pl","description":"","publisher":{"@id":"https:\/\/fajnerejsy.pl\/#organization"},"potentialAction":[{"@type":"SearchAction","target":{"@type":"EntryPoint","urlTemplate":"https:\/\/fajnerejsy.pl\/?s={search_term_string}"},"query-input":{"@type":"PropertyValueSpecification","valueRequired":true,"valueName":"search_term_string"}}],"inLanguage":"en-US"},{"@type":"Organization","@id":"https:\/\/fajnerejsy.pl\/#organization","name":"FAJNEREJSY","url":"https:\/\/fajnerejsy.pl\/","logo":{"@type":"ImageObject","inLanguage":"en-US","@id":"https:\/\/fajnerejsy.pl\/#\/schema\/logo\/image\/","url":"http:\/\/fajnerejsy.pl\/wp-content\/uploads\/2020\/11\/fajnerejsy-logo-rgb-www1.png","contentUrl":"http:\/\/fajnerejsy.pl\/wp-content\/uploads\/2020\/11\/fajnerejsy-logo-rgb-www1.png","width":235,"height":50,"caption":"FAJNEREJSY"},"image":{"@id":"https:\/\/fajnerejsy.pl\/#\/schema\/logo\/image\/"},"sameAs":["https:\/\/www.facebook.com\/Fajnerejsy","https:\/\/www.instagram.com\/fajnerejsy.pl\/","https:\/\/www.youtube.com\/JacekMirczak"]}]}},"_links":{"self":[{"href":"http:\/\/fajnerejsy.pl\/en\/wp-json\/wp\/v2\/pages\/3685","targetHints":{"allow":["GET"]}}],"collection":[{"href":"http:\/\/fajnerejsy.pl\/en\/wp-json\/wp\/v2\/pages"}],"about":[{"href":"http:\/\/fajnerejsy.pl\/en\/wp-json\/wp\/v2\/types\/page"}],"author":[{"embeddable":true,"href":"http:\/\/fajnerejsy.pl\/en\/wp-json\/wp\/v2\/users\/1"}],"replies":[{"embeddable":true,"href":"http:\/\/fajnerejsy.pl\/en\/wp-json\/wp\/v2\/comments?post=3685"}],"version-history":[{"count":2,"href":"http:\/\/fajnerejsy.pl\/en\/wp-json\/wp\/v2\/pages\/3685\/revisions"}],"predecessor-version":[{"id":3718,"href":"http:\/\/fajnerejsy.pl\/en\/wp-json\/wp\/v2\/pages\/3685\/revisions\/3718"}],"up":[{"embeddable":true,"href":"http:\/\/fajnerejsy.pl\/en\/wp-json\/wp\/v2\/pages\/2762"}],"wp:attachment":[{"href":"http:\/\/fajnerejsy.pl\/en\/wp-json\/wp\/v2\/media?parent=3685"}],"curies":[{"name":"wp","href":"https:\/\/api.w.org\/{rel}","templated":true}]}}