{"id":3441,"date":"2022-02-04T14:00:46","date_gmt":"2022-02-04T14:00:46","guid":{"rendered":"https:\/\/fajnerejsy.pl\/?page_id=3441"},"modified":"2022-06-09T19:28:08","modified_gmt":"2022-06-09T19:28:08","slug":"wspomnienia-nawigacja-styczen-2022","status":"publish","type":"page","link":"http:\/\/fajnerejsy.pl\/en\/wspomnienia\/wspomnienia-nawigacja-styczen-2022\/","title":{"rendered":"Szkolenie z nawigacji morskiej. Warszawa &#8211; stycze\u0144 2022"},"content":{"rendered":"<div id=\"pl-3441\"  class=\"panel-layout\" ><div id=\"pg-3441-0\"  class=\"panel-grid panel-no-style\" ><div id=\"pgc-3441-0-0\"  class=\"panel-grid-cell\" ><div id=\"panel-3441-0-0-0\" class=\"so-panel widget widget_sow-editor panel-first-child panel-last-child\" data-index=\"0\" ><div\n\t\t\t\n\t\t\tclass=\"so-widget-sow-editor so-widget-sow-editor-base\"\n\t\t\t\n\t\t>\n<div class=\"siteorigin-widget-tinymce textwidget\">\n\t<p><div class=\"shaka-gallery beauy-galleryid-3441\" data-featherlight-gallery data-featherlight-filter=\"a\"><a href=\"https:\/\/fajnerejsy.pl\/wp-content\/uploads\/2021\/12\/marek.jpg\" class=\"shaka-gallery__item\"><img decoding=\"async\" src=\"https:\/\/fajnerejsy.pl\/wp-content\/uploads\/2021\/12\/marek-300x169.jpg\" srcset=\"https:\/\/fajnerejsy.pl\/wp-content\/uploads\/2021\/12\/marek-300x169.jpg 300w, https:\/\/fajnerejsy.pl\/wp-content\/uploads\/2021\/12\/marek-1024x577.jpg 1024w\" sizes=\"(min-width: 1200px) 275px, (min-width: 992px) 226px, (min-width: 768px) 172px, calc(50vw - 15px)\"><\/a><a href=\"https:\/\/fajnerejsy.pl\/wp-content\/uploads\/2022\/02\/IMG_20220122_090503-scaled.jpg\" class=\"shaka-gallery__item\"><img decoding=\"async\" src=\"https:\/\/fajnerejsy.pl\/wp-content\/uploads\/2022\/02\/IMG_20220122_090503-300x225.jpg\" srcset=\"https:\/\/fajnerejsy.pl\/wp-content\/uploads\/2022\/02\/IMG_20220122_090503-300x225.jpg 300w, https:\/\/fajnerejsy.pl\/wp-content\/uploads\/2022\/02\/IMG_20220122_090503-1024x768.jpg 1024w\" sizes=\"(min-width: 1200px) 275px, (min-width: 992px) 226px, (min-width: 768px) 172px, calc(50vw - 15px)\"><\/a><a href=\"https:\/\/fajnerejsy.pl\/wp-content\/uploads\/2022\/02\/IMG_20220122_091327-scaled.jpg\" class=\"shaka-gallery__item\"><img decoding=\"async\" src=\"https:\/\/fajnerejsy.pl\/wp-content\/uploads\/2022\/02\/IMG_20220122_091327-225x300.jpg\" srcset=\"https:\/\/fajnerejsy.pl\/wp-content\/uploads\/2022\/02\/IMG_20220122_091327-225x300.jpg 225w, https:\/\/fajnerejsy.pl\/wp-content\/uploads\/2022\/02\/IMG_20220122_091327-768x1024.jpg 768w\" sizes=\"(min-width: 1200px) 275px, (min-width: 992px) 226px, (min-width: 768px) 172px, calc(50vw - 15px)\"><\/a><a href=\"https:\/\/fajnerejsy.pl\/wp-content\/uploads\/2022\/02\/IMG_20220122_174005-scaled.jpg\" class=\"shaka-gallery__item\"><img decoding=\"async\" src=\"https:\/\/fajnerejsy.pl\/wp-content\/uploads\/2022\/02\/IMG_20220122_174005-300x225.jpg\" srcset=\"https:\/\/fajnerejsy.pl\/wp-content\/uploads\/2022\/02\/IMG_20220122_174005-300x225.jpg 300w, https:\/\/fajnerejsy.pl\/wp-content\/uploads\/2022\/02\/IMG_20220122_174005-1024x768.jpg 1024w\" sizes=\"(min-width: 1200px) 275px, (min-width: 992px) 226px, (min-width: 768px) 172px, calc(50vw - 15px)\"><\/a><a href=\"https:\/\/fajnerejsy.pl\/wp-content\/uploads\/2022\/02\/IMG_20220122_174208-scaled.jpg\" class=\"shaka-gallery__item\"><img decoding=\"async\" src=\"https:\/\/fajnerejsy.pl\/wp-content\/uploads\/2022\/02\/IMG_20220122_174208-300x225.jpg\" srcset=\"https:\/\/fajnerejsy.pl\/wp-content\/uploads\/2022\/02\/IMG_20220122_174208-300x225.jpg 300w, https:\/\/fajnerejsy.pl\/wp-content\/uploads\/2022\/02\/IMG_20220122_174208-1024x768.jpg 1024w\" sizes=\"(min-width: 1200px) 275px, (min-width: 992px) 226px, (min-width: 768px) 172px, calc(50vw - 15px)\"><\/a><a href=\"https:\/\/fajnerejsy.pl\/wp-content\/uploads\/2022\/02\/IMG_20220122_174753-scaled.jpg\" class=\"shaka-gallery__item\"><img decoding=\"async\" src=\"https:\/\/fajnerejsy.pl\/wp-content\/uploads\/2022\/02\/IMG_20220122_174753-300x225.jpg\" srcset=\"https:\/\/fajnerejsy.pl\/wp-content\/uploads\/2022\/02\/IMG_20220122_174753-300x225.jpg 300w, https:\/\/fajnerejsy.pl\/wp-content\/uploads\/2022\/02\/IMG_20220122_174753-1024x768.jpg 1024w\" sizes=\"(min-width: 1200px) 275px, (min-width: 992px) 226px, (min-width: 768px) 172px, calc(50vw - 15px)\"><\/a><a href=\"https:\/\/fajnerejsy.pl\/wp-content\/uploads\/2022\/02\/IMG_20220122_174758-scaled.jpg\" class=\"shaka-gallery__item\"><img decoding=\"async\" src=\"https:\/\/fajnerejsy.pl\/wp-content\/uploads\/2022\/02\/IMG_20220122_174758-300x225.jpg\" srcset=\"https:\/\/fajnerejsy.pl\/wp-content\/uploads\/2022\/02\/IMG_20220122_174758-300x225.jpg 300w, https:\/\/fajnerejsy.pl\/wp-content\/uploads\/2022\/02\/IMG_20220122_174758-1024x768.jpg 1024w\" sizes=\"(min-width: 1200px) 275px, (min-width: 992px) 226px, (min-width: 768px) 172px, calc(50vw - 15px)\"><\/a><a href=\"https:\/\/fajnerejsy.pl\/wp-content\/uploads\/2022\/02\/IMG_20220123_094105-scaled.jpg\" class=\"shaka-gallery__item\"><img decoding=\"async\" src=\"https:\/\/fajnerejsy.pl\/wp-content\/uploads\/2022\/02\/IMG_20220123_094105-300x225.jpg\" srcset=\"https:\/\/fajnerejsy.pl\/wp-content\/uploads\/2022\/02\/IMG_20220123_094105-300x225.jpg 300w, https:\/\/fajnerejsy.pl\/wp-content\/uploads\/2022\/02\/IMG_20220123_094105-1024x768.jpg 1024w\" sizes=\"(min-width: 1200px) 275px, (min-width: 992px) 226px, (min-width: 768px) 172px, calc(50vw - 15px)\"><\/a><a href=\"https:\/\/fajnerejsy.pl\/wp-content\/uploads\/2022\/02\/IMG_20220123_111823-scaled.jpg\" class=\"shaka-gallery__item\"><img decoding=\"async\" src=\"https:\/\/fajnerejsy.pl\/wp-content\/uploads\/2022\/02\/IMG_20220123_111823-300x225.jpg\" srcset=\"https:\/\/fajnerejsy.pl\/wp-content\/uploads\/2022\/02\/IMG_20220123_111823-300x225.jpg 300w, https:\/\/fajnerejsy.pl\/wp-content\/uploads\/2022\/02\/IMG_20220123_111823-1024x768.jpg 1024w\" sizes=\"(min-width: 1200px) 275px, (min-width: 992px) 226px, (min-width: 768px) 172px, calc(50vw - 15px)\"><\/a><\/div><\/p>\n<\/div>\n<\/div><\/div><\/div><\/div><\/div>","protected":false},"excerpt":{"rendered":"","protected":false},"author":1,"featured_media":2573,"parent":2762,"menu_order":0,"comment_status":"closed","ping_status":"closed","template":"","meta":{"_acf_changed":false,"footnotes":""},"class_list":["post-3441","page","type-page","status-publish","has-post-thumbnail","hentry","clearfix"],"acf":[],"yoast_head":"<!-- This site is optimized with the Yoast SEO Premium plugin v26.7 (Yoast SEO v26.7) - https:\/\/yoast.com\/wordpress\/plugins\/seo\/ -->\n<title>Szkolenie z nawigacji morskiej. Warszawa - stycze\u0144 2022<\/title>\n<meta name=\"description\" content=\"Intensywne, dwudniowe szkolenie z nawigacji morskiej. \u0106wiczenia, praca na mapach, zadania na wodach p\u0142ywowych. Nawigacja bierna i czynna.\" \/>\n<meta name=\"robots\" content=\"index, follow, max-snippet:-1, max-image-preview:large, max-video-preview:-1\" \/>\n<link rel=\"canonical\" href=\"https:\/\/fajnerejsy.pl\/en\/wspomnienia\/wspomnienia-nawigacja-styczen-2022\/\" \/>\n<meta property=\"og:locale\" content=\"en_US\" \/>\n<meta property=\"og:type\" content=\"article\" \/>\n<meta property=\"og:title\" content=\"Szkolenie z nawigacji morskiej. Warszawa - stycze\u0144 2022\" \/>\n<meta property=\"og:description\" content=\"Intensywne, dwudniowe szkolenie z nawigacji morskiej. \u0106wiczenia, praca na mapach, zadania na wodach p\u0142ywowych. Nawigacja bierna i czynna.\" \/>\n<meta property=\"og:url\" content=\"https:\/\/fajnerejsy.pl\/en\/wspomnienia\/wspomnienia-nawigacja-styczen-2022\/\" \/>\n<meta property=\"og:site_name\" content=\"Fajnerejsy.pl\" \/>\n<meta property=\"article:publisher\" content=\"https:\/\/www.facebook.com\/Fajnerejsy\" \/>\n<meta property=\"article:modified_time\" content=\"2022-06-09T19:28:08+00:00\" \/>\n<meta property=\"og:image\" content=\"https:\/\/fajnerejsy.pl\/wp-content\/uploads\/2020\/11\/06-scaled.jpg\" \/>\n\t<meta property=\"og:image:width\" content=\"2560\" \/>\n\t<meta property=\"og:image:height\" content=\"1920\" \/>\n\t<meta property=\"og:image:type\" content=\"image\/jpeg\" \/>\n<meta name=\"twitter:card\" content=\"summary_large_image\" \/>\n<meta name=\"twitter:label1\" content=\"Est. reading time\" \/>\n\t<meta name=\"twitter:data1\" content=\"1 minute\" \/>\n<script type=\"application\/ld+json\" class=\"yoast-schema-graph\">{\"@context\":\"https:\/\/schema.org\",\"@graph\":[{\"@type\":\"WebPage\",\"@id\":\"https:\/\/fajnerejsy.pl\/wspomnienia\/wspomnienia-nawigacja-styczen-2022\/\",\"url\":\"https:\/\/fajnerejsy.pl\/wspomnienia\/wspomnienia-nawigacja-styczen-2022\/\",\"name\":\"Szkolenie z nawigacji morskiej. Warszawa - stycze\u0144 2022\",\"isPartOf\":{\"@id\":\"https:\/\/fajnerejsy.pl\/#website\"},\"primaryImageOfPage\":{\"@id\":\"https:\/\/fajnerejsy.pl\/wspomnienia\/wspomnienia-nawigacja-styczen-2022\/#primaryimage\"},\"image\":{\"@id\":\"https:\/\/fajnerejsy.pl\/wspomnienia\/wspomnienia-nawigacja-styczen-2022\/#primaryimage\"},\"thumbnailUrl\":\"https:\/\/fajnerejsy.pl\/wp-content\/uploads\/2020\/11\/06-scaled.jpg\",\"datePublished\":\"2022-02-04T14:00:46+00:00\",\"dateModified\":\"2022-06-09T19:28:08+00:00\",\"description\":\"Intensywne, dwudniowe szkolenie z nawigacji morskiej. \u0106wiczenia, praca na mapach, zadania na wodach p\u0142ywowych. Nawigacja bierna i czynna.\",\"breadcrumb\":{\"@id\":\"https:\/\/fajnerejsy.pl\/wspomnienia\/wspomnienia-nawigacja-styczen-2022\/#breadcrumb\"},\"inLanguage\":\"en-US\",\"potentialAction\":[{\"@type\":\"ReadAction\",\"target\":[\"https:\/\/fajnerejsy.pl\/wspomnienia\/wspomnienia-nawigacja-styczen-2022\/\"]}]},{\"@type\":\"ImageObject\",\"inLanguage\":\"en-US\",\"@id\":\"https:\/\/fajnerejsy.pl\/wspomnienia\/wspomnienia-nawigacja-styczen-2022\/#primaryimage\",\"url\":\"https:\/\/fajnerejsy.pl\/wp-content\/uploads\/2020\/11\/06-scaled.jpg\",\"contentUrl\":\"https:\/\/fajnerejsy.pl\/wp-content\/uploads\/2020\/11\/06-scaled.jpg\",\"width\":2560,\"height\":1920,\"caption\":\"jacek mirczak fajnerejsy\"},{\"@type\":\"BreadcrumbList\",\"@id\":\"https:\/\/fajnerejsy.pl\/wspomnienia\/wspomnienia-nawigacja-styczen-2022\/#breadcrumb\",\"itemListElement\":[{\"@type\":\"ListItem\",\"position\":1,\"name\":\"Home\",\"item\":\"https:\/\/fajnerejsy.pl\/\"},{\"@type\":\"ListItem\",\"position\":2,\"name\":\"Wspomnienia\",\"item\":\"https:\/\/fajnerejsy.pl\/wspomnienia\/\"},{\"@type\":\"ListItem\",\"position\":3,\"name\":\"Szkolenie z nawigacji morskiej. Warszawa &#8211; stycze\u0144 2022\"}]},{\"@type\":\"WebSite\",\"@id\":\"https:\/\/fajnerejsy.pl\/#website\",\"url\":\"https:\/\/fajnerejsy.pl\/\",\"name\":\"Fajnerejsy.pl\",\"description\":\"\",\"publisher\":{\"@id\":\"https:\/\/fajnerejsy.pl\/#organization\"},\"potentialAction\":[{\"@type\":\"SearchAction\",\"target\":{\"@type\":\"EntryPoint\",\"urlTemplate\":\"https:\/\/fajnerejsy.pl\/?s={search_term_string}\"},\"query-input\":{\"@type\":\"PropertyValueSpecification\",\"valueRequired\":true,\"valueName\":\"search_term_string\"}}],\"inLanguage\":\"en-US\"},{\"@type\":\"Organization\",\"@id\":\"https:\/\/fajnerejsy.pl\/#organization\",\"name\":\"FAJNEREJSY\",\"url\":\"https:\/\/fajnerejsy.pl\/\",\"logo\":{\"@type\":\"ImageObject\",\"inLanguage\":\"en-US\",\"@id\":\"https:\/\/fajnerejsy.pl\/#\/schema\/logo\/image\/\",\"url\":\"http:\/\/fajnerejsy.pl\/wp-content\/uploads\/2020\/11\/fajnerejsy-logo-rgb-www1.png\",\"contentUrl\":\"http:\/\/fajnerejsy.pl\/wp-content\/uploads\/2020\/11\/fajnerejsy-logo-rgb-www1.png\",\"width\":235,\"height\":50,\"caption\":\"FAJNEREJSY\"},\"image\":{\"@id\":\"https:\/\/fajnerejsy.pl\/#\/schema\/logo\/image\/\"},\"sameAs\":[\"https:\/\/www.facebook.com\/Fajnerejsy\",\"https:\/\/www.instagram.com\/fajnerejsy.pl\/\",\"https:\/\/www.youtube.com\/JacekMirczak\"]}]}<\/script>\n<!-- \/ Yoast SEO Premium plugin. -->","yoast_head_json":{"title":"Szkolenie z nawigacji morskiej. Warszawa - stycze\u0144 2022","description":"Intensywne, dwudniowe szkolenie z nawigacji morskiej. \u0106wiczenia, praca na mapach, zadania na wodach p\u0142ywowych. Nawigacja bierna i czynna.","robots":{"index":"index","follow":"follow","max-snippet":"max-snippet:-1","max-image-preview":"max-image-preview:large","max-video-preview":"max-video-preview:-1"},"canonical":"https:\/\/fajnerejsy.pl\/en\/wspomnienia\/wspomnienia-nawigacja-styczen-2022\/","og_locale":"en_US","og_type":"article","og_title":"Szkolenie z nawigacji morskiej. Warszawa - stycze\u0144 2022","og_description":"Intensywne, dwudniowe szkolenie z nawigacji morskiej. \u0106wiczenia, praca na mapach, zadania na wodach p\u0142ywowych. Nawigacja bierna i czynna.","og_url":"https:\/\/fajnerejsy.pl\/en\/wspomnienia\/wspomnienia-nawigacja-styczen-2022\/","og_site_name":"Fajnerejsy.pl","article_publisher":"https:\/\/www.facebook.com\/Fajnerejsy","article_modified_time":"2022-06-09T19:28:08+00:00","og_image":[{"width":2560,"height":1920,"url":"https:\/\/fajnerejsy.pl\/wp-content\/uploads\/2020\/11\/06-scaled.jpg","type":"image\/jpeg"}],"twitter_card":"summary_large_image","twitter_misc":{"Est. reading time":"1 minute"},"schema":{"@context":"https:\/\/schema.org","@graph":[{"@type":"WebPage","@id":"https:\/\/fajnerejsy.pl\/wspomnienia\/wspomnienia-nawigacja-styczen-2022\/","url":"https:\/\/fajnerejsy.pl\/wspomnienia\/wspomnienia-nawigacja-styczen-2022\/","name":"Szkolenie z nawigacji morskiej. Warszawa - stycze\u0144 2022","isPartOf":{"@id":"https:\/\/fajnerejsy.pl\/#website"},"primaryImageOfPage":{"@id":"https:\/\/fajnerejsy.pl\/wspomnienia\/wspomnienia-nawigacja-styczen-2022\/#primaryimage"},"image":{"@id":"https:\/\/fajnerejsy.pl\/wspomnienia\/wspomnienia-nawigacja-styczen-2022\/#primaryimage"},"thumbnailUrl":"https:\/\/fajnerejsy.pl\/wp-content\/uploads\/2020\/11\/06-scaled.jpg","datePublished":"2022-02-04T14:00:46+00:00","dateModified":"2022-06-09T19:28:08+00:00","description":"Intensywne, dwudniowe szkolenie z nawigacji morskiej. \u0106wiczenia, praca na mapach, zadania na wodach p\u0142ywowych. Nawigacja bierna i czynna.","breadcrumb":{"@id":"https:\/\/fajnerejsy.pl\/wspomnienia\/wspomnienia-nawigacja-styczen-2022\/#breadcrumb"},"inLanguage":"en-US","potentialAction":[{"@type":"ReadAction","target":["https:\/\/fajnerejsy.pl\/wspomnienia\/wspomnienia-nawigacja-styczen-2022\/"]}]},{"@type":"ImageObject","inLanguage":"en-US","@id":"https:\/\/fajnerejsy.pl\/wspomnienia\/wspomnienia-nawigacja-styczen-2022\/#primaryimage","url":"https:\/\/fajnerejsy.pl\/wp-content\/uploads\/2020\/11\/06-scaled.jpg","contentUrl":"https:\/\/fajnerejsy.pl\/wp-content\/uploads\/2020\/11\/06-scaled.jpg","width":2560,"height":1920,"caption":"jacek mirczak fajnerejsy"},{"@type":"BreadcrumbList","@id":"https:\/\/fajnerejsy.pl\/wspomnienia\/wspomnienia-nawigacja-styczen-2022\/#breadcrumb","itemListElement":[{"@type":"ListItem","position":1,"name":"Home","item":"https:\/\/fajnerejsy.pl\/"},{"@type":"ListItem","position":2,"name":"Wspomnienia","item":"https:\/\/fajnerejsy.pl\/wspomnienia\/"},{"@type":"ListItem","position":3,"name":"Szkolenie z nawigacji morskiej. Warszawa &#8211; stycze\u0144 2022"}]},{"@type":"WebSite","@id":"https:\/\/fajnerejsy.pl\/#website","url":"https:\/\/fajnerejsy.pl\/","name":"Fajnerejsy.pl","description":"","publisher":{"@id":"https:\/\/fajnerejsy.pl\/#organization"},"potentialAction":[{"@type":"SearchAction","target":{"@type":"EntryPoint","urlTemplate":"https:\/\/fajnerejsy.pl\/?s={search_term_string}"},"query-input":{"@type":"PropertyValueSpecification","valueRequired":true,"valueName":"search_term_string"}}],"inLanguage":"en-US"},{"@type":"Organization","@id":"https:\/\/fajnerejsy.pl\/#organization","name":"FAJNEREJSY","url":"https:\/\/fajnerejsy.pl\/","logo":{"@type":"ImageObject","inLanguage":"en-US","@id":"https:\/\/fajnerejsy.pl\/#\/schema\/logo\/image\/","url":"http:\/\/fajnerejsy.pl\/wp-content\/uploads\/2020\/11\/fajnerejsy-logo-rgb-www1.png","contentUrl":"http:\/\/fajnerejsy.pl\/wp-content\/uploads\/2020\/11\/fajnerejsy-logo-rgb-www1.png","width":235,"height":50,"caption":"FAJNEREJSY"},"image":{"@id":"https:\/\/fajnerejsy.pl\/#\/schema\/logo\/image\/"},"sameAs":["https:\/\/www.facebook.com\/Fajnerejsy","https:\/\/www.instagram.com\/fajnerejsy.pl\/","https:\/\/www.youtube.com\/JacekMirczak"]}]}},"_links":{"self":[{"href":"http:\/\/fajnerejsy.pl\/en\/wp-json\/wp\/v2\/pages\/3441","targetHints":{"allow":["GET"]}}],"collection":[{"href":"http:\/\/fajnerejsy.pl\/en\/wp-json\/wp\/v2\/pages"}],"about":[{"href":"http:\/\/fajnerejsy.pl\/en\/wp-json\/wp\/v2\/types\/page"}],"author":[{"embeddable":true,"href":"http:\/\/fajnerejsy.pl\/en\/wp-json\/wp\/v2\/users\/1"}],"replies":[{"embeddable":true,"href":"http:\/\/fajnerejsy.pl\/en\/wp-json\/wp\/v2\/comments?post=3441"}],"version-history":[{"count":4,"href":"http:\/\/fajnerejsy.pl\/en\/wp-json\/wp\/v2\/pages\/3441\/revisions"}],"predecessor-version":[{"id":3683,"href":"http:\/\/fajnerejsy.pl\/en\/wp-json\/wp\/v2\/pages\/3441\/revisions\/3683"}],"up":[{"embeddable":true,"href":"http:\/\/fajnerejsy.pl\/en\/wp-json\/wp\/v2\/pages\/2762"}],"wp:featuredmedia":[{"embeddable":true,"href":"http:\/\/fajnerejsy.pl\/en\/wp-json\/wp\/v2\/media\/2573"}],"wp:attachment":[{"href":"http:\/\/fajnerejsy.pl\/en\/wp-json\/wp\/v2\/media?parent=3441"}],"curies":[{"name":"wp","href":"https:\/\/api.w.org\/{rel}","templated":true}]}}