{"id":3241,"date":"2021-11-02T18:32:47","date_gmt":"2021-11-02T18:32:47","guid":{"rendered":"https:\/\/fajnerejsy.pl\/?page_id=3241"},"modified":"2026-03-04T11:44:06","modified_gmt":"2026-03-04T09:44:06","slug":"polityka-prywatnosci","status":"publish","type":"page","link":"http:\/\/fajnerejsy.pl\/en\/polityka-prywatnosci\/","title":{"rendered":"Privacy Policy"},"content":{"rendered":"<div id=\"pl-3241\"  class=\"panel-layout\" ><div id=\"pg-3241-0\"  class=\"panel-grid panel-no-style\" ><div id=\"pgc-3241-0-0\"  class=\"panel-grid-cell\" ><div id=\"panel-3241-0-0-0\" class=\"so-panel widget widget_sow-editor panel-first-child panel-last-child\" data-index=\"0\" ><div\n\t\t\t\n\t\t\tclass=\"so-widget-sow-editor so-widget-sow-editor-base\"\n\t\t\t\n\t\t>\n<div class=\"siteorigin-widget-tinymce textwidget\">\n\t<h3>Privacy Policy of the FAJNEREJSY.PL Website<\/h3>\n<p>1. Ochrona danych osobowych U\u017cytkownik\u00f3w jest dla mnie spraw\u0105 najwy\u017cszej wagi. Dok\u0142adam stara\u0144, aby U\u017cytkownicy czuli si\u0119 bezpiecznie, powierzaj\u0105c swoje dane osobowe w trakcie korzystania ze strony internetowej.<\/p>\n<p>2. A User is a natural person, a legal entity, or an organizational unit without legal personality but granted legal capacity by law, who uses the electronic services available on this website.<\/p>\n<p>3. This Privacy Policy explains the principles and scope of processing Users\u2019 personal data, the rights granted to them, as well as the responsibilities of the data controller. It also provides information about the use of cookies on this website.<\/p>\n<p>4. The Administrator applies state-of-the-art technical measures and organizational solutions to ensure a high level of protection for processed personal data and to safeguard it against access by unauthorized persons.<\/p>\n<h4>I. PERSONAL DATA CONTROLLER<\/h4>\n<p>Administratorem danych osobowych jest: Jacek Mirczak zwany dalej: \u201eAdministratorem\".<\/p>\n<h4>II. PURPOSE OF PERSONAL DATA PROCESSING<\/h4>\n<p>1. The Administrator processes the User\u2019s personal data for the following purposes:<br \/>\na) proper performance of the contract<br \/>\nb) fulfilling the Administrator\u2019s legal obligations arising from generally applicable laws (Article 6(1)(c) of the GDPR),<br \/>\nc) pursuing claims or defending the Administrator\u2019s legal interests (Article 6(1)(f) of the GDPR),<\/p>\n<p>2. The User may also give consent to receive information about new offers and promotions. In such a case, the Administrator will process the User\u2019s personal data in order to send commercial information, including updates about new products or services, promotions, and special offers.<\/p>\n<p>3. Personal data may also be processed in order to fulfill the legal obligations imposed on the Administrator and to carry out tasks in the public interest, including activities related to security and defense or the retention of tax documentation.<\/p>\n<p>4. Personal data may also be processed for the purposes of direct marketing of products, securing and pursuing claims or defending against claims by the User or third parties, as well as for marketing of the Administrator\u2019s own services and products or those of third parties, including marketing activities that are not direct marketing.<\/p>\n<h4>III. TYPES OF DATA<\/h4>\n<p>The Administrator processes the following personal data, the provision of which is necessary for the performance of the service:<\/p>\n<p>- first and last name;<br \/>\n- phone number;<br \/>\n- email address;<\/p>\n<h4><strong>IV. LEGAL BASIS FOR THE PROCESSING OF PERSONAL DATA<\/strong><\/h4>\n<p>1. Personal data is processed in accordance with the provisions of Regulation (EU) 2016\/679 of the European Parliament and of the Council of 27 April 2016 on the protection of natural persons with regard to the processing of personal data and on the free movement of such data, and repealing Directive 95\/46\/EC (General Data Protection Regulation), OJ L 119, 4.5.2016, p. 1\u201388, hereinafter referred to as the \u201cGDPR\u201d.<strong>the GDPR Regulation<\/strong>\".<\/p>\n<p>2. The Administrator processes personal data only after obtaining the User\u2019s prior consent at the time the action performed on the website is confirmed.<\/p>\n<p>3. Providing consent for the processing of personal data is entirely voluntary; however, failure to give such consent will make it impossible to complete the order.<\/p>\n<h4><strong>V. USER RIGHTS<\/strong><\/h4>\n<p>1. The User may request information from the Administrator at any time regarding the scope of the processing of their personal data.<\/p>\n<p>2. The User may request the correction or rectification of their personal data at any time.<\/p>\n<p>3. The User may withdraw their consent to the processing of personal data at any time, without providing a reason. The request to stop processing may relate to a specific purpose indicated by the User (for example, withdrawing consent to receive commercial information) or to all purposes for which the data is processed. Withdrawal of consent for all processing purposes will result in the User\u2019s account being deleted from the website, along with all personal data previously processed by the Administrator. Withdrawal of consent will not affect any processing activities carried out prior to the withdrawal.<\/p>\n<p>4. The User may request that the Administrator delete their data at any time, without providing a reason. Such a request will not affect any actions already carried out. Deletion of the data will result in the simultaneous removal of the User\u2019s account, together with all personal data stored and processed by the Administrator up to that point.<\/p>\n<p>5. The User may object to the processing of their personal data at any time, either with respect to all personal data processed by the Administrator or only within a limited scope, for example regarding processing for a specific purpose. Such an objection will not affect any actions already carried out. Submitting an objection will result in the deletion of the User\u2019s account along with all personal data stored and processed by the Administrator up to that point.<\/p>\n<p>6. The User may request a restriction of the processing of personal data, either for a specified period of time or without a time limit but within a defined scope, which the Administrator will be obliged to comply with. Such a request will not affect any actions already carried out.<\/p>\n<p>7. The User may request that the Administrator transfer the User\u2019s personal data being processed to another entity. For this purpose, the User should submit a request to the Administrator indicating the entity to which the personal data should be transferred (name and address), as well as specifying which personal data should be transferred. After the User confirms their request, the Administrator will provide the indicated entity with the User\u2019s personal data in electronic form. Confirmation of the request by the User is necessary to ensure the security of the User\u2019s personal data and to verify that the request comes from an authorized person.<\/p>\n<p>8. The Administrator will inform the User about the actions taken within one month of receiving any of the requests listed in the previous sections.<\/p>\n<h4><strong>VI. PERSONAL DATA RETENTION PERIOD<\/strong><\/h4>\n<p>1. As a rule, personal data is stored only for as long as necessary to fulfill the contractual or legal obligations for which it was collected. The data will be deleted immediately once its storage is no longer required, except where retention is necessary for evidentiary purposes under civil law or due to statutory data retention obligations.<\/p>\n<h4><strong>VII. ENTRUSTING THE PROCESSING OF PERSONAL DATA TO OTHER ENTITIES<\/strong><\/h4>\n<p>1. The Administrator may entrust the processing of personal data to entities cooperating with the Administrator, to the extent necessary and in accordance with legal requirements, including for the purpose of sending commercial information originating from the Administrator (the latter applies only to Users who have given consent to receive commercial communications).<\/p>\n<p>2. Except for the purposes indicated in this Privacy Policy, Users\u2019 personal data will not be shared with third parties or transferred to other entities for the purpose of sending marketing materials from those third parties.<\/p>\n<h4><strong>VIII. COOKIES<\/strong><\/h4>\n<p>1. The website uses cookies or similar technologies (hereinafter collectively referred to as \u201c.<strong>cookies<\/strong>\u201d) to collect information about the User\u2019s access to the website (e.g., via a computer or smartphone) and their preferences. They are used, among other things, for advertising and statistical purposes, as well as to tailor the website to the individual needs of the User.<\/p>\n<p>2. Cookies are small pieces of information that contain a unique reference code which a website sends to the User\u2019s device in order to store, and sometimes track, information about the device being used. They usually do not allow the User to be personally identified. Their main purpose is to help the website function more efficiently and to better tailor it to the User\u2019s needs.<\/p>\n<p>3. Some cookies used on the website are available only for the duration of a given browsing session and expire once the browser is closed. Other cookies are used to remember the User, allowing the website to recognize them when they return. These cookies are stored for a longer period of time.<\/p>\n<p>4. The cookies used on this website include: wc_cart_hash_#, wc_fragments_#, _ga, _gat, _gid, _p_hfp_client_id.<\/p>\n<p>5. All cookies used on this website are set by the Administrator.<\/p>\n<p>6. All cookies used on this website comply with the applicable laws of the European Union.<\/p>\n<p>7. Most Users and some mobile browsers automatically accept cookies. If the User does not change their settings, cookies will be stored in the device\u2019s memory.<\/p>\n<p>8. The User may change their preferences regarding the acceptance of cookies or adjust their browser settings to receive a notification each time a cookie is used. To modify cookie acceptance settings, the User should adjust the settings in their web browser.<\/p>\n<p>9. Please note that blocking or deleting cookies may prevent the website from functioning properly or limit the full use of its features.<\/p>\n<p>10. Cookies will be used for essential session management, including:<\/p>\n<p>a) Recognizing a User who has previously visited the website, which makes it possible to identify the number of unique users who have used the service and to ensure that the website has sufficient capacity for the number of new users;<\/p>\n<p>b) Recording information from the User\u2019s device, including cookies, IP address, and information about the browser being used, in order to diagnose problems, administer the website, and track website usage;<\/p>\n<p>c) Customizing elements of the website\u2019s layout, design, or content;<\/p>\n<p>d) Collecting statistical information about how Users interact with the website in order to improve the site and determine which sections are most popular among Users.<\/p>\n<\/div>\n<\/div><\/div><\/div><\/div><\/div>","protected":false},"excerpt":{"rendered":"<p>POLITYKA PRYWATNO\u015aCI STRONY INTERNETOWEJ FAJNEREJSY.PL 1. Ochrona danych osobowych U\u017cytkownik\u00f3w jest dla mnie spraw\u0105 najwy\u017cszej wagi. Dok\u0142adam stara\u0144, aby U\u017cytkownicy czuli si\u0119 bezpiecznie, powierzaj\u0105c swoje dane osobowe w trakcie korzystania ze strony internetowej. 2. U\u017cytkownik to osoba fizyczna, osoba prawna albo jednostka organizacyjna nieposiadaj\u0105ca osobowo\u015bci prawnej, kt\u00f3rej ustawa przyznaje zdolno\u015b\u0107 prawn\u0105, korzystaj\u0105ca z us\u0142ug elektronicznych &hellip;<\/p>","protected":false},"author":1,"featured_media":0,"parent":0,"menu_order":0,"comment_status":"closed","ping_status":"closed","template":"","meta":{"_acf_changed":false,"footnotes":""},"class_list":["post-3241","page","type-page","status-publish","hentry","clearfix"],"acf":[],"yoast_head":"<!-- This site is optimized with the Yoast SEO Premium plugin v26.7 (Yoast SEO v26.7) - https:\/\/yoast.com\/wordpress\/plugins\/seo\/ -->\n<title>Polityka prywatno\u015bci - Fajnerejsy.pl<\/title>\n<meta name=\"robots\" content=\"index, follow, max-snippet:-1, max-image-preview:large, max-video-preview:-1\" \/>\n<link rel=\"canonical\" href=\"https:\/\/fajnerejsy.pl\/en\/polityka-prywatnosci\/\" \/>\n<meta property=\"og:locale\" content=\"en_US\" \/>\n<meta property=\"og:type\" content=\"article\" \/>\n<meta property=\"og:title\" content=\"Polityka prywatno\u015bci\" \/>\n<meta property=\"og:description\" content=\"POLITYKA PRYWATNO\u015aCI STRONY INTERNETOWEJ FAJNEREJSY.PL 1. Ochrona danych osobowych U\u017cytkownik\u00f3w jest dla mnie spraw\u0105 najwy\u017cszej wagi. Dok\u0142adam stara\u0144, aby U\u017cytkownicy czuli si\u0119 bezpiecznie, powierzaj\u0105c swoje dane osobowe w trakcie korzystania ze strony internetowej. 2. U\u017cytkownik to osoba fizyczna, osoba prawna albo jednostka organizacyjna nieposiadaj\u0105ca osobowo\u015bci prawnej, kt\u00f3rej ustawa przyznaje zdolno\u015b\u0107 prawn\u0105, korzystaj\u0105ca z us\u0142ug elektronicznych &hellip;\" \/>\n<meta property=\"og:url\" content=\"https:\/\/fajnerejsy.pl\/en\/polityka-prywatnosci\/\" \/>\n<meta property=\"og:site_name\" content=\"Fajnerejsy.pl\" \/>\n<meta property=\"article:publisher\" content=\"https:\/\/www.facebook.com\/Fajnerejsy\" \/>\n<meta property=\"article:modified_time\" content=\"2026-03-04T09:44:06+00:00\" \/>\n<meta name=\"twitter:card\" content=\"summary_large_image\" \/>\n<meta name=\"twitter:label1\" content=\"Est. reading time\" \/>\n\t<meta name=\"twitter:data1\" content=\"9 minutes\" \/>\n<script type=\"application\/ld+json\" class=\"yoast-schema-graph\">{\"@context\":\"https:\/\/schema.org\",\"@graph\":[{\"@type\":\"WebPage\",\"@id\":\"https:\/\/fajnerejsy.pl\/polityka-prywatnosci\/\",\"url\":\"https:\/\/fajnerejsy.pl\/polityka-prywatnosci\/\",\"name\":\"Polityka prywatno\u015bci - Fajnerejsy.pl\",\"isPartOf\":{\"@id\":\"https:\/\/fajnerejsy.pl\/#website\"},\"datePublished\":\"2021-11-02T18:32:47+00:00\",\"dateModified\":\"2026-03-04T09:44:06+00:00\",\"breadcrumb\":{\"@id\":\"https:\/\/fajnerejsy.pl\/polityka-prywatnosci\/#breadcrumb\"},\"inLanguage\":\"en-US\",\"potentialAction\":[{\"@type\":\"ReadAction\",\"target\":[\"https:\/\/fajnerejsy.pl\/polityka-prywatnosci\/\"]}]},{\"@type\":\"BreadcrumbList\",\"@id\":\"https:\/\/fajnerejsy.pl\/polityka-prywatnosci\/#breadcrumb\",\"itemListElement\":[{\"@type\":\"ListItem\",\"position\":1,\"name\":\"Home\",\"item\":\"https:\/\/fajnerejsy.pl\/\"},{\"@type\":\"ListItem\",\"position\":2,\"name\":\"Polityka prywatno\u015bci\"}]},{\"@type\":\"WebSite\",\"@id\":\"https:\/\/fajnerejsy.pl\/#website\",\"url\":\"https:\/\/fajnerejsy.pl\/\",\"name\":\"Fajnerejsy.pl\",\"description\":\"\",\"publisher\":{\"@id\":\"https:\/\/fajnerejsy.pl\/#organization\"},\"potentialAction\":[{\"@type\":\"SearchAction\",\"target\":{\"@type\":\"EntryPoint\",\"urlTemplate\":\"https:\/\/fajnerejsy.pl\/?s={search_term_string}\"},\"query-input\":{\"@type\":\"PropertyValueSpecification\",\"valueRequired\":true,\"valueName\":\"search_term_string\"}}],\"inLanguage\":\"en-US\"},{\"@type\":\"Organization\",\"@id\":\"https:\/\/fajnerejsy.pl\/#organization\",\"name\":\"FAJNEREJSY\",\"url\":\"https:\/\/fajnerejsy.pl\/\",\"logo\":{\"@type\":\"ImageObject\",\"inLanguage\":\"en-US\",\"@id\":\"https:\/\/fajnerejsy.pl\/#\/schema\/logo\/image\/\",\"url\":\"http:\/\/fajnerejsy.pl\/wp-content\/uploads\/2020\/11\/fajnerejsy-logo-rgb-www1.png\",\"contentUrl\":\"http:\/\/fajnerejsy.pl\/wp-content\/uploads\/2020\/11\/fajnerejsy-logo-rgb-www1.png\",\"width\":235,\"height\":50,\"caption\":\"FAJNEREJSY\"},\"image\":{\"@id\":\"https:\/\/fajnerejsy.pl\/#\/schema\/logo\/image\/\"},\"sameAs\":[\"https:\/\/www.facebook.com\/Fajnerejsy\",\"https:\/\/www.instagram.com\/fajnerejsy.pl\/\",\"https:\/\/www.youtube.com\/JacekMirczak\"]}]}<\/script>\n<!-- \/ Yoast SEO Premium plugin. -->","yoast_head_json":{"title":"Polityka prywatno\u015bci - Fajnerejsy.pl","robots":{"index":"index","follow":"follow","max-snippet":"max-snippet:-1","max-image-preview":"max-image-preview:large","max-video-preview":"max-video-preview:-1"},"canonical":"https:\/\/fajnerejsy.pl\/en\/polityka-prywatnosci\/","og_locale":"en_US","og_type":"article","og_title":"Polityka prywatno\u015bci","og_description":"POLITYKA PRYWATNO\u015aCI STRONY INTERNETOWEJ FAJNEREJSY.PL 1. Ochrona danych osobowych U\u017cytkownik\u00f3w jest dla mnie spraw\u0105 najwy\u017cszej wagi. Dok\u0142adam stara\u0144, aby U\u017cytkownicy czuli si\u0119 bezpiecznie, powierzaj\u0105c swoje dane osobowe w trakcie korzystania ze strony internetowej. 2. U\u017cytkownik to osoba fizyczna, osoba prawna albo jednostka organizacyjna nieposiadaj\u0105ca osobowo\u015bci prawnej, kt\u00f3rej ustawa przyznaje zdolno\u015b\u0107 prawn\u0105, korzystaj\u0105ca z us\u0142ug elektronicznych &hellip;","og_url":"https:\/\/fajnerejsy.pl\/en\/polityka-prywatnosci\/","og_site_name":"Fajnerejsy.pl","article_publisher":"https:\/\/www.facebook.com\/Fajnerejsy","article_modified_time":"2026-03-04T09:44:06+00:00","twitter_card":"summary_large_image","twitter_misc":{"Est. reading time":"9 minutes"},"schema":{"@context":"https:\/\/schema.org","@graph":[{"@type":"WebPage","@id":"https:\/\/fajnerejsy.pl\/polityka-prywatnosci\/","url":"https:\/\/fajnerejsy.pl\/polityka-prywatnosci\/","name":"Polityka prywatno\u015bci - Fajnerejsy.pl","isPartOf":{"@id":"https:\/\/fajnerejsy.pl\/#website"},"datePublished":"2021-11-02T18:32:47+00:00","dateModified":"2026-03-04T09:44:06+00:00","breadcrumb":{"@id":"https:\/\/fajnerejsy.pl\/polityka-prywatnosci\/#breadcrumb"},"inLanguage":"en-US","potentialAction":[{"@type":"ReadAction","target":["https:\/\/fajnerejsy.pl\/polityka-prywatnosci\/"]}]},{"@type":"BreadcrumbList","@id":"https:\/\/fajnerejsy.pl\/polityka-prywatnosci\/#breadcrumb","itemListElement":[{"@type":"ListItem","position":1,"name":"Home","item":"https:\/\/fajnerejsy.pl\/"},{"@type":"ListItem","position":2,"name":"Polityka prywatno\u015bci"}]},{"@type":"WebSite","@id":"https:\/\/fajnerejsy.pl\/#website","url":"https:\/\/fajnerejsy.pl\/","name":"Fajnerejsy.pl","description":"","publisher":{"@id":"https:\/\/fajnerejsy.pl\/#organization"},"potentialAction":[{"@type":"SearchAction","target":{"@type":"EntryPoint","urlTemplate":"https:\/\/fajnerejsy.pl\/?s={search_term_string}"},"query-input":{"@type":"PropertyValueSpecification","valueRequired":true,"valueName":"search_term_string"}}],"inLanguage":"en-US"},{"@type":"Organization","@id":"https:\/\/fajnerejsy.pl\/#organization","name":"FAJNEREJSY","url":"https:\/\/fajnerejsy.pl\/","logo":{"@type":"ImageObject","inLanguage":"en-US","@id":"https:\/\/fajnerejsy.pl\/#\/schema\/logo\/image\/","url":"http:\/\/fajnerejsy.pl\/wp-content\/uploads\/2020\/11\/fajnerejsy-logo-rgb-www1.png","contentUrl":"http:\/\/fajnerejsy.pl\/wp-content\/uploads\/2020\/11\/fajnerejsy-logo-rgb-www1.png","width":235,"height":50,"caption":"FAJNEREJSY"},"image":{"@id":"https:\/\/fajnerejsy.pl\/#\/schema\/logo\/image\/"},"sameAs":["https:\/\/www.facebook.com\/Fajnerejsy","https:\/\/www.instagram.com\/fajnerejsy.pl\/","https:\/\/www.youtube.com\/JacekMirczak"]}]}},"_links":{"self":[{"href":"http:\/\/fajnerejsy.pl\/en\/wp-json\/wp\/v2\/pages\/3241","targetHints":{"allow":["GET"]}}],"collection":[{"href":"http:\/\/fajnerejsy.pl\/en\/wp-json\/wp\/v2\/pages"}],"about":[{"href":"http:\/\/fajnerejsy.pl\/en\/wp-json\/wp\/v2\/types\/page"}],"author":[{"embeddable":true,"href":"http:\/\/fajnerejsy.pl\/en\/wp-json\/wp\/v2\/users\/1"}],"replies":[{"embeddable":true,"href":"http:\/\/fajnerejsy.pl\/en\/wp-json\/wp\/v2\/comments?post=3241"}],"version-history":[{"count":15,"href":"http:\/\/fajnerejsy.pl\/en\/wp-json\/wp\/v2\/pages\/3241\/revisions"}],"predecessor-version":[{"id":6496,"href":"http:\/\/fajnerejsy.pl\/en\/wp-json\/wp\/v2\/pages\/3241\/revisions\/6496"}],"wp:attachment":[{"href":"http:\/\/fajnerejsy.pl\/en\/wp-json\/wp\/v2\/media?parent=3241"}],"curies":[{"name":"wp","href":"https:\/\/api.w.org\/{rel}","templated":true}]}}