{"id":2765,"date":"2021-03-24T13:44:39","date_gmt":"2021-03-24T13:44:39","guid":{"rendered":"https:\/\/fajnerejsy.pl\/?page_id=2765"},"modified":"2022-06-09T19:27:40","modified_gmt":"2022-06-09T19:27:40","slug":"wspomnienia-majowy-baltyk-2021","status":"publish","type":"page","link":"http:\/\/fajnerejsy.pl\/en\/wspomnienia\/wspomnienia-majowy-baltyk-2021\/","title":{"rendered":"The Baltic in May \u2013 2021"},"content":{"rendered":"<div id=\"pl-2765\"  class=\"panel-layout\" ><div id=\"pg-2765-0\"  class=\"panel-grid panel-no-style\" ><div id=\"pgc-2765-0-0\"  class=\"panel-grid-cell\" ><div id=\"panel-2765-0-0-0\" class=\"so-panel widget widget_sow-editor panel-first-child panel-last-child\" data-index=\"0\" ><div\n\t\t\t\n\t\t\tclass=\"so-widget-sow-editor so-widget-sow-editor-base\"\n\t\t\t\n\t\t>\n<div class=\"siteorigin-widget-tinymce textwidget\">\n\t<p><div class=\"shaka-gallery beauy-galleryid-2765\" data-featherlight-gallery data-featherlight-filter=\"a\"><a href=\"https:\/\/fajnerejsy.pl\/wp-content\/uploads\/2021\/06\/20210519_185438.jpg\" class=\"shaka-gallery__item\"><img decoding=\"async\" src=\"https:\/\/fajnerejsy.pl\/wp-content\/uploads\/2021\/06\/20210519_185438-225x300.jpg\" srcset=\"https:\/\/fajnerejsy.pl\/wp-content\/uploads\/2021\/06\/20210519_185438-225x300.jpg 225w, https:\/\/fajnerejsy.pl\/wp-content\/uploads\/2021\/06\/20210519_185438-768x1024.jpg 768w\" sizes=\"(min-width: 1200px) 275px, (min-width: 992px) 226px, (min-width: 768px) 172px, calc(50vw - 15px)\"><\/a><a href=\"https:\/\/fajnerejsy.pl\/wp-content\/uploads\/2021\/06\/20210518_012322.jpg\" class=\"shaka-gallery__item\"><img decoding=\"async\" src=\"https:\/\/fajnerejsy.pl\/wp-content\/uploads\/2021\/06\/20210518_012322-225x300.jpg\" srcset=\"https:\/\/fajnerejsy.pl\/wp-content\/uploads\/2021\/06\/20210518_012322-225x300.jpg 225w, https:\/\/fajnerejsy.pl\/wp-content\/uploads\/2021\/06\/20210518_012322-768x1024.jpg 768w\" sizes=\"(min-width: 1200px) 275px, (min-width: 992px) 226px, (min-width: 768px) 172px, calc(50vw - 15px)\"><\/a><a href=\"https:\/\/fajnerejsy.pl\/wp-content\/uploads\/2021\/06\/20210520_141510.jpg\" class=\"shaka-gallery__item\"><img decoding=\"async\" src=\"https:\/\/fajnerejsy.pl\/wp-content\/uploads\/2021\/06\/20210520_141510-300x160.jpg\" srcset=\"https:\/\/fajnerejsy.pl\/wp-content\/uploads\/2021\/06\/20210520_141510-300x160.jpg 300w, https:\/\/fajnerejsy.pl\/wp-content\/uploads\/2021\/06\/20210520_141510-1024x546.jpg 1024w\" sizes=\"(min-width: 1200px) 275px, (min-width: 992px) 226px, (min-width: 768px) 172px, calc(50vw - 15px)\"><\/a><a href=\"https:\/\/fajnerejsy.pl\/wp-content\/uploads\/2021\/06\/20210518_031928.jpg\" class=\"shaka-gallery__item\"><img decoding=\"async\" src=\"https:\/\/fajnerejsy.pl\/wp-content\/uploads\/2021\/06\/20210518_031928-218x300.jpg\" srcset=\"https:\/\/fajnerejsy.pl\/wp-content\/uploads\/2021\/06\/20210518_031928-218x300.jpg 218w, https:\/\/fajnerejsy.pl\/wp-content\/uploads\/2021\/06\/20210518_031928-743x1024.jpg 743w\" sizes=\"(min-width: 1200px) 275px, (min-width: 992px) 226px, (min-width: 768px) 172px, calc(50vw - 15px)\"><\/a><a href=\"https:\/\/fajnerejsy.pl\/wp-content\/uploads\/2021\/06\/20210518_153709.jpg\" class=\"shaka-gallery__item\"><img decoding=\"async\" src=\"https:\/\/fajnerejsy.pl\/wp-content\/uploads\/2021\/06\/20210518_153709-225x300.jpg\" srcset=\"https:\/\/fajnerejsy.pl\/wp-content\/uploads\/2021\/06\/20210518_153709-225x300.jpg 225w, https:\/\/fajnerejsy.pl\/wp-content\/uploads\/2021\/06\/20210518_153709-768x1024.jpg 768w\" sizes=\"(min-width: 1200px) 275px, (min-width: 992px) 226px, (min-width: 768px) 172px, calc(50vw - 15px)\"><\/a><a href=\"https:\/\/fajnerejsy.pl\/wp-content\/uploads\/2021\/06\/20210519_112417-scaled.jpg\" class=\"shaka-gallery__item\"><img decoding=\"async\" src=\"https:\/\/fajnerejsy.pl\/wp-content\/uploads\/2021\/06\/20210519_112417-300x225.jpg\" srcset=\"https:\/\/fajnerejsy.pl\/wp-content\/uploads\/2021\/06\/20210519_112417-300x225.jpg 300w, https:\/\/fajnerejsy.pl\/wp-content\/uploads\/2021\/06\/20210519_112417-1024x768.jpg 1024w\" sizes=\"(min-width: 1200px) 275px, (min-width: 992px) 226px, (min-width: 768px) 172px, calc(50vw - 15px)\"><\/a><a href=\"https:\/\/fajnerejsy.pl\/wp-content\/uploads\/2021\/06\/20210519_132459.jpg\" class=\"shaka-gallery__item\"><img decoding=\"async\" src=\"https:\/\/fajnerejsy.pl\/wp-content\/uploads\/2021\/06\/20210519_132459-300x177.jpg\" srcset=\"https:\/\/fajnerejsy.pl\/wp-content\/uploads\/2021\/06\/20210519_132459-300x177.jpg 300w, https:\/\/fajnerejsy.pl\/wp-content\/uploads\/2021\/06\/20210519_132459-1024x605.jpg 1024w\" sizes=\"(min-width: 1200px) 275px, (min-width: 992px) 226px, (min-width: 768px) 172px, calc(50vw - 15px)\"><\/a><a href=\"https:\/\/fajnerejsy.pl\/wp-content\/uploads\/2021\/06\/20210519_175734.jpg\" class=\"shaka-gallery__item\"><img decoding=\"async\" src=\"https:\/\/fajnerejsy.pl\/wp-content\/uploads\/2021\/06\/20210519_175734-225x300.jpg\" srcset=\"https:\/\/fajnerejsy.pl\/wp-content\/uploads\/2021\/06\/20210519_175734-225x300.jpg 225w, https:\/\/fajnerejsy.pl\/wp-content\/uploads\/2021\/06\/20210519_175734-768x1024.jpg 768w\" sizes=\"(min-width: 1200px) 275px, (min-width: 992px) 226px, (min-width: 768px) 172px, calc(50vw - 15px)\"><\/a><a href=\"https:\/\/fajnerejsy.pl\/wp-content\/uploads\/2021\/06\/20210519_180008.jpg\" class=\"shaka-gallery__item\"><img decoding=\"async\" src=\"https:\/\/fajnerejsy.pl\/wp-content\/uploads\/2021\/06\/20210519_180008-225x300.jpg\" srcset=\"https:\/\/fajnerejsy.pl\/wp-content\/uploads\/2021\/06\/20210519_180008-225x300.jpg 225w, https:\/\/fajnerejsy.pl\/wp-content\/uploads\/2021\/06\/20210519_180008-768x1024.jpg 768w\" sizes=\"(min-width: 1200px) 275px, (min-width: 992px) 226px, (min-width: 768px) 172px, calc(50vw - 15px)\"><\/a><a href=\"https:\/\/fajnerejsy.pl\/wp-content\/uploads\/2021\/06\/20210519_181727.jpg\" class=\"shaka-gallery__item\"><img decoding=\"async\" src=\"https:\/\/fajnerejsy.pl\/wp-content\/uploads\/2021\/06\/20210519_181727-225x300.jpg\" srcset=\"https:\/\/fajnerejsy.pl\/wp-content\/uploads\/2021\/06\/20210519_181727-225x300.jpg 225w, https:\/\/fajnerejsy.pl\/wp-content\/uploads\/2021\/06\/20210519_181727-768x1024.jpg 768w\" sizes=\"(min-width: 1200px) 275px, (min-width: 992px) 226px, (min-width: 768px) 172px, calc(50vw - 15px)\"><\/a><a href=\"https:\/\/fajnerejsy.pl\/wp-content\/uploads\/2021\/06\/20210519_220409.jpg\" class=\"shaka-gallery__item\"><img decoding=\"async\" src=\"https:\/\/fajnerejsy.pl\/wp-content\/uploads\/2021\/06\/20210519_220409-225x300.jpg\" srcset=\"https:\/\/fajnerejsy.pl\/wp-content\/uploads\/2021\/06\/20210519_220409-225x300.jpg 225w, https:\/\/fajnerejsy.pl\/wp-content\/uploads\/2021\/06\/20210519_220409-768x1024.jpg 768w\" sizes=\"(min-width: 1200px) 275px, (min-width: 992px) 226px, (min-width: 768px) 172px, calc(50vw - 15px)\"><\/a><a href=\"https:\/\/fajnerejsy.pl\/wp-content\/uploads\/2021\/06\/20210521_160322-scaled.jpg\" class=\"shaka-gallery__item\"><img decoding=\"async\" src=\"https:\/\/fajnerejsy.pl\/wp-content\/uploads\/2021\/06\/20210521_160322-300x225.jpg\" srcset=\"https:\/\/fajnerejsy.pl\/wp-content\/uploads\/2021\/06\/20210521_160322-300x225.jpg 300w, https:\/\/fajnerejsy.pl\/wp-content\/uploads\/2021\/06\/20210521_160322-1024x768.jpg 1024w\" sizes=\"(min-width: 1200px) 275px, (min-width: 992px) 226px, (min-width: 768px) 172px, calc(50vw - 15px)\"><\/a><a href=\"https:\/\/fajnerejsy.pl\/wp-content\/uploads\/2021\/06\/20210518_012448.jpg\" class=\"shaka-gallery__item\"><img decoding=\"async\" src=\"https:\/\/fajnerejsy.pl\/wp-content\/uploads\/2021\/06\/20210518_012448-300x225.jpg\" srcset=\"https:\/\/fajnerejsy.pl\/wp-content\/uploads\/2021\/06\/20210518_012448-300x225.jpg 300w, https:\/\/fajnerejsy.pl\/wp-content\/uploads\/2021\/06\/20210518_012448-1024x768.jpg 1024w\" sizes=\"(min-width: 1200px) 275px, (min-width: 992px) 226px, (min-width: 768px) 172px, calc(50vw - 15px)\"><\/a><a href=\"https:\/\/fajnerejsy.pl\/wp-content\/uploads\/2021\/06\/20210517_074604-1.jpg\" class=\"shaka-gallery__item\"><img decoding=\"async\" src=\"https:\/\/fajnerejsy.pl\/wp-content\/uploads\/2021\/06\/20210517_074604-1-225x300.jpg\" srcset=\"https:\/\/fajnerejsy.pl\/wp-content\/uploads\/2021\/06\/20210517_074604-1-225x300.jpg 225w, https:\/\/fajnerejsy.pl\/wp-content\/uploads\/2021\/06\/20210517_074604-1-768x1024.jpg 768w\" sizes=\"(min-width: 1200px) 275px, (min-width: 992px) 226px, (min-width: 768px) 172px, calc(50vw - 15px)\"><\/a><a href=\"https:\/\/fajnerejsy.pl\/wp-content\/uploads\/2021\/06\/20210521_170543-scaled.jpg\" class=\"shaka-gallery__item\"><img decoding=\"async\" src=\"https:\/\/fajnerejsy.pl\/wp-content\/uploads\/2021\/06\/20210521_170543-300x225.jpg\" srcset=\"https:\/\/fajnerejsy.pl\/wp-content\/uploads\/2021\/06\/20210521_170543-300x225.jpg 300w, https:\/\/fajnerejsy.pl\/wp-content\/uploads\/2021\/06\/20210521_170543-1024x768.jpg 1024w\" sizes=\"(min-width: 1200px) 275px, (min-width: 992px) 226px, (min-width: 768px) 172px, calc(50vw - 15px)\"><\/a><a href=\"https:\/\/fajnerejsy.pl\/wp-content\/uploads\/2021\/06\/IMG_6011.jpg\" class=\"shaka-gallery__item\"><img decoding=\"async\" src=\"https:\/\/fajnerejsy.pl\/wp-content\/uploads\/2021\/06\/IMG_6011-225x300.jpg\" srcset=\"https:\/\/fajnerejsy.pl\/wp-content\/uploads\/2021\/06\/IMG_6011-225x300.jpg 225w, https:\/\/fajnerejsy.pl\/wp-content\/uploads\/2021\/06\/IMG_6011.jpg 627w\" sizes=\"(min-width: 1200px) 275px, (min-width: 992px) 226px, (min-width: 768px) 172px, calc(50vw - 15px)\"><\/a><a href=\"https:\/\/fajnerejsy.pl\/wp-content\/uploads\/2021\/06\/20210515_213357.jpg\" class=\"shaka-gallery__item\"><img decoding=\"async\" src=\"https:\/\/fajnerejsy.pl\/wp-content\/uploads\/2021\/06\/20210515_213357-225x300.jpg\" srcset=\"https:\/\/fajnerejsy.pl\/wp-content\/uploads\/2021\/06\/20210515_213357-225x300.jpg 225w, https:\/\/fajnerejsy.pl\/wp-content\/uploads\/2021\/06\/20210515_213357-768x1024.jpg 768w\" sizes=\"(min-width: 1200px) 275px, (min-width: 992px) 226px, (min-width: 768px) 172px, calc(50vw - 15px)\"><\/a><a href=\"https:\/\/fajnerejsy.pl\/wp-content\/uploads\/2021\/06\/IMG_6022.jpg\" class=\"shaka-gallery__item\"><img decoding=\"async\" src=\"https:\/\/fajnerejsy.pl\/wp-content\/uploads\/2021\/06\/IMG_6022-225x300.jpg\" srcset=\"https:\/\/fajnerejsy.pl\/wp-content\/uploads\/2021\/06\/IMG_6022-225x300.jpg 225w, https:\/\/fajnerejsy.pl\/wp-content\/uploads\/2021\/06\/IMG_6022.jpg 627w\" sizes=\"(min-width: 1200px) 275px, (min-width: 992px) 226px, (min-width: 768px) 172px, calc(50vw - 15px)\"><\/a><a href=\"https:\/\/fajnerejsy.pl\/wp-content\/uploads\/2021\/06\/IMG_20210517_094831.jpg\" class=\"shaka-gallery__item\"><img decoding=\"async\" src=\"https:\/\/fajnerejsy.pl\/wp-content\/uploads\/2021\/06\/IMG_20210517_094831-300x225.jpg\" srcset=\"https:\/\/fajnerejsy.pl\/wp-content\/uploads\/2021\/06\/IMG_20210517_094831-300x225.jpg 300w, https:\/\/fajnerejsy.pl\/wp-content\/uploads\/2021\/06\/IMG_20210517_094831-1024x768.jpg 1024w\" sizes=\"(min-width: 1200px) 275px, (min-width: 992px) 226px, (min-width: 768px) 172px, calc(50vw - 15px)\"><\/a><a href=\"https:\/\/fajnerejsy.pl\/wp-content\/uploads\/2021\/06\/IMG_20210517_132752.jpg\" class=\"shaka-gallery__item\"><img decoding=\"async\" src=\"https:\/\/fajnerejsy.pl\/wp-content\/uploads\/2021\/06\/IMG_20210517_132752-300x225.jpg\" srcset=\"https:\/\/fajnerejsy.pl\/wp-content\/uploads\/2021\/06\/IMG_20210517_132752-300x225.jpg 300w, https:\/\/fajnerejsy.pl\/wp-content\/uploads\/2021\/06\/IMG_20210517_132752-1024x768.jpg 1024w\" sizes=\"(min-width: 1200px) 275px, (min-width: 992px) 226px, (min-width: 768px) 172px, calc(50vw - 15px)\"><\/a><a href=\"https:\/\/fajnerejsy.pl\/wp-content\/uploads\/2021\/06\/IMG_20210518_055417.jpg\" class=\"shaka-gallery__item\"><img decoding=\"async\" src=\"https:\/\/fajnerejsy.pl\/wp-content\/uploads\/2021\/06\/IMG_20210518_055417-300x225.jpg\" srcset=\"https:\/\/fajnerejsy.pl\/wp-content\/uploads\/2021\/06\/IMG_20210518_055417-300x225.jpg 300w, https:\/\/fajnerejsy.pl\/wp-content\/uploads\/2021\/06\/IMG_20210518_055417-1024x768.jpg 1024w\" sizes=\"(min-width: 1200px) 275px, (min-width: 992px) 226px, (min-width: 768px) 172px, calc(50vw - 15px)\"><\/a><a href=\"https:\/\/fajnerejsy.pl\/wp-content\/uploads\/2021\/06\/IMG_20210519_201033.jpg\" class=\"shaka-gallery__item\"><img decoding=\"async\" src=\"https:\/\/fajnerejsy.pl\/wp-content\/uploads\/2021\/06\/IMG_20210519_201033-300x225.jpg\" srcset=\"https:\/\/fajnerejsy.pl\/wp-content\/uploads\/2021\/06\/IMG_20210519_201033-300x225.jpg 300w, https:\/\/fajnerejsy.pl\/wp-content\/uploads\/2021\/06\/IMG_20210519_201033-1024x768.jpg 1024w\" sizes=\"(min-width: 1200px) 275px, (min-width: 992px) 226px, (min-width: 768px) 172px, calc(50vw - 15px)\"><\/a><a href=\"https:\/\/fajnerejsy.pl\/wp-content\/uploads\/2021\/06\/IMG_20210520_093856.jpg\" class=\"shaka-gallery__item\"><img decoding=\"async\" src=\"https:\/\/fajnerejsy.pl\/wp-content\/uploads\/2021\/06\/IMG_20210520_093856-300x225.jpg\" srcset=\"https:\/\/fajnerejsy.pl\/wp-content\/uploads\/2021\/06\/IMG_20210520_093856-300x225.jpg 300w, https:\/\/fajnerejsy.pl\/wp-content\/uploads\/2021\/06\/IMG_20210520_093856-1024x768.jpg 1024w\" sizes=\"(min-width: 1200px) 275px, (min-width: 992px) 226px, (min-width: 768px) 172px, calc(50vw - 15px)\"><\/a><a href=\"https:\/\/fajnerejsy.pl\/wp-content\/uploads\/2021\/06\/IMG_20210520_203646.jpg\" class=\"shaka-gallery__item\"><img decoding=\"async\" src=\"https:\/\/fajnerejsy.pl\/wp-content\/uploads\/2021\/06\/IMG_20210520_203646-300x225.jpg\" srcset=\"https:\/\/fajnerejsy.pl\/wp-content\/uploads\/2021\/06\/IMG_20210520_203646-300x225.jpg 300w, https:\/\/fajnerejsy.pl\/wp-content\/uploads\/2021\/06\/IMG_20210520_203646-1024x768.jpg 1024w\" sizes=\"(min-width: 1200px) 275px, (min-width: 992px) 226px, (min-width: 768px) 172px, calc(50vw - 15px)\"><\/a><\/div><\/p>\n<\/div>\n<\/div><\/div><\/div><\/div><\/div>","protected":false},"excerpt":{"rendered":"","protected":false},"author":1,"featured_media":2573,"parent":2762,"menu_order":0,"comment_status":"closed","ping_status":"closed","template":"","meta":{"_acf_changed":false,"footnotes":""},"class_list":["post-2765","page","type-page","status-publish","has-post-thumbnail","hentry","clearfix"],"acf":[],"yoast_head":"<!-- This site is optimized with the Yoast SEO Premium plugin v26.7 (Yoast SEO v26.7) - https:\/\/yoast.com\/wordpress\/plugins\/seo\/ -->\n<title>Majowy Ba\u0142tyk 2021 | pomoc w prowadzeniu rejs\u00f3w - Fajnerejsy.pl<\/title>\n<meta name=\"description\" content=\"Jako skipper pomog\u0119 Ci, je\u017celi chcesz wyczarterowa\u0107 jacht i nie masz uprawnie\u0144 do jego prowadzenia lub nie czujesz si\u0119 pewnie za sterem.\" \/>\n<meta name=\"robots\" content=\"index, follow, max-snippet:-1, max-image-preview:large, max-video-preview:-1\" \/>\n<link rel=\"canonical\" href=\"https:\/\/fajnerejsy.pl\/en\/wspomnienia\/wspomnienia-majowy-baltyk-2021\/\" \/>\n<meta property=\"og:locale\" content=\"en_US\" \/>\n<meta property=\"og:type\" content=\"article\" \/>\n<meta property=\"og:title\" content=\"Majowy Ba\u0142tyk 2021\" \/>\n<meta property=\"og:description\" content=\"Jako skipper pomog\u0119 Ci, je\u017celi chcesz wyczarterowa\u0107 jacht i nie masz uprawnie\u0144 do jego prowadzenia lub nie czujesz si\u0119 pewnie za sterem.\" \/>\n<meta property=\"og:url\" content=\"https:\/\/fajnerejsy.pl\/en\/wspomnienia\/wspomnienia-majowy-baltyk-2021\/\" \/>\n<meta property=\"og:site_name\" content=\"Fajnerejsy.pl\" \/>\n<meta property=\"article:publisher\" content=\"https:\/\/www.facebook.com\/Fajnerejsy\" \/>\n<meta property=\"article:modified_time\" content=\"2022-06-09T19:27:40+00:00\" \/>\n<meta property=\"og:image\" content=\"https:\/\/fajnerejsy.pl\/wp-content\/uploads\/2020\/11\/06-scaled.jpg\" \/>\n\t<meta property=\"og:image:width\" content=\"2560\" \/>\n\t<meta property=\"og:image:height\" content=\"1920\" \/>\n\t<meta property=\"og:image:type\" content=\"image\/jpeg\" \/>\n<meta name=\"twitter:card\" content=\"summary_large_image\" \/>\n<meta name=\"twitter:label1\" content=\"Est. reading time\" \/>\n\t<meta name=\"twitter:data1\" content=\"1 minute\" \/>\n<script type=\"application\/ld+json\" class=\"yoast-schema-graph\">{\"@context\":\"https:\/\/schema.org\",\"@graph\":[{\"@type\":\"WebPage\",\"@id\":\"https:\/\/fajnerejsy.pl\/wspomnienia\/wspomnienia-majowy-baltyk-2021\/\",\"url\":\"https:\/\/fajnerejsy.pl\/wspomnienia\/wspomnienia-majowy-baltyk-2021\/\",\"name\":\"Majowy Ba\u0142tyk 2021 | pomoc w prowadzeniu rejs\u00f3w - Fajnerejsy.pl\",\"isPartOf\":{\"@id\":\"https:\/\/fajnerejsy.pl\/#website\"},\"primaryImageOfPage\":{\"@id\":\"https:\/\/fajnerejsy.pl\/wspomnienia\/wspomnienia-majowy-baltyk-2021\/#primaryimage\"},\"image\":{\"@id\":\"https:\/\/fajnerejsy.pl\/wspomnienia\/wspomnienia-majowy-baltyk-2021\/#primaryimage\"},\"thumbnailUrl\":\"https:\/\/fajnerejsy.pl\/wp-content\/uploads\/2020\/11\/06-scaled.jpg\",\"datePublished\":\"2021-03-24T13:44:39+00:00\",\"dateModified\":\"2022-06-09T19:27:40+00:00\",\"description\":\"Jako skipper pomog\u0119 Ci, je\u017celi chcesz wyczarterowa\u0107 jacht i nie masz uprawnie\u0144 do jego prowadzenia lub nie czujesz si\u0119 pewnie za sterem.\",\"breadcrumb\":{\"@id\":\"https:\/\/fajnerejsy.pl\/wspomnienia\/wspomnienia-majowy-baltyk-2021\/#breadcrumb\"},\"inLanguage\":\"en-US\",\"potentialAction\":[{\"@type\":\"ReadAction\",\"target\":[\"https:\/\/fajnerejsy.pl\/wspomnienia\/wspomnienia-majowy-baltyk-2021\/\"]}]},{\"@type\":\"ImageObject\",\"inLanguage\":\"en-US\",\"@id\":\"https:\/\/fajnerejsy.pl\/wspomnienia\/wspomnienia-majowy-baltyk-2021\/#primaryimage\",\"url\":\"https:\/\/fajnerejsy.pl\/wp-content\/uploads\/2020\/11\/06-scaled.jpg\",\"contentUrl\":\"https:\/\/fajnerejsy.pl\/wp-content\/uploads\/2020\/11\/06-scaled.jpg\",\"width\":2560,\"height\":1920,\"caption\":\"jacek mirczak fajnerejsy\"},{\"@type\":\"BreadcrumbList\",\"@id\":\"https:\/\/fajnerejsy.pl\/wspomnienia\/wspomnienia-majowy-baltyk-2021\/#breadcrumb\",\"itemListElement\":[{\"@type\":\"ListItem\",\"position\":1,\"name\":\"Home\",\"item\":\"https:\/\/fajnerejsy.pl\/\"},{\"@type\":\"ListItem\",\"position\":2,\"name\":\"Wspomnienia\",\"item\":\"https:\/\/fajnerejsy.pl\/wspomnienia\/\"},{\"@type\":\"ListItem\",\"position\":3,\"name\":\"Majowy Ba\u0142tyk 2021\"}]},{\"@type\":\"WebSite\",\"@id\":\"https:\/\/fajnerejsy.pl\/#website\",\"url\":\"https:\/\/fajnerejsy.pl\/\",\"name\":\"Fajnerejsy.pl\",\"description\":\"\",\"publisher\":{\"@id\":\"https:\/\/fajnerejsy.pl\/#organization\"},\"potentialAction\":[{\"@type\":\"SearchAction\",\"target\":{\"@type\":\"EntryPoint\",\"urlTemplate\":\"https:\/\/fajnerejsy.pl\/?s={search_term_string}\"},\"query-input\":{\"@type\":\"PropertyValueSpecification\",\"valueRequired\":true,\"valueName\":\"search_term_string\"}}],\"inLanguage\":\"en-US\"},{\"@type\":\"Organization\",\"@id\":\"https:\/\/fajnerejsy.pl\/#organization\",\"name\":\"FAJNEREJSY\",\"url\":\"https:\/\/fajnerejsy.pl\/\",\"logo\":{\"@type\":\"ImageObject\",\"inLanguage\":\"en-US\",\"@id\":\"https:\/\/fajnerejsy.pl\/#\/schema\/logo\/image\/\",\"url\":\"http:\/\/fajnerejsy.pl\/wp-content\/uploads\/2020\/11\/fajnerejsy-logo-rgb-www1.png\",\"contentUrl\":\"http:\/\/fajnerejsy.pl\/wp-content\/uploads\/2020\/11\/fajnerejsy-logo-rgb-www1.png\",\"width\":235,\"height\":50,\"caption\":\"FAJNEREJSY\"},\"image\":{\"@id\":\"https:\/\/fajnerejsy.pl\/#\/schema\/logo\/image\/\"},\"sameAs\":[\"https:\/\/www.facebook.com\/Fajnerejsy\",\"https:\/\/www.instagram.com\/fajnerejsy.pl\/\",\"https:\/\/www.youtube.com\/JacekMirczak\"]}]}<\/script>\n<!-- \/ Yoast SEO Premium plugin. -->","yoast_head_json":{"title":"Majowy Ba\u0142tyk 2021 | pomoc w prowadzeniu rejs\u00f3w - Fajnerejsy.pl","description":"Jako skipper pomog\u0119 Ci, je\u017celi chcesz wyczarterowa\u0107 jacht i nie masz uprawnie\u0144 do jego prowadzenia lub nie czujesz si\u0119 pewnie za sterem.","robots":{"index":"index","follow":"follow","max-snippet":"max-snippet:-1","max-image-preview":"max-image-preview:large","max-video-preview":"max-video-preview:-1"},"canonical":"https:\/\/fajnerejsy.pl\/en\/wspomnienia\/wspomnienia-majowy-baltyk-2021\/","og_locale":"en_US","og_type":"article","og_title":"Majowy Ba\u0142tyk 2021","og_description":"Jako skipper pomog\u0119 Ci, je\u017celi chcesz wyczarterowa\u0107 jacht i nie masz uprawnie\u0144 do jego prowadzenia lub nie czujesz si\u0119 pewnie za sterem.","og_url":"https:\/\/fajnerejsy.pl\/en\/wspomnienia\/wspomnienia-majowy-baltyk-2021\/","og_site_name":"Fajnerejsy.pl","article_publisher":"https:\/\/www.facebook.com\/Fajnerejsy","article_modified_time":"2022-06-09T19:27:40+00:00","og_image":[{"width":2560,"height":1920,"url":"https:\/\/fajnerejsy.pl\/wp-content\/uploads\/2020\/11\/06-scaled.jpg","type":"image\/jpeg"}],"twitter_card":"summary_large_image","twitter_misc":{"Est. reading time":"1 minute"},"schema":{"@context":"https:\/\/schema.org","@graph":[{"@type":"WebPage","@id":"https:\/\/fajnerejsy.pl\/wspomnienia\/wspomnienia-majowy-baltyk-2021\/","url":"https:\/\/fajnerejsy.pl\/wspomnienia\/wspomnienia-majowy-baltyk-2021\/","name":"Majowy Ba\u0142tyk 2021 | pomoc w prowadzeniu rejs\u00f3w - Fajnerejsy.pl","isPartOf":{"@id":"https:\/\/fajnerejsy.pl\/#website"},"primaryImageOfPage":{"@id":"https:\/\/fajnerejsy.pl\/wspomnienia\/wspomnienia-majowy-baltyk-2021\/#primaryimage"},"image":{"@id":"https:\/\/fajnerejsy.pl\/wspomnienia\/wspomnienia-majowy-baltyk-2021\/#primaryimage"},"thumbnailUrl":"https:\/\/fajnerejsy.pl\/wp-content\/uploads\/2020\/11\/06-scaled.jpg","datePublished":"2021-03-24T13:44:39+00:00","dateModified":"2022-06-09T19:27:40+00:00","description":"Jako skipper pomog\u0119 Ci, je\u017celi chcesz wyczarterowa\u0107 jacht i nie masz uprawnie\u0144 do jego prowadzenia lub nie czujesz si\u0119 pewnie za sterem.","breadcrumb":{"@id":"https:\/\/fajnerejsy.pl\/wspomnienia\/wspomnienia-majowy-baltyk-2021\/#breadcrumb"},"inLanguage":"en-US","potentialAction":[{"@type":"ReadAction","target":["https:\/\/fajnerejsy.pl\/wspomnienia\/wspomnienia-majowy-baltyk-2021\/"]}]},{"@type":"ImageObject","inLanguage":"en-US","@id":"https:\/\/fajnerejsy.pl\/wspomnienia\/wspomnienia-majowy-baltyk-2021\/#primaryimage","url":"https:\/\/fajnerejsy.pl\/wp-content\/uploads\/2020\/11\/06-scaled.jpg","contentUrl":"https:\/\/fajnerejsy.pl\/wp-content\/uploads\/2020\/11\/06-scaled.jpg","width":2560,"height":1920,"caption":"jacek mirczak fajnerejsy"},{"@type":"BreadcrumbList","@id":"https:\/\/fajnerejsy.pl\/wspomnienia\/wspomnienia-majowy-baltyk-2021\/#breadcrumb","itemListElement":[{"@type":"ListItem","position":1,"name":"Home","item":"https:\/\/fajnerejsy.pl\/"},{"@type":"ListItem","position":2,"name":"Wspomnienia","item":"https:\/\/fajnerejsy.pl\/wspomnienia\/"},{"@type":"ListItem","position":3,"name":"Majowy Ba\u0142tyk 2021"}]},{"@type":"WebSite","@id":"https:\/\/fajnerejsy.pl\/#website","url":"https:\/\/fajnerejsy.pl\/","name":"Fajnerejsy.pl","description":"","publisher":{"@id":"https:\/\/fajnerejsy.pl\/#organization"},"potentialAction":[{"@type":"SearchAction","target":{"@type":"EntryPoint","urlTemplate":"https:\/\/fajnerejsy.pl\/?s={search_term_string}"},"query-input":{"@type":"PropertyValueSpecification","valueRequired":true,"valueName":"search_term_string"}}],"inLanguage":"en-US"},{"@type":"Organization","@id":"https:\/\/fajnerejsy.pl\/#organization","name":"FAJNEREJSY","url":"https:\/\/fajnerejsy.pl\/","logo":{"@type":"ImageObject","inLanguage":"en-US","@id":"https:\/\/fajnerejsy.pl\/#\/schema\/logo\/image\/","url":"http:\/\/fajnerejsy.pl\/wp-content\/uploads\/2020\/11\/fajnerejsy-logo-rgb-www1.png","contentUrl":"http:\/\/fajnerejsy.pl\/wp-content\/uploads\/2020\/11\/fajnerejsy-logo-rgb-www1.png","width":235,"height":50,"caption":"FAJNEREJSY"},"image":{"@id":"https:\/\/fajnerejsy.pl\/#\/schema\/logo\/image\/"},"sameAs":["https:\/\/www.facebook.com\/Fajnerejsy","https:\/\/www.instagram.com\/fajnerejsy.pl\/","https:\/\/www.youtube.com\/JacekMirczak"]}]}},"_links":{"self":[{"href":"http:\/\/fajnerejsy.pl\/en\/wp-json\/wp\/v2\/pages\/2765","targetHints":{"allow":["GET"]}}],"collection":[{"href":"http:\/\/fajnerejsy.pl\/en\/wp-json\/wp\/v2\/pages"}],"about":[{"href":"http:\/\/fajnerejsy.pl\/en\/wp-json\/wp\/v2\/types\/page"}],"author":[{"embeddable":true,"href":"http:\/\/fajnerejsy.pl\/en\/wp-json\/wp\/v2\/users\/1"}],"replies":[{"embeddable":true,"href":"http:\/\/fajnerejsy.pl\/en\/wp-json\/wp\/v2\/comments?post=2765"}],"version-history":[{"count":13,"href":"http:\/\/fajnerejsy.pl\/en\/wp-json\/wp\/v2\/pages\/2765\/revisions"}],"predecessor-version":[{"id":3682,"href":"http:\/\/fajnerejsy.pl\/en\/wp-json\/wp\/v2\/pages\/2765\/revisions\/3682"}],"up":[{"embeddable":true,"href":"http:\/\/fajnerejsy.pl\/en\/wp-json\/wp\/v2\/pages\/2762"}],"wp:featuredmedia":[{"embeddable":true,"href":"http:\/\/fajnerejsy.pl\/en\/wp-json\/wp\/v2\/media\/2573"}],"wp:attachment":[{"href":"http:\/\/fajnerejsy.pl\/en\/wp-json\/wp\/v2\/media?parent=2765"}],"curies":[{"name":"wp","href":"https:\/\/api.w.org\/{rel}","templated":true}]}}