{"id":2397,"date":"2020-11-21T19:15:01","date_gmt":"2020-11-21T19:15:01","guid":{"rendered":"https:\/\/fajnerejsy.pl\/?page_id=2397"},"modified":"2026-03-04T12:14:50","modified_gmt":"2026-03-04T10:14:50","slug":"co-zabrac","status":"publish","type":"page","link":"http:\/\/fajnerejsy.pl\/en\/co-zabrac\/","title":{"rendered":"Checklist"},"content":{"rendered":"<div id=\"pl-2397\"  class=\"panel-layout\" ><div id=\"pg-2397-0\"  class=\"panel-grid panel-has-style\" ><div class=\"siteorigin-panels-stretch panel-row-style panel-row-style-for-2397-0\" data-stretch-type=\"full\" ><div id=\"pgc-2397-0-0\"  class=\"panel-grid-cell\" ><div id=\"panel-2397-0-0-0\" class=\"so-panel widget widget_sow-editor panel-first-child panel-last-child\" data-index=\"0\" ><div\n\t\t\t\n\t\t\tclass=\"so-widget-sow-editor so-widget-sow-editor-base\"\n\t\t\t\n\t\t>\n<div class=\"siteorigin-widget-tinymce textwidget\">\n\t<p>What to Pack for a Sailing Trip on the Baltic Sea?<\/p>\n<p>If you\u2019re heading out on a sea voyage for the first time, you might be wondering what to pack and how to get everything organized.<\/p>\n<p>You should remember that the Baltic Sea can be full of surprises when it comes to weather. Of course, it\u2019s always better to put on something dry than to stay in soaked clothes\u2014but on the other hand, you\u2019ll need to carry everything on your own back and then find space for it in the yacht\u2019s lockers and compartments. The list below aims to strike a sensible balance.<\/p>\n<p>Take a look at my checklist, print it out, and it will definitely come in handy when packing for your trip.<\/p>\n<h6><span style=\"font-size: 15px; color: #5897cc;\"><a href=\"http:\/\/fajnerejsy.pl\/wp-content\/uploads\/2021\/04\/lista-rzeczy-do-zabrania-Baltyk-OK.pdf\" target=\"_blank\" rel=\"noopener noreferrer\">CHECKLIST \u2013 DOWNLOAD &amp; PRINT<\/a><br \/>\n<\/span><\/h6>\n<p>You\u2019re also invited to browse <a href=\"https:\/\/fajnerejsy.pl\/en\/wspomnienia\/\">the photo gallery from our voyages<\/a>. You\u2019ll see just how varied the weather can be during a single sailing trip.<\/p>\n<\/div>\n<\/div><\/div><\/div><div id=\"pgc-2397-0-1\"  class=\"panel-grid-cell\" ><div id=\"panel-2397-0-1-0\" class=\"so-panel widget widget_sow-editor panel-first-child panel-last-child\" data-index=\"1\" ><div\n\t\t\t\n\t\t\tclass=\"so-widget-sow-editor so-widget-sow-editor-base\"\n\t\t\t\n\t\t>\n<div class=\"siteorigin-widget-tinymce textwidget\">\n\t<p><img loading=\"lazy\" decoding=\"async\" class=\"alignnone wp-image-2423 size-large\" src=\"http:\/\/fajnerejsy.pl\/wp-content\/uploads\/2020\/11\/pakowanie-1024x750.jpg\" alt=\"Co zabra\u0107 w rejs, pakowanie, Jacek Mirczak Fajne Rejsy.\" width=\"1024\" height=\"750\" srcset=\"https:\/\/fajnerejsy.pl\/wp-content\/uploads\/2020\/11\/pakowanie-1024x750.jpg 1024w, https:\/\/fajnerejsy.pl\/wp-content\/uploads\/2020\/11\/pakowanie-300x220.jpg 300w, https:\/\/fajnerejsy.pl\/wp-content\/uploads\/2020\/11\/pakowanie-768x563.jpg 768w, https:\/\/fajnerejsy.pl\/wp-content\/uploads\/2020\/11\/pakowanie-540x396.jpg 540w, https:\/\/fajnerejsy.pl\/wp-content\/uploads\/2020\/11\/pakowanie-600x440.jpg 600w, https:\/\/fajnerejsy.pl\/wp-content\/uploads\/2020\/11\/pakowanie.jpg 1200w\" sizes=\"auto, (max-width: 1024px) 100vw, 1024px\" \/><\/p>\n<\/div>\n<\/div><\/div><\/div><\/div><\/div><\/div>","protected":false},"excerpt":{"rendered":"<p>Co zabra\u0107 na rejs po Ba\u0142tyku? Je\u017celi pierwszy raz wybierasz si\u0119 na morski rejs, by\u0107 mo\u017ce zastanawiasz si\u0119 co ze sob\u0105 zabra\u0107 i jak to wszystko ogarn\u0105\u0107. Musisz pami\u0119ta\u0107, \u017ce Ba\u0142tyk potrafi zaskoczy\u0107 pogod\u0105. Oczywiste jest, \u017ce zawsze lepiej za\u0142o\u017cy\u0107 co\u015b suchego ni\u017c przemoczone ciuchy, ale z drugiej strony, trzeba to wszystko przynie\u015b\u0107 na w\u0142asnych &hellip;<\/p>","protected":false},"author":1,"featured_media":0,"parent":0,"menu_order":0,"comment_status":"closed","ping_status":"closed","template":"","meta":{"_acf_changed":false,"footnotes":""},"class_list":["post-2397","page","type-page","status-publish","hentry","clearfix"],"acf":[],"yoast_head":"<!-- This site is optimized with the Yoast SEO Premium plugin v26.7 (Yoast SEO v26.7) - https:\/\/yoast.com\/wordpress\/plugins\/seo\/ -->\n<title>Co zabra\u0107 na rejs po Ba\u0142tyku czyli Checklista - Fajnerejsy.pl<\/title>\n<meta name=\"description\" content=\"Co zabra\u0107 ze sob\u0105 na morski rejs? Jak si\u0119 spakowa\u0107? By\u0107 mo\u017ce zastanawiasz si\u0119 co ze sob\u0105 zabra\u0107 i jak to wszystko ogarn\u0105\u0107? Przeczytaj porady.\" \/>\n<meta name=\"robots\" content=\"index, follow, max-snippet:-1, max-image-preview:large, max-video-preview:-1\" \/>\n<link rel=\"canonical\" href=\"https:\/\/fajnerejsy.pl\/en\/co-zabrac\/\" \/>\n<meta property=\"og:locale\" content=\"en_US\" \/>\n<meta property=\"og:type\" content=\"article\" \/>\n<meta property=\"og:title\" content=\"Checklista\" \/>\n<meta property=\"og:description\" content=\"Co zabra\u0107 ze sob\u0105 na morski rejs? Jak si\u0119 spakowa\u0107? By\u0107 mo\u017ce zastanawiasz si\u0119 co ze sob\u0105 zabra\u0107 i jak to wszystko ogarn\u0105\u0107? Przeczytaj porady.\" \/>\n<meta property=\"og:url\" content=\"https:\/\/fajnerejsy.pl\/en\/co-zabrac\/\" \/>\n<meta property=\"og:site_name\" content=\"Fajnerejsy.pl\" \/>\n<meta property=\"article:publisher\" content=\"https:\/\/www.facebook.com\/Fajnerejsy\" \/>\n<meta property=\"article:modified_time\" content=\"2026-03-04T10:14:50+00:00\" \/>\n<meta property=\"og:image\" content=\"https:\/\/fajnerejsy.pl\/wp-content\/uploads\/2020\/11\/pakowanie.jpg\" \/>\n\t<meta property=\"og:image:width\" content=\"1200\" \/>\n\t<meta property=\"og:image:height\" content=\"879\" \/>\n\t<meta property=\"og:image:type\" content=\"image\/jpeg\" \/>\n<meta name=\"twitter:card\" content=\"summary_large_image\" \/>\n<meta name=\"twitter:label1\" content=\"Est. reading time\" \/>\n\t<meta name=\"twitter:data1\" content=\"1 minute\" \/>\n<script type=\"application\/ld+json\" class=\"yoast-schema-graph\">{\"@context\":\"https:\/\/schema.org\",\"@graph\":[{\"@type\":[\"WebPage\",\"AboutPage\"],\"@id\":\"https:\/\/fajnerejsy.pl\/co-zabrac\/\",\"url\":\"https:\/\/fajnerejsy.pl\/co-zabrac\/\",\"name\":\"Co zabra\u0107 na rejs po Ba\u0142tyku czyli Checklista - Fajnerejsy.pl\",\"isPartOf\":{\"@id\":\"https:\/\/fajnerejsy.pl\/#website\"},\"primaryImageOfPage\":{\"@id\":\"https:\/\/fajnerejsy.pl\/co-zabrac\/#primaryimage\"},\"image\":{\"@id\":\"https:\/\/fajnerejsy.pl\/co-zabrac\/#primaryimage\"},\"thumbnailUrl\":\"http:\/\/fajnerejsy.pl\/wp-content\/uploads\/2020\/11\/pakowanie-1024x750.jpg\",\"datePublished\":\"2020-11-21T19:15:01+00:00\",\"dateModified\":\"2026-03-04T10:14:50+00:00\",\"description\":\"Co zabra\u0107 ze sob\u0105 na morski rejs? Jak si\u0119 spakowa\u0107? By\u0107 mo\u017ce zastanawiasz si\u0119 co ze sob\u0105 zabra\u0107 i jak to wszystko ogarn\u0105\u0107? Przeczytaj porady.\",\"breadcrumb\":{\"@id\":\"https:\/\/fajnerejsy.pl\/co-zabrac\/#breadcrumb\"},\"inLanguage\":\"en-US\",\"potentialAction\":[{\"@type\":\"ReadAction\",\"target\":[\"https:\/\/fajnerejsy.pl\/co-zabrac\/\"]}]},{\"@type\":\"ImageObject\",\"inLanguage\":\"en-US\",\"@id\":\"https:\/\/fajnerejsy.pl\/co-zabrac\/#primaryimage\",\"url\":\"http:\/\/fajnerejsy.pl\/wp-content\/uploads\/2020\/11\/pakowanie-1024x750.jpg\",\"contentUrl\":\"http:\/\/fajnerejsy.pl\/wp-content\/uploads\/2020\/11\/pakowanie-1024x750.jpg\"},{\"@type\":\"BreadcrumbList\",\"@id\":\"https:\/\/fajnerejsy.pl\/co-zabrac\/#breadcrumb\",\"itemListElement\":[{\"@type\":\"ListItem\",\"position\":1,\"name\":\"Home\",\"item\":\"https:\/\/fajnerejsy.pl\/\"},{\"@type\":\"ListItem\",\"position\":2,\"name\":\"Checklista\"}]},{\"@type\":\"WebSite\",\"@id\":\"https:\/\/fajnerejsy.pl\/#website\",\"url\":\"https:\/\/fajnerejsy.pl\/\",\"name\":\"Fajnerejsy.pl\",\"description\":\"\",\"publisher\":{\"@id\":\"https:\/\/fajnerejsy.pl\/#organization\"},\"potentialAction\":[{\"@type\":\"SearchAction\",\"target\":{\"@type\":\"EntryPoint\",\"urlTemplate\":\"https:\/\/fajnerejsy.pl\/?s={search_term_string}\"},\"query-input\":{\"@type\":\"PropertyValueSpecification\",\"valueRequired\":true,\"valueName\":\"search_term_string\"}}],\"inLanguage\":\"en-US\"},{\"@type\":\"Organization\",\"@id\":\"https:\/\/fajnerejsy.pl\/#organization\",\"name\":\"FAJNEREJSY\",\"url\":\"https:\/\/fajnerejsy.pl\/\",\"logo\":{\"@type\":\"ImageObject\",\"inLanguage\":\"en-US\",\"@id\":\"https:\/\/fajnerejsy.pl\/#\/schema\/logo\/image\/\",\"url\":\"http:\/\/fajnerejsy.pl\/wp-content\/uploads\/2020\/11\/fajnerejsy-logo-rgb-www1.png\",\"contentUrl\":\"http:\/\/fajnerejsy.pl\/wp-content\/uploads\/2020\/11\/fajnerejsy-logo-rgb-www1.png\",\"width\":235,\"height\":50,\"caption\":\"FAJNEREJSY\"},\"image\":{\"@id\":\"https:\/\/fajnerejsy.pl\/#\/schema\/logo\/image\/\"},\"sameAs\":[\"https:\/\/www.facebook.com\/Fajnerejsy\",\"https:\/\/www.instagram.com\/fajnerejsy.pl\/\",\"https:\/\/www.youtube.com\/JacekMirczak\"]}]}<\/script>\n<!-- \/ Yoast SEO Premium plugin. -->","yoast_head_json":{"title":"Co zabra\u0107 na rejs po Ba\u0142tyku czyli Checklista - Fajnerejsy.pl","description":"Co zabra\u0107 ze sob\u0105 na morski rejs? Jak si\u0119 spakowa\u0107? By\u0107 mo\u017ce zastanawiasz si\u0119 co ze sob\u0105 zabra\u0107 i jak to wszystko ogarn\u0105\u0107? Przeczytaj porady.","robots":{"index":"index","follow":"follow","max-snippet":"max-snippet:-1","max-image-preview":"max-image-preview:large","max-video-preview":"max-video-preview:-1"},"canonical":"https:\/\/fajnerejsy.pl\/en\/co-zabrac\/","og_locale":"en_US","og_type":"article","og_title":"Checklista","og_description":"Co zabra\u0107 ze sob\u0105 na morski rejs? Jak si\u0119 spakowa\u0107? By\u0107 mo\u017ce zastanawiasz si\u0119 co ze sob\u0105 zabra\u0107 i jak to wszystko ogarn\u0105\u0107? Przeczytaj porady.","og_url":"https:\/\/fajnerejsy.pl\/en\/co-zabrac\/","og_site_name":"Fajnerejsy.pl","article_publisher":"https:\/\/www.facebook.com\/Fajnerejsy","article_modified_time":"2026-03-04T10:14:50+00:00","og_image":[{"width":1200,"height":879,"url":"https:\/\/fajnerejsy.pl\/wp-content\/uploads\/2020\/11\/pakowanie.jpg","type":"image\/jpeg"}],"twitter_card":"summary_large_image","twitter_misc":{"Est. reading time":"1 minute"},"schema":{"@context":"https:\/\/schema.org","@graph":[{"@type":["WebPage","AboutPage"],"@id":"https:\/\/fajnerejsy.pl\/co-zabrac\/","url":"https:\/\/fajnerejsy.pl\/co-zabrac\/","name":"Co zabra\u0107 na rejs po Ba\u0142tyku czyli Checklista - Fajnerejsy.pl","isPartOf":{"@id":"https:\/\/fajnerejsy.pl\/#website"},"primaryImageOfPage":{"@id":"https:\/\/fajnerejsy.pl\/co-zabrac\/#primaryimage"},"image":{"@id":"https:\/\/fajnerejsy.pl\/co-zabrac\/#primaryimage"},"thumbnailUrl":"http:\/\/fajnerejsy.pl\/wp-content\/uploads\/2020\/11\/pakowanie-1024x750.jpg","datePublished":"2020-11-21T19:15:01+00:00","dateModified":"2026-03-04T10:14:50+00:00","description":"Co zabra\u0107 ze sob\u0105 na morski rejs? Jak si\u0119 spakowa\u0107? By\u0107 mo\u017ce zastanawiasz si\u0119 co ze sob\u0105 zabra\u0107 i jak to wszystko ogarn\u0105\u0107? Przeczytaj porady.","breadcrumb":{"@id":"https:\/\/fajnerejsy.pl\/co-zabrac\/#breadcrumb"},"inLanguage":"en-US","potentialAction":[{"@type":"ReadAction","target":["https:\/\/fajnerejsy.pl\/co-zabrac\/"]}]},{"@type":"ImageObject","inLanguage":"en-US","@id":"https:\/\/fajnerejsy.pl\/co-zabrac\/#primaryimage","url":"http:\/\/fajnerejsy.pl\/wp-content\/uploads\/2020\/11\/pakowanie-1024x750.jpg","contentUrl":"http:\/\/fajnerejsy.pl\/wp-content\/uploads\/2020\/11\/pakowanie-1024x750.jpg"},{"@type":"BreadcrumbList","@id":"https:\/\/fajnerejsy.pl\/co-zabrac\/#breadcrumb","itemListElement":[{"@type":"ListItem","position":1,"name":"Home","item":"https:\/\/fajnerejsy.pl\/"},{"@type":"ListItem","position":2,"name":"Checklista"}]},{"@type":"WebSite","@id":"https:\/\/fajnerejsy.pl\/#website","url":"https:\/\/fajnerejsy.pl\/","name":"Fajnerejsy.pl","description":"","publisher":{"@id":"https:\/\/fajnerejsy.pl\/#organization"},"potentialAction":[{"@type":"SearchAction","target":{"@type":"EntryPoint","urlTemplate":"https:\/\/fajnerejsy.pl\/?s={search_term_string}"},"query-input":{"@type":"PropertyValueSpecification","valueRequired":true,"valueName":"search_term_string"}}],"inLanguage":"en-US"},{"@type":"Organization","@id":"https:\/\/fajnerejsy.pl\/#organization","name":"FAJNEREJSY","url":"https:\/\/fajnerejsy.pl\/","logo":{"@type":"ImageObject","inLanguage":"en-US","@id":"https:\/\/fajnerejsy.pl\/#\/schema\/logo\/image\/","url":"http:\/\/fajnerejsy.pl\/wp-content\/uploads\/2020\/11\/fajnerejsy-logo-rgb-www1.png","contentUrl":"http:\/\/fajnerejsy.pl\/wp-content\/uploads\/2020\/11\/fajnerejsy-logo-rgb-www1.png","width":235,"height":50,"caption":"FAJNEREJSY"},"image":{"@id":"https:\/\/fajnerejsy.pl\/#\/schema\/logo\/image\/"},"sameAs":["https:\/\/www.facebook.com\/Fajnerejsy","https:\/\/www.instagram.com\/fajnerejsy.pl\/","https:\/\/www.youtube.com\/JacekMirczak"]}]}},"_links":{"self":[{"href":"http:\/\/fajnerejsy.pl\/en\/wp-json\/wp\/v2\/pages\/2397","targetHints":{"allow":["GET"]}}],"collection":[{"href":"http:\/\/fajnerejsy.pl\/en\/wp-json\/wp\/v2\/pages"}],"about":[{"href":"http:\/\/fajnerejsy.pl\/en\/wp-json\/wp\/v2\/types\/page"}],"author":[{"embeddable":true,"href":"http:\/\/fajnerejsy.pl\/en\/wp-json\/wp\/v2\/users\/1"}],"replies":[{"embeddable":true,"href":"http:\/\/fajnerejsy.pl\/en\/wp-json\/wp\/v2\/comments?post=2397"}],"version-history":[{"count":37,"href":"http:\/\/fajnerejsy.pl\/en\/wp-json\/wp\/v2\/pages\/2397\/revisions"}],"predecessor-version":[{"id":6497,"href":"http:\/\/fajnerejsy.pl\/en\/wp-json\/wp\/v2\/pages\/2397\/revisions\/6497"}],"wp:attachment":[{"href":"http:\/\/fajnerejsy.pl\/en\/wp-json\/wp\/v2\/media?parent=2397"}],"curies":[{"name":"wp","href":"https:\/\/api.w.org\/{rel}","templated":true}]}}