{"id":2204,"date":"2020-11-13T10:00:52","date_gmt":"2020-11-13T10:00:52","guid":{"rendered":"https:\/\/fajnerejsy.pl\/?page_id=2204"},"modified":"2026-03-04T11:17:35","modified_gmt":"2026-03-04T09:17:35","slug":"skipper-do-wynajecia","status":"publish","type":"page","link":"http:\/\/fajnerejsy.pl\/en\/oferta\/skipper-do-wynajecia\/","title":{"rendered":"Hire the skipper"},"content":{"rendered":"<div id=\"pl-2204\"  class=\"panel-layout\" ><div id=\"pg-2204-0\"  class=\"panel-grid panel-no-style\" ><div id=\"pgc-2204-0-0\"  class=\"panel-grid-cell\" ><div id=\"panel-2204-0-0-0\" class=\"so-panel widget widget_sow-editor panel-first-child panel-last-child\" data-index=\"0\" ><div\n\t\t\t\n\t\t\tclass=\"so-widget-sow-editor so-widget-sow-editor-base\"\n\t\t\t\n\t\t>\n<div class=\"siteorigin-widget-tinymce textwidget\">\n\t<p>The guidance of an experienced skipper can be invaluable.<\/p>\n<p>Who is a skipper? In everyday sailing language, this is what we call the captain who commands a vessel\u2014 in our case, a sailing yacht. The skipper is responsible for navigating the yacht as well as for the safety of the boat, the crew, and any passengers on board. Without a doubt, this should be someone with solid experience. If you don\u2019t yet feel ready to take full command of a yacht on your own, a great solution is to rely on the support of a more experienced skipper.<\/p>\n<ul>\n<li>Want to charter a sailing yacht or motor yacht but don\u2019t have the required license to skipper it yourself?<\/li>\n<li>Don\u2019t feel fully confident at the helm and would like someone experienced to help you skipper the yacht?<\/li>\n<li>Planning a longer or more demanding voyage and looking for an experienced skipper to support you along the way?<\/li>\n<\/ul>\n<p>In any of these situations, hiring a skipper is a great solution. If you\u2019re considering this option, feel free to get in touch with me. I\u2019ll be happy to help with this and any other aspects of safely handling and running a yacht.<\/p>\n<p>Why is it worth using my support? On a daily basis, I skipper offshore voyages on different yachts and across various sailing areas. Thanks to this experience, I\u2019m always happy to share the practical knowledge I\u2019ve gained at sea. Working with many different yachts and cruising grounds also makes it easier for me to help choose the right yacht for you\u2014one that meets your expectations and performs well in a variety of conditions.<\/p>\n<p>If I happen to be unavailable on the dates that suit you, I\u2019ll do my best to recommend another trusted skipper. Feel free to ask\u2014together we\u2019ll certainly find a solution that makes your voyage both enjoyable and safe.<\/p>\n<p><em>Captain Jacek Mirczak<\/em><\/p>\n<\/div>\n<\/div><\/div><\/div><div id=\"pgc-2204-0-1\"  class=\"panel-grid-cell\" ><div id=\"panel-2204-0-1-0\" class=\"so-panel widget widget_sow-editor panel-first-child panel-last-child\" data-index=\"1\" ><div\n\t\t\t\n\t\t\tclass=\"so-widget-sow-editor so-widget-sow-editor-base\"\n\t\t\t\n\t\t>\n<div class=\"siteorigin-widget-tinymce textwidget\">\n\t<p><img loading=\"lazy\" decoding=\"async\" class=\"alignnone wp-image-2041 size-large\" src=\"http:\/\/fajnerejsy.pl\/wp-content\/uploads\/2020\/11\/jacek-mirczak-kolobrzeg-1-703x1024.jpg\" alt=\"Skipper Jacek Mirczak na pok\u0142adzie jachtu w porcie W\u0142adys\u0142awowo.\" width=\"703\" height=\"1024\" srcset=\"https:\/\/fajnerejsy.pl\/wp-content\/uploads\/2020\/11\/jacek-mirczak-kolobrzeg-1-703x1024.jpg 703w, https:\/\/fajnerejsy.pl\/wp-content\/uploads\/2020\/11\/jacek-mirczak-kolobrzeg-1-206x300.jpg 206w, https:\/\/fajnerejsy.pl\/wp-content\/uploads\/2020\/11\/jacek-mirczak-kolobrzeg-1-768x1119.jpg 768w, https:\/\/fajnerejsy.pl\/wp-content\/uploads\/2020\/11\/jacek-mirczak-kolobrzeg-1-1055x1536.jpg 1055w, https:\/\/fajnerejsy.pl\/wp-content\/uploads\/2020\/11\/jacek-mirczak-kolobrzeg-1-1406x2048.jpg 1406w, https:\/\/fajnerejsy.pl\/wp-content\/uploads\/2020\/11\/jacek-mirczak-kolobrzeg-1-371x540.jpg 371w, https:\/\/fajnerejsy.pl\/wp-content\/uploads\/2020\/11\/jacek-mirczak-kolobrzeg-1-600x874.jpg 600w, https:\/\/fajnerejsy.pl\/wp-content\/uploads\/2020\/11\/jacek-mirczak-kolobrzeg-1.jpg 1536w\" sizes=\"auto, (max-width: 703px) 100vw, 703px\" \/><\/p>\n<\/div>\n<\/div><\/div><\/div><\/div><div id=\"pg-2204-1\"  class=\"panel-grid panel-no-style\" ><div id=\"pgc-2204-1-0\"  class=\"panel-grid-cell\" ><div id=\"panel-2204-1-0-0\" class=\"so-panel widget widget_sow-editor panel-first-child panel-last-child\" data-index=\"2\" ><div\n\t\t\t\n\t\t\tclass=\"so-widget-sow-editor so-widget-sow-editor-base\"\n\t\t\t\n\t\t>\n<div class=\"siteorigin-widget-tinymce textwidget\">\n\t<hr class=\"hr--dotted\" \/>\n<\/div>\n<\/div><\/div><\/div><\/div><\/div>","protected":false},"excerpt":{"rendered":"<p>Pomoc do\u015bwiadczonego skippera mo\u017ce by\u0107 nieoceniona. Skipper, kto to taki? Tak potocznie okre\u015blamy kapitana, kt\u00f3ry dowodzi jednostka p\u0142ywaj\u0105c\u0105, w\u00a0naszym przypadku jachtem \u017ceglownym. Jest odpowiedzialny za\u00a0prowadzenie jachtu a\u00a0tak\u017ce jego bezpiecze\u0144stwo i\u00a0bezpiecze\u0144stwo za\u0142ogi oraz pasa\u017cer\u00f3w. Niew\u0105tpliwie powinna to by\u0107 osoba do\u015bwiadczona. Je\u017celi nie czujesz si\u0119 jeszcze na si\u0142ach samodzielnie poprowadzi\u0107 jacht, dobrym rozwi\u0105zaniem jest skorzystanie z\u00a0pomocy kogo\u015b &hellip;<\/p>","protected":false},"author":1,"featured_media":4189,"parent":19,"menu_order":0,"comment_status":"closed","ping_status":"closed","template":"","meta":{"_acf_changed":false,"footnotes":""},"class_list":["post-2204","page","type-page","status-publish","has-post-thumbnail","hentry","clearfix"],"acf":[],"yoast_head":"<!-- This site is optimized with the Yoast SEO Premium plugin v26.7 (Yoast SEO v26.7) - https:\/\/yoast.com\/wordpress\/plugins\/seo\/ -->\n<title>Skipper do wynaj\u0119cia | pomoc w prowadzeniu rejs\u00f3w - Fajnerejsy.pl<\/title>\n<meta name=\"description\" content=\"Jako skipper pomog\u0119 Ci, je\u017celi chcesz wyczarterowa\u0107 jacht i nie masz uprawnie\u0144 do jego prowadzenia lub nie czujesz si\u0119 pewnie za sterem.\" \/>\n<meta name=\"robots\" content=\"index, follow, max-snippet:-1, max-image-preview:large, max-video-preview:-1\" \/>\n<link rel=\"canonical\" href=\"https:\/\/fajnerejsy.pl\/en\/oferta\/skipper-do-wynajecia\/\" \/>\n<meta property=\"og:locale\" content=\"en_US\" \/>\n<meta property=\"og:type\" content=\"article\" \/>\n<meta property=\"og:title\" content=\"Skipper do wynaj\u0119cia\" \/>\n<meta property=\"og:description\" content=\"Jako skipper pomog\u0119 Ci, je\u017celi chcesz wyczarterowa\u0107 jacht i nie masz uprawnie\u0144 do jego prowadzenia lub nie czujesz si\u0119 pewnie za sterem.\" \/>\n<meta property=\"og:url\" content=\"https:\/\/fajnerejsy.pl\/en\/oferta\/skipper-do-wynajecia\/\" \/>\n<meta property=\"og:site_name\" content=\"Fajnerejsy.pl\" \/>\n<meta property=\"article:publisher\" content=\"https:\/\/www.facebook.com\/Fajnerejsy\" \/>\n<meta property=\"article:modified_time\" content=\"2026-03-04T09:17:35+00:00\" \/>\n<meta property=\"og:image\" content=\"https:\/\/fajnerejsy.pl\/wp-content\/uploads\/2022\/10\/IMG-20221001-WA0011-1.jpg\" \/>\n\t<meta property=\"og:image:width\" content=\"937\" \/>\n\t<meta property=\"og:image:height\" content=\"616\" \/>\n\t<meta property=\"og:image:type\" content=\"image\/jpeg\" \/>\n<meta name=\"twitter:card\" content=\"summary_large_image\" \/>\n<meta name=\"twitter:label1\" content=\"Est. reading time\" \/>\n\t<meta name=\"twitter:data1\" content=\"2 minutes\" \/>\n<script type=\"application\/ld+json\" class=\"yoast-schema-graph\">{\"@context\":\"https:\/\/schema.org\",\"@graph\":[{\"@type\":\"WebPage\",\"@id\":\"https:\/\/fajnerejsy.pl\/oferta\/skipper-do-wynajecia\/\",\"url\":\"https:\/\/fajnerejsy.pl\/oferta\/skipper-do-wynajecia\/\",\"name\":\"Skipper do wynaj\u0119cia | pomoc w prowadzeniu rejs\u00f3w - Fajnerejsy.pl\",\"isPartOf\":{\"@id\":\"https:\/\/fajnerejsy.pl\/#website\"},\"primaryImageOfPage\":{\"@id\":\"https:\/\/fajnerejsy.pl\/oferta\/skipper-do-wynajecia\/#primaryimage\"},\"image\":{\"@id\":\"https:\/\/fajnerejsy.pl\/oferta\/skipper-do-wynajecia\/#primaryimage\"},\"thumbnailUrl\":\"https:\/\/fajnerejsy.pl\/wp-content\/uploads\/2022\/10\/IMG-20221001-WA0011-1.jpg\",\"datePublished\":\"2020-11-13T10:00:52+00:00\",\"dateModified\":\"2026-03-04T09:17:35+00:00\",\"description\":\"Jako skipper pomog\u0119 Ci, je\u017celi chcesz wyczarterowa\u0107 jacht i nie masz uprawnie\u0144 do jego prowadzenia lub nie czujesz si\u0119 pewnie za sterem.\",\"breadcrumb\":{\"@id\":\"https:\/\/fajnerejsy.pl\/oferta\/skipper-do-wynajecia\/#breadcrumb\"},\"inLanguage\":\"en-US\",\"potentialAction\":[{\"@type\":\"ReadAction\",\"target\":[\"https:\/\/fajnerejsy.pl\/oferta\/skipper-do-wynajecia\/\"]}]},{\"@type\":\"ImageObject\",\"inLanguage\":\"en-US\",\"@id\":\"https:\/\/fajnerejsy.pl\/oferta\/skipper-do-wynajecia\/#primaryimage\",\"url\":\"https:\/\/fajnerejsy.pl\/wp-content\/uploads\/2022\/10\/IMG-20221001-WA0011-1.jpg\",\"contentUrl\":\"https:\/\/fajnerejsy.pl\/wp-content\/uploads\/2022\/10\/IMG-20221001-WA0011-1.jpg\",\"width\":937,\"height\":616,\"caption\":\"Jacek Mirczak fajnerejsy\"},{\"@type\":\"BreadcrumbList\",\"@id\":\"https:\/\/fajnerejsy.pl\/oferta\/skipper-do-wynajecia\/#breadcrumb\",\"itemListElement\":[{\"@type\":\"ListItem\",\"position\":1,\"name\":\"Home\",\"item\":\"https:\/\/fajnerejsy.pl\/\"},{\"@type\":\"ListItem\",\"position\":2,\"name\":\"Oferta\",\"item\":\"https:\/\/fajnerejsy.pl\/oferta\/\"},{\"@type\":\"ListItem\",\"position\":3,\"name\":\"Skipper do wynaj\u0119cia\"}]},{\"@type\":\"WebSite\",\"@id\":\"https:\/\/fajnerejsy.pl\/#website\",\"url\":\"https:\/\/fajnerejsy.pl\/\",\"name\":\"Fajnerejsy.pl\",\"description\":\"\",\"publisher\":{\"@id\":\"https:\/\/fajnerejsy.pl\/#organization\"},\"potentialAction\":[{\"@type\":\"SearchAction\",\"target\":{\"@type\":\"EntryPoint\",\"urlTemplate\":\"https:\/\/fajnerejsy.pl\/?s={search_term_string}\"},\"query-input\":{\"@type\":\"PropertyValueSpecification\",\"valueRequired\":true,\"valueName\":\"search_term_string\"}}],\"inLanguage\":\"en-US\"},{\"@type\":\"Organization\",\"@id\":\"https:\/\/fajnerejsy.pl\/#organization\",\"name\":\"FAJNEREJSY\",\"url\":\"https:\/\/fajnerejsy.pl\/\",\"logo\":{\"@type\":\"ImageObject\",\"inLanguage\":\"en-US\",\"@id\":\"https:\/\/fajnerejsy.pl\/#\/schema\/logo\/image\/\",\"url\":\"http:\/\/fajnerejsy.pl\/wp-content\/uploads\/2020\/11\/fajnerejsy-logo-rgb-www1.png\",\"contentUrl\":\"http:\/\/fajnerejsy.pl\/wp-content\/uploads\/2020\/11\/fajnerejsy-logo-rgb-www1.png\",\"width\":235,\"height\":50,\"caption\":\"FAJNEREJSY\"},\"image\":{\"@id\":\"https:\/\/fajnerejsy.pl\/#\/schema\/logo\/image\/\"},\"sameAs\":[\"https:\/\/www.facebook.com\/Fajnerejsy\",\"https:\/\/www.instagram.com\/fajnerejsy.pl\/\",\"https:\/\/www.youtube.com\/JacekMirczak\"]}]}<\/script>\n<!-- \/ Yoast SEO Premium plugin. -->","yoast_head_json":{"title":"Skipper do wynaj\u0119cia | pomoc w prowadzeniu rejs\u00f3w - Fajnerejsy.pl","description":"Jako skipper pomog\u0119 Ci, je\u017celi chcesz wyczarterowa\u0107 jacht i nie masz uprawnie\u0144 do jego prowadzenia lub nie czujesz si\u0119 pewnie za sterem.","robots":{"index":"index","follow":"follow","max-snippet":"max-snippet:-1","max-image-preview":"max-image-preview:large","max-video-preview":"max-video-preview:-1"},"canonical":"https:\/\/fajnerejsy.pl\/en\/oferta\/skipper-do-wynajecia\/","og_locale":"en_US","og_type":"article","og_title":"Skipper do wynaj\u0119cia","og_description":"Jako skipper pomog\u0119 Ci, je\u017celi chcesz wyczarterowa\u0107 jacht i nie masz uprawnie\u0144 do jego prowadzenia lub nie czujesz si\u0119 pewnie za sterem.","og_url":"https:\/\/fajnerejsy.pl\/en\/oferta\/skipper-do-wynajecia\/","og_site_name":"Fajnerejsy.pl","article_publisher":"https:\/\/www.facebook.com\/Fajnerejsy","article_modified_time":"2026-03-04T09:17:35+00:00","og_image":[{"width":937,"height":616,"url":"https:\/\/fajnerejsy.pl\/wp-content\/uploads\/2022\/10\/IMG-20221001-WA0011-1.jpg","type":"image\/jpeg"}],"twitter_card":"summary_large_image","twitter_misc":{"Est. reading time":"2 minutes"},"schema":{"@context":"https:\/\/schema.org","@graph":[{"@type":"WebPage","@id":"https:\/\/fajnerejsy.pl\/oferta\/skipper-do-wynajecia\/","url":"https:\/\/fajnerejsy.pl\/oferta\/skipper-do-wynajecia\/","name":"Skipper do wynaj\u0119cia | pomoc w prowadzeniu rejs\u00f3w - Fajnerejsy.pl","isPartOf":{"@id":"https:\/\/fajnerejsy.pl\/#website"},"primaryImageOfPage":{"@id":"https:\/\/fajnerejsy.pl\/oferta\/skipper-do-wynajecia\/#primaryimage"},"image":{"@id":"https:\/\/fajnerejsy.pl\/oferta\/skipper-do-wynajecia\/#primaryimage"},"thumbnailUrl":"https:\/\/fajnerejsy.pl\/wp-content\/uploads\/2022\/10\/IMG-20221001-WA0011-1.jpg","datePublished":"2020-11-13T10:00:52+00:00","dateModified":"2026-03-04T09:17:35+00:00","description":"Jako skipper pomog\u0119 Ci, je\u017celi chcesz wyczarterowa\u0107 jacht i nie masz uprawnie\u0144 do jego prowadzenia lub nie czujesz si\u0119 pewnie za sterem.","breadcrumb":{"@id":"https:\/\/fajnerejsy.pl\/oferta\/skipper-do-wynajecia\/#breadcrumb"},"inLanguage":"en-US","potentialAction":[{"@type":"ReadAction","target":["https:\/\/fajnerejsy.pl\/oferta\/skipper-do-wynajecia\/"]}]},{"@type":"ImageObject","inLanguage":"en-US","@id":"https:\/\/fajnerejsy.pl\/oferta\/skipper-do-wynajecia\/#primaryimage","url":"https:\/\/fajnerejsy.pl\/wp-content\/uploads\/2022\/10\/IMG-20221001-WA0011-1.jpg","contentUrl":"https:\/\/fajnerejsy.pl\/wp-content\/uploads\/2022\/10\/IMG-20221001-WA0011-1.jpg","width":937,"height":616,"caption":"Jacek Mirczak fajnerejsy"},{"@type":"BreadcrumbList","@id":"https:\/\/fajnerejsy.pl\/oferta\/skipper-do-wynajecia\/#breadcrumb","itemListElement":[{"@type":"ListItem","position":1,"name":"Home","item":"https:\/\/fajnerejsy.pl\/"},{"@type":"ListItem","position":2,"name":"Oferta","item":"https:\/\/fajnerejsy.pl\/oferta\/"},{"@type":"ListItem","position":3,"name":"Skipper do wynaj\u0119cia"}]},{"@type":"WebSite","@id":"https:\/\/fajnerejsy.pl\/#website","url":"https:\/\/fajnerejsy.pl\/","name":"Fajnerejsy.pl","description":"","publisher":{"@id":"https:\/\/fajnerejsy.pl\/#organization"},"potentialAction":[{"@type":"SearchAction","target":{"@type":"EntryPoint","urlTemplate":"https:\/\/fajnerejsy.pl\/?s={search_term_string}"},"query-input":{"@type":"PropertyValueSpecification","valueRequired":true,"valueName":"search_term_string"}}],"inLanguage":"en-US"},{"@type":"Organization","@id":"https:\/\/fajnerejsy.pl\/#organization","name":"FAJNEREJSY","url":"https:\/\/fajnerejsy.pl\/","logo":{"@type":"ImageObject","inLanguage":"en-US","@id":"https:\/\/fajnerejsy.pl\/#\/schema\/logo\/image\/","url":"http:\/\/fajnerejsy.pl\/wp-content\/uploads\/2020\/11\/fajnerejsy-logo-rgb-www1.png","contentUrl":"http:\/\/fajnerejsy.pl\/wp-content\/uploads\/2020\/11\/fajnerejsy-logo-rgb-www1.png","width":235,"height":50,"caption":"FAJNEREJSY"},"image":{"@id":"https:\/\/fajnerejsy.pl\/#\/schema\/logo\/image\/"},"sameAs":["https:\/\/www.facebook.com\/Fajnerejsy","https:\/\/www.instagram.com\/fajnerejsy.pl\/","https:\/\/www.youtube.com\/JacekMirczak"]}]}},"_links":{"self":[{"href":"http:\/\/fajnerejsy.pl\/en\/wp-json\/wp\/v2\/pages\/2204","targetHints":{"allow":["GET"]}}],"collection":[{"href":"http:\/\/fajnerejsy.pl\/en\/wp-json\/wp\/v2\/pages"}],"about":[{"href":"http:\/\/fajnerejsy.pl\/en\/wp-json\/wp\/v2\/types\/page"}],"author":[{"embeddable":true,"href":"http:\/\/fajnerejsy.pl\/en\/wp-json\/wp\/v2\/users\/1"}],"replies":[{"embeddable":true,"href":"http:\/\/fajnerejsy.pl\/en\/wp-json\/wp\/v2\/comments?post=2204"}],"version-history":[{"count":24,"href":"http:\/\/fajnerejsy.pl\/en\/wp-json\/wp\/v2\/pages\/2204\/revisions"}],"predecessor-version":[{"id":6493,"href":"http:\/\/fajnerejsy.pl\/en\/wp-json\/wp\/v2\/pages\/2204\/revisions\/6493"}],"up":[{"embeddable":true,"href":"http:\/\/fajnerejsy.pl\/en\/wp-json\/wp\/v2\/pages\/19"}],"wp:featuredmedia":[{"embeddable":true,"href":"http:\/\/fajnerejsy.pl\/en\/wp-json\/wp\/v2\/media\/4189"}],"wp:attachment":[{"href":"http:\/\/fajnerejsy.pl\/en\/wp-json\/wp\/v2\/media?parent=2204"}],"curies":[{"name":"wp","href":"https:\/\/api.w.org\/{rel}","templated":true}]}}