{"id":2117,"date":"2020-11-12T20:49:15","date_gmt":"2020-11-12T20:49:15","guid":{"rendered":"https:\/\/fajnerejsy.pl\/?page_id=2117"},"modified":"2026-03-04T11:13:23","modified_gmt":"2026-03-04T09:13:23","slug":"rejsy-morskie","status":"publish","type":"page","link":"http:\/\/fajnerejsy.pl\/en\/oferta\/rejsy-morskie\/","title":{"rendered":"Baltic Sea, North Sea, Atlantic Ocean"},"content":{"rendered":"<div id=\"pl-2117\"  class=\"panel-layout\" ><div id=\"pg-2117-0\"  class=\"panel-grid panel-no-style\" ><div id=\"pgc-2117-0-0\"  class=\"panel-grid-cell\" ><div id=\"panel-2117-0-0-0\" class=\"so-panel widget widget_sow-editor panel-first-child panel-last-child\" data-index=\"0\" ><div\n\t\t\t\n\t\t\tclass=\"so-widget-sow-editor so-widget-sow-editor-base\"\n\t\t\t\n\t\t>\n<div class=\"siteorigin-widget-tinymce textwidget\">\n\t<p>Feel free to get in touch with me about offshore sailing trips. Working with trusted charter partners, I\u2019ll help organize the sailing adventure you\u2019ve been dreaming of. The Baltic Sea, the North Sea, and the Atlantic are waiting for you. Out there you\u2019ll experience unforgettable moments, and the memories will stay with you long after the voyage ends.<\/p>\n<p>Do you have a crew or a group of friends but lack experience? Do you have a team you\u2019d like to spend time on the water with, but you don\u2019t know the area or where to find a reliable sailing or motor yacht? Don\u2019t feel confident enough to skipper the trip yourself and need support in running the voyage \u2014 or maybe you simply want to relax on the water while someone else takes care of handling the yacht? Or perhaps you\u2019d like to join a crew but haven\u2019t come across an interesting offer yet?<\/p>\n<p>You\u2019ve come to the right place. I can take care of everything and bring you along on the sailing trip you\u2019ve been dreaming about.<\/p>\n<p>Feel free to get in touch.<\/p>\n<\/div>\n<\/div><\/div><\/div><div id=\"pgc-2117-0-1\"  class=\"panel-grid-cell\" ><div id=\"panel-2117-0-1-0\" class=\"so-panel widget widget_sow-image panel-first-child panel-last-child\" data-index=\"1\" ><div\n\t\t\t\n\t\t\tclass=\"so-widget-sow-image so-widget-sow-image-default-8b5b6f678277-2117\"\n\t\t\t\n\t\t>\n<div class=\"sow-image-container\">\n\t\t<img \n\tsrc=\"https:\/\/fajnerejsy.pl\/wp-content\/uploads\/2022\/10\/20220929_095828-scaled.jpg\" width=\"2560\" height=\"1920\" srcset=\"https:\/\/fajnerejsy.pl\/wp-content\/uploads\/2022\/10\/20220929_095828-scaled.jpg 2560w, https:\/\/fajnerejsy.pl\/wp-content\/uploads\/2022\/10\/20220929_095828-300x225.jpg 300w, https:\/\/fajnerejsy.pl\/wp-content\/uploads\/2022\/10\/20220929_095828-1024x768.jpg 1024w, https:\/\/fajnerejsy.pl\/wp-content\/uploads\/2022\/10\/20220929_095828-768x576.jpg 768w, https:\/\/fajnerejsy.pl\/wp-content\/uploads\/2022\/10\/20220929_095828-1536x1152.jpg 1536w, https:\/\/fajnerejsy.pl\/wp-content\/uploads\/2022\/10\/20220929_095828-2048x1536.jpg 2048w, https:\/\/fajnerejsy.pl\/wp-content\/uploads\/2022\/10\/20220929_095828-540x405.jpg 540w, https:\/\/fajnerejsy.pl\/wp-content\/uploads\/2022\/10\/20220929_095828-600x450.jpg 600w\" sizes=\"(max-width: 2560px) 100vw, 2560px\" title=\"Baltic Sea \u2013 Jacek Mirczak, FajneRejsy\" alt=\"Morze Ba\u0142tyk Jacek Mirczak, fajnerejsy\" \t\tclass=\"so-widget-image\"\/>\n\t<\/div>\n\n<\/div><\/div><\/div><\/div><div id=\"pg-2117-1\"  class=\"panel-grid panel-no-style\" ><div id=\"pgc-2117-1-0\"  class=\"panel-grid-cell\" ><div id=\"panel-2117-1-0-0\" class=\"so-panel widget widget_sow-editor panel-first-child panel-last-child\" data-index=\"2\" ><div\n\t\t\t\n\t\t\tclass=\"so-widget-sow-editor so-widget-sow-editor-base\"\n\t\t\t\n\t\t>\n<div class=\"siteorigin-widget-tinymce textwidget\">\n\t<hr class=\"hr--dotted\" \/>\n<\/div>\n<\/div><\/div><\/div><\/div><\/div>","protected":false},"excerpt":{"rendered":"<p>Zapraszam Ci\u0119 do kontaktu w sprawie rejs\u00f3w morskich. Przy wsp\u00f3\u0142pracy ze sprawdzonymi partnerami czarterowymi, zorganizuj\u0119 dla Ciebie wymarzony rejs. Czekaj\u0105 na Ciebie Ba\u0142tyk, Morze P\u00f3\u0142nocne i Atlantyk. Prze\u017cyjesz na nich niezapomniane chwile, a wra\u017cenia na d\u0142ugo pozostan\u0105 w Twojej pami\u0119ci. Masz za\u0142og\u0119, grup\u0119 znajomych, ale nie masz do\u015bwiadczenia? Masz ekip\u0119, z kt\u00f3r\u0105 chcesz sp\u0119dzi\u0107 czas &hellip;<\/p>","protected":false},"author":1,"featured_media":4124,"parent":19,"menu_order":0,"comment_status":"closed","ping_status":"closed","template":"","meta":{"_acf_changed":false,"footnotes":""},"class_list":["post-2117","page","type-page","status-publish","has-post-thumbnail","hentry","clearfix"],"acf":[],"yoast_head":"<!-- This site is optimized with the Yoast SEO Premium plugin v26.7 (Yoast SEO v26.7) - https:\/\/yoast.com\/wordpress\/plugins\/seo\/ -->\n<title>Morskie rejsy \u017ceglarskie - Ba\u0142tyk, Morze P\u00f3\u0142nocne, Atlantyk<\/title>\n<meta name=\"description\" content=\"Morskie rejsy \u017ceglarskie jachtem. Prawdziwa, \u017ceglarska przygoda dla ka\u017cdego. Godziny sta\u017cowe i morska praktyka tak\u017ce na p\u0142ywach.\" \/>\n<meta name=\"robots\" content=\"index, follow, max-snippet:-1, max-image-preview:large, max-video-preview:-1\" \/>\n<link rel=\"canonical\" href=\"https:\/\/fajnerejsy.pl\/en\/oferta\/rejsy-morskie\/\" \/>\n<meta property=\"og:locale\" content=\"en_US\" \/>\n<meta property=\"og:type\" content=\"article\" \/>\n<meta property=\"og:title\" content=\"Ba\u0142tyk, Morze P\u00f3\u0142nocne, Atlantyk\" \/>\n<meta property=\"og:description\" content=\"Morskie rejsy \u017ceglarskie jachtem. Prawdziwa, \u017ceglarska przygoda dla ka\u017cdego. Godziny sta\u017cowe i morska praktyka tak\u017ce na p\u0142ywach.\" \/>\n<meta property=\"og:url\" content=\"https:\/\/fajnerejsy.pl\/en\/oferta\/rejsy-morskie\/\" \/>\n<meta property=\"og:site_name\" content=\"Fajnerejsy.pl\" \/>\n<meta property=\"article:publisher\" content=\"https:\/\/www.facebook.com\/Fajnerejsy\" \/>\n<meta property=\"article:modified_time\" content=\"2026-03-04T09:13:23+00:00\" \/>\n<meta property=\"og:image\" content=\"https:\/\/fajnerejsy.pl\/wp-content\/uploads\/2022\/10\/20220601_102304.jpg\" \/>\n\t<meta property=\"og:image:width\" content=\"2000\" \/>\n\t<meta property=\"og:image:height\" content=\"1453\" \/>\n\t<meta property=\"og:image:type\" content=\"image\/jpeg\" \/>\n<meta name=\"twitter:card\" content=\"summary_large_image\" \/>\n<meta name=\"twitter:label1\" content=\"Est. reading time\" \/>\n\t<meta name=\"twitter:data1\" content=\"2 minutes\" \/>\n<script type=\"application\/ld+json\" class=\"yoast-schema-graph\">{\"@context\":\"https:\/\/schema.org\",\"@graph\":[{\"@type\":\"WebPage\",\"@id\":\"https:\/\/fajnerejsy.pl\/oferta\/rejsy-morskie\/\",\"url\":\"https:\/\/fajnerejsy.pl\/oferta\/rejsy-morskie\/\",\"name\":\"Morskie rejsy \u017ceglarskie - Ba\u0142tyk, Morze P\u00f3\u0142nocne, Atlantyk\",\"isPartOf\":{\"@id\":\"https:\/\/fajnerejsy.pl\/#website\"},\"primaryImageOfPage\":{\"@id\":\"https:\/\/fajnerejsy.pl\/oferta\/rejsy-morskie\/#primaryimage\"},\"image\":{\"@id\":\"https:\/\/fajnerejsy.pl\/oferta\/rejsy-morskie\/#primaryimage\"},\"thumbnailUrl\":\"https:\/\/fajnerejsy.pl\/wp-content\/uploads\/2022\/10\/20220601_102304.jpg\",\"datePublished\":\"2020-11-12T20:49:15+00:00\",\"dateModified\":\"2026-03-04T09:13:23+00:00\",\"description\":\"Morskie rejsy \u017ceglarskie jachtem. Prawdziwa, \u017ceglarska przygoda dla ka\u017cdego. Godziny sta\u017cowe i morska praktyka tak\u017ce na p\u0142ywach.\",\"breadcrumb\":{\"@id\":\"https:\/\/fajnerejsy.pl\/oferta\/rejsy-morskie\/#breadcrumb\"},\"inLanguage\":\"en-US\",\"potentialAction\":[{\"@type\":\"ReadAction\",\"target\":[\"https:\/\/fajnerejsy.pl\/oferta\/rejsy-morskie\/\"]}]},{\"@type\":\"ImageObject\",\"inLanguage\":\"en-US\",\"@id\":\"https:\/\/fajnerejsy.pl\/oferta\/rejsy-morskie\/#primaryimage\",\"url\":\"https:\/\/fajnerejsy.pl\/wp-content\/uploads\/2022\/10\/20220601_102304.jpg\",\"contentUrl\":\"https:\/\/fajnerejsy.pl\/wp-content\/uploads\/2022\/10\/20220601_102304.jpg\",\"width\":2000,\"height\":1453,\"caption\":\"Morze Ba\u0142tyk, fajnerejsy\"},{\"@type\":\"BreadcrumbList\",\"@id\":\"https:\/\/fajnerejsy.pl\/oferta\/rejsy-morskie\/#breadcrumb\",\"itemListElement\":[{\"@type\":\"ListItem\",\"position\":1,\"name\":\"Home\",\"item\":\"https:\/\/fajnerejsy.pl\/\"},{\"@type\":\"ListItem\",\"position\":2,\"name\":\"Oferta\",\"item\":\"https:\/\/fajnerejsy.pl\/oferta\/\"},{\"@type\":\"ListItem\",\"position\":3,\"name\":\"Ba\u0142tyk, Morze P\u00f3\u0142nocne, Atlantyk\"}]},{\"@type\":\"WebSite\",\"@id\":\"https:\/\/fajnerejsy.pl\/#website\",\"url\":\"https:\/\/fajnerejsy.pl\/\",\"name\":\"Fajnerejsy.pl\",\"description\":\"\",\"publisher\":{\"@id\":\"https:\/\/fajnerejsy.pl\/#organization\"},\"potentialAction\":[{\"@type\":\"SearchAction\",\"target\":{\"@type\":\"EntryPoint\",\"urlTemplate\":\"https:\/\/fajnerejsy.pl\/?s={search_term_string}\"},\"query-input\":{\"@type\":\"PropertyValueSpecification\",\"valueRequired\":true,\"valueName\":\"search_term_string\"}}],\"inLanguage\":\"en-US\"},{\"@type\":\"Organization\",\"@id\":\"https:\/\/fajnerejsy.pl\/#organization\",\"name\":\"FAJNEREJSY\",\"url\":\"https:\/\/fajnerejsy.pl\/\",\"logo\":{\"@type\":\"ImageObject\",\"inLanguage\":\"en-US\",\"@id\":\"https:\/\/fajnerejsy.pl\/#\/schema\/logo\/image\/\",\"url\":\"http:\/\/fajnerejsy.pl\/wp-content\/uploads\/2020\/11\/fajnerejsy-logo-rgb-www1.png\",\"contentUrl\":\"http:\/\/fajnerejsy.pl\/wp-content\/uploads\/2020\/11\/fajnerejsy-logo-rgb-www1.png\",\"width\":235,\"height\":50,\"caption\":\"FAJNEREJSY\"},\"image\":{\"@id\":\"https:\/\/fajnerejsy.pl\/#\/schema\/logo\/image\/\"},\"sameAs\":[\"https:\/\/www.facebook.com\/Fajnerejsy\",\"https:\/\/www.instagram.com\/fajnerejsy.pl\/\",\"https:\/\/www.youtube.com\/JacekMirczak\"]}]}<\/script>\n<!-- \/ Yoast SEO Premium plugin. -->","yoast_head_json":{"title":"Morskie rejsy \u017ceglarskie - Ba\u0142tyk, Morze P\u00f3\u0142nocne, Atlantyk","description":"Morskie rejsy \u017ceglarskie jachtem. Prawdziwa, \u017ceglarska przygoda dla ka\u017cdego. Godziny sta\u017cowe i morska praktyka tak\u017ce na p\u0142ywach.","robots":{"index":"index","follow":"follow","max-snippet":"max-snippet:-1","max-image-preview":"max-image-preview:large","max-video-preview":"max-video-preview:-1"},"canonical":"https:\/\/fajnerejsy.pl\/en\/oferta\/rejsy-morskie\/","og_locale":"en_US","og_type":"article","og_title":"Ba\u0142tyk, Morze P\u00f3\u0142nocne, Atlantyk","og_description":"Morskie rejsy \u017ceglarskie jachtem. Prawdziwa, \u017ceglarska przygoda dla ka\u017cdego. Godziny sta\u017cowe i morska praktyka tak\u017ce na p\u0142ywach.","og_url":"https:\/\/fajnerejsy.pl\/en\/oferta\/rejsy-morskie\/","og_site_name":"Fajnerejsy.pl","article_publisher":"https:\/\/www.facebook.com\/Fajnerejsy","article_modified_time":"2026-03-04T09:13:23+00:00","og_image":[{"width":2000,"height":1453,"url":"https:\/\/fajnerejsy.pl\/wp-content\/uploads\/2022\/10\/20220601_102304.jpg","type":"image\/jpeg"}],"twitter_card":"summary_large_image","twitter_misc":{"Est. reading time":"2 minutes"},"schema":{"@context":"https:\/\/schema.org","@graph":[{"@type":"WebPage","@id":"https:\/\/fajnerejsy.pl\/oferta\/rejsy-morskie\/","url":"https:\/\/fajnerejsy.pl\/oferta\/rejsy-morskie\/","name":"Morskie rejsy \u017ceglarskie - Ba\u0142tyk, Morze P\u00f3\u0142nocne, Atlantyk","isPartOf":{"@id":"https:\/\/fajnerejsy.pl\/#website"},"primaryImageOfPage":{"@id":"https:\/\/fajnerejsy.pl\/oferta\/rejsy-morskie\/#primaryimage"},"image":{"@id":"https:\/\/fajnerejsy.pl\/oferta\/rejsy-morskie\/#primaryimage"},"thumbnailUrl":"https:\/\/fajnerejsy.pl\/wp-content\/uploads\/2022\/10\/20220601_102304.jpg","datePublished":"2020-11-12T20:49:15+00:00","dateModified":"2026-03-04T09:13:23+00:00","description":"Morskie rejsy \u017ceglarskie jachtem. Prawdziwa, \u017ceglarska przygoda dla ka\u017cdego. Godziny sta\u017cowe i morska praktyka tak\u017ce na p\u0142ywach.","breadcrumb":{"@id":"https:\/\/fajnerejsy.pl\/oferta\/rejsy-morskie\/#breadcrumb"},"inLanguage":"en-US","potentialAction":[{"@type":"ReadAction","target":["https:\/\/fajnerejsy.pl\/oferta\/rejsy-morskie\/"]}]},{"@type":"ImageObject","inLanguage":"en-US","@id":"https:\/\/fajnerejsy.pl\/oferta\/rejsy-morskie\/#primaryimage","url":"https:\/\/fajnerejsy.pl\/wp-content\/uploads\/2022\/10\/20220601_102304.jpg","contentUrl":"https:\/\/fajnerejsy.pl\/wp-content\/uploads\/2022\/10\/20220601_102304.jpg","width":2000,"height":1453,"caption":"Morze Ba\u0142tyk, fajnerejsy"},{"@type":"BreadcrumbList","@id":"https:\/\/fajnerejsy.pl\/oferta\/rejsy-morskie\/#breadcrumb","itemListElement":[{"@type":"ListItem","position":1,"name":"Home","item":"https:\/\/fajnerejsy.pl\/"},{"@type":"ListItem","position":2,"name":"Oferta","item":"https:\/\/fajnerejsy.pl\/oferta\/"},{"@type":"ListItem","position":3,"name":"Ba\u0142tyk, Morze P\u00f3\u0142nocne, Atlantyk"}]},{"@type":"WebSite","@id":"https:\/\/fajnerejsy.pl\/#website","url":"https:\/\/fajnerejsy.pl\/","name":"Fajnerejsy.pl","description":"","publisher":{"@id":"https:\/\/fajnerejsy.pl\/#organization"},"potentialAction":[{"@type":"SearchAction","target":{"@type":"EntryPoint","urlTemplate":"https:\/\/fajnerejsy.pl\/?s={search_term_string}"},"query-input":{"@type":"PropertyValueSpecification","valueRequired":true,"valueName":"search_term_string"}}],"inLanguage":"en-US"},{"@type":"Organization","@id":"https:\/\/fajnerejsy.pl\/#organization","name":"FAJNEREJSY","url":"https:\/\/fajnerejsy.pl\/","logo":{"@type":"ImageObject","inLanguage":"en-US","@id":"https:\/\/fajnerejsy.pl\/#\/schema\/logo\/image\/","url":"http:\/\/fajnerejsy.pl\/wp-content\/uploads\/2020\/11\/fajnerejsy-logo-rgb-www1.png","contentUrl":"http:\/\/fajnerejsy.pl\/wp-content\/uploads\/2020\/11\/fajnerejsy-logo-rgb-www1.png","width":235,"height":50,"caption":"FAJNEREJSY"},"image":{"@id":"https:\/\/fajnerejsy.pl\/#\/schema\/logo\/image\/"},"sameAs":["https:\/\/www.facebook.com\/Fajnerejsy","https:\/\/www.instagram.com\/fajnerejsy.pl\/","https:\/\/www.youtube.com\/JacekMirczak"]}]}},"_links":{"self":[{"href":"http:\/\/fajnerejsy.pl\/en\/wp-json\/wp\/v2\/pages\/2117","targetHints":{"allow":["GET"]}}],"collection":[{"href":"http:\/\/fajnerejsy.pl\/en\/wp-json\/wp\/v2\/pages"}],"about":[{"href":"http:\/\/fajnerejsy.pl\/en\/wp-json\/wp\/v2\/types\/page"}],"author":[{"embeddable":true,"href":"http:\/\/fajnerejsy.pl\/en\/wp-json\/wp\/v2\/users\/1"}],"replies":[{"embeddable":true,"href":"http:\/\/fajnerejsy.pl\/en\/wp-json\/wp\/v2\/comments?post=2117"}],"version-history":[{"count":106,"href":"http:\/\/fajnerejsy.pl\/en\/wp-json\/wp\/v2\/pages\/2117\/revisions"}],"predecessor-version":[{"id":6489,"href":"http:\/\/fajnerejsy.pl\/en\/wp-json\/wp\/v2\/pages\/2117\/revisions\/6489"}],"up":[{"embeddable":true,"href":"http:\/\/fajnerejsy.pl\/en\/wp-json\/wp\/v2\/pages\/19"}],"wp:featuredmedia":[{"embeddable":true,"href":"http:\/\/fajnerejsy.pl\/en\/wp-json\/wp\/v2\/media\/4124"}],"wp:attachment":[{"href":"http:\/\/fajnerejsy.pl\/en\/wp-json\/wp\/v2\/media?parent=2117"}],"curies":[{"name":"wp","href":"https:\/\/api.w.org\/{rel}","templated":true}]}}