{"id":19,"date":"2016-05-18T09:20:03","date_gmt":"2016-05-18T09:20:03","guid":{"rendered":"https:\/\/xml-io.proteusthemes.com\/shaka\/?page_id=19"},"modified":"2025-04-11T13:28:33","modified_gmt":"2025-04-11T11:28:33","slug":"oferta","status":"publish","type":"page","link":"http:\/\/fajnerejsy.pl\/en\/oferta\/","title":{"rendered":"Offer"},"content":{"rendered":"<div id=\"pl-19\"  class=\"panel-layout\" ><div id=\"pg-19-0\"  class=\"panel-grid panel-no-style\" ><div id=\"pgc-19-0-0\"  class=\"panel-grid-cell\" ><div id=\"panel-19-0-0-0\" class=\"so-panel widget widget_pw_featured_page widget-featured-page panel-first-child\" data-index=\"0\" >\n\t<div class=\"page-box  page-box--block\">\n\t\t\t\t\t\t<a class=\"page-box__picture\" href=\"http:\/\/fajnerejsy.pl\/en\/oferta\/rejsy-morskie\/\">\n\t\t\t\t\t<img loading=\"lazy\" decoding=\"async\" src=\"https:\/\/fajnerejsy.pl\/wp-content\/uploads\/2022\/10\/20220601_102304-352x198.jpg\" width=\"352\" height=\"198\" srcset=\"https:\/\/fajnerejsy.pl\/wp-content\/uploads\/2022\/10\/20220601_102304-352x198.jpg 352w, https:\/\/fajnerejsy.pl\/wp-content\/uploads\/2022\/10\/20220601_102304.jpg 2000w\" sizes=\"auto, (min-width: 1200px) 349px, (min-width: 992px) 282px, (min-width: 768px) 690px, calc(100vw - 30px)\" class=\"wp-post-image\" alt=\"Ba\u0142tyk, Morze P\u00f3\u0142nocne, Atlantyk\">\n\t\t\t\t\t\t\t\t\t<\/a>\n\t\t\t\t\t\t\t\t<div class=\"page-box__content\">\n\t\t\t<h4 class=\"page-box__title\"><a href=\"http:\/\/fajnerejsy.pl\/en\/oferta\/rejsy-morskie\/\">Baltic Sea, North Sea, Atlantic Ocean<\/a><\/h4>\n\t\t\t<p class=\"page-box__text\">Feel free to contact me about offshore sailing trips. In cooperation with trusted charter partners, I can arrange your dream \u2026<\/p>\n\t\t\t\t\t\t\t<a href=\"http:\/\/fajnerejsy.pl\/en\/oferta\/rejsy-morskie\/\" class=\"page-box__more-link\">READ MORE<\/a>\n\t\t\t\t\t<\/div>\n\t<\/div>\n\n<\/div><div id=\"panel-19-0-0-1\" class=\"so-panel widget widget_pw_featured_page widget-featured-page\" data-index=\"1\" >\n\t<div class=\"page-box  page-box--block\">\n\t\t\t\t\t\t<a class=\"page-box__picture\" href=\"http:\/\/fajnerejsy.pl\/en\/oferta\/chorwacja-manewrowka\/\">\n\t\t\t\t\t<img loading=\"lazy\" decoding=\"async\" src=\"https:\/\/fajnerejsy.pl\/wp-content\/uploads\/2025\/04\/668bd85433d3a968110760b9-352x198.webp\" width=\"352\" height=\"198\" srcset=\"https:\/\/fajnerejsy.pl\/wp-content\/uploads\/2025\/04\/668bd85433d3a968110760b9-352x198.webp 352w, https:\/\/fajnerejsy.pl\/wp-content\/uploads\/2025\/04\/668bd85433d3a968110760b9.webp 900w\" sizes=\"auto, (min-width: 1200px) 349px, (min-width: 992px) 282px, (min-width: 768px) 690px, calc(100vw - 30px)\" class=\"wp-post-image\" alt=\"Manewr\u00f3wki w Chorwacji\">\n\t\t\t\t\t\t\t\t\t<\/a>\n\t\t\t\t\t\t\t\t<div class=\"page-box__content\">\n\t\t\t<h4 class=\"page-box__title\"><a href=\"http:\/\/fajnerejsy.pl\/en\/oferta\/chorwacja-manewrowka\/\">Maneuvering training in Croatia<\/a><\/h4>\n\t\t\t<p class=\"page-box__text\">Learn how to maneuver a catamaran safely and effectively.\nI invite you to hands-on catamaran maneuvering courses in Croatia. At the marina \u2026<\/p>\n\t\t\t\t\t\t\t<a href=\"http:\/\/fajnerejsy.pl\/en\/oferta\/chorwacja-manewrowka\/\" class=\"page-box__more-link\">READ MORE<\/a>\n\t\t\t\t\t<\/div>\n\t<\/div>\n\n<\/div><div id=\"panel-19-0-0-2\" class=\"so-panel widget widget_pw_featured_page widget-featured-page panel-last-child\" data-index=\"2\" >\n\t<div class=\"page-box  page-box--block\">\n\t\t\t\t\t\t<a class=\"page-box__picture\" href=\"http:\/\/fajnerejsy.pl\/en\/oferta\/skipper-do-wynajecia\/\">\n\t\t\t\t\t<img loading=\"lazy\" decoding=\"async\" src=\"https:\/\/fajnerejsy.pl\/wp-content\/uploads\/2022\/10\/IMG-20221001-WA0011-1-352x198.jpg\" width=\"352\" height=\"198\" srcset=\"https:\/\/fajnerejsy.pl\/wp-content\/uploads\/2022\/10\/IMG-20221001-WA0011-1-352x198.jpg 352w, https:\/\/fajnerejsy.pl\/wp-content\/uploads\/2022\/10\/IMG-20221001-WA0011-1.jpg 937w\" sizes=\"auto, (min-width: 1200px) 349px, (min-width: 992px) 282px, (min-width: 768px) 690px, calc(100vw - 30px)\" class=\"wp-post-image\" alt=\"Skipper do wynaj\u0119cia\">\n\t\t\t\t\t\t\t\t\t<\/a>\n\t\t\t\t\t\t\t\t<div class=\"page-box__content\">\n\t\t\t<h4 class=\"page-box__title\"><a href=\"http:\/\/fajnerejsy.pl\/en\/oferta\/skipper-do-wynajecia\/\">Hire the skipper<\/a><\/h4>\n\t\t\t<p class=\"page-box__text\">The support of an experienced skipper can be invaluable.\nSo, who is a skipper? Informally, this is how we refer to the captain who is in command of a vessel, \u2026<\/p>\n\t\t\t\t\t\t\t<a href=\"http:\/\/fajnerejsy.pl\/en\/oferta\/skipper-do-wynajecia\/\" class=\"page-box__more-link\">LEARN MORE<\/a>\n\t\t\t\t\t<\/div>\n\t<\/div>\n\n<\/div><\/div><div id=\"pgc-19-0-1\"  class=\"panel-grid-cell\" ><div id=\"panel-19-0-1-0\" class=\"so-panel widget widget_pw_featured_page widget-featured-page panel-first-child\" data-index=\"3\" >\n\t<div class=\"page-box  page-box--block\">\n\t\t\t\t\t\t<a class=\"page-box__picture\" href=\"http:\/\/fajnerejsy.pl\/en\/oferta\/grecja-i-chorwacja\/\">\n\t\t\t\t\t<img loading=\"lazy\" decoding=\"async\" src=\"https:\/\/fajnerejsy.pl\/wp-content\/uploads\/2025\/04\/20220816_152044-352x198.jpg\" width=\"352\" height=\"198\" srcset=\"https:\/\/fajnerejsy.pl\/wp-content\/uploads\/2025\/04\/20220816_152044-352x198.jpg 352w, https:\/\/fajnerejsy.pl\/wp-content\/uploads\/2025\/04\/20220816_152044-scaled.jpg 2560w\" sizes=\"auto, (min-width: 1200px) 349px, (min-width: 992px) 282px, (min-width: 768px) 690px, calc(100vw - 30px)\" class=\"wp-post-image\" alt=\"Grecja i Chorwacja\">\n\t\t\t\t\t\t\t\t\t<\/a>\n\t\t\t\t\t\t\t\t<div class=\"page-box__content\">\n\t\t\t<h4 class=\"page-box__title\"><a href=\"http:\/\/fajnerejsy.pl\/en\/oferta\/grecja-i-chorwacja\/\">Greece and Croatia<\/a><\/h4>\n\t\t\t<p class=\"page-box__text\">Do you dream of sailing the warm waters around Greece or Croatia?\nEspecially for you and your family or friends, I will find a modern yacht \u2026<\/p>\n\t\t\t\t\t\t\t<a href=\"http:\/\/fajnerejsy.pl\/en\/oferta\/grecja-i-chorwacja\/\" class=\"page-box__more-link\">READ MORE<\/a>\n\t\t\t\t\t<\/div>\n\t<\/div>\n\n<\/div><div id=\"panel-19-0-1-1\" class=\"so-panel widget widget_pw_featured_page widget-featured-page panel-last-child\" data-index=\"4\" >\n\t<div class=\"page-box  page-box--block\">\n\t\t\t\t\t\t<a class=\"page-box__picture\" href=\"http:\/\/fajnerejsy.pl\/en\/oferta\/kursy-na-patent\/\">\n\t\t\t\t\t<img loading=\"lazy\" decoding=\"async\" src=\"https:\/\/fajnerejsy.pl\/wp-content\/uploads\/2022\/06\/20220522_195548-352x198.jpg\" width=\"352\" height=\"198\" srcset=\"https:\/\/fajnerejsy.pl\/wp-content\/uploads\/2022\/06\/20220522_195548-352x198.jpg 352w, https:\/\/fajnerejsy.pl\/wp-content\/uploads\/2022\/06\/20220522_195548.jpg 2000w\" sizes=\"auto, (min-width: 1200px) 349px, (min-width: 992px) 282px, (min-width: 768px) 690px, calc(100vw - 30px)\" class=\"wp-post-image\" alt=\"Kursy na patent\">\n\t\t\t\t\t\t\t\t\t<\/a>\n\t\t\t\t\t\t\t\t<div class=\"page-box__content\">\n\t\t\t<h4 class=\"page-box__title\"><a href=\"http:\/\/fajnerejsy.pl\/en\/oferta\/kursy-na-patent\/\">License courses<\/a><\/h4>\n\t\t\t<p class=\"page-box__text\">Yacht Skipper (PZ\u017b sailing license) course in the Baltic Sea or Croatia, ending with an official exam.\nJoin courses designed to prepare you for the Yacht Skipper certification exam \u2026<\/p>\n\t\t\t\t\t\t\t<a href=\"http:\/\/fajnerejsy.pl\/en\/oferta\/kursy-na-patent\/\" class=\"page-box__more-link\">READ MORE<\/a>\n\t\t\t\t\t<\/div>\n\t<\/div>\n\n<\/div><\/div><\/div><div id=\"pg-19-1\"  class=\"panel-grid panel-no-style\" ><div id=\"pgc-19-1-0\"  class=\"panel-grid-cell panel-grid-cell-empty\" ><\/div><div id=\"pgc-19-1-1\"  class=\"panel-grid-cell panel-grid-cell-empty panel-grid-cell-mobile-last\" ><\/div><div id=\"pgc-19-1-2\"  class=\"panel-grid-cell panel-grid-cell-empty\" ><\/div><\/div><\/div>","protected":false},"excerpt":{"rendered":"<p>Ba\u0142tyk, Morze P\u00f3\u0142nocne, Atlantyk Zapraszam Ci\u0119 do kontaktu w sprawie rejs\u00f3w morskich. Przy wsp\u00f3\u0142pracy ze sprawdzonymi partnerami czarterowymi, zorganizuj\u0119 dla Ciebie wymarzony &hellip; DOWIEDZ SI\u0118 WI\u0118CEJ Manewr\u00f3wki w Chorwacji Naucz si\u0119 manewrowa\u0107 katamaranem bezpiecznie i skutecznie. Zapraszam Ci\u0119 na kursy manewrowe na katamaranie w Chorwacji. Na terenie mariny &hellip; DOWIEDZ SI\u0118 WI\u0118CEJ Skipper do wynaj\u0119cia &hellip;<\/p>","protected":false},"author":1,"featured_media":0,"parent":0,"menu_order":0,"comment_status":"closed","ping_status":"closed","template":"","meta":{"_acf_changed":false,"footnotes":""},"class_list":["post-19","page","type-page","status-publish","hentry","clearfix"],"acf":[],"yoast_head":"<!-- This site is optimized with the Yoast SEO Premium plugin v26.7 (Yoast SEO v26.7) - https:\/\/yoast.com\/wordpress\/plugins\/seo\/ -->\n<title>Oferta - Fajnerejsy.pl<\/title>\n<meta name=\"description\" content=\"Rejsy \u017ceglarskie, Rejsy morskie. Rejsy po Ba\u0142tyku i Morzu P\u00f3lnocnym oraz po innych akwenach. Praktyka \u017ceglarska, godziny sta\u017cowe.\" \/>\n<meta name=\"robots\" content=\"index, follow, max-snippet:-1, max-image-preview:large, max-video-preview:-1\" \/>\n<link rel=\"canonical\" href=\"https:\/\/fajnerejsy.pl\/en\/oferta\/\" \/>\n<meta property=\"og:locale\" content=\"en_US\" \/>\n<meta property=\"og:type\" content=\"article\" \/>\n<meta property=\"og:title\" content=\"Oferta\" \/>\n<meta property=\"og:description\" content=\"Rejsy \u017ceglarskie, Rejsy morskie. Rejsy po Ba\u0142tyku i Morzu P\u00f3lnocnym oraz po innych akwenach. Praktyka \u017ceglarska, godziny sta\u017cowe.\" \/>\n<meta property=\"og:url\" content=\"https:\/\/fajnerejsy.pl\/en\/oferta\/\" \/>\n<meta property=\"og:site_name\" content=\"Fajnerejsy.pl\" \/>\n<meta property=\"article:publisher\" content=\"https:\/\/www.facebook.com\/Fajnerejsy\" \/>\n<meta property=\"article:modified_time\" content=\"2025-04-11T11:28:33+00:00\" \/>\n<meta name=\"twitter:card\" content=\"summary_large_image\" \/>\n<meta name=\"twitter:label1\" content=\"Est. reading time\" \/>\n\t<meta name=\"twitter:data1\" content=\"2 minutes\" \/>\n<script type=\"application\/ld+json\" class=\"yoast-schema-graph\">{\"@context\":\"https:\/\/schema.org\",\"@graph\":[{\"@type\":\"WebPage\",\"@id\":\"https:\/\/fajnerejsy.pl\/oferta\/\",\"url\":\"https:\/\/fajnerejsy.pl\/oferta\/\",\"name\":\"Oferta - Fajnerejsy.pl\",\"isPartOf\":{\"@id\":\"https:\/\/fajnerejsy.pl\/#website\"},\"datePublished\":\"2016-05-18T09:20:03+00:00\",\"dateModified\":\"2025-04-11T11:28:33+00:00\",\"description\":\"Rejsy \u017ceglarskie, Rejsy morskie. Rejsy po Ba\u0142tyku i Morzu P\u00f3lnocnym oraz po innych akwenach. Praktyka \u017ceglarska, godziny sta\u017cowe.\",\"breadcrumb\":{\"@id\":\"https:\/\/fajnerejsy.pl\/oferta\/#breadcrumb\"},\"inLanguage\":\"en-US\",\"potentialAction\":[{\"@type\":\"ReadAction\",\"target\":[\"https:\/\/fajnerejsy.pl\/oferta\/\"]}]},{\"@type\":\"BreadcrumbList\",\"@id\":\"https:\/\/fajnerejsy.pl\/oferta\/#breadcrumb\",\"itemListElement\":[{\"@type\":\"ListItem\",\"position\":1,\"name\":\"Home\",\"item\":\"https:\/\/fajnerejsy.pl\/\"},{\"@type\":\"ListItem\",\"position\":2,\"name\":\"Oferta\"}]},{\"@type\":\"WebSite\",\"@id\":\"https:\/\/fajnerejsy.pl\/#website\",\"url\":\"https:\/\/fajnerejsy.pl\/\",\"name\":\"Fajnerejsy.pl\",\"description\":\"\",\"publisher\":{\"@id\":\"https:\/\/fajnerejsy.pl\/#organization\"},\"potentialAction\":[{\"@type\":\"SearchAction\",\"target\":{\"@type\":\"EntryPoint\",\"urlTemplate\":\"https:\/\/fajnerejsy.pl\/?s={search_term_string}\"},\"query-input\":{\"@type\":\"PropertyValueSpecification\",\"valueRequired\":true,\"valueName\":\"search_term_string\"}}],\"inLanguage\":\"en-US\"},{\"@type\":\"Organization\",\"@id\":\"https:\/\/fajnerejsy.pl\/#organization\",\"name\":\"FAJNEREJSY\",\"url\":\"https:\/\/fajnerejsy.pl\/\",\"logo\":{\"@type\":\"ImageObject\",\"inLanguage\":\"en-US\",\"@id\":\"https:\/\/fajnerejsy.pl\/#\/schema\/logo\/image\/\",\"url\":\"http:\/\/fajnerejsy.pl\/wp-content\/uploads\/2020\/11\/fajnerejsy-logo-rgb-www1.png\",\"contentUrl\":\"http:\/\/fajnerejsy.pl\/wp-content\/uploads\/2020\/11\/fajnerejsy-logo-rgb-www1.png\",\"width\":235,\"height\":50,\"caption\":\"FAJNEREJSY\"},\"image\":{\"@id\":\"https:\/\/fajnerejsy.pl\/#\/schema\/logo\/image\/\"},\"sameAs\":[\"https:\/\/www.facebook.com\/Fajnerejsy\",\"https:\/\/www.instagram.com\/fajnerejsy.pl\/\",\"https:\/\/www.youtube.com\/JacekMirczak\"]}]}<\/script>\n<!-- \/ Yoast SEO Premium plugin. -->","yoast_head_json":{"title":"Oferta - Fajnerejsy.pl","description":"Rejsy \u017ceglarskie, Rejsy morskie. Rejsy po Ba\u0142tyku i Morzu P\u00f3lnocnym oraz po innych akwenach. Praktyka \u017ceglarska, godziny sta\u017cowe.","robots":{"index":"index","follow":"follow","max-snippet":"max-snippet:-1","max-image-preview":"max-image-preview:large","max-video-preview":"max-video-preview:-1"},"canonical":"https:\/\/fajnerejsy.pl\/en\/oferta\/","og_locale":"en_US","og_type":"article","og_title":"Oferta","og_description":"Rejsy \u017ceglarskie, Rejsy morskie. Rejsy po Ba\u0142tyku i Morzu P\u00f3lnocnym oraz po innych akwenach. Praktyka \u017ceglarska, godziny sta\u017cowe.","og_url":"https:\/\/fajnerejsy.pl\/en\/oferta\/","og_site_name":"Fajnerejsy.pl","article_publisher":"https:\/\/www.facebook.com\/Fajnerejsy","article_modified_time":"2025-04-11T11:28:33+00:00","twitter_card":"summary_large_image","twitter_misc":{"Est. reading time":"2 minutes"},"schema":{"@context":"https:\/\/schema.org","@graph":[{"@type":"WebPage","@id":"https:\/\/fajnerejsy.pl\/oferta\/","url":"https:\/\/fajnerejsy.pl\/oferta\/","name":"Oferta - Fajnerejsy.pl","isPartOf":{"@id":"https:\/\/fajnerejsy.pl\/#website"},"datePublished":"2016-05-18T09:20:03+00:00","dateModified":"2025-04-11T11:28:33+00:00","description":"Rejsy \u017ceglarskie, Rejsy morskie. Rejsy po Ba\u0142tyku i Morzu P\u00f3lnocnym oraz po innych akwenach. Praktyka \u017ceglarska, godziny sta\u017cowe.","breadcrumb":{"@id":"https:\/\/fajnerejsy.pl\/oferta\/#breadcrumb"},"inLanguage":"en-US","potentialAction":[{"@type":"ReadAction","target":["https:\/\/fajnerejsy.pl\/oferta\/"]}]},{"@type":"BreadcrumbList","@id":"https:\/\/fajnerejsy.pl\/oferta\/#breadcrumb","itemListElement":[{"@type":"ListItem","position":1,"name":"Home","item":"https:\/\/fajnerejsy.pl\/"},{"@type":"ListItem","position":2,"name":"Oferta"}]},{"@type":"WebSite","@id":"https:\/\/fajnerejsy.pl\/#website","url":"https:\/\/fajnerejsy.pl\/","name":"Fajnerejsy.pl","description":"","publisher":{"@id":"https:\/\/fajnerejsy.pl\/#organization"},"potentialAction":[{"@type":"SearchAction","target":{"@type":"EntryPoint","urlTemplate":"https:\/\/fajnerejsy.pl\/?s={search_term_string}"},"query-input":{"@type":"PropertyValueSpecification","valueRequired":true,"valueName":"search_term_string"}}],"inLanguage":"en-US"},{"@type":"Organization","@id":"https:\/\/fajnerejsy.pl\/#organization","name":"FAJNEREJSY","url":"https:\/\/fajnerejsy.pl\/","logo":{"@type":"ImageObject","inLanguage":"en-US","@id":"https:\/\/fajnerejsy.pl\/#\/schema\/logo\/image\/","url":"http:\/\/fajnerejsy.pl\/wp-content\/uploads\/2020\/11\/fajnerejsy-logo-rgb-www1.png","contentUrl":"http:\/\/fajnerejsy.pl\/wp-content\/uploads\/2020\/11\/fajnerejsy-logo-rgb-www1.png","width":235,"height":50,"caption":"FAJNEREJSY"},"image":{"@id":"https:\/\/fajnerejsy.pl\/#\/schema\/logo\/image\/"},"sameAs":["https:\/\/www.facebook.com\/Fajnerejsy","https:\/\/www.instagram.com\/fajnerejsy.pl\/","https:\/\/www.youtube.com\/JacekMirczak"]}]}},"_links":{"self":[{"href":"http:\/\/fajnerejsy.pl\/en\/wp-json\/wp\/v2\/pages\/19","targetHints":{"allow":["GET"]}}],"collection":[{"href":"http:\/\/fajnerejsy.pl\/en\/wp-json\/wp\/v2\/pages"}],"about":[{"href":"http:\/\/fajnerejsy.pl\/en\/wp-json\/wp\/v2\/types\/page"}],"author":[{"embeddable":true,"href":"http:\/\/fajnerejsy.pl\/en\/wp-json\/wp\/v2\/users\/1"}],"replies":[{"embeddable":true,"href":"http:\/\/fajnerejsy.pl\/en\/wp-json\/wp\/v2\/comments?post=19"}],"version-history":[{"count":25,"href":"http:\/\/fajnerejsy.pl\/en\/wp-json\/wp\/v2\/pages\/19\/revisions"}],"predecessor-version":[{"id":6289,"href":"http:\/\/fajnerejsy.pl\/en\/wp-json\/wp\/v2\/pages\/19\/revisions\/6289"}],"wp:attachment":[{"href":"http:\/\/fajnerejsy.pl\/en\/wp-json\/wp\/v2\/media?parent=19"}],"curies":[{"name":"wp","href":"https:\/\/api.w.org\/{rel}","templated":true}]}}